{"id":68271894,"date":"2022-09-24T16:19:52","date_gmt":"2022-09-24T14:19:52","guid":{"rendered":"https:\/\/kraftwerk-shop.cc\/?post_type=product&#038;p=68271894"},"modified":"2026-04-10T17:43:34","modified_gmt":"2026-04-10T15:43:34","slug":"diferencialni-olej-mopar-75w-85","status":"publish","type":"product","link":"https:\/\/kraftwerk-shop.cc\/cs\/produkt\/mopar-differentialoel-getriebeoel-75w-85\/","title":{"rendered":"Diferenci\u00e1ln\u00ed a p\u0159evodov\u00fd olej Mopar 75W-85"},"content":{"rendered":"<h1>Origin\u00e1ln\u00ed syntetick\u00fd diferenci\u00e1ln\u00ed a p\u0159evodov\u00fd olej Mopar 75W-85<\/h1>\n<p>&nbsp;<\/p>\n<p>Olej spl\u0148uje specifikaci GL-5.<\/p>\n<p>&nbsp;<\/p>\n<p><strong>Srovn\u00e1vac\u00ed \u010d\u00edsla Mopar:<\/strong> 68210057AA, 68210057AB, 5102232AA, 68218654AA, 68210057AA, 68210057AB, 68210057GA, 68232947AB<\/p>\n<p><strong>Rozsah dod\u00e1vky:<\/strong> 0,946 litru (1 quart)<\/p>\n<p>&nbsp;<\/p>\n<p><strong>Pro\u010d origin\u00e1ln\u00ed oleje Mopar?<\/strong><\/p>\n<p>Mopar je d\u016fv\u011bryhodnou volbou pro ty, kte\u0159\u00ed up\u0159ednost\u0148uj\u00ed v\u00fdkon a spolehlivost. Jako ofici\u00e1ln\u00ed dodavatel zna\u010dek Chrysler, Dodge, Jeep a Ram zaru\u010duje Mopar, \u017ee v\u0161echna maziva a n\u00e1hradn\u00ed d\u00edly p\u0159esn\u011b odpov\u00eddaj\u00ed po\u017eadavk\u016fm t\u011bchto zna\u010dek.<\/p>\n<p>Pou\u017e\u00edv\u00e1n\u00edm produkt\u016f Mopar z\u00edsk\u00e1te:<\/p>\n<ul>\n<li>Zaru\u010den\u00fd v\u00fdkon a bezpe\u010dnost<\/li>\n<li>Dokonal\u00e1 kompatibilita s va\u0161\u00edm vozidlem<\/li>\n<li>Ochrana proti ztr\u00e1t\u011b z\u00e1ruky v d\u016fsledku pou\u017eit\u00ed jin\u00fdch ne\u017e OEM v\u00fdrobk\u016f.<\/li>\n<\/ul>\n<p>&nbsp;<\/p>\n<p><strong>Vlastnosti a v\u00fdhody<\/strong><\/p>\n<ul>\n<li><strong>Nejvy\u0161\u0161\u00ed kvalita OEM:<\/strong><br \/>\nTento olej, speci\u00e1ln\u011b vyvinut\u00fd pro vozidla Mopar, spl\u0148uje nejvy\u0161\u0161\u00ed standardy pro modern\u00ed pohonn\u00e9 syst\u00e9my.<\/li>\n<li><strong>Optim\u00e1ln\u00ed maz\u00e1n\u00ed:<\/strong><br \/>\nDokonal\u00e1 viskozita 75W-85 zaji\u0161\u0165uje spolehlivou ochranu a dlouhou \u017eivotnost sou\u010d\u00e1st\u00ed p\u0159evodovky, a to i v extr\u00e9mn\u00edch podm\u00ednk\u00e1ch.<\/li>\n<li><strong>Tepeln\u00e1 stabilita:<\/strong><br \/>\nSyntetick\u00fd olej si zachov\u00e1v\u00e1 svou v\u00fdkonnost p\u0159i extr\u00e9mn\u00edch teplot\u00e1ch, od velmi n\u00edzk\u00fdch a\u017e po velmi vysok\u00e9.<\/li>\n<li><strong>Specifikace API GL-5:<\/strong><br \/>\nTento olej je vhodn\u00fd pro nejvy\u0161\u0161\u00ed zat\u00ed\u017een\u00ed a chr\u00e1n\u00ed jak konven\u010dn\u00ed diferenci\u00e1ly, tak diferenci\u00e1ly s omezenou svornost\u00ed.<\/li>\n<li><strong>Del\u0161\u00ed intervaly \u00fadr\u017eby:<\/strong><br \/>\nSn\u00ed\u017een\u00e9 opot\u0159eben\u00ed a tepeln\u00e1 stabilita vedou k del\u0161\u00ed \u017eivotnosti maziv.<\/li>\n<\/ul>","protected":false},"excerpt":{"rendered":"<p>Origin\u00e1ln\u00ed olej schv\u00e1len\u00fd spole\u010dnost\u00ed Mopar \/ FCA \/ Stellantis<\/p>","protected":false},"featured_media":68272088,"comment_status":"open","ping_status":"closed","template":"","meta":{"_acf_changed":false},"product_brand":[16270],"product_cat":[1550,1558,1566,1574,4985,1582,1590,2575,1671,1679,1687,1695,1703,1598,1606,1614,5163,1622,1630,1638,1647,1655,2710,1663,1711,1719,1727,8048,8049,2716,3015,1735,1743,4810,1751,1759,1767,1775,17019,6793,2942,2952,2963,19391,4242,4761,19691,7771,1521,5021,9954,2922,2927,2706],"product_tag":[4229,4227,4228,4231,4230,8580,4259,8578,8579,8577,4226,4225,4206,4207,665,4204,3355,4205,115,663,799,4208,31,8813,9424,16271,16273,16275,16272,16274,406,842,4209],"class_list":{"0":"post-68271894","1":"product","2":"type-product","3":"status-publish","4":"has-post-thumbnail","6":"product_brand-mopar","7":"product_cat-300c-30-diesel-wartung","8":"product_cat-300c-35-wartung","9":"product_cat-300c-36-wartung","10":"product_cat-300c-57-2005-2010-wartung","11":"product_cat-300c-57-2011-2023-wartung","12":"product_cat-300c-61-wartung","13":"product_cat-300c-64-wartung","14":"product_cat-challenger-35-wartung","15":"product_cat-challenger-36-wartung","16":"product_cat-challenger-57-wartung","17":"product_cat-challenger-61-wartung","18":"product_cat-challenger-hellcat-wartung","19":"product_cat-challenger-64-wartung","20":"product_cat-charger-35-wartung","21":"product_cat-charger-36-wartung","22":"product_cat-charger-57-wartung","23":"product_cat-dodge-charger-57-2011-2023-wartung","24":"product_cat-charger-61-wartung","25":"product_cat-charger-hellcat-wartung","26":"product_cat-charger-64-wartung","27":"product_cat-durango-36-wartung","28":"product_cat-durango-57-wartung","29":"product_cat-durango-hellcat-wartung","30":"product_cat-durango-64-wartung","31":"product_cat-magnum-35-wartung","32":"product_cat-magnum-57-wartung","33":"product_cat-magnum-61-wartung","34":"product_cat-viper-83-wartung","35":"product_cat-viper-84-wartung","36":"product_cat-commander-wartung","37":"product_cat-gladiator-36-wartung","38":"product_cat-grand-cherokee-30-diesel-wartung","39":"product_cat-grand-cherokee-36-wartung","40":"product_cat-grand-cherokee-57-2005-2010-wartung","41":"product_cat-grand-cherokee-57-2011-2021-wartung","42":"product_cat-grand-cherokee-61-wartung","43":"product_cat-trackhawk-wartung","44":"product_cat-grand-cherokee-64-wartung","45":"product_cat-wagoneer-30-wartung","46":"product_cat-wagoneer-64-wartung","47":"product_cat-wrangler-20-turbo-wartung","48":"product_cat-wrangler-36-wartung","49":"product_cat-wrangler-64-wartung","50":"product_cat-1500-30-wartung","51":"product_cat-1500-ecodiesel-wartung","52":"product_cat-1500-36-wartung","53":"product_cat-1500-36-dt-wartung","54":"product_cat-1500-57-2003-2008-wartung","55":"product_cat-1500-57-2009-2018-classic-wartung","56":"product_cat-1500-57-dt-wartung","57":"product_cat-2500-3500-57-wartung","58":"product_cat-2500-3500-64-wartung","59":"product_cat-67-cummins-wartung","60":"product_cat-trx-wartung","61":"product_tag-5102232aa","62":"product_tag-68210057aa","63":"product_tag-68210057ab","64":"product_tag-68210057ga","65":"product_tag-68218654aa","66":"product_tag-68232947aa","67":"product_tag-68232947ab","68":"product_tag-68232947ac","69":"product_tag-68232947ad","70":"product_tag-68232947la","71":"product_tag-75w-85","72":"product_tag-75w85","73":"product_tag-achse","74":"product_tag-achsoel","75":"product_tag-differential","76":"product_tag-differentialoel","77":"product_tag-differenzial","78":"product_tag-differenzialoel","79":"product_tag-getriebe","80":"product_tag-getriebeoel","81":"product_tag-hinterachse","82":"product_tag-hinterachsoel","83":"product_tag-mopar","84":"product_tag-mopar-autoteile","85":"product_tag-mopar-ersatzteile","86":"product_tag-mopar-ersatzteile-kaufen","87":"product_tag-mopar-performance-teile","88":"product_tag-mopar-teile-katalog","89":"product_tag-mopar-teile-online","90":"product_tag-mopar-tuningteile","91":"product_tag-oel","92":"product_tag-vorderachse","93":"product_tag-vorderachsoel","95":"first","96":"instock","97":"taxable","98":"shipping-taxable","99":"purchasable","100":"product-type-simple"},"bundled_by":[],"bundle_stock_status":"instock","bundle_stock_quantity":16,"bundle_virtual":false,"bundle_layout":"","bundle_add_to_cart_form_location":"","bundle_editable_in_cart":false,"bundle_sold_individually_context":"","bundle_item_grouping":"","bundle_min_size":"","bundle_max_size":"","bundle_price":[],"bundled_items":[],"bundle_sell_ids":[],"exclude_global_add_ons":[],"addons":[],"acf":[],"_links":{"self":[{"href":"https:\/\/kraftwerk-shop.cc\/cs\/wp-json\/wp\/v2\/product\/68271894","targetHints":{"allow":["GET"]}}],"collection":[{"href":"https:\/\/kraftwerk-shop.cc\/cs\/wp-json\/wp\/v2\/product"}],"about":[{"href":"https:\/\/kraftwerk-shop.cc\/cs\/wp-json\/wp\/v2\/types\/product"}],"replies":[{"embeddable":true,"href":"https:\/\/kraftwerk-shop.cc\/cs\/wp-json\/wp\/v2\/comments?post=68271894"}],"version-history":[{"count":0,"href":"https:\/\/kraftwerk-shop.cc\/cs\/wp-json\/wp\/v2\/product\/68271894\/revisions"}],"wp:featuredmedia":[{"embeddable":true,"href":"https:\/\/kraftwerk-shop.cc\/cs\/wp-json\/wp\/v2\/media\/68272088"}],"wp:attachment":[{"href":"https:\/\/kraftwerk-shop.cc\/cs\/wp-json\/wp\/v2\/media?parent=68271894"}],"wp:term":[{"taxonomy":"product_brand","embeddable":true,"href":"https:\/\/kraftwerk-shop.cc\/cs\/wp-json\/wp\/v2\/product_brand?post=68271894"},{"taxonomy":"product_cat","embeddable":true,"href":"https:\/\/kraftwerk-shop.cc\/cs\/wp-json\/wp\/v2\/product_cat?post=68271894"},{"taxonomy":"product_tag","embeddable":true,"href":"https:\/\/kraftwerk-shop.cc\/cs\/wp-json\/wp\/v2\/product_tag?post=68271894"}],"curies":[{"name":"wp","href":"https:\/\/api.w.org\/{rel}","templated":true}]}}