{"id":68271960,"date":"2022-09-24T22:24:27","date_gmt":"2022-09-24T20:24:27","guid":{"rendered":"https:\/\/kraftwerk-shop.cc\/?post_type=product&#038;p=68271960"},"modified":"2026-03-30T02:24:05","modified_gmt":"2026-03-30T00:24:05","slug":"dynamicka-vzduchova-lopatka-54-72006-s-ram-ecodiesel","status":"publish","type":"product","link":"https:\/\/kraftwerk-shop.cc\/cs\/produkt\/dynamic-air-scoop-54-72006-s-ram-ecodiesel\/","title":{"rendered":"Dynamic Air Scoop RAM 3.0 EcoDiesel"},"content":{"rendered":"<h1>aFe POWER 54-72006-S Dynamic Air Scoop pro RAM 3.0 EcoDiesel<\/h1>\n<p>&nbsp;<\/p>\n<p>Dynamic Air Scoop (D.A.S.) od spole\u010dnosti aFe je velmi snadno instalovateln\u00e9 s\u00e1n\u00ed vzduchu, kter\u00e9 zvy\u0161uje pr\u016ftok a rychlost vzduchu sac\u00edho syst\u00e9mu Momentum HD p\u0159es p\u0159edn\u00ed m\u0159\u00ed\u017eku. Tento air scoop je vyroben z vysoce kvalitn\u00edho zes\u00ed\u0165ovan\u00e9ho polyethylenu a je zkonstruov\u00e1n z tepeln\u011b odoln\u00e9ho materi\u00e1lu pro zv\u00fd\u0161en\u00ed pevnosti a jedine\u010dn\u00fd styl. Tato vzduchov\u00e1 lopatka je dokonal\u00fdm vylep\u0161en\u00edm pro syst\u00e9m s\u00e1n\u00ed studen\u00e9ho vzduchu Momentum HD P\/N: <a href=\"https:\/\/kraftwerk-shop.cc\/cs\/produkt\/afe-momentum-hd-cold-air-intake-sportluftfilter-ram-3-0-ecodiesel-ds\/\" target=\"_blank\" rel=\"noopener\">54-72006<\/a>.<\/p>\n<p>Sn\u00ed\u017een\u00ed teploty nas\u00e1van\u00e9ho vzduchu:<br \/>\nDynamic Air Scoops sni\u017euj\u00ed teplotu nas\u00e1van\u00e9ho vzduchu t\u00edm, \u017ee sm\u011bruj\u00ed v\u00edce chladn\u00e9ho vzduchu z oblasti p\u0159edn\u00ed m\u0159\u00ed\u017eky chladi\u010de do sac\u00edho syst\u00e9mu.<\/p>\n<p>Odoln\u00e1 konstrukce LLDPE:<br \/>\nTento D.A.S. je vyroben z vysoce kvalitn\u00edho line\u00e1rn\u00edho polyethylenu s n\u00edzkou hustotou (LLDPE), kter\u00fd je odoln\u00fd proti n\u00e1razu, extr\u00e9mn\u011b trvanliv\u00fd a 100 % recyklovateln\u00fd.<\/p>\n<p>Bezprobl\u00e9mov\u00e1 instalace:<br \/>\nVe\u0161ker\u00fd upev\u0148ovac\u00ed materi\u00e1l je sou\u010d\u00e1st\u00ed dod\u00e1vky a umo\u017e\u0148uje jednoduchou a bezprobl\u00e9movou instalaci.<\/p>\n<p>Pozn\u00e1mka: Vy\u017eaduje drobn\u00e9 \u00fapravy p\u016fvodn\u00edho plastov\u00e9ho oblo\u017een\u00ed.<\/p>\n<p>&nbsp;<\/p>\n<p><strong>Vhodn\u00e9 pro:<\/strong><\/p>\n<table width=\"637\">\n<tbody>\n<tr>\n<td width=\"115\"><strong>Zna\u010dka<\/strong><\/td>\n<td width=\"145\"><strong>Model<\/strong><\/td>\n<td width=\"214\"><strong>Motor<\/strong><\/td>\n<td width=\"163\"><strong>Rok v\u00fdstavby<\/strong><\/td>\n<\/tr>\n<tr>\n<td>RAM<\/td>\n<td>1500<\/td>\n<td>3.0 EcoDiesel<\/td>\n<td>2014\u20132018<\/td>\n<\/tr>\n<tr>\n<td>RAM<\/td>\n<td>1500 Classic<\/td>\n<td>3.0 EcoDiesel<\/td>\n<td>2019<\/td>\n<\/tr>\n<\/tbody>\n<\/table>\n<p>Vhodn\u00e9 pouze ve spojen\u00ed s aFe POWER <a href=\"https:\/\/kraftwerk-shop.cc\/cs\/produkt\/afe-momentum-hd-cold-air-intake-sportluftfilter-ram-3-0-ecodiesel-ds\/\" target=\"_blank\" rel=\"noopener\">54-72006<\/a> Syst\u00e9m s\u00e1n\u00ed studen\u00e9ho vzduchu Momentum HD Pro 5R!<\/p>","protected":false},"excerpt":{"rendered":"<p>2014 - 2018 &amp; Classic 2019<\/p>","protected":false},"featured_media":68271965,"comment_status":"open","ping_status":"closed","template":"","meta":{"_acf_changed":false},"product_brand":[16879],"product_cat":[4234],"product_tag":[89,4246,16880,498,2441,826,824,2219,825,4247,49,477,4248,504,126,57,822,828,86,500],"class_list":{"0":"post-68271960","1":"product","2":"type-product","3":"status-publish","4":"has-post-thumbnail","6":"product_brand-afe-power","7":"product_cat-1500-ecodiesel-ansaugung","8":"product_tag-3-0","9":"product_tag-54-72006-s","10":"product_tag-advanced-flow-engineering","11":"product_tag-afe","12":"product_tag-afe-power","13":"product_tag-ansaugung","14":"product_tag-cai","15":"product_tag-classic","16":"product_tag-cold-air-intake","17":"product_tag-das","18":"product_tag-dodge","19":"product_tag-ds","20":"product_tag-dynamic-air-scoop","21":"product_tag-ecodiesel","22":"product_tag-hemi","23":"product_tag-luftfilter","24":"product_tag-momentum","25":"product_tag-pickup","26":"product_tag-ram","27":"product_tag-sportluftfilter","28":"product_shipping_class-deutschlandohne","30":"first","31":"onbackorder","32":"taxable","33":"shipping-taxable","34":"purchasable","35":"product-type-simple"},"bundled_by":[],"bundle_stock_status":"onbackorder","bundle_stock_quantity":0,"bundle_virtual":false,"bundle_layout":"","bundle_add_to_cart_form_location":"","bundle_editable_in_cart":false,"bundle_sold_individually_context":"","bundle_item_grouping":"","bundle_min_size":"","bundle_max_size":"","bundle_price":[],"bundled_items":[],"bundle_sell_ids":[],"exclude_global_add_ons":[],"addons":[],"acf":[],"_links":{"self":[{"href":"https:\/\/kraftwerk-shop.cc\/cs\/wp-json\/wp\/v2\/product\/68271960","targetHints":{"allow":["GET"]}}],"collection":[{"href":"https:\/\/kraftwerk-shop.cc\/cs\/wp-json\/wp\/v2\/product"}],"about":[{"href":"https:\/\/kraftwerk-shop.cc\/cs\/wp-json\/wp\/v2\/types\/product"}],"replies":[{"embeddable":true,"href":"https:\/\/kraftwerk-shop.cc\/cs\/wp-json\/wp\/v2\/comments?post=68271960"}],"version-history":[{"count":0,"href":"https:\/\/kraftwerk-shop.cc\/cs\/wp-json\/wp\/v2\/product\/68271960\/revisions"}],"wp:featuredmedia":[{"embeddable":true,"href":"https:\/\/kraftwerk-shop.cc\/cs\/wp-json\/wp\/v2\/media\/68271965"}],"wp:attachment":[{"href":"https:\/\/kraftwerk-shop.cc\/cs\/wp-json\/wp\/v2\/media?parent=68271960"}],"wp:term":[{"taxonomy":"product_brand","embeddable":true,"href":"https:\/\/kraftwerk-shop.cc\/cs\/wp-json\/wp\/v2\/product_brand?post=68271960"},{"taxonomy":"product_cat","embeddable":true,"href":"https:\/\/kraftwerk-shop.cc\/cs\/wp-json\/wp\/v2\/product_cat?post=68271960"},{"taxonomy":"product_tag","embeddable":true,"href":"https:\/\/kraftwerk-shop.cc\/cs\/wp-json\/wp\/v2\/product_tag?post=68271960"}],"curies":[{"name":"wp","href":"https:\/\/api.w.org\/{rel}","templated":true}]}}