{"id":68272498,"date":"2022-10-15T13:03:23","date_gmt":"2022-10-15T11:03:23","guid":{"rendered":"https:\/\/kraftwerk-shop.cc\/?post_type=product&#038;p=68272498"},"modified":"2026-04-03T21:59:09","modified_gmt":"2026-04-03T19:59:09","slug":"aditivum-mopar-limited-slip","status":"publish","type":"product","link":"https:\/\/kraftwerk-shop.cc\/cs\/produkt\/mopar-limited-slip-additiv\/","title":{"rendered":"P\u0159\u00edsada pro omezen\u00fd prokluz Mopar"},"content":{"rendered":"<h1>Origin\u00e1ln\u00ed aditivum Mopar Limited Slip<\/h1>\n<p>&nbsp;<\/p>\n<p>Schv\u00e1leno pro materi\u00e1lovou normu Chrysler MS-10111.<\/p>\n<p>P\u0159\u00edsada Mopar Limited Slip Additive je optimaliz\u00e1tor t\u0159en\u00ed, kter\u00fd se mus\u00ed p\u0159id\u00e1vat do standardn\u00edho mazac\u00edho oleje pou\u017e\u00edvan\u00e9ho p\u0159i \u00fadr\u017eb\u011b. Do oleje p\u0159idejte 1 lahvi\u010dku Mopar Limited Slip Additive.<br \/>\nByl vyvinut pro zlep\u0161en\u00ed p\u0159ilnavosti mezi spojkov\u00fdmi kotou\u010di v diferenci\u00e1lu.<\/p>\n<p>Sni\u017euje opot\u0159eben\u00ed, hluk a chv\u011bn\u00ed diferenci\u00e1l\u016f s omezen\u00fdm prokluzem (Sure-Grip, Trak-Lok, Power-Lok). M\u011bl by b\u00fdt p\u0159id\u00e1n v\u017edy p\u0159i v\u00fdm\u011bn\u011b p\u0159evodov\u00e9ho oleje nebo p\u0159i zji\u0161t\u011bn\u00ed nespr\u00e1vn\u00e9 \u010dinnosti diferenci\u00e1lu s omezen\u00fdm prokluzem.<\/p>\n<p><strong>Srovn\u00e1vac\u00ed \u010d\u00edsla Mopar:<\/strong> 04318060AD, 04057100, 04318060, 04318060AB, 04318060AC, 05103522EA<\/p>\n<h5><\/h5>\n<p><strong>Rozsah dod\u00e1vky:<\/strong> 120 ml<\/p>\n<p>&nbsp;<\/p>\n<p><strong>Pozn\u00e1mka:<\/strong> P\u0159i dopl\u0148ov\u00e1n\u00ed n\u00e1pravy s diferenci\u00e1lem s omezen\u00fdm prokluzem (pro kter\u00fd je vy\u017eadov\u00e1no aditivum do diferenci\u00e1lu s omezen\u00fdm prokluzem) by m\u011blo b\u00fdt aditivum do diferenci\u00e1lu s omezen\u00fdm prokluzem p\u0159id\u00e1no p\u0159ed p\u0159id\u00e1n\u00edm maziva pro p\u0159evodovky, aby bylo zaji\u0161t\u011bno spr\u00e1vn\u00e9 napln\u011bn\u00ed aditivem.<\/p>","protected":false},"excerpt":{"rendered":"<p>Origin\u00e1ln\u00ed aditivum Mopar Limited Slip Additive Schv\u00e1leno pro materi\u00e1lovou normu Chrysler MS-10111 Aditivum Mopar Limited Slip Additive je aditivum pro materi\u00e1lovou normu Chrysler.<\/p>","protected":false},"featured_media":68272502,"comment_status":"open","ping_status":"closed","template":"","meta":{"_acf_changed":false},"product_brand":[16270],"product_cat":[1550,1558,1566,1574,4985,1582,1590,2575,1671,1679,1687,1695,1703,1598,1606,1614,5163,1622,1630,1638,1647,1655,2710,1663,1711,1719,1727,8048,8049,2716,3015,1735,1743,4810,1751,1759,1767,1775,17019,6793,2942,2952,2963,19391,4242,4761,7771,1521,5021,9954,2922,2927,2706],"product_tag":[4290,4291,4292,4293,4289,4294,4206,4207,1002,665,4204,3355,4205,115,663,799,4208,4286,4288,4299,31,8813,9424,16271,16273,16275,16272,16274,4300,406,4285,4298,4287,3360,4295,4296,4297,842,4209,1003],"class_list":{"0":"post-68272498","1":"product","2":"type-product","3":"status-publish","4":"has-post-thumbnail","6":"product_brand-mopar","7":"product_cat-300c-30-diesel-wartung","8":"product_cat-300c-35-wartung","9":"product_cat-300c-36-wartung","10":"product_cat-300c-57-2005-2010-wartung","11":"product_cat-300c-57-2011-2023-wartung","12":"product_cat-300c-61-wartung","13":"product_cat-300c-64-wartung","14":"product_cat-challenger-35-wartung","15":"product_cat-challenger-36-wartung","16":"product_cat-challenger-57-wartung","17":"product_cat-challenger-61-wartung","18":"product_cat-challenger-hellcat-wartung","19":"product_cat-challenger-64-wartung","20":"product_cat-charger-35-wartung","21":"product_cat-charger-36-wartung","22":"product_cat-charger-57-wartung","23":"product_cat-dodge-charger-57-2011-2023-wartung","24":"product_cat-charger-61-wartung","25":"product_cat-charger-hellcat-wartung","26":"product_cat-charger-64-wartung","27":"product_cat-durango-36-wartung","28":"product_cat-durango-57-wartung","29":"product_cat-durango-hellcat-wartung","30":"product_cat-durango-64-wartung","31":"product_cat-magnum-35-wartung","32":"product_cat-magnum-57-wartung","33":"product_cat-magnum-61-wartung","34":"product_cat-viper-83-wartung","35":"product_cat-viper-84-wartung","36":"product_cat-commander-wartung","37":"product_cat-gladiator-36-wartung","38":"product_cat-grand-cherokee-30-diesel-wartung","39":"product_cat-grand-cherokee-36-wartung","40":"product_cat-grand-cherokee-57-2005-2010-wartung","41":"product_cat-grand-cherokee-57-2011-2021-wartung","42":"product_cat-grand-cherokee-61-wartung","43":"product_cat-trackhawk-wartung","44":"product_cat-grand-cherokee-64-wartung","45":"product_cat-wagoneer-30-wartung","46":"product_cat-wagoneer-64-wartung","47":"product_cat-wrangler-20-turbo-wartung","48":"product_cat-wrangler-36-wartung","49":"product_cat-wrangler-64-wartung","50":"product_cat-1500-30-wartung","51":"product_cat-1500-ecodiesel-wartung","52":"product_cat-1500-36-wartung","53":"product_cat-1500-57-2003-2008-wartung","54":"product_cat-1500-57-2009-2018-classic-wartung","55":"product_cat-1500-57-dt-wartung","56":"product_cat-2500-3500-57-wartung","57":"product_cat-2500-3500-64-wartung","58":"product_cat-67-cummins-wartung","59":"product_cat-trx-wartung","60":"product_tag-4290","61":"product_tag-4291","62":"product_tag-04318060ab","63":"product_tag-04318060ac","64":"product_tag-04318060ad","65":"product_tag-05103522ea","66":"product_tag-achse","67":"product_tag-achsoel","68":"product_tag-additiv","69":"product_tag-differential","70":"product_tag-differentialoel","71":"product_tag-differenzial","72":"product_tag-differenzialoel","73":"product_tag-getriebe","74":"product_tag-getriebeoel","75":"product_tag-hinterachse","76":"product_tag-hinterachsoel","77":"product_tag-limited-slip","78":"product_tag-limited-slip-additive","79":"product_tag-lsd","80":"product_tag-mopar","81":"product_tag-mopar-autoteile","82":"product_tag-mopar-ersatzteile","83":"product_tag-mopar-ersatzteile-kaufen","84":"product_tag-mopar-performance-teile","85":"product_tag-mopar-teile-katalog","86":"product_tag-mopar-teile-online","87":"product_tag-mopar-tuningteile","88":"product_tag-ms-10111","89":"product_tag-oel","90":"product_tag-oelzusatz","91":"product_tag-power-lok","92":"product_tag-reibung","93":"product_tag-sperrdifferential","94":"product_tag-sperrdifferenzial","95":"product_tag-sure-grip","96":"product_tag-trak-lok","97":"product_tag-vorderachse","98":"product_tag-vorderachsoel","99":"product_tag-zusatz","101":"first","102":"instock","103":"taxable","104":"shipping-taxable","105":"purchasable","106":"product-type-simple"},"bundled_by":[],"bundle_stock_status":"instock","bundle_stock_quantity":81,"bundle_virtual":false,"bundle_layout":"","bundle_add_to_cart_form_location":"","bundle_editable_in_cart":false,"bundle_sold_individually_context":"","bundle_item_grouping":"","bundle_min_size":"","bundle_max_size":"","bundle_price":[],"bundled_items":[],"bundle_sell_ids":[],"exclude_global_add_ons":[],"addons":[],"acf":[],"_links":{"self":[{"href":"https:\/\/kraftwerk-shop.cc\/cs\/wp-json\/wp\/v2\/product\/68272498","targetHints":{"allow":["GET"]}}],"collection":[{"href":"https:\/\/kraftwerk-shop.cc\/cs\/wp-json\/wp\/v2\/product"}],"about":[{"href":"https:\/\/kraftwerk-shop.cc\/cs\/wp-json\/wp\/v2\/types\/product"}],"replies":[{"embeddable":true,"href":"https:\/\/kraftwerk-shop.cc\/cs\/wp-json\/wp\/v2\/comments?post=68272498"}],"version-history":[{"count":0,"href":"https:\/\/kraftwerk-shop.cc\/cs\/wp-json\/wp\/v2\/product\/68272498\/revisions"}],"wp:featuredmedia":[{"embeddable":true,"href":"https:\/\/kraftwerk-shop.cc\/cs\/wp-json\/wp\/v2\/media\/68272502"}],"wp:attachment":[{"href":"https:\/\/kraftwerk-shop.cc\/cs\/wp-json\/wp\/v2\/media?parent=68272498"}],"wp:term":[{"taxonomy":"product_brand","embeddable":true,"href":"https:\/\/kraftwerk-shop.cc\/cs\/wp-json\/wp\/v2\/product_brand?post=68272498"},{"taxonomy":"product_cat","embeddable":true,"href":"https:\/\/kraftwerk-shop.cc\/cs\/wp-json\/wp\/v2\/product_cat?post=68272498"},{"taxonomy":"product_tag","embeddable":true,"href":"https:\/\/kraftwerk-shop.cc\/cs\/wp-json\/wp\/v2\/product_tag?post=68272498"}],"curies":[{"name":"wp","href":"https:\/\/api.w.org\/{rel}","templated":true}]}}