{"id":68272522,"date":"2022-10-15T14:50:08","date_gmt":"2022-10-15T12:50:08","guid":{"rendered":"https:\/\/kraftwerk-shop.cc\/?post_type=product&#038;p=68272522"},"modified":"2026-04-01T13:58:48","modified_gmt":"2026-04-01T11:58:48","slug":"prevodovy-olej-mopar-atf4","status":"publish","type":"product","link":"https:\/\/kraftwerk-shop.cc\/cs\/produkt\/mopar-atf4-getriebeoel\/","title":{"rendered":"P\u0159evodov\u00fd olej Mopar ATF+4"},"content":{"rendered":"<h1>Origin\u00e1ln\u00ed p\u0159evodov\u00fd olej Mopar ATF+4<\/h1>\n<p>&nbsp;<\/p>\n<p>Schv\u00e1leno pro materi\u00e1lovou normu Chrysler MS-9602.<\/p>\n<p>Kapalina pro automatick\u00e9 p\u0159evodovky Mopar ATF+4 \u00ae je speci\u00e1ln\u011b vyvinuta ze z\u00e1kladov\u00e9ho oleje s velmi vysok\u00fdm viskozitn\u00edm indexem (Vhvi) a jedine\u010dn\u00e9ho bal\u00ed\u010dku aditiv.<br \/>\nNavr\u017eeno tak, aby za b\u011b\u017en\u00fdch j\u00edzdn\u00edch podm\u00ednek poskytovalo celo\u017eivotn\u00ed maz\u00e1n\u00ed \"fill for life\".<br \/>\nVyvinuto pro automatick\u00e9 p\u0159evodovky Chrysler, Dodge a Jeep. Doporu\u010duje se tak\u00e9 pro mnoho manu\u00e1ln\u00edch p\u0159evodovek a posilova\u010d\u016f \u0159\u00edzen\u00ed (po roce 1998). Viz n\u00e1vod k obsluze vozidla.<br \/>\nKapalinu pro automatick\u00e9 p\u0159evodovky Mopar ATF+ 4 \u00ae lze pou\u017e\u00edt v p\u0159evodovk\u00e1ch s n\u00e1sleduj\u00edc\u00edmi po\u017eadavky v\u00fdrobce: ATF+, ATF+2 nebo ATF+3.<\/p>\n<p><strong><br \/>\nSrovn\u00e1vac\u00ed \u010d\u00edsla Mopar: <\/strong>68218057AA, 68218057AB, 68218057AC, 68218057CC, 68218057GA, 68218057GB, 68218058AA, 68218058AB , 68218058AC, 68218058CC, 68218058GA, 68218058GB, 68218054AA, 68218055AA, 68218056AA, 68218057AA, 68218058AA, 68218059AA, 4467721, 5103527EA, 4874465, 5010304AA, 5010124AA, 5103531EB, 5103531GA<\/p>\n<p>&nbsp;<\/p>\n<p>&nbsp;<\/p>","protected":false},"excerpt":{"rendered":"<p>Origin\u00e1ln\u00ed olej schv\u00e1len\u00fd spole\u010dnost\u00ed Mopar \/ FCA \/ Stellantis<\/p>","protected":false},"featured_media":68272528,"comment_status":"open","ping_status":"closed","template":"","meta":{"_acf_changed":false},"product_brand":[16270],"product_cat":[1550,1558,1566,1574,4985,1582,1590,2575,1671,1679,1687,1695,1703,1598,1606,1614,5163,1622,1630,1638,1647,1655,2710,1663,1711,1719,1727,8048,8049,2716,3015,1735,1743,4810,1751,1759,1767,1775,17019,6793,2942,2952,2963,4242,4761,19691,7771,1521,5021,9954,2922,2927,2706],"product_tag":[8554,4331,4333,4335,4334,4332,4336,4337,8549,8550,8547,8548,4327,8540,8541,8542,4328,4329,8545,8553,4317,4318,4319,8543,8544,4338,4320,4321,4322,4323,4324,8538,8539,4339,4325,4326,4330,8546,8557,8551,8552,8555,8556,8558,8559,4314,3609,4119,1030,663,3108,31,8813,9424,16271,16273,16275,16272,16274,406,655,34,3457,4315,4316],"class_list":{"0":"post-68272522","1":"product","2":"type-product","3":"status-publish","4":"has-post-thumbnail","6":"product_brand-mopar","7":"product_cat-300c-30-diesel-wartung","8":"product_cat-300c-35-wartung","9":"product_cat-300c-36-wartung","10":"product_cat-300c-57-2005-2010-wartung","11":"product_cat-300c-57-2011-2023-wartung","12":"product_cat-300c-61-wartung","13":"product_cat-300c-64-wartung","14":"product_cat-challenger-35-wartung","15":"product_cat-challenger-36-wartung","16":"product_cat-challenger-57-wartung","17":"product_cat-challenger-61-wartung","18":"product_cat-challenger-hellcat-wartung","19":"product_cat-challenger-64-wartung","20":"product_cat-charger-35-wartung","21":"product_cat-charger-36-wartung","22":"product_cat-charger-57-wartung","23":"product_cat-dodge-charger-57-2011-2023-wartung","24":"product_cat-charger-61-wartung","25":"product_cat-charger-hellcat-wartung","26":"product_cat-charger-64-wartung","27":"product_cat-durango-36-wartung","28":"product_cat-durango-57-wartung","29":"product_cat-durango-hellcat-wartung","30":"product_cat-durango-64-wartung","31":"product_cat-magnum-35-wartung","32":"product_cat-magnum-57-wartung","33":"product_cat-magnum-61-wartung","34":"product_cat-viper-83-wartung","35":"product_cat-viper-84-wartung","36":"product_cat-commander-wartung","37":"product_cat-gladiator-36-wartung","38":"product_cat-grand-cherokee-30-diesel-wartung","39":"product_cat-grand-cherokee-36-wartung","40":"product_cat-grand-cherokee-57-2005-2010-wartung","41":"product_cat-grand-cherokee-57-2011-2021-wartung","42":"product_cat-grand-cherokee-61-wartung","43":"product_cat-trackhawk-wartung","44":"product_cat-grand-cherokee-64-wartung","45":"product_cat-wagoneer-30-wartung","46":"product_cat-wagoneer-64-wartung","47":"product_cat-wrangler-20-turbo-wartung","48":"product_cat-wrangler-36-wartung","49":"product_cat-wrangler-64-wartung","50":"product_cat-1500-ecodiesel-wartung","51":"product_cat-1500-36-wartung","52":"product_cat-1500-36-dt-wartung","53":"product_cat-1500-57-2003-2008-wartung","54":"product_cat-1500-57-2009-2018-classic-wartung","55":"product_cat-1500-57-dt-wartung","56":"product_cat-2500-3500-57-wartung","57":"product_cat-2500-3500-64-wartung","58":"product_cat-67-cummins-wartung","59":"product_cat-trx-wartung","60":"product_tag-0vu02152","61":"product_tag-4331","62":"product_tag-4333","63":"product_tag-5010124aa","64":"product_tag-5010304aa","65":"product_tag-5103527ea","66":"product_tag-5103531eb","67":"product_tag-5103531ga","68":"product_tag-68044406pa","69":"product_tag-68044406pb","70":"product_tag-68102000aa","71":"product_tag-68102000ca","72":"product_tag-68218054aa","73":"product_tag-68218054ab","74":"product_tag-68218054ca","75":"product_tag-68218054cb","76":"product_tag-68218055aa","77":"product_tag-68218056aa","78":"product_tag-68218056ab","79":"product_tag-68218056ad","80":"product_tag-68218057aa","81":"product_tag-68218057ab","82":"product_tag-68218057ac","83":"product_tag-68218057ca","84":"product_tag-68218057cb","85":"product_tag-68218057cc","86":"product_tag-68218057ga","87":"product_tag-68218057gb","88":"product_tag-68218058aa","89":"product_tag-68218058ab","90":"product_tag-68218058ac","91":"product_tag-68218058ca","92":"product_tag-68218058cb","93":"product_tag-68218058cc","94":"product_tag-68218058ga","95":"product_tag-68218058gb","96":"product_tag-68218059aa","97":"product_tag-68218059ab","98":"product_tag-68218059ac","99":"product_tag-68233492aa","100":"product_tag-68233493aa","101":"product_tag-68633176aa","102":"product_tag-68633177aa","103":"product_tag-68641180aa","104":"product_tag-68641181aa","105":"product_tag-atf4","106":"product_tag-automatikgetriebe","107":"product_tag-freigabe","108":"product_tag-garantie","109":"product_tag-getriebeoel","110":"product_tag-gewaehrleistung","111":"product_tag-mopar","112":"product_tag-mopar-autoteile","113":"product_tag-mopar-ersatzteile","114":"product_tag-mopar-ersatzteile-kaufen","115":"product_tag-mopar-performance-teile","116":"product_tag-mopar-teile-katalog","117":"product_tag-mopar-teile-online","118":"product_tag-mopar-tuningteile","119":"product_tag-oel","120":"product_tag-oelwechsel","121":"product_tag-original","122":"product_tag-schaltgetriebe","123":"product_tag-servo","124":"product_tag-servolenkung","126":"first","127":"instock","128":"taxable","129":"shipping-taxable","130":"purchasable","131":"product-type-variable"},"bundled_by":[],"bundle_stock_status":"instock","bundle_stock_quantity":34,"bundle_virtual":false,"bundle_layout":"","bundle_add_to_cart_form_location":"","bundle_editable_in_cart":false,"bundle_sold_individually_context":"","bundle_item_grouping":"","bundle_min_size":"","bundle_max_size":"","bundle_price":[],"bundled_items":[],"bundle_sell_ids":[],"exclude_global_add_ons":[],"addons":[],"acf":[],"_links":{"self":[{"href":"https:\/\/kraftwerk-shop.cc\/cs\/wp-json\/wp\/v2\/product\/68272522","targetHints":{"allow":["GET"]}}],"collection":[{"href":"https:\/\/kraftwerk-shop.cc\/cs\/wp-json\/wp\/v2\/product"}],"about":[{"href":"https:\/\/kraftwerk-shop.cc\/cs\/wp-json\/wp\/v2\/types\/product"}],"replies":[{"embeddable":true,"href":"https:\/\/kraftwerk-shop.cc\/cs\/wp-json\/wp\/v2\/comments?post=68272522"}],"version-history":[{"count":0,"href":"https:\/\/kraftwerk-shop.cc\/cs\/wp-json\/wp\/v2\/product\/68272522\/revisions"}],"wp:featuredmedia":[{"embeddable":true,"href":"https:\/\/kraftwerk-shop.cc\/cs\/wp-json\/wp\/v2\/media\/68272528"}],"wp:attachment":[{"href":"https:\/\/kraftwerk-shop.cc\/cs\/wp-json\/wp\/v2\/media?parent=68272522"}],"wp:term":[{"taxonomy":"product_brand","embeddable":true,"href":"https:\/\/kraftwerk-shop.cc\/cs\/wp-json\/wp\/v2\/product_brand?post=68272522"},{"taxonomy":"product_cat","embeddable":true,"href":"https:\/\/kraftwerk-shop.cc\/cs\/wp-json\/wp\/v2\/product_cat?post=68272522"},{"taxonomy":"product_tag","embeddable":true,"href":"https:\/\/kraftwerk-shop.cc\/cs\/wp-json\/wp\/v2\/product_tag?post=68272522"}],"curies":[{"name":"wp","href":"https:\/\/api.w.org\/{rel}","templated":true}]}}