{"id":68273046,"date":"2022-11-08T19:44:26","date_gmt":"2022-11-08T18:44:26","guid":{"rendered":"https:\/\/kraftwerk-shop.cc\/?post_type=product&#038;p=68273046"},"modified":"2026-03-30T11:17:14","modified_gmt":"2026-03-30T09:17:14","slug":"zesileny-remen-kompresoru-hellcat-trackhawk-trx-68207171ad","status":"publish","type":"product","link":"https:\/\/kraftwerk-shop.cc\/cs\/produkt\/verstaerkter-kompressorriemen-hellcat-trackhawk-trx-68207171ad\/","title":{"rendered":"Zes\u00edlen\u00fd \u0159emen p\u0159epl\u0148ov\u00e1n\u00ed pro Hellcat, Trackhawk a TRX"},"content":{"rendered":"<h1>Zes\u00edlen\u00fd \u0159emen p\u0159epl\u0148ov\u00e1n\u00ed pro Hellcat, Trackhawk a TRX<\/h1>\n<p>&nbsp;<\/p>\n<p>Konstrukce FleetRunner\u00ae je navr\u017eena pro nejn\u00e1ro\u010dn\u011bj\u0161\u00ed aplikace a nab\u00edz\u00ed vynikaj\u00edc\u00ed flexibilitu, stabilitu, nosnost a bezkonkuren\u010dn\u00ed \u017eivotnost kompresorov\u00e9ho p\u00e1su.<\/p>\n<p>Patentovan\u00e9 materi\u00e1ly poskytuj\u00ed \u0161pi\u010dkov\u00fd v\u00fdkon p\u0159i extr\u00e9mn\u011b dlouh\u00fdch provozn\u00edch teplot\u00e1ch a d\u011blaj\u00ed z tohoto \u0159emene dokonal\u00e9ho \u0159e\u0161itele probl\u00e9m\u016f.<br \/>\nVysoce vyvinut\u00e1 sm\u011bs pry\u017eov\u00e9 technologie EPDM odol\u00e1v\u00e1 p\u0159ed\u010dasn\u00e9mu st\u00e1rnut\u00ed.<\/p>\n<p>&nbsp;<\/p>\n<p><strong>Srovn\u00e1vac\u00ed \u010d\u00edslo Mopar:<\/strong> 68207171AD, <span class=\"list-value sku-display\">68519480AA, 53011324AA<br \/>\n<\/span><\/p>\n<p><strong>Vhodn\u00e9 pro:<\/strong><\/p>\n<table width=\"539\">\n<tbody>\n<tr>\n<td width=\"158\">Dodge<\/td>\n<td width=\"117\">Charger<\/td>\n<td width=\"146\">6.2 Hellcat<\/td>\n<td width=\"118\">2015\u20132023<\/td>\n<\/tr>\n<tr>\n<td width=\"158\">Dodge<\/td>\n<td width=\"117\">Challenger<\/td>\n<td width=\"146\">6.2 Hellcat<\/td>\n<td width=\"118\">2015\u20132023<\/td>\n<\/tr>\n<tr>\n<td>Dodge<\/td>\n<td>Durango<\/td>\n<td>6.2 Hellcat<\/td>\n<td>2021\u20132025<\/td>\n<\/tr>\n<tr>\n<td width=\"158\">Jeep<\/td>\n<td width=\"117\">Grand Cherokee<\/td>\n<td width=\"146\">6.2 Trackhawk<\/td>\n<td width=\"118\">2018\u20132021<\/td>\n<\/tr>\n<tr>\n<td>RAM<\/td>\n<td>1500<\/td>\n<td>TRX<\/td>\n<td>2021\u20132024<\/td>\n<\/tr>\n<\/tbody>\n<\/table>\n<p>&nbsp;<\/p>\n<p><strong>Pouze pro pou\u017eit\u00ed jako origin\u00e1ln\u00ed n\u00e1hrada, nevhodn\u00e9 pro jin\u00e1 kompresorov\u00e1 kola!<br \/>\n<\/strong><\/p>","protected":false},"excerpt":{"rendered":"<p>Vhodn\u00e9 jako origin\u00e1ln\u00ed n\u00e1hrada<\/p>","protected":false},"featured_media":68275712,"comment_status":"open","ping_status":"closed","template":"","meta":{"_acf_changed":false},"product_brand":[],"product_cat":[2585,7505,2709,7509,2708,7512,7519,2669,2701,7525],"product_tag":[2846,475,6319,101,4408,6318,54,53,49,3853,3854,3415,737,56,2452,738,100,723,50,4425,4427,4426,4398,736,722,242,394,36,382,34,2847,397,86,735,721,246,102,2353],"class_list":{"0":"post-68273046","1":"product","2":"type-product","3":"status-publish","4":"has-post-thumbnail","6":"product_cat-challenger-hellcat-kompressor","7":"product_cat-challenger-hellcat-riemenantrieb","8":"product_cat-charger-hellcat-kompressor","9":"product_cat-charger-hellcat-riemenantrieb","10":"product_cat-durango-hellcat-kompressor","11":"product_cat-durango-hellcat-riemenantrieb","12":"product_cat-trackhawk-riemenantrieb","13":"product_cat-trackhawk-kompressor","14":"product_cat-trx-kompressor","15":"product_cat-trx-riemenantrieb","16":"product_tag-2846","17":"product_tag-475","18":"product_tag-53011324aa","19":"product_tag-6-2","20":"product_tag-68207171ad","21":"product_tag-68519480aa","22":"product_tag-challenger","23":"product_tag-charger","24":"product_tag-dodge","25":"product_tag-dodge-challenger","26":"product_tag-dodge-charger","27":"product_tag-erhoehen","28":"product_tag-gates","29":"product_tag-grand-cherokee","30":"product_tag-hcsc","31":"product_tag-hd","32":"product_tag-hellcat","33":"product_tag-hoeher","34":"product_tag-jeep","35":"product_tag-jeep-grand-cherokee","36":"product_tag-jeep-grand-cherokee-trackhawk","37":"product_tag-jeep-trackhawk","38":"product_tag-k100579hd","39":"product_tag-keilriemen","40":"product_tag-kleiner","41":"product_tag-kompressor","42":"product_tag-kompressorrad","43":"product_tag-kraftwerk","44":"product_tag-ladedruck","45":"product_tag-original","46":"product_tag-overdrive","47":"product_tag-pulley","48":"product_tag-ram","49":"product_tag-riemen","50":"product_tag-riemenscheibe","51":"product_tag-supercharger","52":"product_tag-trackhawk","53":"product_tag-trx","55":"first","56":"instock","57":"taxable","58":"shipping-taxable","59":"purchasable","60":"product-type-simple"},"bundled_by":[],"bundle_stock_status":"instock","bundle_stock_quantity":5,"bundle_virtual":false,"bundle_layout":"","bundle_add_to_cart_form_location":"","bundle_editable_in_cart":false,"bundle_sold_individually_context":"","bundle_item_grouping":"","bundle_min_size":"","bundle_max_size":"","bundle_price":[],"bundled_items":[],"bundle_sell_ids":[],"exclude_global_add_ons":[],"addons":[],"acf":[],"_links":{"self":[{"href":"https:\/\/kraftwerk-shop.cc\/cs\/wp-json\/wp\/v2\/product\/68273046","targetHints":{"allow":["GET"]}}],"collection":[{"href":"https:\/\/kraftwerk-shop.cc\/cs\/wp-json\/wp\/v2\/product"}],"about":[{"href":"https:\/\/kraftwerk-shop.cc\/cs\/wp-json\/wp\/v2\/types\/product"}],"replies":[{"embeddable":true,"href":"https:\/\/kraftwerk-shop.cc\/cs\/wp-json\/wp\/v2\/comments?post=68273046"}],"version-history":[{"count":0,"href":"https:\/\/kraftwerk-shop.cc\/cs\/wp-json\/wp\/v2\/product\/68273046\/revisions"}],"wp:featuredmedia":[{"embeddable":true,"href":"https:\/\/kraftwerk-shop.cc\/cs\/wp-json\/wp\/v2\/media\/68275712"}],"wp:attachment":[{"href":"https:\/\/kraftwerk-shop.cc\/cs\/wp-json\/wp\/v2\/media?parent=68273046"}],"wp:term":[{"taxonomy":"product_brand","embeddable":true,"href":"https:\/\/kraftwerk-shop.cc\/cs\/wp-json\/wp\/v2\/product_brand?post=68273046"},{"taxonomy":"product_cat","embeddable":true,"href":"https:\/\/kraftwerk-shop.cc\/cs\/wp-json\/wp\/v2\/product_cat?post=68273046"},{"taxonomy":"product_tag","embeddable":true,"href":"https:\/\/kraftwerk-shop.cc\/cs\/wp-json\/wp\/v2\/product_tag?post=68273046"}],"curies":[{"name":"wp","href":"https:\/\/api.w.org\/{rel}","templated":true}]}}