{"id":68273170,"date":"2022-11-18T17:51:51","date_gmt":"2022-11-18T16:51:51","guid":{"rendered":"https:\/\/kraftwerk-shop.cc\/?post_type=product&#038;p=68273170"},"modified":"2026-04-04T16:11:57","modified_gmt":"2026-04-04T14:11:57","slug":"mopar-olejovy-filtr-dodge-challenger-68079744aa-68191349aa","status":"publish","type":"product","link":"https:\/\/kraftwerk-shop.cc\/cs\/produkt\/mopar-oelfilter-dodge-challenger-68079744aa-68191349aa\/","title":{"rendered":"Olejov\u00fd filtr Mopar Dodge Challenger 3.6"},"content":{"rendered":"<h1>Olejov\u00fd filtr Mopar Dodge Challenger 3.6 - <span lang=\"DE\">Origin\u00e1ln\u00ed n\u00e1hradn\u00ed d\u00edl<\/span><\/h1>\n<p>&nbsp;<\/p>\n<p>Aby motor va\u0161eho vozu Dodge Challenger spr\u00e1vn\u011b fungoval, mus\u00ed b\u00fdt napln\u011bn \u010dist\u00fdm motorov\u00fdm olejem.<br \/>\nProbl\u00e9mem je, \u017ee i nov\u00fd motorov\u00fd olej m\u016f\u017ee obsahovat ne\u010distoty. Ty se p\u0159i pr\u016fchodu motorem hromad\u00ed na r\u016fzn\u00fdch \u010d\u00e1stech a zhor\u0161uj\u00ed efektivn\u00ed pohyb.<br \/>\nSpolu s dal\u0161\u00edmi ne\u010distotami, kter\u00e9 motorov\u00fd olej na sv\u00e9 cest\u011b motorem zachyt\u00ed, mohou v\u00e9st k po\u0161kozen\u00ed motoru.<br \/>\nZde p\u0159ich\u00e1z\u00ed ke slovu origin\u00e1ln\u00ed olejov\u00fd filtr Mopar.<br \/>\nZachycuje tyto mikroskopick\u00e9 pot\u00ed\u017ee na cest\u011b oleje, tak\u017ee do motoru proud\u00ed pouze \u010dist\u00fd olej, kter\u00fd ma\u017ee r\u016fzn\u00e9 d\u00edly. \u010casem se v\u0161ak i kvalitn\u00ed olejov\u00fd filtr porouch\u00e1 nebo ucpe.<\/p>\n<p>Pokud je t\u0159eba vym\u011bnit olejov\u00fd filtr, m\u011bli byste se ujistit, \u017ee pou\u017e\u00edv\u00e1te origin\u00e1ln\u00ed olejov\u00fd filtr Mopar.<br \/>\nJedn\u00e1 se o jedin\u00e9 filtry, kter\u00e9 jsou zaru\u010den\u011b kompatibiln\u00ed s motorem va\u0161eho vozu Dodge Challenger, tak\u017ee se m\u016f\u017eete spolehnout na jejich kompatibilitu a v\u00fdkon.<br \/>\nOlejov\u00fd filtr od jin\u00e9ho dodavatele nemus\u00ed b\u00fdt 100% dokonale padnouc\u00ed, co\u017e m\u016f\u017ee v\u00e9st k net\u011bsnostem nebo je\u0161t\u011b z\u00e1va\u017en\u011bj\u0161\u00edm probl\u00e9m\u016fm s motorem.<\/p>\n<p>V na\u0161em internetov\u00e9m obchod\u011b najdete origin\u00e1ln\u00ed olejov\u00e9 filtry Mopar, kter\u00e9 jsou vhodn\u00e9 pro v\u00e1\u0161 Dodge Challenger.<\/p>\n<p>Tento origin\u00e1ln\u00ed d\u00edl Mopar spl\u0148uje v\u0161echny po\u017eadavky tov\u00e1rn\u00ed z\u00e1ruky.<\/p>\n<p>&nbsp;<\/p>\n<p><strong>Srovn\u00e1vac\u00ed \u010d\u00edsla Mopar:<\/strong> 68079744AD, 68191349AA<\/p>\n<p><strong>Vhodn\u00e9 pro:<\/strong> Dodge Challenger 3.6<\/p>","protected":false},"excerpt":{"rendered":"<p>Origin\u00e1ln\u00ed d\u00edl Mopar<\/p>","protected":false},"featured_media":68273176,"comment_status":"open","ping_status":"closed","template":"","meta":{"_acf_changed":false},"product_brand":[16270],"product_cat":[1671],"product_tag":[169,4423,4424,54,49,3853,31,7221,2320,647,2453,655,34,35,170],"class_list":{"0":"post-68273170","1":"product","2":"type-product","3":"status-publish","4":"has-post-thumbnail","6":"product_brand-mopar","7":"product_cat-challenger-36-wartung","8":"product_tag-3-6","9":"product_tag-68079744aa","10":"product_tag-68191349aa","11":"product_tag-challenger","12":"product_tag-dodge","13":"product_tag-dodge-challenger","14":"product_tag-mopar","15":"product_tag-mopar10","16":"product_tag-motoroelfilter","17":"product_tag-oelfilter","18":"product_tag-oelfilter10","19":"product_tag-oelwechsel","20":"product_tag-original","21":"product_tag-originalersatzteil","22":"product_tag-pentastar","24":"first","25":"instock","26":"taxable","27":"shipping-taxable","28":"purchasable","29":"product-type-variable"},"bundled_by":[],"bundle_stock_status":"instock","bundle_stock_quantity":62,"bundle_virtual":false,"bundle_layout":"","bundle_add_to_cart_form_location":"","bundle_editable_in_cart":false,"bundle_sold_individually_context":"","bundle_item_grouping":"","bundle_min_size":"","bundle_max_size":"","bundle_price":[],"bundled_items":[],"bundle_sell_ids":[],"exclude_global_add_ons":[],"addons":[],"acf":[],"_links":{"self":[{"href":"https:\/\/kraftwerk-shop.cc\/cs\/wp-json\/wp\/v2\/product\/68273170","targetHints":{"allow":["GET"]}}],"collection":[{"href":"https:\/\/kraftwerk-shop.cc\/cs\/wp-json\/wp\/v2\/product"}],"about":[{"href":"https:\/\/kraftwerk-shop.cc\/cs\/wp-json\/wp\/v2\/types\/product"}],"replies":[{"embeddable":true,"href":"https:\/\/kraftwerk-shop.cc\/cs\/wp-json\/wp\/v2\/comments?post=68273170"}],"version-history":[{"count":0,"href":"https:\/\/kraftwerk-shop.cc\/cs\/wp-json\/wp\/v2\/product\/68273170\/revisions"}],"wp:featuredmedia":[{"embeddable":true,"href":"https:\/\/kraftwerk-shop.cc\/cs\/wp-json\/wp\/v2\/media\/68273176"}],"wp:attachment":[{"href":"https:\/\/kraftwerk-shop.cc\/cs\/wp-json\/wp\/v2\/media?parent=68273170"}],"wp:term":[{"taxonomy":"product_brand","embeddable":true,"href":"https:\/\/kraftwerk-shop.cc\/cs\/wp-json\/wp\/v2\/product_brand?post=68273170"},{"taxonomy":"product_cat","embeddable":true,"href":"https:\/\/kraftwerk-shop.cc\/cs\/wp-json\/wp\/v2\/product_cat?post=68273170"},{"taxonomy":"product_tag","embeddable":true,"href":"https:\/\/kraftwerk-shop.cc\/cs\/wp-json\/wp\/v2\/product_tag?post=68273170"}],"curies":[{"name":"wp","href":"https:\/\/api.w.org\/{rel}","templated":true}]}}