{"id":68273924,"date":"2022-11-20T13:16:28","date_gmt":"2022-11-20T12:16:28","guid":{"rendered":"https:\/\/kraftwerk-shop.cc\/?post_type=product&#038;p=68273924"},"modified":"2026-04-08T14:17:23","modified_gmt":"2026-04-08T12:17:23","slug":"mopar-olejovy-filtr-jeep-grand-cherokee-68079744ad-68191349aa","status":"publish","type":"product","link":"https:\/\/kraftwerk-shop.cc\/cs\/produkt\/mopar-oelfilter-jeep-grand-cherokee-68079744ad-68191349aa\/","title":{"rendered":"Olejov\u00fd filtr Mopar Jeep Grand Cherokee 3.6"},"content":{"rendered":"<h1>Olejov\u00fd filtr Mopar Jeep Grand Cherokee 3.6 - <span lang=\"DE\">Origin\u00e1ln\u00ed n\u00e1hradn\u00ed d\u00edl<\/span><\/h1>\n<p>&nbsp;<\/p>\n<p><strong>Srovn\u00e1vac\u00ed \u010d\u00edsla Mopar:<\/strong> 68079744AA, 68079744AB, 68079744AC, 68079744AD, 68191349AA, <span class=\"list-value\">68191349AB, 68191349AC<\/span><\/p>\n<p><strong>Vhodn\u00e9 pro:<\/strong> Jeep Grand Cherokee 3.6<\/p>\n<p>&nbsp;<\/p>\n<p>Aby motor va\u0161eho vozu Jeep Grand Cherokee spr\u00e1vn\u011b fungoval, mus\u00ed b\u00fdt provozov\u00e1n s \u010dist\u00fdm motorov\u00fdm olejem.<br \/>\nProbl\u00e9mem je, \u017ee i nov\u00fd motorov\u00fd olej m\u016f\u017ee obsahovat ne\u010distoty. Ty se p\u0159i pr\u016fchodu motorem hromad\u00ed na r\u016fzn\u00fdch \u010d\u00e1stech a zhor\u0161uj\u00ed efektivn\u00ed pohyb.<br \/>\nSpolu s dal\u0161\u00edmi ne\u010distotami, kter\u00e9 motorov\u00fd olej na sv\u00e9 cest\u011b motorem zachyt\u00ed, mohou v\u00e9st k po\u0161kozen\u00ed motoru.<br \/>\nZde p\u0159ich\u00e1z\u00ed ke slovu origin\u00e1ln\u00ed olejov\u00fd filtr Mopar.<br \/>\nZachycuje tyto mikroskopick\u00e9 pot\u00ed\u017ee na cest\u011b oleje, tak\u017ee do motoru proud\u00ed pouze \u010dist\u00fd olej, kter\u00fd ma\u017ee r\u016fzn\u00e9 d\u00edly. \u010casem se v\u0161ak i kvalitn\u00ed olejov\u00fd filtr porouch\u00e1 nebo ucpe.<\/p>\n<p>Pokud je t\u0159eba vym\u011bnit olejov\u00fd filtr, m\u011bli byste se ujistit, \u017ee pou\u017e\u00edv\u00e1te origin\u00e1ln\u00ed olejov\u00fd filtr Mopar.<br \/>\nJedn\u00e1 se o jedin\u00e9 filtry, u nich\u017e je zaru\u010dena kompatibilita s motorem va\u0161eho vozu Jeep Grand Cherokee, tak\u017ee se m\u016f\u017eete spolehnout na jejich kompatibilitu a v\u00fdkon.<br \/>\nOlejov\u00fd filtr od jin\u00e9ho dodavatele nemus\u00ed b\u00fdt 100% dokonale padnouc\u00ed, co\u017e m\u016f\u017ee v\u00e9st k net\u011bsnostem nebo je\u0161t\u011b z\u00e1va\u017en\u011bj\u0161\u00edm probl\u00e9m\u016fm s motorem.<\/p>\n<p>V na\u0161em internetov\u00e9m obchod\u011b najdete origin\u00e1ln\u00ed olejov\u00e9 filtry Mopar, kter\u00e9 jsou vhodn\u00e9 pro v\u00e1\u0161 Jeep Grand Cherokee.<\/p>\n<p>Tento origin\u00e1ln\u00ed d\u00edl Mopar spl\u0148uje v\u0161echny po\u017eadavky tov\u00e1rn\u00ed z\u00e1ruky.<\/p>\n<p>&nbsp;<\/p>","protected":false},"excerpt":{"rendered":"<p>Origin\u00e1ln\u00ed d\u00edl Mopar<\/p>","protected":false},"featured_media":68273931,"comment_status":"open","ping_status":"closed","template":"","meta":{"_acf_changed":false},"product_brand":[16270],"product_cat":[1743],"product_tag":[169,4423,8078,8079,8080,4424,8076,8077,56,50,4425,31,7221,2320,647,2453,655,34,35,170],"class_list":{"0":"post-68273924","1":"product","2":"type-product","3":"status-publish","4":"has-post-thumbnail","6":"product_brand-mopar","7":"product_cat-grand-cherokee-36-wartung","8":"product_tag-3-6","9":"product_tag-68079744aa","10":"product_tag-68079744ab","11":"product_tag-68079744ac","12":"product_tag-68079744ad","13":"product_tag-68191349aa","14":"product_tag-68191349ab","15":"product_tag-68191349ac","16":"product_tag-grand-cherokee","17":"product_tag-jeep","18":"product_tag-jeep-grand-cherokee","19":"product_tag-mopar","20":"product_tag-mopar10","21":"product_tag-motoroelfilter","22":"product_tag-oelfilter","23":"product_tag-oelfilter10","24":"product_tag-oelwechsel","25":"product_tag-original","26":"product_tag-originalersatzteil","27":"product_tag-pentastar","29":"first","30":"instock","31":"taxable","32":"shipping-taxable","33":"purchasable","34":"product-type-variable"},"bundled_by":[],"bundle_stock_status":"instock","bundle_stock_quantity":61,"bundle_virtual":false,"bundle_layout":"","bundle_add_to_cart_form_location":"","bundle_editable_in_cart":false,"bundle_sold_individually_context":"","bundle_item_grouping":"","bundle_min_size":"","bundle_max_size":"","bundle_price":[],"bundled_items":[],"bundle_sell_ids":[],"exclude_global_add_ons":[],"addons":[],"acf":[],"_links":{"self":[{"href":"https:\/\/kraftwerk-shop.cc\/cs\/wp-json\/wp\/v2\/product\/68273924","targetHints":{"allow":["GET"]}}],"collection":[{"href":"https:\/\/kraftwerk-shop.cc\/cs\/wp-json\/wp\/v2\/product"}],"about":[{"href":"https:\/\/kraftwerk-shop.cc\/cs\/wp-json\/wp\/v2\/types\/product"}],"replies":[{"embeddable":true,"href":"https:\/\/kraftwerk-shop.cc\/cs\/wp-json\/wp\/v2\/comments?post=68273924"}],"version-history":[{"count":0,"href":"https:\/\/kraftwerk-shop.cc\/cs\/wp-json\/wp\/v2\/product\/68273924\/revisions"}],"wp:featuredmedia":[{"embeddable":true,"href":"https:\/\/kraftwerk-shop.cc\/cs\/wp-json\/wp\/v2\/media\/68273931"}],"wp:attachment":[{"href":"https:\/\/kraftwerk-shop.cc\/cs\/wp-json\/wp\/v2\/media?parent=68273924"}],"wp:term":[{"taxonomy":"product_brand","embeddable":true,"href":"https:\/\/kraftwerk-shop.cc\/cs\/wp-json\/wp\/v2\/product_brand?post=68273924"},{"taxonomy":"product_cat","embeddable":true,"href":"https:\/\/kraftwerk-shop.cc\/cs\/wp-json\/wp\/v2\/product_cat?post=68273924"},{"taxonomy":"product_tag","embeddable":true,"href":"https:\/\/kraftwerk-shop.cc\/cs\/wp-json\/wp\/v2\/product_tag?post=68273924"}],"curies":[{"name":"wp","href":"https:\/\/api.w.org\/{rel}","templated":true}]}}