{"id":68274931,"date":"2022-12-04T14:26:49","date_gmt":"2022-12-04T13:26:49","guid":{"rendered":"https:\/\/kraftwerk-shop.cc\/?post_type=product&#038;p=68274931"},"modified":"2026-03-30T11:29:28","modified_gmt":"2026-03-30T09:29:28","slug":"vzduchovy-filtr-dodge-charger","status":"publish","type":"product","link":"https:\/\/kraftwerk-shop.cc\/cs\/produkt\/luftfilter-dodge-charger\/","title":{"rendered":"Vzduchov\u00fd filtr Dodge Charger"},"content":{"rendered":"<h2>Vzduchov\u00fd filtr pro Dodge Charger<\/h2>\n<p>&nbsp;<\/p>\n<p><strong>Srovn\u00e1vac\u00ed \u010d\u00edsla Mopar:<\/strong> 5019002AA, 5037615AA, 05019002AA, 05037615AA, 68172459AA, 4861746AB<\/p>\n<p>&nbsp;<\/p>\n<p>Zna\u010dkov\u00e9 vzduchov\u00e9 filtry pro Dodge Charger vyroben\u00e9 ze speci\u00e1ln\u011b nam\u00edchan\u00fdch filtra\u010dn\u00edch m\u00e9di\u00ed, kter\u00e9 zaji\u0161\u0165uj\u00ed optim\u00e1ln\u00ed schopnost zachycovat ne\u010distoty, \u00fa\u010dinnost filtru a maxim\u00e1ln\u00ed ochranu motoru p\u0159ed \u0161kodliv\u00fdmi l\u00e1tkami v ovzdu\u0161\u00ed.<br \/>\nP\u0159il\u00e9havost, funk\u010dnost a v\u00fdkon odpov\u00eddaj\u00ed nebo p\u0159evy\u0161uj\u00ed p\u016fvodn\u00ed vybaven\u00ed.<\/p>\n<p>\u010cist\u00fd vzduch m\u00e1 z\u00e1sadn\u00ed v\u00fdznam pro v\u00fdkon a \u017eivotnost motoru va\u0161eho vozu Dodge Charger. Spr\u00e1vn\u00e1 filtrace vzduchu je d\u016fle\u017eit\u00e1, proto\u017ee i mal\u00e9 mno\u017estv\u00ed ne\u010distot m\u016f\u017ee zp\u016fsobit obrovsk\u00e9 \u0161kody. \u00da\u010delem vzduchov\u00e9ho filtru je zajistit dlouhou \u017eivotnost syst\u00e9mu t\u00edm, \u017ee udr\u017euje \u0161kodliv\u00e9 ne\u010distoty mimo dosah citliv\u00fdch sou\u010d\u00e1st\u00ed motoru.<\/p>\n<p>&nbsp;<\/p>\n<p><strong>Vlastnosti:<\/strong><\/p>\n<ul>\n<li>spl\u0148uje v\u0161echny specifikace origin\u00e1ln\u00edho vybaven\u00ed, pokud jde o kvalitu a mont\u00e1\u017e.<\/li>\n<li>V\u00edcevrstv\u00e1 konstrukce pro zachycen\u00ed maxim\u00e1ln\u00edho po\u010dtu \u010d\u00e1stic<\/li>\n<li>Rovnom\u011brn\u011b slo\u017een\u00fd pap\u00edr zabra\u0148uje slepen\u00ed filtra\u010dn\u00edho pap\u00edru a prodlu\u017euje \u017eivotnost filtru.<\/li>\n<li>Pru\u017en\u00fd polyuretanov\u00fd r\u00e1m umo\u017e\u0148uje snadnou instalaci<\/li>\n<li>Polyuretanov\u00e9 t\u011bsn\u011bn\u00ed m\u00e1 vysokou odolnost proti roztr\u017een\u00ed a odol\u00e1v\u00e1 extr\u00e9mn\u00edm teplot\u00e1m a mraz\u016fm.<\/li>\n<li>Kovov\u00e1 v\u00fdztuha s velk\u00fdm koso\u010dtvercov\u00fdm vzorem byla vyvinuta pro zlep\u0161en\u00ed proud\u011bn\u00ed vzduchu.<\/li>\n<li>Vysok\u00fd pr\u016ftok vzduchu zvy\u0161uje v\u00fdkon a spot\u0159ebu paliva<\/li>\n<li>Maxim\u00e1ln\u00ed \u00fa\u010dinnost sni\u017euje opot\u0159eben\u00ed motoru<\/li>\n<li>Vysok\u00e1 schopnost absorbovat \u010d\u00e1stice zaji\u0161\u0165uje dlouhou \u017eivotnost v extr\u00e9mn\u00edch podm\u00ednk\u00e1ch, jako je teplo, chlad nebo chemick\u00e1 kontaminace.<\/li>\n<li>Zabra\u0148uje p\u0159ed\u010dasn\u00e9mu opot\u0159eben\u00ed ventil\u016f, pojezdov\u00fdch ploch v\u00e1lc\u016f, p\u00edstn\u00edch krou\u017ek\u016f, lo\u017eisek a dal\u0161\u00edch sou\u010d\u00e1st\u00ed motoru.<\/li>\n<li>Snadn\u00e1 instalace d\u00edky p\u0159esn\u00e9mu ulo\u017een\u00ed v kvalit\u011b OEM<\/li>\n<\/ul>\n<p>&nbsp;<\/p>\n<p><strong>Rozsah dod\u00e1vky:<\/strong><\/p>\n<ul>\n<li>1 vzduchov\u00fd filtr pro Dodge Charger<\/li>\n<\/ul>","protected":false},"excerpt":{"rendered":"<p>Vzduchov\u00fd filtr pro Dodge Charger Referen\u010dn\u00ed \u010d\u00edsla Mopar: 5019002AA, 5037615AA, 05019002AA, 05037615AA, 68172459AA, 4861746AB Zna\u010dkov\u00fd vzduchov\u00fd filtr pro Dodge Charger vyroben\u00fd ze speci\u00e1ln\u00edho materi\u00e1lu<\/p>","protected":false},"featured_media":68276392,"comment_status":"open","ping_status":"closed","template":"","meta":{"_acf_changed":false},"product_brand":[19068],"product_cat":[1598,1606,1614,5163,1622,1638],"product_tag":[58,59,4479,87,88,169,706,91,708,4478,92,93,707,53,49,3854,692,100,126,57,31,7221,96,673],"class_list":{"0":"post-68274931","1":"product","2":"type-product","3":"status-publish","4":"has-post-thumbnail","6":"product_brand-kraftwerk","7":"product_cat-charger-35-wartung","8":"product_cat-charger-36-wartung","9":"product_cat-charger-57-wartung","10":"product_cat-dodge-charger-57-2011-2023-wartung","11":"product_cat-charger-61-wartung","12":"product_cat-charger-64-wartung","13":"product_tag-04861746ab","14":"product_tag-05019002aa","15":"product_tag-05037615aa","16":"product_tag-2-7","17":"product_tag-3-5","18":"product_tag-3-6","19":"product_tag-4861746ab","20":"product_tag-5-7","21":"product_tag-5019002aa","22":"product_tag-5037615aa","23":"product_tag-6-1","24":"product_tag-6-4","25":"product_tag-68172459aa","26":"product_tag-charger","27":"product_tag-dodge","28":"product_tag-dodge-charger","29":"product_tag-ersatzteil","30":"product_tag-hellcat","31":"product_tag-hemi","32":"product_tag-luftfilter","33":"product_tag-mopar","34":"product_tag-mopar10","35":"product_tag-srt","36":"product_tag-zubehoer","38":"first","39":"instock","40":"taxable","41":"shipping-taxable","42":"purchasable","43":"product-type-variable"},"bundled_by":[],"bundle_stock_status":"instock","bundle_stock_quantity":162,"bundle_virtual":false,"bundle_layout":"","bundle_add_to_cart_form_location":"","bundle_editable_in_cart":false,"bundle_sold_individually_context":"","bundle_item_grouping":"","bundle_min_size":"","bundle_max_size":"","bundle_price":[],"bundled_items":[],"bundle_sell_ids":[],"exclude_global_add_ons":[],"addons":[],"acf":[],"_links":{"self":[{"href":"https:\/\/kraftwerk-shop.cc\/cs\/wp-json\/wp\/v2\/product\/68274931","targetHints":{"allow":["GET"]}}],"collection":[{"href":"https:\/\/kraftwerk-shop.cc\/cs\/wp-json\/wp\/v2\/product"}],"about":[{"href":"https:\/\/kraftwerk-shop.cc\/cs\/wp-json\/wp\/v2\/types\/product"}],"replies":[{"embeddable":true,"href":"https:\/\/kraftwerk-shop.cc\/cs\/wp-json\/wp\/v2\/comments?post=68274931"}],"version-history":[{"count":0,"href":"https:\/\/kraftwerk-shop.cc\/cs\/wp-json\/wp\/v2\/product\/68274931\/revisions"}],"wp:featuredmedia":[{"embeddable":true,"href":"https:\/\/kraftwerk-shop.cc\/cs\/wp-json\/wp\/v2\/media\/68276392"}],"wp:attachment":[{"href":"https:\/\/kraftwerk-shop.cc\/cs\/wp-json\/wp\/v2\/media?parent=68274931"}],"wp:term":[{"taxonomy":"product_brand","embeddable":true,"href":"https:\/\/kraftwerk-shop.cc\/cs\/wp-json\/wp\/v2\/product_brand?post=68274931"},{"taxonomy":"product_cat","embeddable":true,"href":"https:\/\/kraftwerk-shop.cc\/cs\/wp-json\/wp\/v2\/product_cat?post=68274931"},{"taxonomy":"product_tag","embeddable":true,"href":"https:\/\/kraftwerk-shop.cc\/cs\/wp-json\/wp\/v2\/product_tag?post=68274931"}],"curies":[{"name":"wp","href":"https:\/\/api.w.org\/{rel}","templated":true}]}}