{"id":68275323,"date":"2022-12-10T00:16:05","date_gmt":"2022-12-09T23:16:05","guid":{"rendered":"https:\/\/kraftwerk-shop.cc\/?post_type=product&#038;p=68275323"},"modified":"2026-04-07T12:48:06","modified_gmt":"2026-04-07T10:48:06","slug":"mopar-vzduchovy-filtr-53011248ab-ram-trx","status":"publish","type":"product","link":"https:\/\/kraftwerk-shop.cc\/cs\/produkt\/mopar-luftfilter-53011248ab-ram-trx\/","title":{"rendered":"Vzduchov\u00fd filtr Mopar RAM TRX (53011248AB)"},"content":{"rendered":"<h1>Origin\u00e1ln\u00ed vzduchov\u00fd filtr Mopar pro RAM TRX<\/h1>\n<p>&nbsp;<\/p>\n<p><strong>\u010c\u00edslo d\u00edlu Mopar:<\/strong> <span class=\"list-value sku-display\">53011248AB<\/span><br \/>\n<strong>Nahrazeno:<\/strong> <span class=\"list-value\">\u2014<\/span><\/p>\n<p>&nbsp;<\/p>\n<p>Origin\u00e1ln\u00ed vzduchov\u00e9 filtry Mopar ve va\u0161em vozidle slou\u017e\u00ed k ochran\u011b motoru va\u0161eho vozu Chrysler 300C. Bez nich by ne\u010distoty a \u0161kodliviny zt\u011b\u017eovaly spr\u00e1vnou funkci va\u0161eho motoru a kvalita va\u0161eho vzduchu by zna\u010dn\u011b utrp\u011bla.<br \/>\nMotor je z\u00e1visl\u00fd na vzduchu, kter\u00fd ho chlad\u00ed a vyr\u00e1b\u00ed energii, tak\u017ee neust\u00e1le spot\u0159ebov\u00e1v\u00e1 velk\u00e9 mno\u017estv\u00ed vzduchu.<br \/>\nVzduchov\u00fd filtr motoru zachycuje ne\u010distoty a prach d\u0159\u00edve, ne\u017e se dostanou do motoru a zp\u016fsob\u00ed jeho po\u0161kozen\u00ed.<br \/>\nPokud je filtr zne\u010di\u0161t\u011bn\u00fd nebo ucpan\u00fd, sni\u017euje se jeho v\u00fdkon. Hromad\u00ed se v n\u011bm karbon, do motoru se dost\u00e1v\u00e1 m\u00e9n\u011b vzduchu a doch\u00e1z\u00ed k nespr\u00e1vn\u00e9mu zapalov\u00e1n\u00ed.<br \/>\nMo\u017en\u00e1 si dokonce v\u0161imnete, \u017ee va\u0161e spot\u0159eba paliva kles\u00e1.<\/p>\n<p>Neriskujte, kdy\u017e se spokoj\u00edte s dodate\u010dn\u011b dod\u00e1van\u00fdm vzduchov\u00fdm filtrem. Pokud \u010d\u00e1stice ne\u010distot proniknou p\u0159es nespr\u00e1vn\u011b namontovan\u00fd vzduchov\u00fd filtr, mohou zp\u016fsobit po\u0161kozen\u00ed bloku motoru nebo po\u0161kodit v\u00e1lce.<br \/>\nOrigin\u00e1ln\u00ed vzduchov\u00e9 filtry Mopar\u00ae z na\u0161\u00ed online nab\u00eddky jsou p\u0159izp\u016fsobeny va\u0161emu vozu RAM TRX, tak\u017ee se m\u016f\u017eete spolehnout na jejich vhodnost.<\/p>\n<p>&nbsp;<\/p>\n<p><strong><br \/>\nVhodn\u00e9 pro:<\/strong><\/p>\n<table width=\"731\">\n<tbody>\n<tr>\n<td width=\"64\"><strong>Rok v\u00fdstavby<\/strong><\/td>\n<td width=\"83\"><strong>Zna\u010dka<\/strong><\/td>\n<td width=\"146\"><strong>Model<\/strong><\/td>\n<td width=\"438\"><strong>Verze<\/strong><\/td>\n<\/tr>\n<tr>\n<td width=\"64\">2023<\/td>\n<td width=\"83\">RAM<\/td>\n<td width=\"146\">1500<\/td>\n<td width=\"438\">TRX<\/td>\n<\/tr>\n<tr>\n<td width=\"64\">2022<\/td>\n<td width=\"83\">RAM<\/td>\n<td width=\"146\">1500<\/td>\n<td width=\"438\">TRX<\/td>\n<\/tr>\n<tr>\n<td width=\"64\">2021<\/td>\n<td width=\"83\">RAM<\/td>\n<td width=\"146\">1500<\/td>\n<td width=\"438\">TRX<\/td>\n<\/tr>\n<\/tbody>\n<\/table>\n<p>Pro RAM TRX pot\u0159ebujete 2 tyto vzduchov\u00e9 filtry, p\u0159i objedn\u00e1vce si pros\u00edm poznamenejte jejich mno\u017estv\u00ed!<\/p>\n<p>&nbsp;<\/p>\n<p>&nbsp;<\/p>\n<p><strong>Rozsah dod\u00e1vky:<\/strong><\/p>\n<ul>\n<li>1 vzduchov\u00fd filtr (<span class=\"list-value sku-display\">Jsou pot\u0159eba 2!<\/span>)<\/li>\n<\/ul>","protected":false},"excerpt":{"rendered":"<p>Origin\u00e1ln\u00ed d\u00edl Mopar<\/p>","protected":false},"featured_media":68275326,"comment_status":"open","ping_status":"closed","template":"","meta":{"_acf_changed":false},"product_brand":[16270],"product_cat":[2700,2706],"product_tag":[18289,4488,101,36,57,31,7221,34,35,86,674,38,2353,37,673],"class_list":{"0":"post-68275323","1":"product","2":"type-product","3":"status-publish","4":"has-post-thumbnail","6":"product_brand-mopar","7":"product_cat-trx-ansaugung","8":"product_cat-trx-wartung","9":"product_tag-053011248ab","10":"product_tag-53011248ab","11":"product_tag-6-2","12":"product_tag-kraftwerk","13":"product_tag-luftfilter","14":"product_tag-mopar","15":"product_tag-mopar10","16":"product_tag-original","17":"product_tag-originalersatzteil","18":"product_tag-ram","19":"product_tag-service","20":"product_tag-teile","21":"product_tag-trx","22":"product_tag-wartung","23":"product_tag-zubehoer","24":"product_shipping_class-deutschlandohne","26":"first","27":"instock","28":"taxable","29":"shipping-taxable","30":"purchasable","31":"product-type-simple"},"bundled_by":[],"bundle_stock_status":"instock","bundle_stock_quantity":3,"bundle_virtual":false,"bundle_layout":"","bundle_add_to_cart_form_location":"","bundle_editable_in_cart":false,"bundle_sold_individually_context":"","bundle_item_grouping":"","bundle_min_size":"","bundle_max_size":"","bundle_price":[],"bundled_items":[],"bundle_sell_ids":[],"exclude_global_add_ons":[],"addons":[],"acf":[],"_links":{"self":[{"href":"https:\/\/kraftwerk-shop.cc\/cs\/wp-json\/wp\/v2\/product\/68275323","targetHints":{"allow":["GET"]}}],"collection":[{"href":"https:\/\/kraftwerk-shop.cc\/cs\/wp-json\/wp\/v2\/product"}],"about":[{"href":"https:\/\/kraftwerk-shop.cc\/cs\/wp-json\/wp\/v2\/types\/product"}],"replies":[{"embeddable":true,"href":"https:\/\/kraftwerk-shop.cc\/cs\/wp-json\/wp\/v2\/comments?post=68275323"}],"version-history":[{"count":0,"href":"https:\/\/kraftwerk-shop.cc\/cs\/wp-json\/wp\/v2\/product\/68275323\/revisions"}],"wp:featuredmedia":[{"embeddable":true,"href":"https:\/\/kraftwerk-shop.cc\/cs\/wp-json\/wp\/v2\/media\/68275326"}],"wp:attachment":[{"href":"https:\/\/kraftwerk-shop.cc\/cs\/wp-json\/wp\/v2\/media?parent=68275323"}],"wp:term":[{"taxonomy":"product_brand","embeddable":true,"href":"https:\/\/kraftwerk-shop.cc\/cs\/wp-json\/wp\/v2\/product_brand?post=68275323"},{"taxonomy":"product_cat","embeddable":true,"href":"https:\/\/kraftwerk-shop.cc\/cs\/wp-json\/wp\/v2\/product_cat?post=68275323"},{"taxonomy":"product_tag","embeddable":true,"href":"https:\/\/kraftwerk-shop.cc\/cs\/wp-json\/wp\/v2\/product_tag?post=68275323"}],"curies":[{"name":"wp","href":"https:\/\/api.w.org\/{rel}","templated":true}]}}