{"id":68275436,"date":"2022-12-10T18:43:29","date_gmt":"2022-12-10T17:43:29","guid":{"rendered":"https:\/\/kraftwerk-shop.cc\/?post_type=product&#038;p=68275436"},"modified":"2026-03-30T11:11:21","modified_gmt":"2026-03-30T09:11:21","slug":"mopar-vzduchovy-filtr-68441763aa-ram","status":"publish","type":"product","link":"https:\/\/kraftwerk-shop.cc\/cs\/produkt\/mopar-luftfilter-68441763aa-ram\/","title":{"rendered":"Vzduchov\u00fd filtr Mopar RAM (68441763AA)"},"content":{"rendered":"<h1>Origin\u00e1ln\u00ed vzduchov\u00fd filtr Mopar pro RAM 3.0 EcoDiesel, 3.6 a 5.7<\/h1>\n<p>&nbsp;<\/p>\n<p><strong>\u010c\u00edslo d\u00edlu Mopar:<\/strong> <span class=\"list-value sku-display\">68441763AA<\/span><br \/>\n<strong>Nahrazeno:<\/strong>\u00a0\u00a0<span class=\"list-value\">53032404AA, 53032404AB, 53032404AC, 68319604AA<\/span><\/p>\n<p><strong><br \/>\nVhodn\u00e9 pro:<\/strong><\/p>\n<table width=\"916\">\n<tbody>\n<tr>\n<td width=\"64\"><strong>Rok v\u00fdstavby<\/strong><\/td>\n<td width=\"83\"><strong>Zna\u010dka<\/strong><\/td>\n<td width=\"146\"><strong>Model<\/strong><\/td>\n<td width=\"438\"><strong>Verze<\/strong><\/td>\n<td width=\"185\"><strong>Motor<\/strong><\/td>\n<\/tr>\n<tr>\n<td width=\"64\">2023<\/td>\n<td width=\"83\">Ram<\/td>\n<td width=\"146\">1500<\/td>\n<td width=\"438\">Big Horn, Laramie, Limited, Limited Longhorn, Lone Star, Rebel, Tradesman<\/td>\n<td width=\"185\">3.0L V6 - Diesel<\/td>\n<\/tr>\n<tr>\n<td width=\"64\">2022<\/td>\n<td width=\"83\">Ram<\/td>\n<td width=\"146\">1500<\/td>\n<td width=\"438\">Big Horn, Laramie, Limited, Limited Longhorn, Lone Star, Rebel, Tradesman<\/td>\n<td width=\"185\">3.0L V6 - Diesel<\/td>\n<\/tr>\n<tr>\n<td width=\"64\">2022<\/td>\n<td width=\"83\">Ram<\/td>\n<td width=\"146\">1500 Classic<\/td>\n<td width=\"438\">Express, SLT, Tradesman, Warlock<\/td>\n<td width=\"185\">3.6L V6 - Flex<\/td>\n<\/tr>\n<tr>\n<td width=\"64\">2021<\/td>\n<td width=\"83\">Ram<\/td>\n<td width=\"146\">1500<\/td>\n<td width=\"438\">Big Horn, Laramie, Limited, Limited Longhorn, Lone Star, Rebel, Tradesman<\/td>\n<td width=\"185\">3.0L V6 - Diesel<\/td>\n<\/tr>\n<tr>\n<td width=\"64\">2021<\/td>\n<td width=\"83\">Ram<\/td>\n<td width=\"146\">1500 Classic<\/td>\n<td width=\"438\">Express, SLT, Tradesman, Warlock<\/td>\n<td width=\"185\">3.6L V6 - Flex<\/td>\n<\/tr>\n<tr>\n<td width=\"64\">2020<\/td>\n<td width=\"83\">Ram<\/td>\n<td width=\"146\">1500<\/td>\n<td width=\"438\">Big Horn, Laramie, Laramie Longhorn, Limited, Lone Star, Rebel, Tradesman<\/td>\n<td width=\"185\">3.0L V6 - Diesel<\/td>\n<\/tr>\n<tr>\n<td width=\"64\">2020<\/td>\n<td width=\"83\">Ram<\/td>\n<td width=\"146\">1500 Classic<\/td>\n<td width=\"438\">Express, SLT, Special Service, Tradesman, Warlock<\/td>\n<td width=\"185\">3.6L V6 - Flex, 5.7L<\/td>\n<\/tr>\n<tr>\n<td width=\"64\">2019<\/td>\n<td width=\"83\">Ram<\/td>\n<td width=\"146\">1500 Classic<\/td>\n<td width=\"438\">Big Horn, Express, Lone Star, SLT, Special Service, Tradesman, Warlock<\/td>\n<td width=\"185\">3.6L V6 - Flex, 5.7L<\/td>\n<\/tr>\n<tr>\n<td width=\"64\">2018<\/td>\n<td width=\"83\">Ram<\/td>\n<td width=\"146\">1500<\/td>\n<td width=\"438\">Big Horn, Express, Laramie, Laramie Longhorn, Limited, Lone Star, Rebel, SLT, Special Service, Sport, Tradesman<\/td>\n<td width=\"185\">3.6L V6 - Flex, 5.7L<\/td>\n<\/tr>\n<tr>\n<td width=\"64\">2018<\/td>\n<td width=\"83\">Ram<\/td>\n<td width=\"146\">2500<\/td>\n<td width=\"438\">Big Horn, SLT, Tradesman<\/td>\n<td width=\"185\">5.7L V8 - CNG, 5.7L<\/td>\n<\/tr>\n<tr>\n<td width=\"64\">2018<\/td>\n<td width=\"83\">Ram<\/td>\n<td width=\"146\">3500<\/td>\n<td width=\"438\">Big Horn, SLT, Tradesman<\/td>\n<td width=\"185\">5.7L<\/td>\n<\/tr>\n<tr>\n<td width=\"64\">2017<\/td>\n<td width=\"83\">Ram<\/td>\n<td width=\"146\">1500<\/td>\n<td width=\"438\">Big Horn, Express, Laramie, Laramie Longhorn, Limited, Lone Star, Rebel, SLT, Special Service, Sport, Tradesman<\/td>\n<td width=\"185\">3.6L V6 - Flex, 5.7L<\/td>\n<\/tr>\n<tr>\n<td width=\"64\">2017<\/td>\n<td width=\"83\">Ram<\/td>\n<td width=\"146\">2500<\/td>\n<td width=\"438\">Big Horn, Laramie, Laramie Longhorn, Limited, SLT, Tradesman<\/td>\n<td width=\"185\">5.7L V8 - CNG, 5.7L<\/td>\n<\/tr>\n<tr>\n<td width=\"64\">2017<\/td>\n<td width=\"83\">Ram<\/td>\n<td width=\"146\">3500<\/td>\n<td width=\"438\">Big Horn, Laramie, Laramie Longhorn, Limited, Lone Star, SLT, Tradesman<\/td>\n<td width=\"185\">5.7L<\/td>\n<\/tr>\n<tr>\n<td width=\"64\">2016<\/td>\n<td width=\"83\">Ram<\/td>\n<td width=\"146\">1500<\/td>\n<td width=\"438\">Big Horn, Express, HFE, Laramie, Laramie Longhorn, Limited, Lone Star, Outdoorsman, Rebel, SLT, Special Service, Sport, Tradesman<\/td>\n<td width=\"185\">3.6L V6 - Flex, 5.7L<\/td>\n<\/tr>\n<tr>\n<td width=\"64\">2016<\/td>\n<td width=\"83\">Ram<\/td>\n<td width=\"146\">2500<\/td>\n<td width=\"438\">Big Horn, Laramie, Laramie Longhorn, Limited, Outdoorsman, SLT, Tradesman<\/td>\n<td width=\"185\">5.7L V8 - CNG, 5.7L<\/td>\n<\/tr>\n<tr>\n<td width=\"64\">2016<\/td>\n<td width=\"83\">Ram<\/td>\n<td width=\"146\">3500<\/td>\n<td width=\"438\">Big Horn, Laramie, Laramie Longhorn, Limited, SLT, Tradesman<\/td>\n<td width=\"185\">5.7L<\/td>\n<\/tr>\n<tr>\n<td width=\"64\">2015<\/td>\n<td width=\"83\">Ram<\/td>\n<td width=\"146\">1500<\/td>\n<td width=\"438\">Big Horn, Express, HFE, Laramie, Laramie Limited, Laramie Longhorn, Limited, Lone Star, Outdoorsman, Rebel, SLT, Special Service, Sport, Tradesman<\/td>\n<td width=\"185\">3.6L V6 - Flex, 5.7L<\/td>\n<\/tr>\n<tr>\n<td width=\"64\">2015<\/td>\n<td width=\"83\">Ram<\/td>\n<td width=\"146\">2500<\/td>\n<td width=\"438\">Big Horn, Laramie, Laramie Limited, Laramie Longhorn, Lone Star, Outdoorsman, SLT, Tradesman<\/td>\n<td width=\"185\">5.7L V8 - CNG, 5.7L<\/td>\n<\/tr>\n<tr>\n<td width=\"64\">2015<\/td>\n<td width=\"83\">Ram<\/td>\n<td width=\"146\">3500<\/td>\n<td width=\"438\">Big Horn, Laramie, Laramie Limited, Laramie Longhorn, Lone Star, SLT, Tradesman<\/td>\n<td width=\"185\">5.7L<\/td>\n<\/tr>\n<tr>\n<td width=\"64\">2014<\/td>\n<td width=\"83\">Ram<\/td>\n<td width=\"146\">1500<\/td>\n<td width=\"438\">Big Horn, Express, HFE, Laramie, Laramie Limited, Laramie Longhorn, Lone Star, Outdoorsman, SLT, Special Service, Sport, Tradesman<\/td>\n<td width=\"185\">3.6L V6 - Flex, 5.7L<\/td>\n<\/tr>\n<tr>\n<td width=\"64\">2014<\/td>\n<td width=\"83\">Ram<\/td>\n<td width=\"146\">2500<\/td>\n<td width=\"438\">Big Horn, Laramie, Laramie Limited, Laramie Longhorn, Lone Star, Outdoorsman, SLT, Tradesman<\/td>\n<td width=\"185\">5.7L V8 - CNG, 5.7L<\/td>\n<\/tr>\n<tr>\n<td width=\"64\">2014<\/td>\n<td width=\"83\">Ram<\/td>\n<td width=\"146\">3500<\/td>\n<td width=\"438\">Big Horn, Laramie, Laramie Limited, Laramie Longhorn, Lone Star, SLT, Tradesman<\/td>\n<td width=\"185\">5.7L<\/td>\n<\/tr>\n<tr>\n<td width=\"64\">2013<\/td>\n<td width=\"83\">Ram<\/td>\n<td width=\"146\">1500<\/td>\n<td width=\"438\">Big Horn, Express, HFE, Laramie, Laramie Longhorn, Outdoorsman, R\/T, SLT, Sport, Tradesman<\/td>\n<td width=\"185\">3.6L V6 - Flex, 4.7L V8 - Flex, 5.7L<\/td>\n<\/tr>\n<tr>\n<td width=\"64\">2013<\/td>\n<td width=\"83\">Ram<\/td>\n<td width=\"146\">2500<\/td>\n<td width=\"438\">Big Horn, Laramie, Laramie Longhorn, Lone Star, Outdoorsman, Power Wagon, SLT, Tradesman<\/td>\n<td width=\"185\">5.7L V8 - CNG, 5.7L<\/td>\n<\/tr>\n<tr>\n<td width=\"64\">2013<\/td>\n<td width=\"83\">Ram<\/td>\n<td width=\"146\">3500<\/td>\n<td width=\"438\">Big Horn, Laramie, Laramie Longhorn, Lone Star, SLT, Tradesman<\/td>\n<td width=\"185\">5.7L<\/td>\n<\/tr>\n<tr>\n<td width=\"64\">2012<\/td>\n<td width=\"83\">Ram<\/td>\n<td width=\"146\">1500<\/td>\n<td width=\"438\">Big Horn, Express, Laramie, Laramie Longhorn, Outdoorsman, SLT, ST, Sport, Tradesman, Tradesman HD<\/td>\n<td width=\"185\">3.7L, 4.7L V8 - Flex, 5.7L<\/td>\n<\/tr>\n<tr>\n<td width=\"64\">2012<\/td>\n<td width=\"83\">Ram<\/td>\n<td width=\"146\">2500<\/td>\n<td width=\"438\">Laramie, Laramie Longhorn, Outdoorsman, Power Wagon, SLT, ST<\/td>\n<td width=\"185\">5.7L V8 - Bi-Fuel, 5.7L<\/td>\n<\/tr>\n<tr>\n<td width=\"64\">2012<\/td>\n<td width=\"83\">Ram<\/td>\n<td width=\"146\">3500<\/td>\n<td width=\"438\">Laramie, SLT, ST<\/td>\n<td width=\"185\">5.7L<\/td>\n<\/tr>\n<tr>\n<td width=\"64\">2011<\/td>\n<td width=\"83\">Ram<\/td>\n<td width=\"146\">1500<\/td>\n<td width=\"438\">Big Horn, Laramie, Laramie Longhorn, Outdoorsman, SLT, ST, Sport, Tradesman<\/td>\n<td width=\"185\">3.7L, 4.7L V8 - Flex, 5.7L<\/td>\n<\/tr>\n<tr>\n<td width=\"64\">2011<\/td>\n<td width=\"83\">Ram<\/td>\n<td width=\"146\">2500<\/td>\n<td width=\"438\">Laramie, Laramie Longhorn, Power Wagon, SLT, ST<\/td>\n<td width=\"185\">5.7L<\/td>\n<\/tr>\n<tr>\n<td width=\"64\">2011<\/td>\n<td width=\"83\">Ram<\/td>\n<td width=\"146\">3500<\/td>\n<td width=\"438\">Laramie, SLT, ST<\/td>\n<td width=\"185\">5.7L<\/td>\n<\/tr>\n<tr>\n<td width=\"64\">2010<\/td>\n<td width=\"83\">Dodge<\/td>\n<td width=\"146\">Ram 1500<\/td>\n<td width=\"438\">Laramie, SLT, ST, Sport, TRX, TRX4<\/td>\n<td width=\"185\">3.7L, 4.7L V8 - Flex, 5.7L<\/td>\n<\/tr>\n<tr>\n<td width=\"64\">2010<\/td>\n<td width=\"83\">Dodge<\/td>\n<td width=\"146\">Ram 2500<\/td>\n<td width=\"438\">Laramie, Power Wagon, SLT, ST, TRX<\/td>\n<td width=\"185\">5.7L<\/td>\n<\/tr>\n<tr>\n<td width=\"64\">2009<\/td>\n<td width=\"83\">Dodge<\/td>\n<td width=\"146\">Ram 1500<\/td>\n<td width=\"438\">Laramie, SLT, ST, Sport, TRX, TRX4<\/td>\n<td width=\"185\">3.7L, 4.7L V8 - Flex, 5.7L<\/td>\n<\/tr>\n<tr>\n<td width=\"64\">2009<\/td>\n<td width=\"83\">Dodge<\/td>\n<td width=\"146\">Ram 2500<\/td>\n<td width=\"438\">Laramie, Power Wagon, SLT, ST, SXT<\/td>\n<td width=\"185\">5.7L<\/td>\n<\/tr>\n<tr>\n<td width=\"64\">2009<\/td>\n<td width=\"83\">Dodge<\/td>\n<td width=\"146\">Ram 3500<\/td>\n<td width=\"438\">Laramie, SLT, ST<\/td>\n<td width=\"185\">5.7L<\/td>\n<\/tr>\n<tr>\n<td width=\"64\">2008<\/td>\n<td width=\"83\">Dodge<\/td>\n<td width=\"146\">Ram 1500<\/td>\n<td width=\"438\">Laramie, SLT, ST<\/td>\n<td width=\"185\">3.7L, 4.7L V8 - Flex, 4.7L, 5.7L<\/td>\n<\/tr>\n<tr>\n<td width=\"64\">2008<\/td>\n<td width=\"83\">Dodge<\/td>\n<td width=\"146\">Ram 2500<\/td>\n<td width=\"438\">Laramie, Power Wagon, SLT, ST, SXT<\/td>\n<td width=\"185\">5.7L<\/td>\n<\/tr>\n<tr>\n<td width=\"64\">2008<\/td>\n<td width=\"83\">Dodge<\/td>\n<td width=\"146\">Ram 3500<\/td>\n<td width=\"438\">Laramie, SLT, ST<\/td>\n<td width=\"185\">5.7L<\/td>\n<\/tr>\n<tr>\n<td width=\"64\">2007<\/td>\n<td width=\"83\">Dodge<\/td>\n<td width=\"146\">Ram 1500<\/td>\n<td width=\"438\">Laramie, SLT, ST, Sport, TRX4<\/td>\n<td width=\"185\">3.7L, 4.7L, 5.7L<\/td>\n<\/tr>\n<tr>\n<td width=\"64\">2007<\/td>\n<td width=\"83\">Dodge<\/td>\n<td width=\"146\">Ram 2500<\/td>\n<td width=\"438\">Laramie, Power Wagon, SLT, ST, Sport, TRX4<\/td>\n<td width=\"185\">5.7L<\/td>\n<\/tr>\n<tr>\n<td width=\"64\">2007<\/td>\n<td width=\"83\">Dodge<\/td>\n<td width=\"146\">Ram 3500<\/td>\n<td width=\"438\">Laramie, SLT, ST, Sport<\/td>\n<td width=\"185\">5.7L<\/td>\n<\/tr>\n<tr>\n<td width=\"64\">2006<\/td>\n<td width=\"83\">Dodge<\/td>\n<td width=\"146\">Ram 1500<\/td>\n<td width=\"438\">Laramie, SLT, ST<\/td>\n<td width=\"185\">3.7L, 4.7L, 5.7L<\/td>\n<\/tr>\n<tr>\n<td width=\"64\">2006<\/td>\n<td width=\"83\">Dodge<\/td>\n<td width=\"146\">Ram 2500<\/td>\n<td width=\"438\">Laramie, SLT, ST<\/td>\n<td width=\"185\">5.7L<\/td>\n<\/tr>\n<tr>\n<td width=\"64\">2006<\/td>\n<td width=\"83\">Dodge<\/td>\n<td width=\"146\">Ram 3500<\/td>\n<td width=\"438\">Laramie, SLT, ST<\/td>\n<td width=\"185\">5.7L<\/td>\n<\/tr>\n<tr>\n<td width=\"64\">2005<\/td>\n<td width=\"83\">Dodge<\/td>\n<td width=\"146\">Ram 1500<\/td>\n<td width=\"438\">SLT, ST<\/td>\n<td width=\"185\">3.7L, 4.7L, 5.7L<\/td>\n<\/tr>\n<tr>\n<td width=\"64\">2005<\/td>\n<td width=\"83\">Dodge<\/td>\n<td width=\"146\">Ram 2500<\/td>\n<td width=\"438\">SLT, ST<\/td>\n<td width=\"185\">5.7L<\/td>\n<\/tr>\n<tr>\n<td width=\"64\">2005<\/td>\n<td width=\"83\">Dodge<\/td>\n<td width=\"146\">Ram 3500<\/td>\n<td width=\"438\">SLT, ST<\/td>\n<td width=\"185\">5.7L<\/td>\n<\/tr>\n<tr>\n<td width=\"64\">2004<\/td>\n<td width=\"83\">Dodge<\/td>\n<td width=\"146\">Ram 1500<\/td>\n<td width=\"438\">SLT, ST<\/td>\n<td width=\"185\">3.7L, 4.7L, 5.7L<\/td>\n<\/tr>\n<tr>\n<td width=\"64\">2004<\/td>\n<td width=\"83\">Dodge<\/td>\n<td width=\"146\">Ram 2500<\/td>\n<td width=\"438\">SLT, ST<\/td>\n<td width=\"185\">5.7L<\/td>\n<\/tr>\n<tr>\n<td width=\"64\">2004<\/td>\n<td width=\"83\">Dodge<\/td>\n<td width=\"146\">Ram 3500<\/td>\n<td width=\"438\">SLT, ST<\/td>\n<td width=\"185\">5.7L<\/td>\n<\/tr>\n<tr>\n<td width=\"64\">2003<\/td>\n<td width=\"83\">Dodge<\/td>\n<td width=\"146\">Ram 1500<\/td>\n<td width=\"438\">SLT, ST<\/td>\n<td width=\"185\">3.7L, 4.7L, 5.7L, 5.9L<\/td>\n<\/tr>\n<tr>\n<td width=\"64\">2003<\/td>\n<td width=\"83\">Dodge<\/td>\n<td width=\"146\">Ram 2500<\/td>\n<td width=\"438\">SLT, ST<\/td>\n<td width=\"185\">5,7 l, 8,0 l V10 - plyn<\/td>\n<\/tr>\n<tr>\n<td width=\"64\">2003<\/td>\n<td width=\"83\">Dodge<\/td>\n<td width=\"146\">Ram 3500<\/td>\n<td width=\"438\">SLT, ST<\/td>\n<td width=\"185\">5,7 l, 8,0 l V10 - plyn<\/td>\n<\/tr>\n<tr>\n<td width=\"64\">2002<\/td>\n<td width=\"83\">Dodge<\/td>\n<td width=\"146\">Ram 1500<\/td>\n<td width=\"438\">ST<\/td>\n<td width=\"185\">3.7L, 4.7L, 5.9L<\/td>\n<\/tr>\n<\/tbody>\n<\/table>\n<p>&nbsp;<\/p>","protected":false},"excerpt":{"rendered":"<p>Origin\u00e1ln\u00ed d\u00edl Mopar<\/p>","protected":false},"featured_media":68275442,"comment_status":"open","ping_status":"closed","template":"","meta":{"_acf_changed":false},"product_brand":[16270],"product_cat":[19404,19418,4752,4761,7750,7771,1512,1521,9941,9954],"product_tag":[18170,18171,18172,89,4508,169,91,4504,4505,4506,4507,4503,49,4251,477,476,504,36,57,31,7221,34,35,86,674,38,37,673],"class_list":{"0":"post-68275436","1":"product","2":"type-product","3":"status-publish","4":"has-post-thumbnail","6":"product_brand-mopar","7":"product_cat-1500-ecodiesel-2020-2023-ansaugung","8":"product_cat-1500-ecodiesel-2020-2023-wartung","9":"product_cat-1500-36-ansaugung","10":"product_cat-1500-36-wartung","11":"product_cat-1500-57-2003-2008-ansaugung","12":"product_cat-1500-57-2003-2008-wartung","13":"product_cat-1500-57-2009-2018-classic-ansaugung","14":"product_cat-1500-57-2009-2018-classic-wartung","15":"product_cat-2500-3500-57-ansaugung","16":"product_cat-2500-3500-57-wartung","17":"product_tag-053032404aa","18":"product_tag-053032404ab","19":"product_tag-053032404ac","20":"product_tag-3-0","21":"product_tag-3-0-ecodiesel","22":"product_tag-3-6","23":"product_tag-5-7","24":"product_tag-53032404aa","25":"product_tag-53032404ab","26":"product_tag-53032404ac","27":"product_tag-68319604aa","28":"product_tag-68441763aa","29":"product_tag-dodge","30":"product_tag-dr","31":"product_tag-ds","32":"product_tag-dt","33":"product_tag-ecodiesel","34":"product_tag-kraftwerk","35":"product_tag-luftfilter","36":"product_tag-mopar","37":"product_tag-mopar10","38":"product_tag-original","39":"product_tag-originalersatzteil","40":"product_tag-ram","41":"product_tag-service","42":"product_tag-teile","43":"product_tag-wartung","44":"product_tag-zubehoer","46":"first","47":"instock","48":"taxable","49":"shipping-taxable","50":"purchasable","51":"product-type-simple"},"bundled_by":[],"bundle_stock_status":"instock","bundle_stock_quantity":11,"bundle_virtual":false,"bundle_layout":"","bundle_add_to_cart_form_location":"","bundle_editable_in_cart":false,"bundle_sold_individually_context":"","bundle_item_grouping":"","bundle_min_size":"","bundle_max_size":"","bundle_price":[],"bundled_items":[],"bundle_sell_ids":[],"exclude_global_add_ons":[],"addons":[],"acf":[],"_links":{"self":[{"href":"https:\/\/kraftwerk-shop.cc\/cs\/wp-json\/wp\/v2\/product\/68275436","targetHints":{"allow":["GET"]}}],"collection":[{"href":"https:\/\/kraftwerk-shop.cc\/cs\/wp-json\/wp\/v2\/product"}],"about":[{"href":"https:\/\/kraftwerk-shop.cc\/cs\/wp-json\/wp\/v2\/types\/product"}],"replies":[{"embeddable":true,"href":"https:\/\/kraftwerk-shop.cc\/cs\/wp-json\/wp\/v2\/comments?post=68275436"}],"version-history":[{"count":0,"href":"https:\/\/kraftwerk-shop.cc\/cs\/wp-json\/wp\/v2\/product\/68275436\/revisions"}],"wp:featuredmedia":[{"embeddable":true,"href":"https:\/\/kraftwerk-shop.cc\/cs\/wp-json\/wp\/v2\/media\/68275442"}],"wp:attachment":[{"href":"https:\/\/kraftwerk-shop.cc\/cs\/wp-json\/wp\/v2\/media?parent=68275436"}],"wp:term":[{"taxonomy":"product_brand","embeddable":true,"href":"https:\/\/kraftwerk-shop.cc\/cs\/wp-json\/wp\/v2\/product_brand?post=68275436"},{"taxonomy":"product_cat","embeddable":true,"href":"https:\/\/kraftwerk-shop.cc\/cs\/wp-json\/wp\/v2\/product_cat?post=68275436"},{"taxonomy":"product_tag","embeddable":true,"href":"https:\/\/kraftwerk-shop.cc\/cs\/wp-json\/wp\/v2\/product_tag?post=68275436"}],"curies":[{"name":"wp","href":"https:\/\/api.w.org\/{rel}","templated":true}]}}