{"id":68278864,"date":"2022-12-30T14:12:05","date_gmt":"2022-12-30T13:12:05","guid":{"rendered":"https:\/\/kraftwerk-shop.cc\/?post_type=product&#038;p=68278864"},"modified":"2026-03-16T17:45:46","modified_gmt":"2026-03-16T16:45:46","slug":"mishimoto-hlinikovy-chladic-srt-scat-pack-hellcat","status":"publish","type":"product","link":"https:\/\/kraftwerk-shop.cc\/cs\/produkt\/mishimoto-aluminiumkuehler-srt-scat-pack-hellcat\/","title":{"rendered":"Hlin\u00edkov\u00fd chladi\u010d Mishimoto 6.1 \/ 6.4 SRT \/ Scat Pack a 6.2 Hellcat"},"content":{"rendered":"<h1>Hlin\u00edkov\u00fd chladi\u010d Mishimoto pro Chrysler 300C, Dodge Challenger, Charger a Magnum 6.1 \/ 6.4 SRT \/ Scat Pack a 6.2 Hellcat<\/h1>\n<p>&nbsp;<\/p>\n<p>Hlin\u00edkov\u00fd chladi\u010d Mishimoto pro podvozek Dodge\/Chrysler LX je navr\u017een tak, aby p\u0159ekonal tov\u00e1rn\u00ed chladi\u010d a vydr\u017eel po celou dobu \u017eivotnosti vozu p\u0159i pln\u00e9m plynu a ka\u017edodenn\u00ed j\u00edzd\u011b.<br \/>\nP\u0159estavte sv\u016fj Charger, Challenger, Magnum nebo 300C z k\u0159ehk\u00fdch plastov\u00fdch koncov\u00fdch n\u00e1dr\u017e\u00ed chladi\u010de na robustn\u00ed, pln\u011b sva\u0159ovanou hlin\u00edkovou konstrukci.<br \/>\nU\u017e nikdy se nemus\u00edte ob\u00e1vat praskl\u00e9ho plastu nebo net\u011bsn\u00edc\u00edch hadic, kter\u00e9 v\u00e1s nechaj\u00ed uv\u00edzl\u00e9 na kraji silnice nebo p\u0159ed\u010dasn\u011b ukon\u010d\u00ed v\u00e1\u0161 z\u00e1vodn\u00ed den.<br \/>\nChladi\u010d Mishimoto je vyroben v\u00fdhradn\u011b z hlin\u00edku a jeho povrchov\u00e1 plocha se zv\u011bt\u0161ila o 50 % a objem chladic\u00ed kapaliny se zv\u00fd\u0161il o 72,5% litr\u016f.<br \/>\nJe navr\u017een tak, aby odolal i t\u011bm nejn\u00e1ro\u010dn\u011bj\u0161\u00edm podm\u00ednk\u00e1m.<br \/>\nVstupy a v\u00fdstupy vyroben\u00e9 na CNC stroj\u00edch zaji\u0161\u0165uj\u00ed bezpe\u010dn\u00e9 upevn\u011bn\u00ed hadic bez \u00faniku.<br \/>\nJako ka\u017ed\u00fd chladi\u010d Mishimoto je i tento chladi\u010d p\u0159\u00edm\u00fdm \u0159e\u0161en\u00edm, tak\u017ee jeho instalace je stejn\u011b snadn\u00e1 jako demont\u00e1\u017e tov\u00e1rn\u00edho d\u00edlu a instalace nov\u00e9ho hlin\u00edkov\u00e9ho chladi\u010de Mishimoto.<\/p>\n<p>&nbsp;<\/p>\n<p><strong>Vlastnosti:<\/strong><\/p>\n<ul>\n<li>P\u0159\u00edm\u00e1 mont\u00e1\u017e pro Chrysler 300C, Dodge Challenger, Charger a Magnum 6.1 \/ 6.4 SRT \/ Scat Pack a 6.2 Hellcat<\/li>\n<li>Celohlin\u00edkov\u00e1 konstrukce s odoln\u00fdmi, TIG sva\u0159ovan\u00fdmi chladic\u00edmi boxy<\/li>\n<li>Dvou\u0159ad\u00e9, 2\u2033 siln\u00e9, p\u00e1jen\u00e9 hlin\u00edkov\u00e9 j\u00e1dro, kter\u00e9 zaji\u0161\u0165uje ide\u00e1ln\u00ed teplotu chladic\u00ed kapaliny na silnici i na z\u00e1vodn\u00edm okruhu.<\/li>\n<li>1,8 litru dodate\u010dn\u00e9ho objemu kapaliny<\/li>\n<li>Zv\u011bt\u0161en\u00ed tlou\u0161\u0165ky j\u00e1dra o 50 % pro vy\u0161\u0161\u00ed \u00fa\u010dinnost chlazen\u00ed<\/li>\n<li>Obsahuje magnetickou vypou\u0161t\u011bc\u00ed z\u00e1tku pro zachycen\u00ed kovov\u00fdch ne\u010distot\/\u00falomk\u016f v chladic\u00edm syst\u00e9mu.<\/li>\n<\/ul>\n<p>&nbsp;<\/p>\n<p><strong>Vhodn\u00e9 pro:<\/strong><\/p>\n<table width=\"558\">\n<tbody>\n<tr>\n<td width=\"83\"><strong>Zna\u010dka<\/strong><\/td>\n<td width=\"96\"><strong>Model<\/strong><\/td>\n<td width=\"73\"><strong>Motor<\/strong><\/td>\n<td width=\"306\"><strong>Rok v\u00fdstavby<\/strong><\/td>\n<\/tr>\n<tr>\n<td>Chrysler<\/td>\n<td>300C<\/td>\n<td>6.1<\/td>\n<td>2005\u20132010<\/td>\n<\/tr>\n<tr>\n<td width=\"83\">Chrysler<\/td>\n<td width=\"96\">300C<\/td>\n<td>6.4<\/td>\n<td width=\"306\">2011\u20132023<\/td>\n<\/tr>\n<tr>\n<td>Dodge<\/td>\n<td>Charger<\/td>\n<td>6.1<\/td>\n<td>2005\u20132010<\/td>\n<\/tr>\n<tr>\n<td width=\"83\">Dodge<\/td>\n<td width=\"96\">Charger<\/td>\n<td>6.2 Hellcat<\/td>\n<td>2015\u20132023<\/td>\n<\/tr>\n<tr>\n<td width=\"83\">Dodge<\/td>\n<td width=\"96\">Charger<\/td>\n<td>6.4<\/td>\n<td>2011\u20132023<\/td>\n<\/tr>\n<tr>\n<td width=\"83\">Dodge<\/td>\n<td width=\"96\">Challenger<\/td>\n<td>6.1<\/td>\n<td>2008\u20132010<\/td>\n<\/tr>\n<tr>\n<td width=\"83\">Dodge<\/td>\n<td width=\"96\">Challenger<\/td>\n<td>6.2 Hellcat<\/td>\n<td>2015\u20132023<\/td>\n<\/tr>\n<tr>\n<td width=\"83\">Dodge<\/td>\n<td width=\"96\">Challenger<\/td>\n<td>6.4<\/td>\n<td>2011\u20132023<\/td>\n<\/tr>\n<tr>\n<td>Dodge<\/td>\n<td>Magnum<\/td>\n<td>6.1<\/td>\n<td>2006\u20132008<\/td>\n<\/tr>\n<\/tbody>\n<\/table>\n<p>&nbsp;<\/p>\n<p><iframe loading=\"lazy\" title=\"Hlin\u00edkov\u00fd chladi\u010d Mishimoto 6.1 \/ 6.4 SRT \/ Scat Pack a 6.2 Hellcat\" width=\"500\" height=\"281\" src=\"https:\/\/www.youtube.com\/embed\/zaBPuwrA5xw?feature=oembed\" frameborder=\"0\" allow=\"accelerometer; autoplay; clipboard-write; encrypted-media; gyroscope; picture-in-picture; web-share\" referrerpolicy=\"strict-origin-when-cross-origin\" allowfullscreen><\/iframe><\/p>","protected":false},"excerpt":{"rendered":"<p>Hlin\u00edkov\u00fd chladi\u010d Mishimoto pro Chrysler 300C, Dodge Challenger, Charger a Magnum 6.1 \/ 6.4 SRT \/ Scat Pack a 6.2 Hellcat<\/p>","protected":false},"featured_media":68278869,"comment_status":"open","ping_status":"closed","template":"","meta":{"_acf_changed":false},"product_brand":[18924],"product_cat":[2545,2546,2548,2550,2547,2536,2535,2534,2543],"product_tag":[52,92,101,93,4533,54,2398,53,3851,48,536,49,3853,3854,4535,4438,204,100,405,269,55,274,4532,4534,782,96,216],"class_list":{"0":"post-68278864","1":"product","2":"type-product","3":"status-publish","4":"has-post-thumbnail","6":"product_brand-mishimoto","7":"product_cat-300c-61-kuehlung","8":"product_cat-300c-64-kuehlung","9":"product_cat-challenger-61-kuehlung","10":"product_cat-challenger-hellcat-kuehlung","11":"product_cat-challenger-64-kuehlung","12":"product_cat-charger-61-kuehlung","13":"product_cat-charger-hellcat-kuehlung","14":"product_cat-charger-64-kuehlung","15":"product_cat-magnum-61-kuehlung","16":"product_tag-300c","17":"product_tag-6-1","18":"product_tag-6-2","19":"product_tag-6-4","20":"product_tag-aluminiumkuehler","21":"product_tag-challenger","22":"product_tag-challenger-hellcat","23":"product_tag-charger","24":"product_tag-charger-hellcat","25":"product_tag-chrysler","26":"product_tag-chrysler-300c","27":"product_tag-dodge","28":"product_tag-dodge-challenger","29":"product_tag-dodge-charger","30":"product_tag-dodge-hellcat","31":"product_tag-dodge-magnum","32":"product_tag-ersatz","33":"product_tag-hellcat","34":"product_tag-kuehler","35":"product_tag-kuehlwasser","36":"product_tag-magnum","37":"product_tag-mishimoto","38":"product_tag-mmrad-srt-15","39":"product_tag-motorkuehler","40":"product_tag-scat-pack","41":"product_tag-srt","42":"product_tag-upgrade","43":"product_shipping_class-paket-l","45":"first","46":"instock","47":"taxable","48":"shipping-taxable","49":"purchasable","50":"product-type-simple"},"bundled_by":[],"bundle_stock_status":"instock","bundle_stock_quantity":1,"bundle_virtual":false,"bundle_layout":"","bundle_add_to_cart_form_location":"","bundle_editable_in_cart":false,"bundle_sold_individually_context":"","bundle_item_grouping":"","bundle_min_size":"","bundle_max_size":"","bundle_price":[],"bundled_items":[],"bundle_sell_ids":[],"exclude_global_add_ons":[],"addons":[],"acf":[],"_links":{"self":[{"href":"https:\/\/kraftwerk-shop.cc\/cs\/wp-json\/wp\/v2\/product\/68278864","targetHints":{"allow":["GET"]}}],"collection":[{"href":"https:\/\/kraftwerk-shop.cc\/cs\/wp-json\/wp\/v2\/product"}],"about":[{"href":"https:\/\/kraftwerk-shop.cc\/cs\/wp-json\/wp\/v2\/types\/product"}],"replies":[{"embeddable":true,"href":"https:\/\/kraftwerk-shop.cc\/cs\/wp-json\/wp\/v2\/comments?post=68278864"}],"version-history":[{"count":0,"href":"https:\/\/kraftwerk-shop.cc\/cs\/wp-json\/wp\/v2\/product\/68278864\/revisions"}],"wp:featuredmedia":[{"embeddable":true,"href":"https:\/\/kraftwerk-shop.cc\/cs\/wp-json\/wp\/v2\/media\/68278869"}],"wp:attachment":[{"href":"https:\/\/kraftwerk-shop.cc\/cs\/wp-json\/wp\/v2\/media?parent=68278864"}],"wp:term":[{"taxonomy":"product_brand","embeddable":true,"href":"https:\/\/kraftwerk-shop.cc\/cs\/wp-json\/wp\/v2\/product_brand?post=68278864"},{"taxonomy":"product_cat","embeddable":true,"href":"https:\/\/kraftwerk-shop.cc\/cs\/wp-json\/wp\/v2\/product_cat?post=68278864"},{"taxonomy":"product_tag","embeddable":true,"href":"https:\/\/kraftwerk-shop.cc\/cs\/wp-json\/wp\/v2\/product_tag?post=68278864"}],"curies":[{"name":"wp","href":"https:\/\/api.w.org\/{rel}","templated":true}]}}