{"id":68278880,"date":"2022-12-30T16:07:56","date_gmt":"2022-12-30T15:07:56","guid":{"rendered":"https:\/\/kraftwerk-shop.cc\/?post_type=product&#038;p=68278880"},"modified":"2026-03-04T13:14:14","modified_gmt":"2026-03-04T12:14:14","slug":"mishimoto-hlinikovy-chladic-grand-cherokee-durango","status":"publish","type":"product","link":"https:\/\/kraftwerk-shop.cc\/cs\/produkt\/mishimoto-aluminiumkuehler-grand-cherokee-durango\/","title":{"rendered":"Hlin\u00edkov\u00fd chladi\u010d Mishimoto Grand Cherokee &amp; Durango 3.6, 5.7 a 6.4"},"content":{"rendered":"<h1>Hlin\u00edkov\u00fd chladi\u010d Mishimoto pro Jeep Grand Cherokee &amp; Dodge Durango 3.6, 5.7 a 6.4<\/h1>\n<p>&nbsp;<\/p>\n<p>Dodge Durango a Jeep Grand Cherokee jsou v\u0161estrann\u00e1 a v\u00fdkonn\u00e1 vozidla, kter\u00e1 vy\u017eaduj\u00ed stejn\u011b v\u00fdkonn\u00fd chladic\u00ed syst\u00e9m.<br \/>\nHlin\u00edkov\u00fd chladi\u010d Mishimoto Performance je navr\u017een tak, aby udr\u017eel v\u00e1\u0161 Dodge Durango nebo Jeep Grand Cherokee chladn\u00fd od silnice a\u017e po z\u00e1vodn\u00ed okruh a v\u0161e mezi t\u00edm.<br \/>\nChladi\u010d zv\u011bt\u0161uje objem j\u00e1dra o 66% a objem chladic\u00ed kapaliny o 95% v porovn\u00e1n\u00ed se s\u00e9riov\u00fdm chladi\u010dem, co\u017e zlep\u0161uje chladic\u00ed v\u00fdkon. Siln\u011bj\u0161\u00ed j\u00e1dro o 66% poskytuje o 45% v\u011bt\u0161\u00ed plochu \u017eeber, kter\u00e1 odv\u00e1d\u00ed v\u00edce tepla a udr\u017euje motor chladn\u011bj\u0161\u00ed.<\/p>\n<p>Stejn\u011b jako v\u0161echny hlin\u00edkov\u00e9 chladi\u010de Mishimoto je i tento chladi\u010d motoru vyroben tak, aby vydr\u017eel. Celohlin\u00edkov\u00e1 konstrukce je precizn\u011b sva\u0159ena metodou TIG a je vybavena CNC obr\u00e1b\u011bn\u00fdmi dr\u017e\u00e1ky pro vynikaj\u00edc\u00ed odolnost a p\u0159\u00edmou mont\u00e1\u017e bez jak\u00fdchkoli \u00faprav.<\/p>\n<p>&nbsp;<\/p>\n<p><strong>Vlastnosti:<\/strong><\/p>\n<ul>\n<li>\u00a0Zv\u011bt\u0161en\u00ed objemu j\u00e1dra o 66% ve srovn\u00e1n\u00ed se standardn\u00edm chladi\u010dem<\/li>\n<li>Zvy\u0161uje kapacitu chladic\u00ed kapaliny o 95% ve srovn\u00e1n\u00ed se standardn\u00edm chladi\u010dem.<\/li>\n<li>45 % V\u011bt\u0161\u00ed plocha \u017eeber ne\u017e u standardn\u00edho radi\u00e1toru<\/li>\n<li>Celohlin\u00edkov\u00e1 konstrukce s odoln\u00fdmi, TIG sva\u0159ovan\u00fdmi chladic\u00edmi boxy<\/li>\n<li>V\u010detn\u011b dr\u017e\u00e1k\u016f pro kondenz\u00e1tor klimatizace a krytu ventil\u00e1toru<\/li>\n<li>V\u010detn\u011b magnetick\u00e9 vypou\u0161t\u011bc\u00ed z\u00e1tky od spole\u010dnosti Mishimoto<\/li>\n<li>V\u010detn\u011b v\u00ed\u010dka chladi\u010de Mishimoto<\/li>\n<\/ul>\n<p>&nbsp;<\/p>\n<p><strong>Vhodn\u00e9 pro:<\/strong><\/p>\n<table width=\"421\">\n<tbody>\n<tr>\n<td width=\"83\"><strong>Zna\u010dka<\/strong><\/td>\n<td width=\"141\"><strong>Model<\/strong><\/td>\n<td width=\"73\"><strong>Motor<\/strong><\/td>\n<td width=\"124\"><strong>Rok v\u00fdstavby<\/strong><\/td>\n<\/tr>\n<tr>\n<td width=\"83\">Dodge<\/td>\n<td width=\"141\">Durango<\/td>\n<td width=\"73\">3.6<\/td>\n<td width=\"124\">2011\u20132023<\/td>\n<\/tr>\n<tr>\n<td width=\"83\">Dodge<\/td>\n<td width=\"141\">Durango<\/td>\n<td width=\"73\">5.7 Hemi<\/td>\n<td width=\"124\">2011\u20132023<\/td>\n<\/tr>\n<tr>\n<td width=\"83\">Dodge<\/td>\n<td width=\"141\">Durango<\/td>\n<td width=\"73\">6.4 SRT<\/td>\n<td width=\"124\">2018\u20132023<\/td>\n<\/tr>\n<tr>\n<td width=\"83\">Jeep<\/td>\n<td width=\"141\">Grand Cherokee<\/td>\n<td width=\"73\">3.6<\/td>\n<td width=\"124\">2011\u20132021<\/td>\n<\/tr>\n<tr>\n<td width=\"83\">Jeep<\/td>\n<td width=\"141\">Grand Cherokee<\/td>\n<td width=\"73\">5.7 Hemi<\/td>\n<td width=\"124\">2011\u20132021<\/td>\n<\/tr>\n<tr>\n<td width=\"83\">Jeep<\/td>\n<td width=\"141\">Grand Cherokee<\/td>\n<td width=\"73\">6.4 SRT<\/td>\n<td width=\"124\">2011\u20132021<\/td>\n<\/tr>\n<\/tbody>\n<\/table>\n<p>&nbsp;<\/p>\n<p><iframe loading=\"lazy\" title=\"Hlin\u00edkov\u00fd chladi\u010d Mishimoto pro Jeep Grand Cherokee &amp; Dodge Durango 3.6, 5.7 a 6.4\" width=\"500\" height=\"281\" src=\"https:\/\/www.youtube.com\/embed\/Nms-E0F6Gts?feature=oembed\" frameborder=\"0\" allow=\"accelerometer; autoplay; clipboard-write; encrypted-media; gyroscope; picture-in-picture; web-share\" referrerpolicy=\"strict-origin-when-cross-origin\" allowfullscreen><\/iframe><\/p>","protected":false},"excerpt":{"rendered":"<p>Mishimoto Aluminiumk\u00fchler f\u00fcr Jeep Grand Cherokee &amp; Dodge Durango 3.6, 5.7 und 6.4 &nbsp; Der Dodge Durango und Jeep Grand<\/p>","protected":false},"featured_media":68278884,"comment_status":"open","ping_status":"closed","template":"","meta":{"_acf_changed":false},"product_brand":[18924],"product_cat":[4567,2533,2531,2542,2541,2538],"product_tag":[169,217,91,93,4533,49,4432,95,56,126,50,4425,405,269,274,4536,4534,96,216],"class_list":{"0":"post-68278880","1":"product","2":"type-product","3":"status-publish","4":"has-post-thumbnail","6":"product_brand-mishimoto","7":"product_cat-durango-36-kuehlung","8":"product_cat-durango-57-kuehlung","9":"product_cat-durango-64-kuehlung","10":"product_cat-grand-cherokee-36-kuehlung","11":"product_cat-grand-cherokee-57-2011-2021-kuehlung","12":"product_cat-grand-cherokee-64-kuehlung","13":"product_tag-3-6","14":"product_tag-217","15":"product_tag-5-7","16":"product_tag-6-4","17":"product_tag-aluminiumkuehler","18":"product_tag-dodge","19":"product_tag-dodge-durango","20":"product_tag-durango","21":"product_tag-grand-cherokee","22":"product_tag-hemi","23":"product_tag-jeep","24":"product_tag-jeep-grand-cherokee","25":"product_tag-kuehler","26":"product_tag-kuehlwasser","27":"product_tag-mishimoto","28":"product_tag-mmrad-wk2-12","29":"product_tag-motorkuehler","30":"product_tag-srt","31":"product_tag-upgrade","32":"product_shipping_class-paket-l","34":"first","35":"instock","36":"taxable","37":"shipping-taxable","38":"purchasable","39":"product-type-simple"},"bundled_by":[],"bundle_stock_status":"instock","bundle_stock_quantity":1,"bundle_virtual":false,"bundle_layout":"","bundle_add_to_cart_form_location":"","bundle_editable_in_cart":false,"bundle_sold_individually_context":"","bundle_item_grouping":"","bundle_min_size":"","bundle_max_size":"","bundle_price":[],"bundled_items":[],"bundle_sell_ids":[],"exclude_global_add_ons":[],"addons":[],"acf":[],"_links":{"self":[{"href":"https:\/\/kraftwerk-shop.cc\/cs\/wp-json\/wp\/v2\/product\/68278880","targetHints":{"allow":["GET"]}}],"collection":[{"href":"https:\/\/kraftwerk-shop.cc\/cs\/wp-json\/wp\/v2\/product"}],"about":[{"href":"https:\/\/kraftwerk-shop.cc\/cs\/wp-json\/wp\/v2\/types\/product"}],"replies":[{"embeddable":true,"href":"https:\/\/kraftwerk-shop.cc\/cs\/wp-json\/wp\/v2\/comments?post=68278880"}],"version-history":[{"count":0,"href":"https:\/\/kraftwerk-shop.cc\/cs\/wp-json\/wp\/v2\/product\/68278880\/revisions"}],"wp:featuredmedia":[{"embeddable":true,"href":"https:\/\/kraftwerk-shop.cc\/cs\/wp-json\/wp\/v2\/media\/68278884"}],"wp:attachment":[{"href":"https:\/\/kraftwerk-shop.cc\/cs\/wp-json\/wp\/v2\/media?parent=68278880"}],"wp:term":[{"taxonomy":"product_brand","embeddable":true,"href":"https:\/\/kraftwerk-shop.cc\/cs\/wp-json\/wp\/v2\/product_brand?post=68278880"},{"taxonomy":"product_cat","embeddable":true,"href":"https:\/\/kraftwerk-shop.cc\/cs\/wp-json\/wp\/v2\/product_cat?post=68278880"},{"taxonomy":"product_tag","embeddable":true,"href":"https:\/\/kraftwerk-shop.cc\/cs\/wp-json\/wp\/v2\/product_tag?post=68278880"}],"curies":[{"name":"wp","href":"https:\/\/api.w.org\/{rel}","templated":true}]}}