{"id":68279061,"date":"2023-01-08T13:40:41","date_gmt":"2023-01-08T12:40:41","guid":{"rendered":"https:\/\/kraftwerk-shop.cc\/?post_type=product&#038;p=68279061"},"modified":"2026-04-02T15:11:46","modified_gmt":"2026-04-02T13:11:46","slug":"brzdovy-kotouc-mopar-68474086ac-68474087ac","status":"publish","type":"product","link":"https:\/\/kraftwerk-shop.cc\/cs\/produkt\/mopar-bremsscheibe-68474086ac-68474087ac\/","title":{"rendered":"Brzdov\u00fd kotou\u010d Mopar SRT a Hellcat (68474086AC \/ 68474087AC)"},"content":{"rendered":"<h1>Origin\u00e1ln\u00ed brzdov\u00fd kotou\u010d Mopar pro modely Dodge Challenger a Charger SRT a Hellcat 2021 - 2023 (p\u0159edn\u00ed n\u00e1prava)<\/h1>\n<p>&nbsp;<\/p>\n<p><strong>\u010c\u00edsla d\u00edl\u016f Mopar:<\/strong> <span class=\"list-value sku-display\">68474086AC (vpravo), 68474087AC (vlevo)<\/span><br \/>\n<strong>Nahrazeno:<\/strong> <span class=\"list-value sku-display\">68474086AB, 68474087AB <\/span><\/p>\n<p>&nbsp;<\/p>\n<p><strong>Vhodn\u00e9 pro:<\/strong><\/p>\n<table width=\"578\">\n<tbody>\n<tr>\n<td width=\"83\"><strong>Zna\u010dka<\/strong><\/td>\n<td width=\"141\"><strong>Model<\/strong><\/td>\n<td width=\"73\"><strong>Motor<\/strong><\/td>\n<td width=\"281\"><strong>Rok v\u00fdstavby<\/strong><\/td>\n<\/tr>\n<tr>\n<td width=\"83\">Dodge<\/td>\n<td width=\"141\">Challenger<\/td>\n<td width=\"73\">6.4 SRT<\/td>\n<td width=\"281\">2021 - 2023 s brzdov\u00fdmi kotou\u010di 400 mm<\/td>\n<\/tr>\n<tr>\n<td width=\"83\">Dodge<\/td>\n<td width=\"141\">Challenger Hellcat<\/td>\n<td width=\"73\">6.2<\/td>\n<td width=\"281\">2021 - 2023 s brzdov\u00fdmi kotou\u010di 400 mm<\/td>\n<\/tr>\n<tr>\n<td width=\"83\">Dodge<\/td>\n<td width=\"141\">Charger<\/td>\n<td width=\"73\">6.4 SRT<\/td>\n<td width=\"281\">2021 - 2023 s brzdov\u00fdmi kotou\u010di 400 mm<\/td>\n<\/tr>\n<tr>\n<td width=\"83\">Dodge<\/td>\n<td width=\"141\">Charger Hellcat<\/td>\n<td width=\"73\">6.2<\/td>\n<td width=\"281\">2021 - 2023 s brzdov\u00fdmi kotou\u010di 400 mm<\/td>\n<\/tr>\n<\/tbody>\n<\/table>\n<p>&nbsp;<\/p>\n<p>Cena se vztahuje na 1 brzdov\u00fd kotou\u010d.<br \/>\nPot\u0159ebujete jeden sm\u011brov\u00fd brzdov\u00fd kotou\u010d pro levou a jeden pro pravou stranu.<\/p>\n<p>&nbsp;<\/p>","protected":false},"excerpt":{"rendered":"<p>Origin\u00e1ln\u00ed d\u00edl Mopar, pr\u016fm\u011br 400 mm (2021 - 2023)<\/p>","protected":false},"featured_media":68279069,"comment_status":"open","ping_status":"closed","template":"","meta":{"_acf_changed":false},"product_brand":[16270],"product_cat":[17737,17693,17689,17761,17765],"product_tag":[52,2324,936,938,937,939,10706,10707,795,796,3946,10802,54,53,48,536,49,3853,3854,692,100,36,31,34,794,797,96,842,841,673],"class_list":{"0":"post-68279061","1":"product","2":"type-product","3":"status-publish","4":"has-post-thumbnail","6":"product_brand-mopar","7":"product_cat-300c-64-bremsscheiben-vorne","8":"product_cat-challenger-hellcat-bremsscheiben-vorne","9":"product_cat-challenger-64-bremsscheiben-vorne","10":"product_cat-charger-hellcat-bremsscheiben-vorne","11":"product_cat-charger-64-bremsscheiben-vorne","12":"product_tag-300c","13":"product_tag-68184587aa","14":"product_tag-68184587ab","15":"product_tag-68184587ac","16":"product_tag-68184587ad","17":"product_tag-68184587ae","18":"product_tag-68474086ac","19":"product_tag-68474087ac","20":"product_tag-bremse","21":"product_tag-bremsscheibe","22":"product_tag-bremsscheiben-fuer-dodge-challenger","23":"product_tag-bremsscheiben-fuer-dodge-challenger-6-4","24":"product_tag-challenger","25":"product_tag-charger","26":"product_tag-chrysler","27":"product_tag-chrysler-300c","28":"product_tag-dodge","29":"product_tag-dodge-challenger","30":"product_tag-dodge-charger","31":"product_tag-ersatzteil","32":"product_tag-hellcat","33":"product_tag-kraftwerk","34":"product_tag-mopar","35":"product_tag-original","36":"product_tag-premium","37":"product_tag-sportbremsscheibe","38":"product_tag-srt","39":"product_tag-vorderachse","40":"product_tag-vorne","41":"product_tag-zubehoer","42":"product_shipping_class-deutschlandohne","44":"first","45":"instock","46":"taxable","47":"shipping-taxable","48":"purchasable","49":"product-type-variable"},"bundled_by":[],"bundle_stock_status":"instock","bundle_stock_quantity":2,"bundle_virtual":false,"bundle_layout":"","bundle_add_to_cart_form_location":"","bundle_editable_in_cart":false,"bundle_sold_individually_context":"","bundle_item_grouping":"","bundle_min_size":"","bundle_max_size":"","bundle_price":[],"bundled_items":[],"bundle_sell_ids":[],"exclude_global_add_ons":[],"addons":[],"acf":[],"_links":{"self":[{"href":"https:\/\/kraftwerk-shop.cc\/cs\/wp-json\/wp\/v2\/product\/68279061","targetHints":{"allow":["GET"]}}],"collection":[{"href":"https:\/\/kraftwerk-shop.cc\/cs\/wp-json\/wp\/v2\/product"}],"about":[{"href":"https:\/\/kraftwerk-shop.cc\/cs\/wp-json\/wp\/v2\/types\/product"}],"replies":[{"embeddable":true,"href":"https:\/\/kraftwerk-shop.cc\/cs\/wp-json\/wp\/v2\/comments?post=68279061"}],"version-history":[{"count":0,"href":"https:\/\/kraftwerk-shop.cc\/cs\/wp-json\/wp\/v2\/product\/68279061\/revisions"}],"wp:featuredmedia":[{"embeddable":true,"href":"https:\/\/kraftwerk-shop.cc\/cs\/wp-json\/wp\/v2\/media\/68279069"}],"wp:attachment":[{"href":"https:\/\/kraftwerk-shop.cc\/cs\/wp-json\/wp\/v2\/media?parent=68279061"}],"wp:term":[{"taxonomy":"product_brand","embeddable":true,"href":"https:\/\/kraftwerk-shop.cc\/cs\/wp-json\/wp\/v2\/product_brand?post=68279061"},{"taxonomy":"product_cat","embeddable":true,"href":"https:\/\/kraftwerk-shop.cc\/cs\/wp-json\/wp\/v2\/product_cat?post=68279061"},{"taxonomy":"product_tag","embeddable":true,"href":"https:\/\/kraftwerk-shop.cc\/cs\/wp-json\/wp\/v2\/product_tag?post=68279061"}],"curies":[{"name":"wp","href":"https:\/\/api.w.org\/{rel}","templated":true}]}}