{"id":68284156,"date":"2023-01-27T16:27:28","date_gmt":"2023-01-27T15:27:28","guid":{"rendered":"https:\/\/kraftwerk-shop.cc\/?post_type=product&#038;p=68284156"},"modified":"2026-02-20T12:29:39","modified_gmt":"2026-02-20T11:29:39","slug":"klinovy-remen-continental-4593684aa","status":"publish","type":"product","link":"https:\/\/kraftwerk-shop.cc\/cs\/produkt\/continental-keilriemen-4593684aa\/","title":{"rendered":"Kl\u00ednov\u00e9 \u0159emeny Continental 3,5 a 5,7"},"content":{"rendered":"<h1>Kl\u00ednov\u00e9 \u0159emeny Continental CONTI\u00aeV pro 300C, Challenger, Charger, Magnum a Grand Cherokee a Commander 3.5 a 5.7<\/h1>\n<p><strong>Srovn\u00e1vac\u00ed \u010d\u00edsla Mopar:<\/strong>\u00a0<span class=\"list-value sku-display\">4593684AA, <span class=\"list-value\">4861322AC, 4892840AA, 68060352AA<\/span><\/span><\/p>\n<p>&nbsp;<\/p>\n<p><strong><br \/>\nVhodn\u00e9 pro:<\/strong><\/p>\n<table width=\"1055\">\n<tbody>\n<tr>\n<td width=\"83\"><strong>Rok v\u00fdstavby<\/strong><\/td>\n<td width=\"83\">Zna\u010dka<\/td>\n<td width=\"192\"><strong>Model<\/strong><\/td>\n<td width=\"470\"><strong>Verze<\/strong><\/td>\n<td width=\"227\"><strong>Motor<\/strong><\/td>\n<\/tr>\n<tr>\n<td width=\"83\">2011<\/td>\n<td width=\"83\">Chrysler<\/td>\n<td width=\"192\">300<\/td>\n<td width=\"470\">C<\/td>\n<td width=\"227\">5.7L<\/td>\n<\/tr>\n<tr>\n<td width=\"83\">2011<\/td>\n<td width=\"83\">Dodge<\/td>\n<td width=\"192\">Challenger<\/td>\n<td width=\"470\">R\/T<\/td>\n<td width=\"227\">5.7L<\/td>\n<\/tr>\n<tr>\n<td width=\"83\">2011<\/td>\n<td width=\"83\">Dodge<\/td>\n<td width=\"192\">Charger<\/td>\n<td width=\"470\">Pursuit, R\/T, SE<\/td>\n<td width=\"227\">5.7L<\/td>\n<\/tr>\n<tr>\n<td width=\"83\">2011<\/td>\n<td width=\"83\">Jeep<\/td>\n<td width=\"192\">Wrangler<\/td>\n<td width=\"470\">70th Anniversary, Rubicon, Sahara, Sport, Unlimited 70th Anniversary, Unlimited Rubicon, Unlimited Sahara, Unlimited Sport<\/td>\n<td width=\"227\">3.8L<\/td>\n<\/tr>\n<tr>\n<td width=\"83\">2010<\/td>\n<td width=\"83\">Chrysler<\/td>\n<td width=\"192\">300<\/td>\n<td width=\"470\">C, Limited, S, Touring<\/td>\n<td width=\"227\">3,5 L , 5,7 L<\/td>\n<\/tr>\n<tr>\n<td width=\"83\">2010<\/td>\n<td width=\"83\">Dodge<\/td>\n<td width=\"192\">Challenger<\/td>\n<td width=\"470\">R\/T, SE<\/td>\n<td width=\"227\">3,5 L , 5,7 L<\/td>\n<\/tr>\n<tr>\n<td width=\"83\">2010<\/td>\n<td width=\"83\">Dodge<\/td>\n<td width=\"192\">Charger<\/td>\n<td width=\"470\">Pursuit, R\/T, SE, SXT<\/td>\n<td width=\"227\">3,5 L , 5,7 L<\/td>\n<\/tr>\n<tr>\n<td width=\"83\">2010<\/td>\n<td width=\"83\">Jeep<\/td>\n<td width=\"192\">Grand Cherokee<\/td>\n<td width=\"470\">Laredo, Limited<\/td>\n<td width=\"227\">5.7L<\/td>\n<\/tr>\n<tr>\n<td width=\"83\">2010<\/td>\n<td width=\"83\">Jeep<\/td>\n<td width=\"192\">Wrangler<\/td>\n<td width=\"470\">Rubicon, Sahara, Sport, Unlimited Rubicon, Unlimited Sahara, Unlimited Sport<\/td>\n<td width=\"227\">3.8L<\/td>\n<\/tr>\n<tr>\n<td width=\"83\">2009<\/td>\n<td width=\"83\">Chrysler<\/td>\n<td width=\"192\">300<\/td>\n<td width=\"470\">C, Limited, Signature Series, Touring<\/td>\n<td width=\"227\">3,5 L , 5,7 L<\/td>\n<\/tr>\n<tr>\n<td width=\"83\">2009<\/td>\n<td width=\"83\">Dodge<\/td>\n<td width=\"192\">Challenger<\/td>\n<td width=\"470\">R\/T, SE<\/td>\n<td width=\"227\">3,5 L , 5,7 L<\/td>\n<\/tr>\n<tr>\n<td width=\"83\">2009<\/td>\n<td width=\"83\">Dodge<\/td>\n<td width=\"192\">Charger<\/td>\n<td width=\"470\">Pursuit, R\/T, SE, SXT<\/td>\n<td width=\"227\">3,5 L , 5,7 L<\/td>\n<\/tr>\n<tr>\n<td width=\"83\">2009<\/td>\n<td width=\"83\">Jeep<\/td>\n<td width=\"192\">Commander<\/td>\n<td width=\"470\">Limited, Overland<\/td>\n<td width=\"227\">5.7L<\/td>\n<\/tr>\n<tr>\n<td width=\"83\">2009<\/td>\n<td width=\"83\">Jeep<\/td>\n<td width=\"192\">Grand Cherokee<\/td>\n<td width=\"470\">Limited, Overland<\/td>\n<td width=\"227\">5.7L<\/td>\n<\/tr>\n<tr>\n<td width=\"83\">2009<\/td>\n<td width=\"83\">Jeep<\/td>\n<td width=\"192\">Wrangler<\/td>\n<td width=\"470\">Rubicon, Sahara, Unlimited Rubicon, Unlimited Sahara, Unlimited X, X<\/td>\n<td width=\"227\">3.8L<\/td>\n<\/tr>\n<tr>\n<td width=\"83\">2008<\/td>\n<td width=\"83\">Chrysler<\/td>\n<td width=\"192\">300<\/td>\n<td width=\"470\">C, C SRT8, LX, Limited, Touring<\/td>\n<td width=\"227\">2,7 L , 3,5 L , 5,7 L<\/td>\n<\/tr>\n<tr>\n<td width=\"83\">2008<\/td>\n<td width=\"83\">Dodge<\/td>\n<td width=\"192\">Charger<\/td>\n<td width=\"470\">Pursuit, R\/T, SE, SRT8, SXT<\/td>\n<td width=\"227\">2,7 L , 3,5 L , 5,7 L<\/td>\n<\/tr>\n<tr>\n<td width=\"83\">2008<\/td>\n<td width=\"83\">Dodge<\/td>\n<td width=\"192\">Magnum<\/td>\n<td width=\"470\">R\/T, SE, SRT8, SXT<\/td>\n<td width=\"227\">2,7 L , 3,5 L , 5,7 L<\/td>\n<\/tr>\n<tr>\n<td width=\"83\">2008<\/td>\n<td width=\"83\">Jeep<\/td>\n<td width=\"192\">Wrangler<\/td>\n<td width=\"470\">Rubicon, Sahara, X<\/td>\n<td width=\"227\">3.8L<\/td>\n<\/tr>\n<tr>\n<td width=\"83\">2007<\/td>\n<td width=\"83\">Chrysler<\/td>\n<td width=\"192\">300<\/td>\n<td width=\"470\">Base, C, Limited, Touring<\/td>\n<td width=\"227\">2,7 L , 3,5 L , 5,7 L<\/td>\n<\/tr>\n<tr>\n<td width=\"83\">2007<\/td>\n<td width=\"83\">Chrysler<\/td>\n<td width=\"192\">Town &amp; Country<\/td>\n<td width=\"470\">Z\u00e1kladn\u00ed verze, LX, Limited, Touring<\/td>\n<td width=\"227\">3,3 L , 3,8 L<\/td>\n<\/tr>\n<tr>\n<td width=\"83\">2007<\/td>\n<td width=\"83\">Dodge<\/td>\n<td width=\"192\">Karavan<\/td>\n<td width=\"470\">C\/V, SE, SXT<\/td>\n<td width=\"227\">3.3L V6 - Flex, 3.3L<\/td>\n<\/tr>\n<tr>\n<td width=\"83\">2007<\/td>\n<td width=\"83\">Dodge<\/td>\n<td width=\"192\">Charger<\/td>\n<td width=\"470\">Pursuit, R\/T, SE, SXT<\/td>\n<td width=\"227\">2,7 L , 3,5 L , 5,7 L<\/td>\n<\/tr>\n<tr>\n<td width=\"83\">2007<\/td>\n<td width=\"83\">Dodge<\/td>\n<td width=\"192\">Grand Caravan<\/td>\n<td width=\"470\">Z\u00e1kladn\u00ed verze, SE, SXT<\/td>\n<td width=\"227\">3.3L V6 - Flex, 3.3L , 3.8L<\/td>\n<\/tr>\n<tr>\n<td width=\"83\">2007<\/td>\n<td width=\"83\">Dodge<\/td>\n<td width=\"192\">Magnum<\/td>\n<td width=\"470\">R\/T, SE, SXT<\/td>\n<td width=\"227\">2,7 L , 3,5 L , 5,7 L<\/td>\n<\/tr>\n<tr>\n<td width=\"83\">2007<\/td>\n<td width=\"83\">Jeep<\/td>\n<td width=\"192\">Wrangler<\/td>\n<td width=\"470\">Rubicon, Sahara, X<\/td>\n<td width=\"227\">3.8L<\/td>\n<\/tr>\n<tr>\n<td width=\"83\">2006<\/td>\n<td width=\"83\">Chrysler<\/td>\n<td width=\"192\">300<\/td>\n<td width=\"470\">C, Touring<\/td>\n<td width=\"227\">3,5 L , 5,7 L<\/td>\n<\/tr>\n<tr>\n<td width=\"83\">2006<\/td>\n<td width=\"83\">Chrysler<\/td>\n<td width=\"192\">Town &amp; Country<\/td>\n<td width=\"470\">Z\u00e1kladn\u00ed verze, LX, Limited, Touring<\/td>\n<td width=\"227\">3,3 L , 3,8 L<\/td>\n<\/tr>\n<tr>\n<td width=\"83\">2006<\/td>\n<td width=\"83\">Dodge<\/td>\n<td width=\"192\">Karavan<\/td>\n<td width=\"470\">C\/V, SE, SXT<\/td>\n<td width=\"227\">3.3L V6 - Flex, 3.3L<\/td>\n<\/tr>\n<tr>\n<td width=\"83\">2006<\/td>\n<td width=\"83\">Dodge<\/td>\n<td width=\"192\">Charger<\/td>\n<td width=\"470\">R\/T, SE<\/td>\n<td width=\"227\">3,5 L , 5,7 L<\/td>\n<\/tr>\n<tr>\n<td width=\"83\">2006<\/td>\n<td width=\"83\">Dodge<\/td>\n<td width=\"192\">Grand Caravan<\/td>\n<td width=\"470\">SE, SXT<\/td>\n<td width=\"227\">3.3L V6 - Flex, 3.3L , 3.8L<\/td>\n<\/tr>\n<tr>\n<td width=\"83\">2006<\/td>\n<td width=\"83\">Dodge<\/td>\n<td width=\"192\">Magnum<\/td>\n<td width=\"470\">R\/T, SXT<\/td>\n<td width=\"227\">3,5 L , 5,7 L<\/td>\n<\/tr>\n<tr>\n<td width=\"83\">2005<\/td>\n<td width=\"83\">Chrysler<\/td>\n<td width=\"192\">300<\/td>\n<td width=\"470\">C, Touring<\/td>\n<td width=\"227\">3,5 L , 5,7 L<\/td>\n<\/tr>\n<tr>\n<td width=\"83\">2005<\/td>\n<td width=\"83\">Chrysler<\/td>\n<td width=\"192\">Town &amp; Country<\/td>\n<td width=\"470\">Z\u00e1kladn\u00ed verze, LX, Limited, Touring<\/td>\n<td width=\"227\">3,3 L , 3,8 L<\/td>\n<\/tr>\n<tr>\n<td width=\"83\">2005<\/td>\n<td width=\"83\">Dodge<\/td>\n<td width=\"192\">Karavan<\/td>\n<td width=\"470\">C\/V, SE, SXT<\/td>\n<td width=\"227\">3.3L V6 - Flex, 3.3L<\/td>\n<\/tr>\n<tr>\n<td width=\"83\">2005<\/td>\n<td width=\"83\">Dodge<\/td>\n<td width=\"192\">Grand Caravan<\/td>\n<td width=\"470\">C\/V, SE, SXT<\/td>\n<td width=\"227\">3.3L V6 - Flex, 3.3L , 3.8L<\/td>\n<\/tr>\n<tr>\n<td width=\"83\">2005<\/td>\n<td width=\"83\">Dodge<\/td>\n<td width=\"192\">Magnum<\/td>\n<td width=\"470\">R\/T, SXT<\/td>\n<td width=\"227\">3,5 L , 5,7 L<\/td>\n<\/tr>\n<tr>\n<td width=\"83\">2004<\/td>\n<td width=\"83\">Chrysler<\/td>\n<td width=\"192\">Town &amp; Country<\/td>\n<td width=\"470\">Z\u00e1kladn\u00ed verze, LX, Limited, Touring<\/td>\n<td width=\"227\">3,3 L , 3,8 L<\/td>\n<\/tr>\n<tr>\n<td width=\"83\">2004<\/td>\n<td width=\"83\">Dodge<\/td>\n<td width=\"192\">Karavan<\/td>\n<td width=\"470\">C\/V, SE, SXT<\/td>\n<td width=\"227\">3.3L V6 - Flex, 3.3L<\/td>\n<\/tr>\n<tr>\n<td width=\"83\">2004<\/td>\n<td width=\"83\">Dodge<\/td>\n<td width=\"192\">Grand Caravan<\/td>\n<td width=\"470\">C\/V, EX, SE, SXT<\/td>\n<td width=\"227\">3,3 L , 3,8 L<\/td>\n<\/tr>\n<\/tbody>\n<\/table>\n<p>&nbsp;<\/p>\n<p>Kl\u00ednov\u00e9 \u0159emeny jsou dlouh\u00e9 gumov\u00e9 \u0159emeny, kter\u00e9 se t\u00e1hnou pod\u00e9l motoru vozidla a poh\u00e1n\u011bj\u00ed mnoho d\u016fle\u017eit\u00fdch sou\u010d\u00e1st\u00ed, nap\u0159\u00edklad altern\u00e1tor, \u010derpadlo posilova\u010de \u0159\u00edzen\u00ed, klimatizaci a vodn\u00ed \u010derpadlo.<\/p>\n<p>U v\u011bt\u0161iny vozidel se doporu\u010duje nechat kl\u00ednov\u00fd \u0159emen zkontrolovat, jakmile vozidlo dos\u00e1hne 60 000 km.<br \/>\nP\u0159ed dosa\u017een\u00edm tohoto po\u010dtu kilometr\u016f je tak\u00e9 d\u016fle\u017eit\u00e9 prov\u00e9st vizu\u00e1ln\u00ed a akustickou kontrolu opot\u0159eben\u00ed.<\/p>\n<p>U v\u011bt\u0161iny vozidel se doporu\u010duje vym\u011bnit kl\u00ednov\u00fd \u0159emen po ujet\u00ed 90 km (bez ohledu na jeho vzhled), aby se sn\u00ed\u017eilo riziko jeho roztr\u017een\u00ed. P\u0159etr\u017een\u00fd kl\u00ednov\u00fd \u0159emen m\u016f\u017ee b\u00fdt p\u0159i j\u00edzd\u011b nebezpe\u010dn\u00fd a m\u016f\u017ee zp\u016fsobit v\u00e1\u017en\u00e9 po\u0161kozen\u00ed motoru.<\/p>\n<p>&nbsp;<\/p>\n<p><strong>P\u0159\u00edznaky vadn\u00e9ho kl\u00ednov\u00e9ho \u0159emene<\/strong><\/p>\n<ul>\n<li>Odtr\u017een\u00ed \u017eeber (jedno nebo v\u00edce \u017eeber se odd\u011blilo od t\u011bla p\u00e1su).<\/li>\n<li>Opot\u0159eben\u00ed \u017eeber nebo \u0159emen\u016f<\/li>\n<li>Trhliny v pod\u00e9ln\u00e9m sm\u011bru p\u00e1su (trhliny mezi dv\u011bma \u017eebry).<\/li>\n<li>P\u00e1sov\u00e9 skluzavky<\/li>\n<li>\"P\u0159esko\u010den\u00ed dr\u00e1\u017eky\" (\u0159emen nedr\u017e\u00ed spr\u00e1vnou polohu na \u0159emenici).<\/li>\n<li>P\u0159etr\u017een\u00ed \u0159emene (pozn\u00e1mka: p\u0159ed instalac\u00ed nov\u00e9ho \u0159emene zjist\u011bte a odstra\u0148te probl\u00e9m).<\/li>\n<li>Hluk (p\u0159i provozu hnac\u00edho \u0159emene je sly\u0161et nebo c\u00edtit nep\u0159\u00edjemn\u00e9 sk\u0159\u00edp\u00e1n\u00ed, p\u00edsk\u00e1n\u00ed nebo dun\u011bn\u00ed).<\/li>\n<\/ul>\n<p>Pokud je na kl\u00ednov\u00e9m \u0159emenu viditeln\u00e9 zne\u010di\u0161t\u011bn\u00ed olejem nebo chladic\u00ed kapalinou, je t\u0159eba vym\u011bnit i \u0159emen a odstranit net\u011bsnosti.<\/p>\n<p>&nbsp;<\/p>","protected":false},"excerpt":{"rendered":"<p>Continental CONTI\u00aeV Keilriemen f\u00fcr 300C, Challenger, Charger, Magnum und Grand Cherokee und Commander 3.5 und 5.7 Mopar Vergleichsnummern:\u00a04593684AA, 4861322AC, 4892840AA,<\/p>","protected":false},"featured_media":68284158,"comment_status":"open","ping_status":"closed","template":"","meta":{"_acf_changed":false},"product_brand":[],"product_cat":[1554,7499,7500,2725,7503,1594,7506,1707,7515,19345,7516],"product_tag":[18285,18286,18287,87,4594,88,976,52,4597,4593,4590,4591,91,4592,4598,4595,54,53,48,536,94,49,3853,3854,4438,1320,56,50,4425,736,7613,55,31,164,4421,175],"class_list":{"0":"post-68284156","1":"product","2":"type-product","3":"status-publish","4":"has-post-thumbnail","6":"product_cat-300c-35-motor","7":"product_cat-300c-57-2005-2010-riemenantrieb","8":"product_cat-300c-57-2011-2023-riemenantrieb","9":"product_cat-challenger-35-motor","10":"product_cat-challenger-57-riemenantrieb","11":"product_cat-charger-35-motor","12":"product_cat-charger-57-riemenantrieb","13":"product_cat-magnum-35-motor","14":"product_cat-magnum-57-riemenantrieb","15":"product_cat-commander-57-riemenantrieb","16":"product_cat-grand-cherokee-57-2005-2010-riemenantrieb","17":"product_tag-04593684aa","18":"product_tag-04861322ac","19":"product_tag-04892840aa","20":"product_tag-2-7","21":"product_tag-3-3","22":"product_tag-3-5","23":"product_tag-3-8","24":"product_tag-300c","25":"product_tag-4597","26":"product_tag-4593684aa","27":"product_tag-4861322ac","28":"product_tag-4892840aa","29":"product_tag-5-7","30":"product_tag-68060352aa","31":"product_tag-6pk2087","32":"product_tag-caravan","33":"product_tag-challenger","34":"product_tag-charger","35":"product_tag-chrysler","36":"product_tag-chrysler-300c","37":"product_tag-commander","38":"product_tag-dodge","39":"product_tag-dodge-challenger","40":"product_tag-dodge-charger","41":"product_tag-dodge-magnum","42":"product_tag-grand-caravan","43":"product_tag-grand-cherokee","44":"product_tag-jeep","45":"product_tag-jeep-grand-cherokee","46":"product_tag-keilriemen","47":"product_tag-keilrippenriemen","48":"product_tag-magnum","49":"product_tag-mopar","50":"product_tag-srt8","51":"product_tag-town-country","52":"product_tag-wrangler","54":"first","55":"instock","56":"taxable","57":"shipping-taxable","58":"purchasable","59":"product-type-simple"},"bundled_by":[],"bundle_stock_status":"instock","bundle_stock_quantity":7,"bundle_virtual":false,"bundle_layout":"","bundle_add_to_cart_form_location":"","bundle_editable_in_cart":false,"bundle_sold_individually_context":"","bundle_item_grouping":"","bundle_min_size":"","bundle_max_size":"","bundle_price":[],"bundled_items":[],"bundle_sell_ids":[],"exclude_global_add_ons":[],"addons":[],"acf":[],"_links":{"self":[{"href":"https:\/\/kraftwerk-shop.cc\/cs\/wp-json\/wp\/v2\/product\/68284156","targetHints":{"allow":["GET"]}}],"collection":[{"href":"https:\/\/kraftwerk-shop.cc\/cs\/wp-json\/wp\/v2\/product"}],"about":[{"href":"https:\/\/kraftwerk-shop.cc\/cs\/wp-json\/wp\/v2\/types\/product"}],"replies":[{"embeddable":true,"href":"https:\/\/kraftwerk-shop.cc\/cs\/wp-json\/wp\/v2\/comments?post=68284156"}],"version-history":[{"count":0,"href":"https:\/\/kraftwerk-shop.cc\/cs\/wp-json\/wp\/v2\/product\/68284156\/revisions"}],"wp:featuredmedia":[{"embeddable":true,"href":"https:\/\/kraftwerk-shop.cc\/cs\/wp-json\/wp\/v2\/media\/68284158"}],"wp:attachment":[{"href":"https:\/\/kraftwerk-shop.cc\/cs\/wp-json\/wp\/v2\/media?parent=68284156"}],"wp:term":[{"taxonomy":"product_brand","embeddable":true,"href":"https:\/\/kraftwerk-shop.cc\/cs\/wp-json\/wp\/v2\/product_brand?post=68284156"},{"taxonomy":"product_cat","embeddable":true,"href":"https:\/\/kraftwerk-shop.cc\/cs\/wp-json\/wp\/v2\/product_cat?post=68284156"},{"taxonomy":"product_tag","embeddable":true,"href":"https:\/\/kraftwerk-shop.cc\/cs\/wp-json\/wp\/v2\/product_tag?post=68284156"}],"curies":[{"name":"wp","href":"https:\/\/api.w.org\/{rel}","templated":true}]}}