{"id":68284207,"date":"2023-01-30T10:40:33","date_gmt":"2023-01-30T09:40:33","guid":{"rendered":"https:\/\/kraftwerk-shop.cc\/?post_type=product&#038;p=68284207"},"modified":"2026-02-15T00:46:47","modified_gmt":"2026-02-14T23:46:47","slug":"bbk-90-skrtici-klapka-mustang-gt-bullitt","status":"publish","type":"product","link":"https:\/\/kraftwerk-shop.cc\/cs\/produkt\/bbk-90-drosselklappe-mustang-gt-bullitt\/","title":{"rendered":"BBK 90 mm \u0161krtic\u00ed klapka Mustang GT 5.0 \/ Bullitt"},"content":{"rendered":"<h1>BBK 90 mm \u0161krtic\u00ed klapka pro Mustang GT 5.0 \/ Bullitt<\/h1>\n<p>Zvy\u0161te v\u00fdkon a odezvu \u0161krtic\u00ed klapky sv\u00e9ho Mustangu GT 5.0 \/ Bullitt pomoc\u00ed tohoto 90mm t\u011blesa \u0161krtic\u00ed klapky BBK.<\/p>\n<p>\u0160krtic\u00ed klapky BBK jsou vyrobeny CNC z vysoce kvalitn\u00edho hlin\u00edkov\u00e9ho odlitku 356, aby byla zaji\u0161t\u011bna dokonal\u00e1 kvalita OEM a p\u0159esnost uchycen\u00ed.<br \/>\nP\u0159evodovka \u0161krtic\u00ed klapky v kvalit\u011b OEM, dvojit\u011b ut\u011bsn\u011bn\u00e1 lo\u017eiska a t\u00e1hla \u0161krtic\u00ed klapky opat\u0159en\u00e1 O-krou\u017eky.<\/p>\n<p>Vhodn\u00e9 pro vozidla s vy\u0161\u0161\u00edm v\u00fdkonem (v\u010detn\u011b p\u0159estaveb na p\u0159epl\u0148ov\u00e1n\u00ed). Doporu\u010duje se \u00faprava softwaru motoru.<\/p>\n<p><strong>Vhodn\u00e9 pro:<\/strong><\/p>\n<table width=\"449\">\n<tbody>\n<tr>\n<td width=\"115\"><strong>Zna\u010dka<\/strong><\/td>\n<td width=\"145\"><strong>Model\u00a0<\/strong><\/td>\n<td width=\"106\"><strong>Motor<\/strong><\/td>\n<td width=\"83\"><strong>Rok v\u00fdstavby<\/strong><\/td>\n<\/tr>\n<tr>\n<td>Ford<\/td>\n<td>Mustang GT<\/td>\n<td>5.0<\/td>\n<td>2018\u20132023<\/td>\n<\/tr>\n<tr>\n<td>Ford<\/td>\n<td>Mustang Bullitt<\/td>\n<td>5.0<\/td>\n<td>2018\u20132021<\/td>\n<\/tr>\n<tr>\n<td>Ford<\/td>\n<td>F-150 Coyote<\/td>\n<td>5.0<\/td>\n<td>2018\u20132021<\/td>\n<\/tr>\n<\/tbody>\n<\/table>","protected":false},"excerpt":{"rendered":"<p>BBK 90 mm t\u011bleso \u0161krtic\u00ed klapky pro Mustang GT 5.0 \/ Bullitt Zvy\u0161te v\u00fdkon a odezvu sv\u00e9ho Mustang GT.<\/p>","protected":false},"featured_media":68284214,"comment_status":"open","ping_status":"closed","template":"","meta":{"_acf_changed":false},"product_brand":[17174],"product_cat":[6305,4043],"product_tag":[252,419,420,2066,2373,4526,4030,188,1388,4603,3367,4600,3365,3954,4602,158,4632,917,3962,2934,36,184,3872,4587,186,4601],"class_list":{"0":"post-68284207","1":"product","2":"type-product","3":"status-publish","4":"has-post-thumbnail","6":"product_brand-bbk","7":"product_cat-f-150-50-2015-ansaugung","8":"product_cat-mustang-50-gt-ansaugung","9":"product_tag-252","10":"product_tag-419","11":"product_tag-420","12":"product_tag-2066","13":"product_tag-2373","14":"product_tag-4526","15":"product_tag-5-0","16":"product_tag-188","17":"product_tag-bbk","18":"product_tag-bbk-drosselklappe","19":"product_tag-bbk-performance","20":"product_tag-bbk1941","21":"product_tag-bbkdk","22":"product_tag-bullitt","23":"product_tag-dk","24":"product_tag-drosselklappe","25":"product_tag-f-150","26":"product_tag-ford","27":"product_tag-gt-5-0","28":"product_tag-harder","29":"product_tag-kraftwerk","30":"product_tag-mm","31":"product_tag-mustang","32":"product_tag-mustang-gt","33":"product_tag-performance","34":"product_tag-throttle","36":"first","37":"instock","38":"taxable","39":"shipping-taxable","40":"purchasable","41":"product-type-simple"},"bundled_by":[],"bundle_stock_status":"instock","bundle_stock_quantity":1,"bundle_virtual":false,"bundle_layout":"","bundle_add_to_cart_form_location":"","bundle_editable_in_cart":false,"bundle_sold_individually_context":"","bundle_item_grouping":"","bundle_min_size":"","bundle_max_size":"","bundle_price":[],"bundled_items":[],"bundle_sell_ids":[],"exclude_global_add_ons":[],"addons":[],"acf":[],"_links":{"self":[{"href":"https:\/\/kraftwerk-shop.cc\/cs\/wp-json\/wp\/v2\/product\/68284207","targetHints":{"allow":["GET"]}}],"collection":[{"href":"https:\/\/kraftwerk-shop.cc\/cs\/wp-json\/wp\/v2\/product"}],"about":[{"href":"https:\/\/kraftwerk-shop.cc\/cs\/wp-json\/wp\/v2\/types\/product"}],"replies":[{"embeddable":true,"href":"https:\/\/kraftwerk-shop.cc\/cs\/wp-json\/wp\/v2\/comments?post=68284207"}],"version-history":[{"count":0,"href":"https:\/\/kraftwerk-shop.cc\/cs\/wp-json\/wp\/v2\/product\/68284207\/revisions"}],"wp:featuredmedia":[{"embeddable":true,"href":"https:\/\/kraftwerk-shop.cc\/cs\/wp-json\/wp\/v2\/media\/68284214"}],"wp:attachment":[{"href":"https:\/\/kraftwerk-shop.cc\/cs\/wp-json\/wp\/v2\/media?parent=68284207"}],"wp:term":[{"taxonomy":"product_brand","embeddable":true,"href":"https:\/\/kraftwerk-shop.cc\/cs\/wp-json\/wp\/v2\/product_brand?post=68284207"},{"taxonomy":"product_cat","embeddable":true,"href":"https:\/\/kraftwerk-shop.cc\/cs\/wp-json\/wp\/v2\/product_cat?post=68284207"},{"taxonomy":"product_tag","embeddable":true,"href":"https:\/\/kraftwerk-shop.cc\/cs\/wp-json\/wp\/v2\/product_tag?post=68284207"}],"curies":[{"name":"wp","href":"https:\/\/api.w.org\/{rel}","templated":true}]}}