{"id":68284350,"date":"2023-02-03T11:43:59","date_gmt":"2023-02-03T10:43:59","guid":{"rendered":"https:\/\/kraftwerk-shop.cc\/?post_type=product&#038;p=68284350"},"modified":"2026-03-13T12:03:13","modified_gmt":"2026-03-13T11:03:13","slug":"odlucovac-oleje-ford-performance-mustang","status":"publish","type":"product","link":"https:\/\/kraftwerk-shop.cc\/cs\/produkt\/ford-performance-oelabscheider-mustang\/","title":{"rendered":"Ford Performance odlu\u010dova\u010d oleje Mustang GT \/ Bullitt \/ Mach I"},"content":{"rendered":"<h1>Ford Performance M-6766-A50A Odlu\u010dova\u010d oleje pro Ford Mustang GT \/ Bullitt \/ Mach I - strana spolujezdce<\/h1>\n<p>Tento odlu\u010dova\u010d oleje je nezbytn\u00fd pro ka\u017ed\u00e9ho, kdo chce udr\u017eovat sv\u016fj motor \u010dist\u00fd.<br \/>\nTato n\u00e1doba na olej se instaluje na stran\u011b spolujezdce.<br \/>\nSpeci\u00e1ln\u011b vyvinut\u00e9 a navr\u017een\u00e9 pro mont\u00e1\u017e do motor\u016f Ford 5.0L.<br \/>\nV\u0161echny hadice a p\u0159\u00edpojky jsou v kvalit\u011b OEM, aby byla zaji\u0161t\u011bna snadn\u00e1 instalace a dokonal\u00e1 funkce.<br \/>\nN\u00e1dr\u017e odlu\u010dova\u010de oleje by se m\u011bla pravideln\u011b vyprazd\u0148ovat.<\/p>\n<p>&nbsp;<\/p>\n<p><strong>Jak syst\u00e9m funguje?<\/strong><\/p>\n<p>Kdy\u017e je tlak v klikov\u00e9 sk\u0159\u00edni odv\u00e1d\u011bn p\u0159es sac\u00ed potrub\u00ed, dost\u00e1v\u00e1 se do sac\u00edho potrub\u00ed a sb\u011brn\u00e9ho potrub\u00ed velk\u00e9 mno\u017estv\u00ed oleje ve form\u011b v\u00fdpar\u016f a dokonce \u0159ed\u00ed benz\u00edn, co\u017e zp\u016fsobuje pokles oktanov\u00e9ho \u010d\u00edsla.<br \/>\nK tomu doch\u00e1z\u00ed u v\u0161ech motor\u016f a je\u0161t\u011b v\u00fdrazn\u011bji u vozidel s nucen\u00fdm p\u0159epl\u0148ov\u00e1n\u00edm (turbodmychadla a turbodmychadla), proto\u017ee se zvy\u0161uje tlak v klikov\u00e9 sk\u0159\u00edni.<br \/>\nProti tomu byl vyvinut odlu\u010dova\u010d oleje.<\/p>\n<p><strong>Vhodn\u00e9 pro:<br \/>\n<\/strong><\/p>\n<table width=\"498\">\n<tbody>\n<tr>\n<td width=\"94\">Ford<\/td>\n<td width=\"158\">Mustang<\/td>\n<td width=\"134\">GT<\/td>\n<td width=\"112\">2018 - 2022<\/td>\n<\/tr>\n<tr>\n<td width=\"94\">Ford<\/td>\n<td width=\"158\">Mustang<\/td>\n<td width=\"134\">Bullitt<\/td>\n<td width=\"112\">2019\u20132020<\/td>\n<\/tr>\n<tr>\n<td width=\"94\">Ford<\/td>\n<td width=\"158\">Mustang<\/td>\n<td width=\"134\">Mach I<\/td>\n<td width=\"112\">2021 - 2022<\/td>\n<\/tr>\n<\/tbody>\n<\/table>\n<p>&nbsp;<\/p>\n<p><strong>Rozsah dod\u00e1vky:<\/strong><\/p>\n<ul>\n<li>Odlu\u010dova\u010d oleje na stran\u011b spolujezdce<\/li>\n<li>Dr\u017e\u00e1k<\/li>\n<li>Hadice<\/li>\n<li>P\u0159ipojen\u00ed<\/li>\n<\/ul>","protected":false},"excerpt":{"rendered":"<p>Ford Performance M-6766-A50A Odlu\u010dova\u010d oleje pro Ford Mustang GT \/ Bullitt \/ Mach I - strana spolujezdce Tento odlu\u010dova\u010d oleje je nezbytnou sou\u010d\u00e1st\u00ed v\u00fdbavy.<\/p>","protected":false},"featured_media":68284830,"comment_status":"open","ping_status":"closed","template":"","meta":{"_acf_changed":false},"product_brand":[],"product_cat":[3951],"product_tag":[3954,4626,917,4625,784,3962,4619,2934,36,84,4633,3955,4584,3872,4587,82,85,3243,406,83,3244],"class_list":{"0":"post-68284350","1":"product","2":"type-product","3":"status-publish","4":"has-post-thumbnail","6":"product_cat-mustang-50-gt-oil-catch-can","7":"product_tag-bullitt","8":"product_tag-catch-can","9":"product_tag-ford","10":"product_tag-ford-performance","11":"product_tag-gt","12":"product_tag-gt-5-0","13":"product_tag-gt50","14":"product_tag-harder","15":"product_tag-kraftwerk","16":"product_tag-kurbelgehaeuseentlueftung","17":"product_tag-m-6766-a50a","18":"product_tag-mach","19":"product_tag-mach-1","20":"product_tag-mustang","21":"product_tag-mustang-gt","22":"product_tag-oil-catch-can","23":"product_tag-oil-catch-tank","24":"product_tag-oil-separator","25":"product_tag-oel","26":"product_tag-oelabscheider","27":"product_tag-separator","29":"first","30":"instock","31":"taxable","32":"shipping-taxable","33":"purchasable","34":"product-type-simple"},"bundled_by":[],"bundle_stock_status":"instock","bundle_stock_quantity":1,"bundle_virtual":false,"bundle_layout":"","bundle_add_to_cart_form_location":"","bundle_editable_in_cart":false,"bundle_sold_individually_context":"","bundle_item_grouping":"","bundle_min_size":"","bundle_max_size":"","bundle_price":[],"bundled_items":[],"bundle_sell_ids":[],"exclude_global_add_ons":[],"addons":[],"acf":[],"_links":{"self":[{"href":"https:\/\/kraftwerk-shop.cc\/cs\/wp-json\/wp\/v2\/product\/68284350","targetHints":{"allow":["GET"]}}],"collection":[{"href":"https:\/\/kraftwerk-shop.cc\/cs\/wp-json\/wp\/v2\/product"}],"about":[{"href":"https:\/\/kraftwerk-shop.cc\/cs\/wp-json\/wp\/v2\/types\/product"}],"replies":[{"embeddable":true,"href":"https:\/\/kraftwerk-shop.cc\/cs\/wp-json\/wp\/v2\/comments?post=68284350"}],"version-history":[{"count":0,"href":"https:\/\/kraftwerk-shop.cc\/cs\/wp-json\/wp\/v2\/product\/68284350\/revisions"}],"wp:featuredmedia":[{"embeddable":true,"href":"https:\/\/kraftwerk-shop.cc\/cs\/wp-json\/wp\/v2\/media\/68284830"}],"wp:attachment":[{"href":"https:\/\/kraftwerk-shop.cc\/cs\/wp-json\/wp\/v2\/media?parent=68284350"}],"wp:term":[{"taxonomy":"product_brand","embeddable":true,"href":"https:\/\/kraftwerk-shop.cc\/cs\/wp-json\/wp\/v2\/product_brand?post=68284350"},{"taxonomy":"product_cat","embeddable":true,"href":"https:\/\/kraftwerk-shop.cc\/cs\/wp-json\/wp\/v2\/product_cat?post=68284350"},{"taxonomy":"product_tag","embeddable":true,"href":"https:\/\/kraftwerk-shop.cc\/cs\/wp-json\/wp\/v2\/product_tag?post=68284350"}],"curies":[{"name":"wp","href":"https:\/\/api.w.org\/{rel}","templated":true}]}}