{"id":68284520,"date":"2023-02-10T14:23:42","date_gmt":"2023-02-10T13:23:42","guid":{"rendered":"https:\/\/kraftwerk-shop.cc\/?post_type=product&#038;p=68284520"},"modified":"2026-04-15T02:05:30","modified_gmt":"2026-04-15T00:05:30","slug":"lozisko-vackoveho-hridele-57-62-64-vvt","status":"publish","type":"product","link":"https:\/\/kraftwerk-shop.cc\/cs\/produkt\/nockenwellenlager-57-62-64-vvt\/","title":{"rendered":"Lo\u017eiska va\u010dkov\u00e9ho h\u0159\u00eddele pro motory 5.7, 6.2 a 6.4 VVT"},"content":{"rendered":"<h1>Lo\u017eiska va\u010dkov\u00e9ho h\u0159\u00eddele Clevite Mahle pro motory Chrysler, Dodge, Jeep a RAM 5.7, 6.2 a 6.4 VVT<\/h1>\n<p>&nbsp;<\/p>\n<p>Tyto dr\u017e\u00e1ky motoru Tri-Metal 77 kombinuj\u00ed pevnost vrstvy slitiny m\u011bdi a olova s ocelov\u00fdm z\u00e1kladem a galvanicky pokovenou babbittovou vrstvou.<br \/>\nOcelov\u00fd podklad zaji\u0161\u0165uje pevnost a odolnost, zat\u00edmco vrstva Babbitt poskytuje kritick\u00e9 vlastnosti povrchu, jako je kluznost a p\u0159izp\u016fsobivost.<br \/>\nTato ide\u00e1ln\u00ed konstrukce m\u00e1 vlastnosti, kter\u00e9 nenajdete ani v mnoha lo\u017eisk\u00e1ch origin\u00e1ln\u00edho vybaven\u00ed.<\/p>\n<p>&nbsp;<\/p>\n<p>&nbsp;<\/p>\n<p><strong>Vhodn\u00e9 pro:<\/strong><\/p>\n<table width=\"700\">\n<tbody>\n<tr>\n<td width=\"203\"><strong>Zna\u010dka<\/strong><\/td>\n<td width=\"160\"><strong>Model<\/strong><\/td>\n<td width=\"200\"><strong>Motor<\/strong><\/td>\n<td width=\"137\"><strong>Rok v\u00fdstavby<\/strong><\/td>\n<\/tr>\n<tr>\n<td>Chrysler<\/td>\n<td>300C<\/td>\n<td>5.7<\/td>\n<td>2009\u20132023<\/td>\n<\/tr>\n<tr>\n<td width=\"203\">Chrysler<\/td>\n<td width=\"160\">300C<\/td>\n<td>6.4<\/td>\n<td width=\"137\">2012\u20132023<\/td>\n<\/tr>\n<tr>\n<td>Dodge<\/td>\n<td>Challenger<\/td>\n<td>5.7<\/td>\n<td>2009\u20132023<\/td>\n<\/tr>\n<tr>\n<td width=\"203\">Dodge<\/td>\n<td width=\"160\">Challenger<\/td>\n<td width=\"200\">6.2 Hellcat<\/td>\n<td width=\"137\">2015\u20132023<\/td>\n<\/tr>\n<tr>\n<td width=\"203\">Dodge<\/td>\n<td width=\"160\">Challenger<\/td>\n<td>6.4<\/td>\n<td width=\"137\">2011\u20132023<\/td>\n<\/tr>\n<tr>\n<td>Dodge<\/td>\n<td>Charger<\/td>\n<td>5.7<\/td>\n<td>2009\u20132023<\/td>\n<\/tr>\n<tr>\n<td width=\"203\">Dodge<\/td>\n<td width=\"160\">Charger<\/td>\n<td width=\"200\">6.2 Hellcat<\/td>\n<td width=\"137\">2015\u20132023<\/td>\n<\/tr>\n<tr>\n<td width=\"203\">Dodge<\/td>\n<td width=\"160\">Charger<\/td>\n<td>6.4<\/td>\n<td width=\"137\">2011\u20132023<\/td>\n<\/tr>\n<tr>\n<td>Dodge<\/td>\n<td>Durango<\/td>\n<td>5.7<\/td>\n<td>2013\u20132025<\/td>\n<\/tr>\n<tr>\n<td width=\"203\">Dodge<\/td>\n<td width=\"160\">Durango<\/td>\n<td width=\"200\">6.2 Hellcat<\/td>\n<td width=\"137\">2021\u20132025<\/td>\n<\/tr>\n<tr>\n<td>Dodge<\/td>\n<td>Durango<\/td>\n<td>6.4<\/td>\n<td>2018\u20132024<\/td>\n<\/tr>\n<tr>\n<td>Jeep<\/td>\n<td>Commander<\/td>\n<td>5.7<\/td>\n<td>2009\u20132010<\/td>\n<\/tr>\n<tr>\n<td>Jeep<\/td>\n<td>Grand Cherokee<\/td>\n<td>5.7<\/td>\n<td>2009\u20132022<\/td>\n<\/tr>\n<tr>\n<td width=\"203\">Jeep<\/td>\n<td width=\"160\">Grand Cherokee<\/td>\n<td width=\"200\">6.2 Trackhawk<\/td>\n<td width=\"137\">2018\u20132021<\/td>\n<\/tr>\n<tr>\n<td>Jeep<\/td>\n<td>Grand Cherokee<\/td>\n<td>6.4<\/td>\n<td>2011\u20132021<\/td>\n<\/tr>\n<tr>\n<td>Jeep<\/td>\n<td>Wrangler<\/td>\n<td>6.4<\/td>\n<td>2021\u20132023<\/td>\n<\/tr>\n<tr>\n<td>RAM<\/td>\n<td>1500 \/ 2500 \/ 3500<\/td>\n<td>5.7<\/td>\n<td>2009\u20132024<\/td>\n<\/tr>\n<tr>\n<td width=\"203\">RAM<\/td>\n<td width=\"160\">1500<\/td>\n<td width=\"200\">6.2 TRX<\/td>\n<td width=\"137\">2021\u20132024<\/td>\n<\/tr>\n<tr>\n<td>RAM<\/td>\n<td>2500<\/td>\n<td>6.4<\/td>\n<td>2014\u20132025<\/td>\n<\/tr>\n<\/tbody>\n<\/table>\n<p>&nbsp;<\/p>","protected":false},"excerpt":{"rendered":"<p>Clevite Mahle Nockenwellenlager f\u00fcr Chrysler, Dodge, Jeep und RAM 5.7, 6.2 und 6.4 VVT Motoren &nbsp; Diese Tri-Metal 77-Motorlager kombinieren<\/p>","protected":false},"featured_media":68284809,"comment_status":"open","ping_status":"closed","template":"","meta":{"_acf_changed":false},"product_brand":[19065],"product_cat":[6708,6723,6488,6728,6658,6483,6713,6733,6663,6493,6738,6668,6498,19348,6718,6743,6673,6503,6508,6748,6753,9961,19353,6678],"product_tag":[52,217,91,93,367,365,54,53,48,536,4638,94,49,3853,3854,56,100,126,359,50,4425,36,3426,55,411,336,4637,366,4635,4639,102,4636,2353,356,175],"class_list":{"0":"post-68284520","1":"product","2":"type-product","3":"status-publish","4":"has-post-thumbnail","6":"product_brand-mahle","7":"product_cat-300c-57-2005-2010-nockenwelle-ventiltrieb","8":"product_cat-300c-57-2011-2023-nockenwelle-ventiltrieb","9":"product_cat-300c-64-nockenwelle-ventiltrieb","10":"product_cat-challenger-57-nockenwelle-ventiltrieb","11":"product_cat-challenger-hellcat-nockenwelle-ventiltrieb","12":"product_cat-challenger-64-nockenwelle-ventiltrieb","13":"product_cat-charger-57-nockenwelle-ventiltrieb","14":"product_cat-charger-57-2011-2023-nockenwelle-ventiltrieb","15":"product_cat-charger-hellcat-nockenwelle-ventiltrieb","16":"product_cat-charger-64-nockenwelle-ventiltrieb","17":"product_cat-durango-57-nockenwelle-ventiltrieb","18":"product_cat-durango-hellcat-nockenwelle-ventiltrieb","19":"product_cat-durango-64-nockenwelle-ventiltrieb","20":"product_cat-commander-57-nockenwelle-ventiltrieb","21":"product_cat-grand-cherokee-57-2005-2010-nockenwelle-ventiltrieb","22":"product_cat-grand-cherokee-57-2011-2021-nockenwelle-ventiltrieb","23":"product_cat-trackhawk-nockenwelle-ventiltrieb","24":"product_cat-grand-cherokee-64-nockenwelle-ventiltrieb","25":"product_cat-wrangler-64-nockenwelle-ventiltrieb","26":"product_cat-1500-57-2009-2018-classic-nockenwelle-ventiltrieb","27":"product_cat-1500-57-dt-nockenwelle-ventiltrieb","28":"product_cat-2500-3500-57-nockenwelle-ventiltrieb","29":"product_cat-2500-3500-64-nockenwelle-ventiltrieb","30":"product_cat-trx-nockenwelle-ventiltrieb","31":"product_tag-300c","32":"product_tag-217","33":"product_tag-5-7","34":"product_tag-6-4","35":"product_tag-begrenzer","36":"product_tag-cam","37":"product_tag-challenger","38":"product_tag-charger","39":"product_tag-chrysler","40":"product_tag-chrysler-300c","41":"product_tag-clevite","42":"product_tag-commander","43":"product_tag-dodge","44":"product_tag-dodge-challenger","45":"product_tag-dodge-charger","46":"product_tag-grand-cherokee","47":"product_tag-hellcat","48":"product_tag-hemi","49":"product_tag-hub","50":"product_tag-jeep","51":"product_tag-jeep-grand-cherokee","52":"product_tag-kraftwerk","53":"product_tag-lager","54":"product_tag-magnum","55":"product_tag-mahle","56":"product_tag-nockenwelle","57":"product_tag-nockenwellenlager","58":"product_tag-phaser","59":"product_tag-sh-2191s","60":"product_tag-sh2191s","61":"product_tag-trackhawk","62":"product_tag-trimetall","63":"product_tag-trx","64":"product_tag-vvt","65":"product_tag-wrangler","67":"first","68":"outofstock","69":"taxable","70":"shipping-taxable","71":"purchasable","72":"product-type-simple"},"bundled_by":[],"bundle_stock_status":"outofstock","bundle_stock_quantity":0,"bundle_virtual":false,"bundle_layout":"","bundle_add_to_cart_form_location":"","bundle_editable_in_cart":false,"bundle_sold_individually_context":"","bundle_item_grouping":"","bundle_min_size":"","bundle_max_size":"","bundle_price":[],"bundled_items":[],"bundle_sell_ids":[],"exclude_global_add_ons":[],"addons":[],"acf":[],"_links":{"self":[{"href":"https:\/\/kraftwerk-shop.cc\/cs\/wp-json\/wp\/v2\/product\/68284520","targetHints":{"allow":["GET"]}}],"collection":[{"href":"https:\/\/kraftwerk-shop.cc\/cs\/wp-json\/wp\/v2\/product"}],"about":[{"href":"https:\/\/kraftwerk-shop.cc\/cs\/wp-json\/wp\/v2\/types\/product"}],"replies":[{"embeddable":true,"href":"https:\/\/kraftwerk-shop.cc\/cs\/wp-json\/wp\/v2\/comments?post=68284520"}],"version-history":[{"count":0,"href":"https:\/\/kraftwerk-shop.cc\/cs\/wp-json\/wp\/v2\/product\/68284520\/revisions"}],"wp:featuredmedia":[{"embeddable":true,"href":"https:\/\/kraftwerk-shop.cc\/cs\/wp-json\/wp\/v2\/media\/68284809"}],"wp:attachment":[{"href":"https:\/\/kraftwerk-shop.cc\/cs\/wp-json\/wp\/v2\/media?parent=68284520"}],"wp:term":[{"taxonomy":"product_brand","embeddable":true,"href":"https:\/\/kraftwerk-shop.cc\/cs\/wp-json\/wp\/v2\/product_brand?post=68284520"},{"taxonomy":"product_cat","embeddable":true,"href":"https:\/\/kraftwerk-shop.cc\/cs\/wp-json\/wp\/v2\/product_cat?post=68284520"},{"taxonomy":"product_tag","embeddable":true,"href":"https:\/\/kraftwerk-shop.cc\/cs\/wp-json\/wp\/v2\/product_tag?post=68284520"}],"curies":[{"name":"wp","href":"https:\/\/api.w.org\/{rel}","templated":true}]}}