{"id":68284523,"date":"2023-02-14T14:50:46","date_gmt":"2023-02-14T13:50:46","guid":{"rendered":"https:\/\/kraftwerk-shop.cc\/?post_type=product&#038;p=68284523"},"modified":"2026-04-14T11:44:33","modified_gmt":"2026-04-14T09:44:33","slug":"lozisko-vackoveho-hridele-57-61","status":"publish","type":"product","link":"https:\/\/kraftwerk-shop.cc\/cs\/produkt\/nockenwellenlager-57-61\/","title":{"rendered":"Lo\u017eiska va\u010dkov\u00e9ho h\u0159\u00eddele pro motory 5.7 a 6.1"},"content":{"rendered":"<h1>Lo\u017eiska va\u010dkov\u00e9ho h\u0159\u00eddele Clevite Mahle pro motory Chrysler, Dodge a Jeep 5.7 a 6.1<\/h1>\n<p>&nbsp;<\/p>\n<p>Tyto dr\u017e\u00e1ky motoru Tri-Metal 77 kombinuj\u00ed pevnost vrstvy slitiny m\u011bdi a olova s ocelov\u00fdm z\u00e1kladem a galvanicky pokovenou babbittovou vrstvou.<br \/>\nOcelov\u00fd podklad zaji\u0161\u0165uje pevnost a odolnost, zat\u00edmco vrstva Babbitt poskytuje kritick\u00e9 vlastnosti povrchu, jako je kluznost a p\u0159izp\u016fsobivost.<br \/>\nTato ide\u00e1ln\u00ed konstrukce m\u00e1 vlastnosti, kter\u00e9 nenajdete ani v mnoha lo\u017eisk\u00e1ch origin\u00e1ln\u00edho vybaven\u00ed.<\/p>\n<p>&nbsp;<\/p>\n<p>&nbsp;<\/p>\n<p><strong>Vhodn\u00e9 pro:<\/strong><\/p>\n<table width=\"700\">\n<tbody>\n<tr>\n<td width=\"203\"><strong>Zna\u010dka<\/strong><\/td>\n<td width=\"160\"><strong>Model<\/strong><\/td>\n<td width=\"200\"><strong>Motor<\/strong><\/td>\n<td width=\"137\"><strong>Rok v\u00fdstavby<\/strong><\/td>\n<\/tr>\n<tr>\n<td>Chrysler<\/td>\n<td>300C<\/td>\n<td>5.7<\/td>\n<td>2005\u20132008<\/td>\n<\/tr>\n<tr>\n<td>Chrysler<\/td>\n<td>300C<\/td>\n<td>6.1<\/td>\n<td>2005\u20132010<\/td>\n<\/tr>\n<tr>\n<td>Dodge<\/td>\n<td>Challenger<\/td>\n<td>6.1<\/td>\n<td>2008\u20132010<\/td>\n<\/tr>\n<tr>\n<td>Dodge<\/td>\n<td>Charger<\/td>\n<td>5.7<\/td>\n<td>2005\u20132008<\/td>\n<\/tr>\n<tr>\n<td>Dodge<\/td>\n<td>Charger<\/td>\n<td>6.1<\/td>\n<td>2005\u20132010<\/td>\n<\/tr>\n<tr>\n<td>Dodge<\/td>\n<td>Magnum<\/td>\n<td>5.7<\/td>\n<td>2005\u20132008<\/td>\n<\/tr>\n<tr>\n<td>Dodge<\/td>\n<td>Magnum<\/td>\n<td>6.1<\/td>\n<td>2006\u20132008<\/td>\n<\/tr>\n<tr>\n<td>Jeep<\/td>\n<td>Commander<\/td>\n<td>5.7<\/td>\n<td>2006\u20132008<\/td>\n<\/tr>\n<tr>\n<td>Jeep<\/td>\n<td>Grand Cherokee<\/td>\n<td>5.7<\/td>\n<td>2005\u20132008<\/td>\n<\/tr>\n<tr>\n<td>Jeep<\/td>\n<td>Grand Cherokee<\/td>\n<td>6.1<\/td>\n<td>2006\u20132010<\/td>\n<\/tr>\n<\/tbody>\n<\/table>\n<p>&nbsp;<\/p>","protected":false},"excerpt":{"rendered":"<p>Lo\u017eiska va\u010dkov\u00e9ho h\u0159\u00eddele Clevite Mahle pro motory Chrysler, Dodge a Jeep 5.7 a 6.1 Tato lo\u017eiska motoru Tri-Metal 77 kombinuj\u00ed pevnost<\/p>","protected":false},"featured_media":68284806,"comment_status":"open","ping_status":"closed","template":"","meta":{"_acf_changed":false},"product_brand":[19065],"product_cat":[6708,6683,6688,6713,6693,8092,6697,19348,6718,6702],"product_tag":[52,91,92,365,54,53,48,536,4638,94,49,3853,3854,56,126,50,4425,36,3426,55,411,336,4637,366,4641,4640,1056,164,4636,356],"class_list":{"0":"post-68284523","1":"product","2":"type-product","3":"status-publish","4":"has-post-thumbnail","6":"product_brand-mahle","7":"product_cat-300c-57-2005-2010-nockenwelle-ventiltrieb","8":"product_cat-300c-61-nockenwelle-ventiltrieb","9":"product_cat-challenger-61-nockenwelle-ventiltrieb","10":"product_cat-charger-57-nockenwelle-ventiltrieb","11":"product_cat-charger-61-nockenwelle-ventiltrieb","12":"product_cat-magnum-57-nockenwelle-ventiltrieb","13":"product_cat-magnum-61-nockenwelle-ventiltrieb","14":"product_cat-commander-57-nockenwelle-ventiltrieb","15":"product_cat-grand-cherokee-57-2005-2010-nockenwelle-ventiltrieb","16":"product_cat-grand-cherokee-61-nockenwelle-ventiltrieb","17":"product_tag-300c","18":"product_tag-5-7","19":"product_tag-6-1","20":"product_tag-cam","21":"product_tag-challenger","22":"product_tag-charger","23":"product_tag-chrysler","24":"product_tag-chrysler-300c","25":"product_tag-clevite","26":"product_tag-commander","27":"product_tag-dodge","28":"product_tag-dodge-challenger","29":"product_tag-dodge-charger","30":"product_tag-grand-cherokee","31":"product_tag-hemi","32":"product_tag-jeep","33":"product_tag-jeep-grand-cherokee","34":"product_tag-kraftwerk","35":"product_tag-lager","36":"product_tag-magnum","37":"product_tag-mahle","38":"product_tag-nockenwelle","39":"product_tag-nockenwellenlager","40":"product_tag-phaser","41":"product_tag-sh-1990s","42":"product_tag-sh1990s","43":"product_tag-srt-8","44":"product_tag-srt8","45":"product_tag-trimetall","46":"product_tag-vvt","48":"first","49":"instock","50":"taxable","51":"shipping-taxable","52":"purchasable","53":"product-type-simple"},"bundled_by":[],"bundle_stock_status":"instock","bundle_stock_quantity":1,"bundle_virtual":false,"bundle_layout":"","bundle_add_to_cart_form_location":"","bundle_editable_in_cart":false,"bundle_sold_individually_context":"","bundle_item_grouping":"","bundle_min_size":"","bundle_max_size":"","bundle_price":[],"bundled_items":[],"bundle_sell_ids":[],"exclude_global_add_ons":[],"addons":[],"acf":[],"_links":{"self":[{"href":"https:\/\/kraftwerk-shop.cc\/cs\/wp-json\/wp\/v2\/product\/68284523","targetHints":{"allow":["GET"]}}],"collection":[{"href":"https:\/\/kraftwerk-shop.cc\/cs\/wp-json\/wp\/v2\/product"}],"about":[{"href":"https:\/\/kraftwerk-shop.cc\/cs\/wp-json\/wp\/v2\/types\/product"}],"replies":[{"embeddable":true,"href":"https:\/\/kraftwerk-shop.cc\/cs\/wp-json\/wp\/v2\/comments?post=68284523"}],"version-history":[{"count":0,"href":"https:\/\/kraftwerk-shop.cc\/cs\/wp-json\/wp\/v2\/product\/68284523\/revisions"}],"wp:featuredmedia":[{"embeddable":true,"href":"https:\/\/kraftwerk-shop.cc\/cs\/wp-json\/wp\/v2\/media\/68284806"}],"wp:attachment":[{"href":"https:\/\/kraftwerk-shop.cc\/cs\/wp-json\/wp\/v2\/media?parent=68284523"}],"wp:term":[{"taxonomy":"product_brand","embeddable":true,"href":"https:\/\/kraftwerk-shop.cc\/cs\/wp-json\/wp\/v2\/product_brand?post=68284523"},{"taxonomy":"product_cat","embeddable":true,"href":"https:\/\/kraftwerk-shop.cc\/cs\/wp-json\/wp\/v2\/product_cat?post=68284523"},{"taxonomy":"product_tag","embeddable":true,"href":"https:\/\/kraftwerk-shop.cc\/cs\/wp-json\/wp\/v2\/product_tag?post=68284523"}],"curies":[{"name":"wp","href":"https:\/\/api.w.org\/{rel}","templated":true}]}}