{"id":68284552,"date":"2023-02-10T21:46:51","date_gmt":"2023-02-10T20:46:51","guid":{"rendered":"https:\/\/kraftwerk-shop.cc\/?post_type=product&#038;p=68284552"},"modified":"2026-02-26T12:16:51","modified_gmt":"2026-02-26T11:16:51","slug":"tazer-jl-lite-wrangler-gladiator","status":"publish","type":"product","link":"https:\/\/kraftwerk-shop.cc\/cs\/produkt\/tazer-jl-lite-wrangler-gladiator\/","title":{"rendered":"Program\u00e1tor Tazer JL Lite Wrangler &amp; Gladiator"},"content":{"rendered":"<h1 class=\"product-title product_title entry-title\">Program\u00e1tor Tazer JL Lite pro Jeep Wrangler &amp; Gladiator<\/h1>\n<p>&nbsp;<\/p>\n<p>Tazer JL Lite je nepostradateln\u00e9 programovac\u00ed\/k\u00f3dovac\u00ed za\u0159\u00edzen\u00ed pro majitele voz\u016f Wrangler JL a Jeep Gladiator 2018+.<br \/>\nPodporov\u00e1ny jsou v\u0161echny varianty motor\u016f a p\u0159evodovek, v\u010detn\u011b exportn\u00edch model\u016f.<\/p>\n<p>Jednodu\u0161e vyjm\u011bte modul SGW a na jeho m\u00edsto vlo\u017ete Tazer JL Lite. Je um\u00edst\u011bn nad diagnostick\u00fdm konektorem OBD2. M\u016f\u017eete tak\u00e9 nainstalovat prodlu\u017eovac\u00ed kabel SGW, abyste si usnadnili demont\u00e1\u017e a op\u011btovnou instalaci p\u0159i n\u00e1v\u0161t\u011bv\u011b prodejce.<\/p>\n<p>V\u0161echny funkce jsou p\u0159\u00edstupn\u00e9 prost\u0159ednictv\u00edm sdru\u017een\u00fdch p\u0159\u00edstroj\u016f a tla\u010d\u00edtek na volantu pro navigaci v nab\u00eddk\u00e1ch.<\/p>\n<p>&nbsp;<\/p>\n<p><strong>Funkce Tazeru JL Lite lze rozd\u011blit do t\u0159\u00ed kategori\u00ed:<\/strong><\/p>\n<ul>\n<li>Na <strong>Nastaven\u00ed vozidla<\/strong> je p\u0159\u00edstupn\u00fd, kdy\u017e je motor vypnut\u00fd a zapalov\u00e1n\u00ed je v poloze \"RUN\". Jedn\u00e1 se o zm\u011bny, kter\u00e9 se prov\u00e1d\u011bj\u00ed na vozidle Jeep, jako je velikost pneumatik, p\u0159evodov\u00fd pom\u011br nebo nastaven\u00ed zohled\u0148uj\u00edc\u00ed dal\u0161\u00ed vylep\u0161en\u00ed. Tyto zm\u011bny se zachovaj\u00ed, i kdy\u017e je za\u0159\u00edzen\u00ed Tazer JL Lite odpojeno od vozidla.<\/li>\n<li>Na <strong>Funkce Live<\/strong> je p\u0159\u00edstupn\u00fd po zapnut\u00ed motoru. Tyto procesy prov\u00e1d\u00ed Tazer JL Lite v re\u00e1ln\u00e9m \u010dase, pouze kdy\u017e je fyzicky p\u0159ipojen k vozidlu.<\/li>\n<li><strong>\"Funkce \u017eiv\u00e9ho vstupu, kter\u00e9 nejsou v menu<\/strong> nejsou um\u00edst\u011bny v nab\u00eddce. Aktivuj\u00ed se automaticky nebo kombinac\u00ed tla\u010d\u00edtek na volantu. Jedn\u00e1 se o procesy, kter\u00e9 Tazer JL Lite prov\u00e1d\u00ed pouze v p\u0159\u00edm\u00e9m p\u0159enosu, kdy\u017e je fyzicky p\u0159ipojen.<\/li>\n<\/ul>\n<p>&nbsp;<\/p>\n<p><strong>Seznam nastaven\u00ed vozidla:<\/strong><\/p>\n<ul>\n<li>Sv\u011bteln\u00e1 show\n<ul>\n<li>6 p\u0159ednastaven\u00fdch a 3 p\u0159izp\u016fsoben\u00e9 sv\u011bteln\u00e9 show, p\u0159i kter\u00fdch blikaj\u00ed v\u0161echna vn\u011bj\u0161\u00ed sv\u011btla.<\/li>\n<li>Ide\u00e1ln\u00ed pro autosalony \/ prvn\u00ed pomoc \/ viditelnost v ter\u00e9nu - ovl\u00e1d\u00e1n\u00ed pomoc\u00ed kl\u00ed\u010dku od vozidla nebo tla\u010d\u00edtek na volantu.<\/li>\n<li>lze aktivovat za j\u00edzdy pro pou\u017eit\u00ed p\u0159i p\u0159ehl\u00eddk\u00e1ch, v ter\u00e9nu a pro leg\u00e1ln\u00ed policejn\u00ed nebo z\u00e1chran\u00e1\u0159sk\u00e9 aplikace.<\/li>\n<\/ul>\n<\/li>\n<li>\u010cten\u00ed a zobrazov\u00e1n\u00ed chybov\u00fdch k\u00f3d\u016f v cel\u00e9m syst\u00e9mu nebo v konkr\u00e9tn\u00edch modulech.<\/li>\n<li>Zm\u011bna velikosti pneumatik (nastaven\u00ed tachometru)<\/li>\n<li>Zm\u011bna p\u0159evodov\u00e9ho pom\u011bru (max. 4,11 pro 4XE)<\/li>\n<li>Zm\u011bna p\u0159evodov\u00e9ho pom\u011bru p\u0159evodovky LOW<\/li>\n<li>Syst\u00e9m kontroly tlaku v pneumatik\u00e1ch (TPMS) Aktivace\/deaktivace syst\u00e9mu<\/li>\n<li>Nastaven\u00ed v\u00fdstra\u017en\u00e9ho limitu tlaku TPMS vp\u0159edu a vzadu v rozmez\u00ed 25psi a\u017e 85psi<\/li>\n<li>N\u00e1vrat do p\u016fvodn\u00edho stavu jedn\u00edm dotykem - rychl\u00e1 funkce \"Unmarry\" obnov\u00ed v\u0161echna nastaven\u00ed do v\u00fdchoz\u00edho stavu.<\/li>\n<\/ul>\n<p>&nbsp;<\/p>\n<p><strong>Seznam \u017eiv\u00fdch funkc\u00ed:<\/strong><\/p>\n<ul>\n<li>Aktivace sv\u011bteln\u00e9 show<\/li>\n<li>Nastaven\u00ed rychlosti re\u017eimu navij\u00e1ku (krom\u011b 4XE)<\/li>\n<li>Blikaj\u00edc\u00ed kontrolky indikuj\u00edc\u00ed tlak v pneumatik\u00e1ch p\u0159i dopl\u0148ov\u00e1n\u00ed paliva<\/li>\n<li>Tmav\u00fd re\u017eim - vypne ve\u0161ker\u00e9 vn\u011bj\u0161\u00ed osv\u011btlen\u00ed a osv\u011btlen\u00ed sdru\u017een\u00fdch p\u0159\u00edstroj\u016f\/r\u00e1dia\/\u0159adic\u00ed p\u00e1ky, kdy\u017e vozidlo stoj\u00ed a motor b\u011b\u017e\u00ed.<\/li>\n<li>Aktivace a p\u0159ep\u00edn\u00e1n\u00ed mezi vstupy kamery<\/li>\n<li>Zobrazen\u00ed indik\u00e1toru podtlaku\/zv\u00fd\u0161en\u00ed tlaku<\/li>\n<li>0-30 Aktivace \u010dasova\u010de<\/li>\n<li>Aktivace \u010dasova\u010de 0-60<\/li>\n<\/ul>\n<p>&nbsp;<\/p>\n<p><strong>Seznam \u017eiv\u00fdch funkc\u00ed, kter\u00e9 nejsou v menu<\/strong><\/p>\n<ul>\n<li>Deaktivace funkce AutoStopStart - Tazer JL Mini si automaticky zapamatuje posledn\u00ed stav automatick\u00e9ho syst\u00e9mu start\/stop a p\u0159i p\u0159\u00ed\u0161t\u00edm nastartov\u00e1n\u00ed jej resetuje.<\/li>\n<li>Odpojen\u00ed stabiliz\u00e1toru v re\u017eimu 2WD do rychlosti 30 km\/h nebo p\u0159i jak\u00e9koli rychlosti, pokud je p\u0159i\u0159azen tla\u010d\u00edtku.<\/li>\n<li>Re\u017eim chlazen\u00ed - v p\u0159\u00edpad\u011b pot\u0159eby zapne ventil\u00e1tory motoru.<\/li>\n<li>Re\u017eim navij\u00e1ku - zv\u00fd\u0161en\u00ed volnob\u011b\u017en\u00fdch ot\u00e1\u010dek na voln\u011b volitelnou hodnotu mezi 1250 a 2000 (krom\u011b 4XE).<\/li>\n<li>Line Lock - uzamkne p\u0159edn\u00ed brzdy pro snadn\u00e9 vyho\u0159en\u00ed.<\/li>\n<li>Rock Crawl - kombinace tla\u010d\u00edtek na volantu zablokuje v\u0161echny \u010dty\u0159i brzdy a udr\u017e\u00ed vozidlo v klidu, co\u017e je u\u017eite\u010dn\u00e9 zejm\u00e9na v ter\u00e9nu (krom\u011b 4XE).<\/li>\n<li>Zablokov\u00e1n\u00ed v\u0161ech \u010dty\u0159 brzd v parkovac\u00ed poloze pro ukotven\u00ed Jeepu (zkratka) (krom\u011b 4XE).<\/li>\n<li>\u010c\u00e1ste\u010dn\u00fd restart<\/li>\n<\/ul>\n<p>&nbsp;<\/p>\n<p><strong>Vhodn\u00e9 pro:<\/strong><\/p>\n<table width=\"357\">\n<tbody>\n<tr>\n<td width=\"114\"><strong>Zna\u010dka<\/strong><\/td>\n<td width=\"121\"><strong>Model<\/strong><\/td>\n<td width=\"122\"><strong>Rok v\u00fdstavby<\/strong><\/td>\n<\/tr>\n<tr>\n<td width=\"114\">Jeep<\/td>\n<td width=\"121\">Gladi\u00e1tor<\/td>\n<td width=\"122\">2020\u20132026<\/td>\n<\/tr>\n<tr>\n<td width=\"114\">Jeep<\/td>\n<td width=\"121\">Wrangler<\/td>\n<td width=\"122\">2018\u20132026<\/td>\n<\/tr>\n<\/tbody>\n<\/table>\n<p>&nbsp;<\/p>\n<p>Tazer JL Lite lze kdykoli upgradovat na plnou verzi Tazer JL Mini prost\u0159ednictv\u00edm USB zakoupen\u00edm aktiva\u010dn\u00edho kl\u00ed\u010de.<\/p>\n<h3>Jsme autorizovan\u00fdm prodejcem Z-Automotive!<\/h3>\n<p>&nbsp;<\/p>","protected":false},"excerpt":{"rendered":"<p>2018\u20132026<\/p>","protected":false},"featured_media":68284870,"comment_status":"open","ping_status":"closed","template":"","meta":{"_acf_changed":false},"product_brand":[17480],"product_cat":[2951,19705,3014,2945,19767,3362,2959],"product_tag":[3474,455,456,460,452,3475,3476,3471,3470,431,462,4643,3481,429,49,3472,461,447,115,454,2217,453,50,903,441,36,450,451,457,531,445,438,449,448,444,459,3477,517,1154,3473,3479,3480,2980,446,463,443,442,3478,3482,3483,464,175,470,2991,440,458],"class_list":{"0":"post-68284552","1":"product","2":"type-product","3":"status-publish","4":"has-post-thumbnail","6":"product_brand-z-automotive","7":"product_cat-wrangler-36-programmiergeraete","8":"product_cat-gladiator-ecodiesel-programmiergeraete","9":"product_cat-gladiator-36-programmiergeraete","10":"product_cat-wrangler-20-turbo-programmiergeraete","11":"product_cat-wrangler-30-ecodiesel-programmiergeraete","12":"product_cat-wrangler-36-getriebe","13":"product_cat-wrangler-64-programmiergeraete","14":"product_tag-achsuebersetzung","15":"product_tag-adaption","16":"product_tag-adaptionswerte","17":"product_tag-aktivieren","18":"product_tag-allrad","19":"product_tag-anpassen","20":"product_tag-anpassung","21":"product_tag-app","22":"product_tag-blaster","23":"product_tag-burnout","24":"product_tag-codieren","25":"product_tag-codiergeraet","26":"product_tag-codierung","27":"product_tag-deutschland","28":"product_tag-dodge","29":"product_tag-download","30":"product_tag-einschalten","31":"product_tag-evic","32":"product_tag-getriebe","33":"product_tag-getriebesteuerung","34":"product_tag-gladiator","35":"product_tag-heckantrieb","36":"product_tag-jeep","37":"product_tag-jl","38":"product_tag-kaufen","39":"product_tag-kraftwerk","40":"product_tag-lenkradschaltung","41":"product_tag-line-lock","42":"product_tag-loeschen","43":"product_tag-mini","44":"product_tag-nebelleuchten","45":"product_tag-obd","46":"product_tag-paddle-shifter","47":"product_tag-paddles","48":"product_tag-performance-pages","49":"product_tag-programmieren","50":"product_tag-programmierer","51":"product_tag-programmiergeraet","52":"product_tag-programmierung","53":"product_tag-reifenabrollumfang","54":"product_tag-reifendruck","55":"product_tag-reifendrucksensoren","56":"product_tag-rubicon","57":"product_tag-rueckfahrkamera","58":"product_tag-shop","59":"product_tag-sport-modus","60":"product_tag-tazer","61":"product_tag-tpms","62":"product_tag-umcodieren","63":"product_tag-umcodierung","64":"product_tag-webshop","65":"product_tag-wrangler","66":"product_tag-z-auto","67":"product_tag-zauto","68":"product_tag-zautotech","69":"product_tag-zuruecksetzen","71":"first","72":"instock","73":"taxable","74":"shipping-taxable","75":"purchasable","76":"product-type-simple"},"bundled_by":[],"bundle_stock_status":"instock","bundle_stock_quantity":4,"bundle_virtual":false,"bundle_layout":"","bundle_add_to_cart_form_location":"","bundle_editable_in_cart":false,"bundle_sold_individually_context":"","bundle_item_grouping":"","bundle_min_size":"","bundle_max_size":"","bundle_price":[],"bundled_items":[],"bundle_sell_ids":[],"exclude_global_add_ons":[],"addons":[],"acf":[],"_links":{"self":[{"href":"https:\/\/kraftwerk-shop.cc\/cs\/wp-json\/wp\/v2\/product\/68284552","targetHints":{"allow":["GET"]}}],"collection":[{"href":"https:\/\/kraftwerk-shop.cc\/cs\/wp-json\/wp\/v2\/product"}],"about":[{"href":"https:\/\/kraftwerk-shop.cc\/cs\/wp-json\/wp\/v2\/types\/product"}],"replies":[{"embeddable":true,"href":"https:\/\/kraftwerk-shop.cc\/cs\/wp-json\/wp\/v2\/comments?post=68284552"}],"version-history":[{"count":0,"href":"https:\/\/kraftwerk-shop.cc\/cs\/wp-json\/wp\/v2\/product\/68284552\/revisions"}],"wp:featuredmedia":[{"embeddable":true,"href":"https:\/\/kraftwerk-shop.cc\/cs\/wp-json\/wp\/v2\/media\/68284870"}],"wp:attachment":[{"href":"https:\/\/kraftwerk-shop.cc\/cs\/wp-json\/wp\/v2\/media?parent=68284552"}],"wp:term":[{"taxonomy":"product_brand","embeddable":true,"href":"https:\/\/kraftwerk-shop.cc\/cs\/wp-json\/wp\/v2\/product_brand?post=68284552"},{"taxonomy":"product_cat","embeddable":true,"href":"https:\/\/kraftwerk-shop.cc\/cs\/wp-json\/wp\/v2\/product_cat?post=68284552"},{"taxonomy":"product_tag","embeddable":true,"href":"https:\/\/kraftwerk-shop.cc\/cs\/wp-json\/wp\/v2\/product_tag?post=68284552"}],"curies":[{"name":"wp","href":"https:\/\/api.w.org\/{rel}","templated":true}]}}