{"id":68284638,"date":"2023-02-11T17:54:36","date_gmt":"2023-02-11T16:54:36","guid":{"rendered":"https:\/\/kraftwerk-shop.cc\/?post_type=product&#038;p=68284638"},"modified":"2026-02-15T00:43:13","modified_gmt":"2026-02-14T23:43:13","slug":"roush-vzduchovy-filtracni-system-422233-bronco","status":"publish","type":"product","link":"https:\/\/kraftwerk-shop.cc\/cs\/produkt\/roush-luftfiltersystem-422233-bronco\/","title":{"rendered":"Syst\u00e9m vzduchov\u00fdch filtr\u016f Roush Bronco"},"content":{"rendered":"<h1>Vzduchov\u00fd filtra\u010dn\u00ed syst\u00e9m Roush 422233 pro Ford Bronco 2.3 a 2.7 EcoBoost<\/h1>\n<p>Syst\u00e9m s\u00e1n\u00ed vzduchu ROUSH Performance pro Ford Bronco je vhodn\u00fd pro v\u0161echny \u00farovn\u011b v\u00fdbavy a konfigurace podvozku (dvoudve\u0159ov\u00fd nebo \u010dty\u0159dve\u0159ov\u00fd).<br \/>\nSpojen\u00edm zku\u0161enost\u00ed z ter\u00e9nn\u00edch z\u00e1vod\u016f a technick\u00fdch dovednost\u00ed vyvinula spole\u010dnost ROUSH syst\u00e9m s\u00e1n\u00ed vzduchu, kter\u00fd zv\u011bt\u0161uje plochu vzduchov\u00e9ho filtru, ani\u017e by do\u0161lo ke zm\u011bn\u011b motorov\u00e9ho prostoru.<\/p>\n<p>Syst\u00e9m s\u00e1n\u00ed vzduchu je vyroben z odoln\u00e9ho vst\u0159ikovan\u00e9ho plastu se snadno \u010distitelnou strukturou, kter\u00e1 je slad\u011bna s panely pod kapotou, tak\u017ee vypad\u00e1 jako origin\u00e1ln\u00ed d\u00edl.<br \/>\nPr\u016fhledn\u00e9 ok\u00e9nko v\u00e1m umo\u017en\u00ed sledovat vzduchov\u00fd filtr, kdy\u017e jste na cest\u00e1ch, ani\u017e byste museli demontovat sou\u010d\u00e1sti, tak\u017ee si m\u016f\u017eete d\u00e1l u\u017e\u00edvat m\u00e9n\u011b frekventovan\u00fdch cest.<\/p>\n<p>Ka\u017ed\u00fd syst\u00e9m s\u00e1n\u00ed vzduchu ROUSH Performance Bronco obsahuje p\u0159edfiltr, kter\u00fd je navr\u017een tak, aby odpuzoval vodu a zadr\u017eoval v\u011bt\u0161\u00ed ne\u010distoty, aby filtr z\u016fstal \u010dist\u00fd a z\u00e1rove\u0148 umo\u017e\u0148oval pr\u016fchod vzduchu pro d\u00fdch\u00e1n\u00ed motoru. P\u0159edfiltr s logem ROUSH \"R\" se jednodu\u0161e nasad\u00ed na sac\u00ed trakt jako n\u00e1vlek.<br \/>\nDoporu\u010dujeme pravideln\u011b vyjmout a vy\u010distit p\u0159edfiltr, aby se zabr\u00e1nilo usazenin\u00e1m a prodlou\u017eila se \u017eivotnost filtru.<\/p>\n<p>&nbsp;<\/p>\n<ul>\n<li>Vhodn\u00e9 pro v\u0161echny vozy Ford Bronco 2.3L a 2.7L<\/li>\n<li>30% v\u011bt\u0161\u00ed filtra\u010dn\u00ed plocha ne\u017e u origin\u00e1ln\u00edch filtr\u016f<\/li>\n<li>Udr\u017euje odvod vody z v\u00fdroby (zabra\u0148uje vniknut\u00ed vody do motoru).<\/li>\n<li>V\u010detn\u011b t\u011bsn\u011bn\u00ed s\u00e1n\u00ed, kter\u00e9 vzduchot\u011bsn\u011b chr\u00e1n\u00ed vzduchov\u00fd filtr p\u0159ed ne\u010distotami a vodou.<\/li>\n<li>Vyrobeno z odoln\u00e9ho vst\u0159ikovan\u00e9ho plastu.<\/li>\n<li>Zachov\u00e1n\u00ed mont\u00e1\u017en\u00edch pozic z v\u00fdroby a pou\u017eit\u00ed upev\u0148ovac\u00edch materi\u00e1l\u016f pro rychlou a snadnou instalaci.<\/li>\n<li>Snadno se \u010dist\u00ed \/ nen\u00ed t\u0159eba olejovat<\/li>\n<li>Zv\u00fd\u0161en\u00e1 hlu\u010dnost sac\u00edho syst\u00e9mu<\/li>\n<li>P\u0159edfiltr pro ter\u00e9nn\u00ed vozidla je sou\u010d\u00e1st\u00ed dod\u00e1vky<\/li>\n<li>Pr\u016fhledn\u00fd kryt pro sledov\u00e1n\u00ed v\u00fdkonu filtru<\/li>\n<li>Odznak ROUSH<\/li>\n<\/ul>\n<p>&nbsp;<\/p>\n<p><strong>Vhodn\u00e9 pro:<\/strong><\/p>\n<table width=\"700\">\n<tbody>\n<tr>\n<td width=\"203\"><strong>Zna\u010dka<\/strong><\/td>\n<td width=\"160\"><strong>Model<\/strong><\/td>\n<td width=\"200\"><strong>Motor<\/strong><\/td>\n<td width=\"137\"><strong>Rok v\u00fdstavby<\/strong><\/td>\n<\/tr>\n<tr>\n<td>Ford<\/td>\n<td>Bronco<\/td>\n<td>2.3 EcoBoost<\/td>\n<td>2021\u20132023<\/td>\n<\/tr>\n<tr>\n<td>Ford<\/td>\n<td>Bronco<\/td>\n<td>2.7 EcoBoost<\/td>\n<td>2021\u20132023<\/td>\n<\/tr>\n<\/tbody>\n<\/table>","protected":false},"excerpt":{"rendered":"<p>Vzduchov\u00fd filtra\u010dn\u00ed syst\u00e9m Roush 422233 pro Ford Bronco 2.3 a 2.7 EcoBoost Vzduchov\u00fd filtra\u010dn\u00ed syst\u00e9m ROUSH Performance pro Ford Bronco.<\/p>","protected":false},"featured_media":68284641,"comment_status":"open","ping_status":"closed","template":"","meta":{"_acf_changed":false},"product_brand":[],"product_cat":[4671,4672],"product_tag":[4020,87,4670,4676,4674,825,3873,917,20273,57,4675,500],"class_list":{"0":"post-68284638","1":"product","2":"type-product","3":"status-publish","4":"has-post-thumbnail","6":"product_cat-bronco-23-ecoboost-ansaugung","7":"product_cat-bronco-27-ecoboost-ansaugung","8":"product_tag-2-3","9":"product_tag-2-7","10":"product_tag-4670","11":"product_tag-air-intake-system","12":"product_tag-bronco","13":"product_tag-cold-air-intake","14":"product_tag-ecoboost","15":"product_tag-ford","16":"product_tag-keintuev","17":"product_tag-luftfilter","18":"product_tag-roush","19":"product_tag-sportluftfilter","20":"product_shipping_class-deutschlandohne","22":"first","23":"onbackorder","24":"taxable","25":"shipping-taxable","26":"purchasable","27":"product-type-simple"},"bundled_by":[],"bundle_stock_status":"onbackorder","bundle_stock_quantity":0,"bundle_virtual":false,"bundle_layout":"","bundle_add_to_cart_form_location":"","bundle_editable_in_cart":false,"bundle_sold_individually_context":"","bundle_item_grouping":"","bundle_min_size":"","bundle_max_size":"","bundle_price":[],"bundled_items":[],"bundle_sell_ids":[],"exclude_global_add_ons":[],"addons":[],"acf":[],"_links":{"self":[{"href":"https:\/\/kraftwerk-shop.cc\/cs\/wp-json\/wp\/v2\/product\/68284638","targetHints":{"allow":["GET"]}}],"collection":[{"href":"https:\/\/kraftwerk-shop.cc\/cs\/wp-json\/wp\/v2\/product"}],"about":[{"href":"https:\/\/kraftwerk-shop.cc\/cs\/wp-json\/wp\/v2\/types\/product"}],"replies":[{"embeddable":true,"href":"https:\/\/kraftwerk-shop.cc\/cs\/wp-json\/wp\/v2\/comments?post=68284638"}],"version-history":[{"count":0,"href":"https:\/\/kraftwerk-shop.cc\/cs\/wp-json\/wp\/v2\/product\/68284638\/revisions"}],"wp:featuredmedia":[{"embeddable":true,"href":"https:\/\/kraftwerk-shop.cc\/cs\/wp-json\/wp\/v2\/media\/68284641"}],"wp:attachment":[{"href":"https:\/\/kraftwerk-shop.cc\/cs\/wp-json\/wp\/v2\/media?parent=68284638"}],"wp:term":[{"taxonomy":"product_brand","embeddable":true,"href":"https:\/\/kraftwerk-shop.cc\/cs\/wp-json\/wp\/v2\/product_brand?post=68284638"},{"taxonomy":"product_cat","embeddable":true,"href":"https:\/\/kraftwerk-shop.cc\/cs\/wp-json\/wp\/v2\/product_cat?post=68284638"},{"taxonomy":"product_tag","embeddable":true,"href":"https:\/\/kraftwerk-shop.cc\/cs\/wp-json\/wp\/v2\/product_tag?post=68284638"}],"curies":[{"name":"wp","href":"https:\/\/api.w.org\/{rel}","templated":true}]}}