{"id":68284737,"date":"2023-02-12T22:58:27","date_gmt":"2023-02-12T22:58:27","guid":{"rendered":"https:\/\/kraftwerk-shop.cc\/produkt\/mopar-stoesselstange-auslass\/"},"modified":"2026-02-14T23:59:02","modified_gmt":"2026-02-14T22:59:02","slug":"mopar-pushrod-outlet-05037475ac","status":"publish","type":"product","link":"https:\/\/kraftwerk-shop.cc\/cs\/produkt\/mopar-stoesselstange-auslass-05037475ac\/","title":{"rendered":"Tla\u010dn\u00e1 ty\u010d Mopar 6.1, v\u00fdfuk (05037475AC)"},"content":{"rendered":"<h1>P\u016fvodn\u00ed Mopar <span class=\"list-value sku-display\">Tla\u010dn\u00e1 ty\u010d (v\u00fdstup) <\/span>05037475AC pro Chrysler, Dodge a Jeep 6.1 SRT8<\/h1>\n<p>&nbsp;<\/p>\n<p><strong>\u010c\u00edslo d\u00edlu Mopar:<\/strong> 05037475AC<br \/>\n<strong>Nahrazeno:<\/strong>\u00a0 <span class=\"list-value\">5037475AB<\/span><\/p>\n<p>&nbsp;<\/p>\n<p><strong><br \/>\nVhodn\u00e9 pro:<\/strong><\/p>\n<table width=\"538\">\n<tbody>\n<tr>\n<td width=\"64\"><strong>Rok v\u00fdstavby<\/strong><\/td>\n<td width=\"83\"><strong>Zna\u010dka<\/strong><\/td>\n<td width=\"146\"><strong>Model<\/strong><\/td>\n<td width=\"110\"><strong>Verze<\/strong><\/td>\n<td width=\"135\"><strong>Motor<\/strong><\/td>\n<\/tr>\n<tr>\n<td width=\"64\">2010<\/td>\n<td width=\"83\">Chrysler<\/td>\n<td width=\"146\">300<\/td>\n<td width=\"110\">C SRT8<\/td>\n<td width=\"135\">6.1L<\/td>\n<\/tr>\n<tr>\n<td width=\"64\">2010<\/td>\n<td width=\"83\">Dodge<\/td>\n<td width=\"146\">Challenger<\/td>\n<td width=\"110\">SRT8<\/td>\n<td width=\"135\">6.1L<\/td>\n<\/tr>\n<tr>\n<td width=\"64\">2010<\/td>\n<td width=\"83\">Dodge<\/td>\n<td width=\"146\">Charger<\/td>\n<td width=\"110\">SRT8<\/td>\n<td width=\"135\">6.1L<\/td>\n<\/tr>\n<tr>\n<td width=\"64\">2010<\/td>\n<td width=\"83\">Jeep<\/td>\n<td width=\"146\">Grand Cherokee<\/td>\n<td width=\"110\">SRT8<\/td>\n<td width=\"135\">6.1L<\/td>\n<\/tr>\n<tr>\n<td width=\"64\">2009<\/td>\n<td width=\"83\">Chrysler<\/td>\n<td width=\"146\">300<\/td>\n<td width=\"110\">C SRT8<\/td>\n<td width=\"135\">6.1L<\/td>\n<\/tr>\n<tr>\n<td width=\"64\">2009<\/td>\n<td width=\"83\">Dodge<\/td>\n<td width=\"146\">Challenger<\/td>\n<td width=\"110\">SRT8<\/td>\n<td width=\"135\">6.1L<\/td>\n<\/tr>\n<tr>\n<td width=\"64\">2009<\/td>\n<td width=\"83\">Dodge<\/td>\n<td width=\"146\">Charger<\/td>\n<td width=\"110\">SRT8<\/td>\n<td width=\"135\">6.1L<\/td>\n<\/tr>\n<tr>\n<td width=\"64\">2009<\/td>\n<td width=\"83\">Jeep<\/td>\n<td width=\"146\">Grand Cherokee<\/td>\n<td width=\"110\">SRT8<\/td>\n<td width=\"135\">6.1L<\/td>\n<\/tr>\n<tr>\n<td width=\"64\">2008<\/td>\n<td width=\"83\">Chrysler<\/td>\n<td width=\"146\">300<\/td>\n<td width=\"110\">C SRT8<\/td>\n<td width=\"135\">6.1L<\/td>\n<\/tr>\n<tr>\n<td width=\"64\">2008<\/td>\n<td width=\"83\">Dodge<\/td>\n<td width=\"146\">Challenger<\/td>\n<td width=\"110\">SRT8<\/td>\n<td width=\"135\">6.1L<\/td>\n<\/tr>\n<tr>\n<td width=\"64\">2008<\/td>\n<td width=\"83\">Dodge<\/td>\n<td width=\"146\">Charger<\/td>\n<td width=\"110\">SRT8<\/td>\n<td width=\"135\">6.1L<\/td>\n<\/tr>\n<tr>\n<td width=\"64\">2008<\/td>\n<td width=\"83\">Dodge<\/td>\n<td width=\"146\">Magnum<\/td>\n<td width=\"110\">SRT8<\/td>\n<td width=\"135\">6.1L<\/td>\n<\/tr>\n<tr>\n<td width=\"64\">2008<\/td>\n<td width=\"83\">Jeep<\/td>\n<td width=\"146\">Grand Cherokee<\/td>\n<td width=\"110\">SRT8<\/td>\n<td width=\"135\">6.1L<\/td>\n<\/tr>\n<tr>\n<td width=\"64\">2007<\/td>\n<td width=\"83\">Chrysler<\/td>\n<td width=\"146\">300<\/td>\n<td width=\"110\">C SRT8<\/td>\n<td width=\"135\">6.1L<\/td>\n<\/tr>\n<tr>\n<td width=\"64\">2007<\/td>\n<td width=\"83\">Dodge<\/td>\n<td width=\"146\">Charger<\/td>\n<td width=\"110\">SRT8<\/td>\n<td width=\"135\">6.1L<\/td>\n<\/tr>\n<tr>\n<td width=\"64\">2007<\/td>\n<td width=\"83\">Dodge<\/td>\n<td width=\"146\">Magnum<\/td>\n<td width=\"110\">SRT8<\/td>\n<td width=\"135\">6.1L<\/td>\n<\/tr>\n<tr>\n<td width=\"64\">2007<\/td>\n<td width=\"83\">Jeep<\/td>\n<td width=\"146\">Grand Cherokee<\/td>\n<td width=\"110\">SRT8<\/td>\n<td width=\"135\">6.1L<\/td>\n<\/tr>\n<tr>\n<td width=\"64\">2006<\/td>\n<td width=\"83\">Dodge<\/td>\n<td width=\"146\">Charger<\/td>\n<td width=\"110\">SRT8<\/td>\n<td width=\"135\">6.1L<\/td>\n<\/tr>\n<tr>\n<td width=\"64\">2006<\/td>\n<td width=\"83\">Dodge<\/td>\n<td width=\"146\">Magnum<\/td>\n<td width=\"110\">SRT8<\/td>\n<td width=\"135\">6.1L<\/td>\n<\/tr>\n<tr>\n<td width=\"64\">2006<\/td>\n<td width=\"83\">Jeep<\/td>\n<td width=\"146\">Grand Cherokee<\/td>\n<td width=\"110\">SRT8<\/td>\n<td width=\"135\">6.1L<\/td>\n<\/tr>\n<\/tbody>\n<\/table>\n<p>&nbsp;<\/p>","protected":false},"excerpt":{"rendered":"<p>Origin\u00e1ln\u00ed d\u00edl Mopar<\/p>","protected":false},"featured_media":68290030,"comment_status":"open","ping_status":"closed","template":"","meta":{"_acf_changed":false},"product_brand":[16270],"product_cat":[6683,6688,6693,6697,6702],"product_tag":[18297,5201,52,5200,18296,92,5207,54,53,48,49,3853,56,50,55,31,7221,5205,96,1056,164,5204],"class_list":{"0":"post-68284737","1":"product","2":"type-product","3":"status-publish","4":"has-post-thumbnail","6":"product_brand-mopar","7":"product_cat-300c-61-nockenwelle-ventiltrieb","8":"product_cat-challenger-61-nockenwelle-ventiltrieb","9":"product_cat-charger-61-nockenwelle-ventiltrieb","10":"product_cat-magnum-61-nockenwelle-ventiltrieb","11":"product_cat-grand-cherokee-61-nockenwelle-ventiltrieb","12":"product_tag-05037475ab","13":"product_tag-05037475ac","14":"product_tag-300c","15":"product_tag-5037475ab","16":"product_tag-5037475ac","17":"product_tag-6-1","18":"product_tag-auslass","19":"product_tag-challenger","20":"product_tag-charger","21":"product_tag-chrysler","22":"product_tag-dodge","23":"product_tag-dodge-challenger","24":"product_tag-grand-cherokee","25":"product_tag-jeep","26":"product_tag-magnum","27":"product_tag-mopar","28":"product_tag-mopar10","29":"product_tag-pushrod","30":"product_tag-srt","31":"product_tag-srt-8","32":"product_tag-srt8","33":"product_tag-stoesselstange","35":"first","36":"instock","37":"taxable","38":"shipping-taxable","39":"purchasable","40":"product-type-simple"},"bundled_by":[],"bundle_stock_status":"instock","bundle_stock_quantity":16,"bundle_virtual":false,"bundle_layout":"","bundle_add_to_cart_form_location":"","bundle_editable_in_cart":false,"bundle_sold_individually_context":"","bundle_item_grouping":"","bundle_min_size":"","bundle_max_size":"","bundle_price":[],"bundled_items":[],"bundle_sell_ids":[],"exclude_global_add_ons":[],"addons":[],"acf":[],"_links":{"self":[{"href":"https:\/\/kraftwerk-shop.cc\/cs\/wp-json\/wp\/v2\/product\/68284737","targetHints":{"allow":["GET"]}}],"collection":[{"href":"https:\/\/kraftwerk-shop.cc\/cs\/wp-json\/wp\/v2\/product"}],"about":[{"href":"https:\/\/kraftwerk-shop.cc\/cs\/wp-json\/wp\/v2\/types\/product"}],"replies":[{"embeddable":true,"href":"https:\/\/kraftwerk-shop.cc\/cs\/wp-json\/wp\/v2\/comments?post=68284737"}],"version-history":[{"count":0,"href":"https:\/\/kraftwerk-shop.cc\/cs\/wp-json\/wp\/v2\/product\/68284737\/revisions"}],"wp:featuredmedia":[{"embeddable":true,"href":"https:\/\/kraftwerk-shop.cc\/cs\/wp-json\/wp\/v2\/media\/68290030"}],"wp:attachment":[{"href":"https:\/\/kraftwerk-shop.cc\/cs\/wp-json\/wp\/v2\/media?parent=68284737"}],"wp:term":[{"taxonomy":"product_brand","embeddable":true,"href":"https:\/\/kraftwerk-shop.cc\/cs\/wp-json\/wp\/v2\/product_brand?post=68284737"},{"taxonomy":"product_cat","embeddable":true,"href":"https:\/\/kraftwerk-shop.cc\/cs\/wp-json\/wp\/v2\/product_cat?post=68284737"},{"taxonomy":"product_tag","embeddable":true,"href":"https:\/\/kraftwerk-shop.cc\/cs\/wp-json\/wp\/v2\/product_tag?post=68284737"}],"curies":[{"name":"wp","href":"https:\/\/api.w.org\/{rel}","templated":true}]}}