{"id":68284821,"date":"2023-02-15T13:02:55","date_gmt":"2023-02-15T12:02:55","guid":{"rendered":"https:\/\/kraftwerk-shop.cc\/?post_type=product&#038;p=68284821"},"modified":"2026-02-15T00:51:54","modified_gmt":"2026-02-14T23:51:54","slug":"dba-brzdove-desticky-ford-mustang-db9021sp","status":"publish","type":"product","link":"https:\/\/kraftwerk-shop.cc\/cs\/produkt\/dba-bremsbelaege-ford-mustang-db9021sp\/","title":{"rendered":"Brzdov\u00e9 desti\u010dky DBA pro Ford Mustang GT DB9021SP"},"content":{"rendered":"<h1>Brzdov\u00e9 desti\u010dky DBA pro Ford Mustang GT 5.0 DB9021SP (p\u0159edn\u00ed n\u00e1prava)<\/h1>\n<p>&nbsp;<\/p>\n<p>Brzdov\u00e9 desti\u010dky Street Performance (SP) od spole\u010dnosti DBA byly vyvinuty pro \u0159idi\u010de, kte\u0159\u00ed cht\u011bj\u00ed dos\u00e1hnout lep\u0161\u00edho brzdn\u00e9ho v\u00fdkonu ne\u017e s b\u011b\u017en\u00fdmi brzdov\u00fdmi desti\u010dkami O.E.<br \/>\nPro dosa\u017een\u00ed optim\u00e1ln\u00edho brzdn\u00e9ho v\u00fdkonu doporu\u010duje spole\u010dnost DBA pou\u017e\u00edvat tyto brzdov\u00e9 desti\u010dky s dr\u00e1\u017ekovan\u00fdmi brzdov\u00fdmi kotou\u010di DBA T2 nebo T3.<\/p>\n<p>Specifikace:<\/p>\n<ul>\n<li>Polokovov\u00fd t\u0159ec\u00ed materi\u00e1l<\/li>\n<li>Koeficient t\u0159en\u00ed je v pr\u016fm\u011bru 0,45 od n\u00edzk\u00fdch po vysok\u00e9 teploty.<\/li>\n<li>\u00a0Vynikaj\u00edc\u00ed v\u00fdkon p\u0159i vysok\u00fdch teplot\u00e1ch<\/li>\n<li>Optim\u00e1ln\u00ed konzistence brzd\u011bn\u00ed a\u017e do 438 \u2103 (820\u2109)<\/li>\n<\/ul>\n<p><strong>Vhodn\u00e9 pro:<\/strong><\/p>\n<table width=\"0\">\n<tbody>\n<tr>\n<td width=\"64\">Ford<\/td>\n<td width=\"117\">Mustang GT<\/td>\n<td width=\"137\">5.0<\/td>\n<td width=\"391\">Roky v\u00fdroby 2015-2023 s brzdov\u00fdmi kotou\u010di 380 mm<\/td>\n<\/tr>\n<\/tbody>\n<\/table>\n<p>Autorizace: <strong>bez<\/strong><br \/>\nCena se vztahuje na 1 sadu pro kompletn\u00ed p\u0159edn\u00ed n\u00e1pravu.<\/p>\n<p><strong>\u00dadaje:<\/strong><\/p>\n<table border=\"0\" width=\"487\" cellspacing=\"0\" cellpadding=\"0\">\n<colgroup>\n<col \/>\n<col \/> <\/colgroup>\n<tbody>\n<tr>\n<td height=\"19\">\n<div data-v-369d9bee=\"\" data-v-7bd94b2e=\"\">\n<div data-v-369d9bee=\"\">\u0160\u00ed\u0159ka (mm):<\/div>\n<\/div>\n<\/td>\n<td><span class=\"floatright\">189,6<\/span><\/td>\n<\/tr>\n<tr>\n<td height=\"19\">\n<div data-v-369d9bee=\"\">V\u00fd\u0161ka (mm):<\/div>\n<\/td>\n<td><span class=\"floatright\">58,2<\/span><\/td>\n<\/tr>\n<tr>\n<td height=\"19\">\n<div data-v-369d9bee=\"\">Tlou\u0161\u0165ka brzdov\u00e9ho oblo\u017een\u00ed (mm):<\/div>\n<\/td>\n<td>15,5<\/td>\n<\/tr>\n<tr>\n<td height=\"19\">\n<div data-v-369d9bee=\"\">FMSI:<\/div>\n<\/td>\n<td><span class=\"floatright\">9021-D1792<\/span><\/td>\n<\/tr>\n<tr>\n<td height=\"19\">\n<div data-v-369d9bee=\"\">OEM:<\/div>\n<\/td>\n<td><span class=\"floatright\">FR3Z2001H<\/span><\/td>\n<\/tr>\n<tr>\n<td height=\"19\">\n<div data-v-369d9bee=\"\">Osa:<\/div>\n<\/td>\n<td>p\u0159edn\u00ed<\/td>\n<\/tr>\n<tr>\n<td height=\"19\">Hmotnost (kg):<\/td>\n<td>3,9<\/td>\n<\/tr>\n<\/tbody>\n<\/table>","protected":false},"excerpt":{"rendered":"<p>Vhodn\u00e9 pro brzdov\u00e9 kotou\u010de o pr\u016fm\u011bru 380 mm<\/p>","protected":false},"featured_media":68284826,"comment_status":"open","ping_status":"closed","template":"","meta":{"_acf_changed":false},"product_brand":[18922],"product_cat":[4657],"product_tag":[4683,838,590,795,839,840,4685,789,692,917,4684,2934,3872,186,2215,2139,842,841,673,2137],"class_list":{"0":"post-68284821","1":"product","2":"type-product","3":"status-publish","4":"has-post-thumbnail","6":"product_brand-dba","7":"product_cat-mustang-50-gt-bremsen-vorne","8":"product_tag-9021-d1792","9":"product_tag-bremsbelag","10":"product_tag-bremsbelaege","11":"product_tag-bremse","12":"product_tag-bremsklotz","13":"product_tag-bremskloetze","14":"product_tag-db9021sp","15":"product_tag-dba","16":"product_tag-ersatzteil","17":"product_tag-ford","18":"product_tag-fr3z2001h","19":"product_tag-harder","20":"product_tag-mustang","21":"product_tag-performance","22":"product_tag-street","23":"product_tag-tuev","24":"product_tag-vorderachse","25":"product_tag-vorne","26":"product_tag-zubehoer","27":"product_tag-zulassung","29":"first","30":"onbackorder","31":"taxable","32":"shipping-taxable","33":"purchasable","34":"product-type-simple"},"bundled_by":[],"bundle_stock_status":"onbackorder","bundle_stock_quantity":0,"bundle_virtual":false,"bundle_layout":"","bundle_add_to_cart_form_location":"","bundle_editable_in_cart":false,"bundle_sold_individually_context":"","bundle_item_grouping":"","bundle_min_size":"","bundle_max_size":"","bundle_price":[],"bundled_items":[],"bundle_sell_ids":[],"exclude_global_add_ons":[],"addons":[],"acf":[],"_links":{"self":[{"href":"https:\/\/kraftwerk-shop.cc\/cs\/wp-json\/wp\/v2\/product\/68284821","targetHints":{"allow":["GET"]}}],"collection":[{"href":"https:\/\/kraftwerk-shop.cc\/cs\/wp-json\/wp\/v2\/product"}],"about":[{"href":"https:\/\/kraftwerk-shop.cc\/cs\/wp-json\/wp\/v2\/types\/product"}],"replies":[{"embeddable":true,"href":"https:\/\/kraftwerk-shop.cc\/cs\/wp-json\/wp\/v2\/comments?post=68284821"}],"version-history":[{"count":0,"href":"https:\/\/kraftwerk-shop.cc\/cs\/wp-json\/wp\/v2\/product\/68284821\/revisions"}],"wp:featuredmedia":[{"embeddable":true,"href":"https:\/\/kraftwerk-shop.cc\/cs\/wp-json\/wp\/v2\/media\/68284826"}],"wp:attachment":[{"href":"https:\/\/kraftwerk-shop.cc\/cs\/wp-json\/wp\/v2\/media?parent=68284821"}],"wp:term":[{"taxonomy":"product_brand","embeddable":true,"href":"https:\/\/kraftwerk-shop.cc\/cs\/wp-json\/wp\/v2\/product_brand?post=68284821"},{"taxonomy":"product_cat","embeddable":true,"href":"https:\/\/kraftwerk-shop.cc\/cs\/wp-json\/wp\/v2\/product_cat?post=68284821"},{"taxonomy":"product_tag","embeddable":true,"href":"https:\/\/kraftwerk-shop.cc\/cs\/wp-json\/wp\/v2\/product_tag?post=68284821"}],"curies":[{"name":"wp","href":"https:\/\/api.w.org\/{rel}","templated":true}]}}