{"id":68284892,"date":"2023-02-16T10:51:38","date_gmt":"2023-02-16T09:51:38","guid":{"rendered":"https:\/\/kraftwerk-shop.cc\/?post_type=product&#038;p=68284892"},"modified":"2026-02-14T23:59:05","modified_gmt":"2026-02-14T22:59:05","slug":"dba-ford-mustang-ecoboost-db9011xp","status":"publish","type":"product","link":"https:\/\/kraftwerk-shop.cc\/cs\/produkt\/dba-ford-mustang-ecoboost-db9011xp\/","title":{"rendered":"Brzdov\u00e9 desti\u010dky DBA pro Ford Mustang 2.3 EcoBoost DB9011XP"},"content":{"rendered":"<h1>Brzdov\u00e9 desti\u010dky DBA pro Ford Mustang 2.3 EcoBoost DB9011XP (p\u0159edn\u00ed n\u00e1prava)<\/h1>\n<p>&nbsp;<\/p>\n<p>Brzdov\u00e9 desti\u010dky Xtreme Performance od spole\u010dnosti DBA byly vyvinuty pro \u0159idi\u010de, kte\u0159\u00ed o\u010dek\u00e1vaj\u00ed vysok\u00fd po\u010d\u00e1te\u010dn\u00ed z\u00e1b\u011br a t\u0159ec\u00ed odolnost od n\u00edzk\u00fdch a\u017e po vysok\u00e9 teploty.<br \/>\n\u0158ada XP je ur\u010dena pro n\u00e1ro\u010dn\u00e9 aplikace, kde je pro bezpe\u010dn\u00e9 brzd\u011bn\u00ed v extr\u00e9mn\u00edch podm\u00ednk\u00e1ch vy\u017eadov\u00e1na vy\u0161\u0161\u00ed \u00farove\u0148 t\u0159en\u00ed.<\/p>\n<p>Pro optim\u00e1ln\u00ed brzdn\u00fd v\u00fdkon doporu\u010duje DBA kombinaci s dr\u00e1\u017ekovan\u00fdmi rotory T3 \u0159ady 4000 a 5000.<br \/>\nSpecifikace:<\/p>\n<ul>\n<li>Polokovov\u00fd t\u0159ec\u00ed materi\u00e1l vyztu\u017een\u00fd uhl\u00edkov\u00fdmi vl\u00e1kny<\/li>\n<li>Koeficient t\u0159en\u00ed je v pr\u016fm\u011bru 0,45 od n\u00edzk\u00fdch po vysok\u00e9 teploty.<\/li>\n<li>\u00a0Vynikaj\u00edc\u00ed v\u00fdkon p\u0159i vysok\u00fdch teplot\u00e1ch<\/li>\n<li>Optim\u00e1ln\u00ed konzistence brzd\u011bn\u00ed a\u017e do 550<span style=\"font-family: cambria math,serif;\">\u2103<\/span> (1022<span style=\"font-family: cambria math,serif;\">\u2109<\/span>)<\/li>\n<\/ul>\n<p><strong>Vhodn\u00e9 pro:<\/strong><\/p>\n<table width=\"0\">\n<tbody>\n<tr>\n<td width=\"64\">Ford<\/td>\n<td width=\"117\">Mustang EcoBoost<\/td>\n<td width=\"137\">2.3<\/td>\n<td width=\"391\">Roky v\u00fdroby 2015-2023 s brzdov\u00fdmi kotou\u010di 352 mm<\/td>\n<\/tr>\n<\/tbody>\n<\/table>\n<p>Autorizace: <strong>bez<\/strong><br \/>\nCena se vztahuje na 1 sadu pro kompletn\u00ed p\u0159edn\u00ed n\u00e1pravu.<\/p>\n<p><strong>\u00dadaje:<\/strong><\/p>\n<table border=\"0\" width=\"487\" cellspacing=\"0\" cellpadding=\"0\">\n<colgroup>\n<col \/>\n<col \/> <\/colgroup>\n<tbody>\n<tr>\n<td height=\"19\">\n<div data-v-369d9bee=\"\" data-v-7bd94b2e=\"\">\n<div data-v-369d9bee=\"\">\u0160\u00ed\u0159ka (mm):<\/div>\n<\/div>\n<\/td>\n<td><span class=\"floatright\">163.1<\/span><\/td>\n<\/tr>\n<tr>\n<td height=\"19\">\n<div data-v-369d9bee=\"\">V\u00fd\u0161ka (mm):<\/div>\n<\/td>\n<td><span class=\"floatright\">90.7+81<\/span><\/td>\n<\/tr>\n<tr>\n<td height=\"19\">\n<div data-v-369d9bee=\"\">Tlou\u0161\u0165ka brzdov\u00e9ho oblo\u017een\u00ed (mm):<\/div>\n<\/td>\n<td><span class=\"floatright\">16.8<\/span><\/td>\n<\/tr>\n<tr>\n<td height=\"19\">\n<div data-v-369d9bee=\"\">FMSI:<\/div>\n<\/td>\n<td><span class=\"floatright\">9011-D1784<\/span><\/td>\n<\/tr>\n<tr>\n<td height=\"19\">\n<div data-v-369d9bee=\"\">OEM:<\/div>\n<\/td>\n<td><span class=\"floatright\">FR3Z2001A<\/span><\/td>\n<\/tr>\n<tr>\n<td height=\"19\">\n<div data-v-369d9bee=\"\">Osa:<\/div>\n<\/td>\n<td>p\u0159edn\u00ed<\/td>\n<\/tr>\n<tr>\n<td height=\"19\">Hmotnost (kg):<\/td>\n<td><span class=\"floatright\">3.16<\/span><\/td>\n<\/tr>\n<\/tbody>\n<\/table>\n<p>&nbsp;<\/p>\n<p>&nbsp;<\/p>","protected":false},"excerpt":{"rendered":"<p>Vhodn\u00e9 pro brzdov\u00e9 kotou\u010de o pr\u016fm\u011bru 352 mm<\/p>","protected":false},"featured_media":68284894,"comment_status":"open","ping_status":"closed","template":"","meta":{"_acf_changed":false},"product_brand":[18922],"product_cat":[4651],"product_tag":[4020,838,590,795,839,840,4687,789,3873,692,917,2934,3872,186,2139,842,841,3349,673,2137],"class_list":{"0":"post-68284892","1":"product","2":"type-product","3":"status-publish","4":"has-post-thumbnail","6":"product_brand-dba","7":"product_cat-mustang-23-ecoboost-bremsen-vorne","8":"product_tag-2-3","9":"product_tag-bremsbelag","10":"product_tag-bremsbelaege","11":"product_tag-bremse","12":"product_tag-bremsklotz","13":"product_tag-bremskloetze","14":"product_tag-db9011xp","15":"product_tag-dba","16":"product_tag-ecoboost","17":"product_tag-ersatzteil","18":"product_tag-ford","19":"product_tag-harder","20":"product_tag-mustang","21":"product_tag-performance","22":"product_tag-tuev","23":"product_tag-vorderachse","24":"product_tag-vorne","25":"product_tag-xtreme","26":"product_tag-zubehoer","27":"product_tag-zulassung","29":"first","30":"onbackorder","31":"taxable","32":"shipping-taxable","33":"purchasable","34":"product-type-simple"},"bundled_by":[],"bundle_stock_status":"onbackorder","bundle_stock_quantity":0,"bundle_virtual":false,"bundle_layout":"","bundle_add_to_cart_form_location":"","bundle_editable_in_cart":false,"bundle_sold_individually_context":"","bundle_item_grouping":"","bundle_min_size":"","bundle_max_size":"","bundle_price":[],"bundled_items":[],"bundle_sell_ids":[],"exclude_global_add_ons":[],"addons":[],"acf":[],"_links":{"self":[{"href":"https:\/\/kraftwerk-shop.cc\/cs\/wp-json\/wp\/v2\/product\/68284892","targetHints":{"allow":["GET"]}}],"collection":[{"href":"https:\/\/kraftwerk-shop.cc\/cs\/wp-json\/wp\/v2\/product"}],"about":[{"href":"https:\/\/kraftwerk-shop.cc\/cs\/wp-json\/wp\/v2\/types\/product"}],"replies":[{"embeddable":true,"href":"https:\/\/kraftwerk-shop.cc\/cs\/wp-json\/wp\/v2\/comments?post=68284892"}],"version-history":[{"count":0,"href":"https:\/\/kraftwerk-shop.cc\/cs\/wp-json\/wp\/v2\/product\/68284892\/revisions"}],"wp:featuredmedia":[{"embeddable":true,"href":"https:\/\/kraftwerk-shop.cc\/cs\/wp-json\/wp\/v2\/media\/68284894"}],"wp:attachment":[{"href":"https:\/\/kraftwerk-shop.cc\/cs\/wp-json\/wp\/v2\/media?parent=68284892"}],"wp:term":[{"taxonomy":"product_brand","embeddable":true,"href":"https:\/\/kraftwerk-shop.cc\/cs\/wp-json\/wp\/v2\/product_brand?post=68284892"},{"taxonomy":"product_cat","embeddable":true,"href":"https:\/\/kraftwerk-shop.cc\/cs\/wp-json\/wp\/v2\/product_cat?post=68284892"},{"taxonomy":"product_tag","embeddable":true,"href":"https:\/\/kraftwerk-shop.cc\/cs\/wp-json\/wp\/v2\/product_tag?post=68284892"}],"curies":[{"name":"wp","href":"https:\/\/api.w.org\/{rel}","templated":true}]}}