{"id":68285573,"date":"2023-02-23T12:20:20","date_gmt":"2023-02-23T11:20:20","guid":{"rendered":"https:\/\/kraftwerk-shop.cc\/?post_type=product&#038;p=68285573"},"modified":"2026-02-15T00:49:37","modified_gmt":"2026-02-14T23:49:37","slug":"powerstop-z261791-brzdy-ford-mustang","status":"publish","type":"product","link":"https:\/\/kraftwerk-shop.cc\/cs\/produkt\/powerstop-z261791-bremse-ford-mustang\/","title":{"rendered":"Brzdov\u00e9 desti\u010dky PowerStop Z26-1791 Street Warrior Ford Mustang 3.7 \/ 2.3 EcoBoost"},"content":{"rendered":"<h2>PowerStop Z26-1791 Brzdov\u00e9 desti\u010dky pro Ford Mustang V6 3.7 a 2.3 EcoBoost (p\u0159edn\u00ed n\u00e1prava)<\/h2>\n<p>Z26 <span class=\"span-link-underline-remover\">Pouli\u010dn\u00ed bojovn\u00edk<\/span> Karbonov\u00e9 - keramick\u00e9 brzdov\u00e9 desti\u010dky<\/p>\n<ul>\n<li>V\u00fdrazn\u011b sn\u00ed\u017een\u00e1 tvorba brzdov\u00e9ho prachu<\/li>\n<li>Vhodn\u00e9 pro obzvl\u00e1\u0161t\u011b sportovn\u00ed styl j\u00edzdy<\/li>\n<li>Mont\u00e1\u017en\u00ed pasta je sou\u010d\u00e1st\u00ed dod\u00e1vky<\/li>\n<\/ul>\n<p>&nbsp;<\/p>\n<p><strong>Vhodn\u00e9 pro:<\/strong><\/p>\n<table width=\"530\">\n<tbody>\n<tr>\n<td width=\"141\">Ford<\/td>\n<td width=\"116\">Mustang<\/td>\n<td width=\"176\">V6 3.7<\/td>\n<td width=\"97\">2015\u20132017<\/td>\n<\/tr>\n<tr>\n<td>Ford<\/td>\n<td>Mustang<\/td>\n<td>2.3 EcoBoost s dvoup\u00edstkov\u00fdm brzdov\u00fdm t\u0159menem<\/td>\n<td>2015\u20132022<\/td>\n<\/tr>\n<\/tbody>\n<\/table>\n<p>&nbsp;<\/p>\n<p>Cena se vztahuje na 1 sadu pro kompletn\u00ed p\u0159edn\u00ed n\u00e1pravu.<\/p>","protected":false},"excerpt":{"rendered":"<p>Vhodn\u00e9 pro Ford Mustang 3.7 \/ 2.3<\/p>","protected":false},"featured_media":68285740,"comment_status":"open","ping_status":"closed","template":"","meta":{"_acf_changed":false},"product_brand":[],"product_cat":[4651,4654],"product_tag":[4020,4693,508,838,590,795,839,840,773,3873,692,2934,1166,1167,36,3872,4587,953,954,2445,1168,258,198,1190,4742,4743,673],"class_list":{"0":"post-68285573","1":"product","2":"type-product","3":"status-publish","4":"has-post-thumbnail","6":"product_cat-mustang-23-ecoboost-bremsen-vorne","7":"product_cat-mustang-37-bremsen-vorne","8":"product_tag-2-3","9":"product_tag-2-3-turbo","10":"product_tag-3-7","11":"product_tag-bremsbelag","12":"product_tag-bremsbelaege","13":"product_tag-bremse","14":"product_tag-bremsklotz","15":"product_tag-bremskloetze","16":"product_tag-carbon","17":"product_tag-ecoboost","18":"product_tag-ersatzteil","19":"product_tag-harder","20":"product_tag-keramik","21":"product_tag-keramisch","22":"product_tag-kraftwerk","23":"product_tag-mustang","24":"product_tag-mustang-gt","25":"product_tag-power-stop","26":"product_tag-powerstop","27":"product_tag-powerstop-pads","28":"product_tag-staubfrei","29":"product_tag-turbo","30":"product_tag-v6","31":"product_tag-z26","32":"product_tag-z26-1791","33":"product_tag-z261791","34":"product_tag-zubehoer","36":"first","37":"onbackorder","38":"taxable","39":"shipping-taxable","40":"purchasable","41":"product-type-simple"},"bundled_by":[],"bundle_stock_status":"onbackorder","bundle_stock_quantity":0,"bundle_virtual":false,"bundle_layout":"","bundle_add_to_cart_form_location":"","bundle_editable_in_cart":false,"bundle_sold_individually_context":"","bundle_item_grouping":"","bundle_min_size":"","bundle_max_size":"","bundle_price":[],"bundled_items":[],"bundle_sell_ids":[],"exclude_global_add_ons":[],"addons":[],"acf":[],"_links":{"self":[{"href":"https:\/\/kraftwerk-shop.cc\/cs\/wp-json\/wp\/v2\/product\/68285573","targetHints":{"allow":["GET"]}}],"collection":[{"href":"https:\/\/kraftwerk-shop.cc\/cs\/wp-json\/wp\/v2\/product"}],"about":[{"href":"https:\/\/kraftwerk-shop.cc\/cs\/wp-json\/wp\/v2\/types\/product"}],"replies":[{"embeddable":true,"href":"https:\/\/kraftwerk-shop.cc\/cs\/wp-json\/wp\/v2\/comments?post=68285573"}],"version-history":[{"count":0,"href":"https:\/\/kraftwerk-shop.cc\/cs\/wp-json\/wp\/v2\/product\/68285573\/revisions"}],"wp:featuredmedia":[{"embeddable":true,"href":"https:\/\/kraftwerk-shop.cc\/cs\/wp-json\/wp\/v2\/media\/68285740"}],"wp:attachment":[{"href":"https:\/\/kraftwerk-shop.cc\/cs\/wp-json\/wp\/v2\/media?parent=68285573"}],"wp:term":[{"taxonomy":"product_brand","embeddable":true,"href":"https:\/\/kraftwerk-shop.cc\/cs\/wp-json\/wp\/v2\/product_brand?post=68285573"},{"taxonomy":"product_cat","embeddable":true,"href":"https:\/\/kraftwerk-shop.cc\/cs\/wp-json\/wp\/v2\/product_cat?post=68285573"},{"taxonomy":"product_tag","embeddable":true,"href":"https:\/\/kraftwerk-shop.cc\/cs\/wp-json\/wp\/v2\/product_tag?post=68285573"}],"curies":[{"name":"wp","href":"https:\/\/api.w.org\/{rel}","templated":true}]}}