{"id":68285614,"date":"2023-02-25T13:36:00","date_gmt":"2023-02-25T12:36:00","guid":{"rendered":"https:\/\/kraftwerk-shop.cc\/?post_type=product&#038;p=68285614"},"modified":"2026-02-15T00:50:10","modified_gmt":"2026-02-14T23:50:10","slug":"injen-sani-studeneho-vzduchu-300c-challenger-charger-pf5064wb","status":"publish","type":"product","link":"https:\/\/kraftwerk-shop.cc\/cs\/produkt\/injen-cold-air-intake-300c-challenger-charger-pf5064wb\/","title":{"rendered":"S\u00e1n\u00ed studen\u00e9ho vzduchu Injen 300C, Challenger &amp; Charger 6.4"},"content":{"rendered":"<h1>Injen Cold Air Intake System \/ Sportovn\u00ed vzduchov\u00fd filtr PF5064WB pro Chrysler 300C, Dodge Challenger a Charger 6.4 SRT<\/h1>\n<p>&nbsp;<\/p>\n<p>Pot\u0159ebuje v\u00e1\u0161 300C, Challenger nebo Charger n\u011bco vzru\u0161uj\u00edc\u00edho? Samoz\u0159ejm\u011b, \u017ee pot\u0159ebuje, a pro\u010d by to v\u016fbec m\u011blo b\u00fdt ot\u00e1zkou? M\u00e1te \u0161t\u011bst\u00ed, proto\u017ee in\u017een\u00fd\u0159i z Injen Technology se o v\u00e1s postarali.<br \/>\nS\u00e1n\u00ed Injen PowerFlow (PF) spl\u0148uje v\u0161echny va\u0161e po\u017eadavky na v\u00fdkon motoru. S\u00e1n\u00ed studen\u00e9ho vzduchu Injen PF m\u00e1 prok\u00e1zan\u00fd n\u00e1r\u016fst v\u00fdkonu na dynamometru, kter\u00fd nel\u017ee. Hlin\u00edkov\u00e9 trubky 6061-T6 zaji\u0161\u0165uj\u00ed vynikaj\u00edc\u00ed pr\u016ftok vzduchu a design.<\/p>\n<p>Spole\u010dnost Injen m\u00e1 r\u00e1da chladn\u00fd vzduch, tak\u017ee vzduchov\u00fd filtr je um\u00edst\u011bn na nejlep\u0161\u00edm mo\u017en\u00e9m m\u00edst\u011b, aby zabr\u00e1nil ne\u017e\u00e1douc\u00edmu pr\u016fniku hork\u00e9ho vzduchu do sac\u00edho traktu. T\u00edm se sni\u017euje teplota v sac\u00edm syst\u00e9mu a hladov\u00fd motor je z\u00e1sobov\u00e1n chladn\u00fdm, hust\u00fdm vzduchem.<br \/>\nTato sada s\u00e1n\u00ed Injen PF obsahuje v\u0161e pot\u0159ebn\u00e9 pro p\u0159\u00edmou instalaci.<\/p>\n<p>&nbsp;<\/p>\n<ul>\n<li>Zv\u00fd\u0161en\u00ed v\u00fdkonu a\u017e o 6 k a 12 NM podle v\u00fdrobce<\/li>\n<li>Umo\u017e\u0148uje zv\u00fd\u0161en\u00ed v\u00fdkonu p\u0159i zachov\u00e1n\u00ed pom\u011bru vzduch\/palivo bez dal\u0161\u00edho lad\u011bn\u00ed.<\/li>\n<li>Sac\u00ed potrub\u00ed z hlin\u00edku 6061-T6, \u010dern\u011b lakovan\u00e9<\/li>\n<li>Hladk\u00e9 sac\u00ed kan\u00e1ly odstra\u0148uj\u00ed omezen\u00ed a zlep\u0161uj\u00ed proud\u011bn\u00ed vzduchu.<\/li>\n<li>Vym\u011bniteln\u00fd such\u00fd vzduchov\u00fd filtr Injen SuperNano-Web<\/li>\n<li>Agresivn\u00ed zvuk motoru p\u0159i pln\u00e9m plynu<\/li>\n<\/ul>\n<p>&nbsp;<\/p>\n<p><strong>Vhodn\u00e9 pro:<\/strong><\/p>\n<table border=\"0\" width=\"759\" cellspacing=\"0\" cellpadding=\"0\">\n<colgroup>\n<col \/>\n<col \/>\n<col \/>\n<col \/>\n<col \/> <\/colgroup>\n<tbody>\n<tr>\n<td height=\"20\"><strong>Rok v\u00fdstavby<\/strong><\/td>\n<td><strong>Zna\u010dka<\/strong><\/td>\n<td><strong>Model<\/strong><\/td>\n<td><strong>Varianta<\/strong><\/td>\n<td><strong>Motor<\/strong><\/td>\n<\/tr>\n<tr>\n<td height=\"20\">2012-2014<\/td>\n<td>Chrysler<\/td>\n<td>300<\/td>\n<td>SRT-8 HEMI<\/td>\n<td>V8 6,4 L<\/td>\n<\/tr>\n<tr>\n<td height=\"20\">2011-2019<\/td>\n<td>Dodge<\/td>\n<td>Challenger<\/td>\n<td>SRT-8 HEMI<\/td>\n<td>V8 6,4 L<\/td>\n<\/tr>\n<tr>\n<td height=\"20\">2011-2019<\/td>\n<td>Dodge<\/td>\n<td>Charger<\/td>\n<td>SRT-8 HEMI<\/td>\n<td>V8 6,4 L<\/td>\n<\/tr>\n<\/tbody>\n<\/table>\n<p><strong>Pozn\u00e1mka:<\/strong> Tento sac\u00ed syst\u00e9m nen\u00ed vhodn\u00fd pro vozidla s kapotou motoru.<\/p>\n<p>&nbsp;<\/p>","protected":false},"excerpt":{"rendered":"<p>Injen Cold Air Intake System \/ Sportluftfilter PF5064WB f\u00fcr Chrysler 300C, Dodge Challenger und Charger 6.4 SRT &nbsp; Braucht Ihr<\/p>","protected":false},"featured_media":68285617,"comment_status":"open","ping_status":"closed","template":"","meta":{"_acf_changed":false},"product_brand":[],"product_cat":[2517,2512,2516],"product_tag":[52,217,93,826,824,54,53,48,825,49,3853,1127,57,4738,500,96],"class_list":{"0":"post-68285614","1":"product","2":"type-product","3":"status-publish","4":"has-post-thumbnail","6":"product_cat-300c-64-ansaugung","7":"product_cat-challenger-64-ansaugung","8":"product_cat-charger-64-ansaugung","9":"product_tag-300c","10":"product_tag-217","11":"product_tag-6-4","12":"product_tag-ansaugung","13":"product_tag-cai","14":"product_tag-challenger","15":"product_tag-charger","16":"product_tag-chrysler","17":"product_tag-cold-air-intake","18":"product_tag-dodge","19":"product_tag-dodge-challenger","20":"product_tag-injen","21":"product_tag-luftfilter","22":"product_tag-pf5064wb","23":"product_tag-sportluftfilter","24":"product_tag-srt","26":"first","27":"onbackorder","28":"taxable","29":"shipping-taxable","30":"purchasable","31":"product-type-simple"},"bundled_by":[],"bundle_stock_status":"onbackorder","bundle_stock_quantity":0,"bundle_virtual":false,"bundle_layout":"","bundle_add_to_cart_form_location":"","bundle_editable_in_cart":false,"bundle_sold_individually_context":"","bundle_item_grouping":"","bundle_min_size":"","bundle_max_size":"","bundle_price":[],"bundled_items":[],"bundle_sell_ids":[],"exclude_global_add_ons":[],"addons":[],"acf":[],"_links":{"self":[{"href":"https:\/\/kraftwerk-shop.cc\/cs\/wp-json\/wp\/v2\/product\/68285614","targetHints":{"allow":["GET"]}}],"collection":[{"href":"https:\/\/kraftwerk-shop.cc\/cs\/wp-json\/wp\/v2\/product"}],"about":[{"href":"https:\/\/kraftwerk-shop.cc\/cs\/wp-json\/wp\/v2\/types\/product"}],"replies":[{"embeddable":true,"href":"https:\/\/kraftwerk-shop.cc\/cs\/wp-json\/wp\/v2\/comments?post=68285614"}],"version-history":[{"count":0,"href":"https:\/\/kraftwerk-shop.cc\/cs\/wp-json\/wp\/v2\/product\/68285614\/revisions"}],"wp:featuredmedia":[{"embeddable":true,"href":"https:\/\/kraftwerk-shop.cc\/cs\/wp-json\/wp\/v2\/media\/68285617"}],"wp:attachment":[{"href":"https:\/\/kraftwerk-shop.cc\/cs\/wp-json\/wp\/v2\/media?parent=68285614"}],"wp:term":[{"taxonomy":"product_brand","embeddable":true,"href":"https:\/\/kraftwerk-shop.cc\/cs\/wp-json\/wp\/v2\/product_brand?post=68285614"},{"taxonomy":"product_cat","embeddable":true,"href":"https:\/\/kraftwerk-shop.cc\/cs\/wp-json\/wp\/v2\/product_cat?post=68285614"},{"taxonomy":"product_tag","embeddable":true,"href":"https:\/\/kraftwerk-shop.cc\/cs\/wp-json\/wp\/v2\/product_tag?post=68285614"}],"curies":[{"name":"wp","href":"https:\/\/api.w.org\/{rel}","templated":true}]}}