{"id":68285650,"date":"2023-02-25T23:24:44","date_gmt":"2023-02-25T22:24:44","guid":{"rendered":"https:\/\/kraftwerk-shop.cc\/?post_type=product&#038;p=68285650"},"modified":"2026-02-15T00:00:50","modified_gmt":"2026-02-14T23:00:50","slug":"dba-treci-krouzek-grand-cherokee-trackhawk-durango-hellcat","status":"publish","type":"product","link":"https:\/\/kraftwerk-shop.cc\/cs\/produkt\/dba-reibring-grand-cherokee-trackhawk-durango-hellcat\/","title":{"rendered":"T\u0159ec\u00ed krou\u017eek DBA Grand Cherokee Trackhawk &amp; Durango Hellcat"},"content":{"rendered":"<h1>T\u0159ec\u00ed krou\u017eek DBA T3 \u0159ady 5000, verze s dr\u00e1\u017ekami pro Jeep Grand Cherokee Trackhawk a Dodge Durango Hellcat (p\u0159edn\u00ed n\u00e1prava)<\/h1>\n<p>&nbsp;<\/p>\n<p>Dvoud\u00edln\u00e1 konstrukce origin\u00e1ln\u00edch brzdov\u00fdch kotou\u010d\u016f znamen\u00e1, \u017ee lze st\u00e1le pou\u017e\u00edvat p\u016fvodn\u00ed n\u00e1dobku na kotou\u010de.<br \/>\nNa krou\u017eku jsou 3 barevn\u00e9 zna\u010dky, kter\u00e9 slou\u017e\u00ed jako indik\u00e1tor nejvy\u0161\u0161\u00ed dosa\u017een\u00e9 teploty.<\/p>\n<p>&nbsp;<\/p>\n<p><strong>Srovn\u00e1vac\u00ed \u010d\u00edsla Mopar<\/strong>: 68305562AA, 68305562AB<\/p>\n<p>&nbsp;<\/p>\n<p><strong>Vhodn\u00e9 pro:<\/strong><\/p>\n<table width=\"437\">\n<tbody>\n<tr>\n<td width=\"83\"><strong>Zna\u010dka<\/strong><\/td>\n<td width=\"122\"><strong>Model<\/strong><\/td>\n<td width=\"136\"><strong>Motor<\/strong><\/td>\n<td width=\"96\"><strong>Rok v\u00fdstavby<\/strong><\/td>\n<\/tr>\n<tr>\n<td width=\"83\">Jeep<\/td>\n<td width=\"122\">Grand Cherokee<\/td>\n<td width=\"136\">6.2 Trackhawk<\/td>\n<td width=\"96\">2018\u20132021<\/td>\n<\/tr>\n<tr>\n<td width=\"83\">Dodge<\/td>\n<td width=\"122\">Durango<\/td>\n<td width=\"136\">6.2 Hellcat<\/td>\n<td>2021\u20132026<\/td>\n<\/tr>\n<\/tbody>\n<\/table>\n<p>&nbsp;<\/p>\n<p><strong>Rozsah dod\u00e1vky:<\/strong><\/p>\n<ul>\n<li>1 t\u0159ec\u00ed krou\u017eek<\/li>\n<li>1 sada matic<\/li>\n<\/ul>\n<p>&nbsp;<\/p>\n<p>Cena se vztahuje na jeden t\u0159ec\u00ed krou\u017eek.<br \/>\nPro p\u0159edn\u00ed n\u00e1pravu jsou zapot\u0159eb\u00ed 2 kusy.<\/p>\n<p>&nbsp;<\/p>\n<p><strong>\u00dadaje:<\/strong><\/p>\n<table border=\"0\" width=\"487\" cellspacing=\"0\" cellpadding=\"0\">\n<colgroup>\n<col \/>\n<col \/> <\/colgroup>\n<tbody>\n<tr>\n<td style=\"height: 19px; width: 248px;\" height=\"19\">\n<div data-v-369d9bee=\"\" data-v-7bd94b2e=\"\">\n<div data-v-369d9bee=\"\">Pr\u016fm\u011br (mm)<\/div>\n<\/div>\n<\/td>\n<td style=\"width: 239px;\">400<\/td>\n<\/tr>\n<tr>\n<td style=\"height: 19px;\" height=\"19\">\n<div data-v-369d9bee=\"\">Ventilace<\/div>\n<\/td>\n<td>Klokan\u00ed tlapa<\/td>\n<\/tr>\n<tr>\n<td style=\"height: 19px;\" height=\"19\">\n<div data-v-369d9bee=\"\">Po\u010det otvor\u016f<\/div>\n<\/td>\n<td>12<\/td>\n<\/tr>\n<tr>\n<td style=\"height: 19px;\" height=\"19\">\n<div data-v-369d9bee=\"\">Vnit\u0159n\u00ed pr\u016fm\u011br (mm)<\/div>\n<\/td>\n<td>\u2014<\/td>\n<\/tr>\n<tr>\n<td style=\"height: 19px;\" height=\"19\">\n<div data-v-369d9bee=\"\">Tlou\u0161\u0165ka (mm)<\/div>\n<\/td>\n<td>36<\/td>\n<\/tr>\n<tr>\n<td style=\"height: 19px;\" height=\"19\">\n<div data-v-369d9bee=\"\">Minim\u00e1ln\u00ed tlou\u0161\u0165ka (mm)<\/div>\n<\/td>\n<td>\u2014<\/td>\n<\/tr>\n<tr>\n<td style=\"height: 19px;\" height=\"19\">Hmotnost (KG)<\/td>\n<td>11,88<\/td>\n<\/tr>\n<\/tbody>\n<\/table>\n<p>&nbsp;<\/p>\n<table id=\"xoverview\" class=\"table\">\n<tbody>\n<tr>\n<td><strong>Funkce<\/strong><\/td>\n<td><b>Popis<\/b><\/td>\n<td><b>V\u00fdhoda<\/b><\/td>\n<\/tr>\n<tr>\n<td rowspan=\"3\"><img decoding=\"async\" class=\"icon\" title=\"T3\" src=\"https:\/\/3cerp.eu\/api\/file\/DBA_T3.png\" alt=\"T3\" width=\"79\" height=\"55\" \/><\/p>\n<p><strong>T3 Slot 48 p\u0159esn\u00fdch CNC fr\u00e9zovan\u00fdch dr\u00e1\u017eek<\/strong><\/td>\n<td>T\u0159\u00edsymetrick\u00e9 dr\u00e1\u017eky tlum\u00ed vibrace a hluk<\/td>\n<td>M\u011bk\u010d\u00ed, citliv\u011bj\u0161\u00ed a plynulej\u0161\u00ed brzdov\u00fd ped\u00e1l<\/td>\n<\/tr>\n<tr>\n<td>Zv\u00fd\u0161en\u00fd po\u010det v\u00fdstupn\u00edch m\u00edst pro t\u0159ec\u00ed plyny z brzdov\u00fdch desti\u010dek, kter\u00e9 unikaj\u00ed univerz\u00e1ln\u00ed dr\u00e1\u017ekovou konstrukc\u00ed.<\/td>\n<td>Zvy\u0161uje rovnom\u011brnost a \u00fa\u010dinnost ka\u017ed\u00e9ho brzdn\u00e9ho procesu.<\/td>\n<\/tr>\n<tr>\n<td><\/td>\n<td>Nejsou nutn\u00e9 r\u016fzn\u00e9 brzdov\u00e9 kotou\u010de na lev\u00e9 a prav\u00e9 stran\u011b.<\/td>\n<\/tr>\n<tr>\n<td rowspan=\"2\"><img decoding=\"async\" class=\"icon\" title=\"KANGAROO_PAW\" src=\"https:\/\/3cerp.eu\/api\/file\/KANGAROO_PAW.jpg\" alt=\"KANGAROO_PAW\" width=\"80\" height=\"79\" \/><b><\/b><\/p>\n<p><b>Kangaroo Paw - 144 V\u011btrac\u00ed syst\u00e9m sloupk\u016f Diamond a Tear Drop<br \/>\n<\/b><\/td>\n<td>V\u011bt\u0161\u00ed povrch vede k lep\u0161\u00edmu odvodu tepla.<\/td>\n<td>Minimalizuje vadnut\u00ed brzd a zvy\u0161uje brzdn\u00fd \u00fa\u010dinek.<\/td>\n<\/tr>\n<tr>\n<td>V\u011bt\u0161\u00ed povrch vede k lep\u0161\u00edmu odvodu tepla.<\/td>\n<td>Prodlu\u017euje \u017eivotnost brzdov\u00fdch desti\u010dek a kotou\u010d\u016f. Sni\u017euje mechanick\u00e9 po\u0161kozen\u00ed a souvisej\u00edc\u00ed n\u00e1klady<\/td>\n<\/tr>\n<tr>\n<td><img decoding=\"async\" class=\"icon\" title=\"DBA_XG150\" src=\"https:\/\/3cerp.eu\/api\/file\/DBA_XG150.png\" alt=\"DBA_XG150\" width=\"80\" height=\"45\" \/><b><\/b><\/p>\n<p><b>XG150 Legovan\u00e9 \u017eelezo s vysok\u00fdm obsahem uhl\u00edku<br \/>\n<\/b><\/td>\n<td>Zv\u00fd\u0161en\u00e1 tepeln\u00e1 kapacita umo\u017e\u0148uje brzdov\u00e9mu kotou\u010di odol\u00e1vat extr\u00e9mn\u00edmu teplu po del\u0161\u00ed dobu.<\/td>\n<td>Minimalizuje deformace a prask\u00e1n\u00ed a prodlu\u017euje \u017eivotnost brzdov\u00e9ho kotou\u010de.<\/td>\n<\/tr>\n<tr>\n<td><img decoding=\"async\" class=\"icon\" title=\"DBA_TSP\" src=\"https:\/\/3cerp.eu\/api\/file\/DBA_TSP.png\" alt=\"DBA_TSP\" width=\"80\" height=\"35\" \/><b><\/b><\/p>\n<p><strong>Profil tepeln\u00e9 stability<\/strong><\/td>\n<td>Speci\u00e1ln\u00ed v\u00fdvoj p\u0159izp\u016fsoben\u00fd procesu DBA TSP<\/td>\n<td>Minimalizuje deformace a prask\u00e1n\u00ed a prodlu\u017euje \u017eivotnost brzdov\u00e9ho kotou\u010de.<\/td>\n<\/tr>\n<tr>\n<td rowspan=\"2\"><strong><img decoding=\"async\" class=\"icon\" title=\"DBA_TTM\" src=\"https:\/\/3cerp.eu\/api\/file\/DBA_TTM.png\" alt=\"DBA_TTM\" width=\"80\" height=\"60\" \/><\/strong><\/p>\n<p><strong>Termografick\u00e9 sledov\u00e1n\u00ed teploty<\/strong><\/td>\n<td>Barevn\u00e9 zna\u010den\u00ed tepla m\u011bn\u00ed barvu p\u0159i ur\u010dit\u00fdch teplotn\u00edch limitech<\/td>\n<td>Poskytuje \u0159idi\u010di jasn\u00fd p\u0159ehled o \u0161pi\u010dkov\u00fdch teplot\u00e1ch brzd.<\/td>\n<\/tr>\n<tr>\n<td>P\u0159i p\u0159ekro\u010den\u00ed prahov\u00fdch hodnot teploty se barevn\u00e9 zna\u010den\u00ed trvale zm\u011bn\u00ed.<\/td>\n<td>Umo\u017e\u0148uje \u0159idi\u010di sledovat \u00fanavu brzdov\u00fdch kotou\u010d\u016f a rozhodnout, zda je t\u0159eba brzdov\u00e9 kotou\u010de vym\u011bnit, a pom\u00e1h\u00e1 prodejc\u016fm p\u0159i z\u00e1ru\u010dn\u00edch reklamac\u00edch.<\/td>\n<\/tr>\n<tr>\n<td rowspan=\"2\"><strong><img decoding=\"async\" class=\"icon\" title=\"DBA_Pain_Protection\" src=\"https:\/\/3cerp.eu\/api\/file\/DBA_Pain_Protection.png\" alt=\"DBA_Pain_Protection\" width=\"80\" height=\"85\" \/><\/strong><\/p>\n<p><strong>Ochrana laku na povr\u0161\u00edch bez t\u0159en\u00ed<\/strong><\/td>\n<td>Sni\u017euje korozi<\/td>\n<td>Zabra\u0148uje nevzhledn\u00e9 tvorb\u011b rzi<\/td>\n<\/tr>\n<tr>\n<td>Zlep\u0161uje vzhled<\/td>\n<td>Zvy\u0161uje hodnotu produktu<\/td>\n<\/tr>\n<\/tbody>\n<\/table>\n<p>&nbsp;<\/p>\n<p>&nbsp;<\/p>","protected":false},"excerpt":{"rendered":"<p>T\u0159ec\u00ed krou\u017eek DBA T3 \u0159ady 5000, dr\u00e1\u017ekovan\u00e1 verze pro Jeep Grand Cherokee Trackhawk a Dodge Durango Hellcat (p\u0159edn\u00ed n\u00e1prava)<\/p>","protected":false},"featured_media":68285653,"comment_status":"open","ping_status":"closed","template":"","meta":{"_acf_changed":false},"product_brand":[18922],"product_cat":[17930,17963],"product_tag":[2330,4739,2757,2756,795,796,10807,789,49,95,692,56,100,50,4425,4427,4426,31,186,4580,797,96,2424,102,673],"class_list":{"0":"post-68285650","1":"product","2":"type-product","3":"status-publish","4":"has-post-thumbnail","6":"product_brand-dba","7":"product_cat-durango-hellcat-bremsscheiben-vorne","8":"product_cat-trackhawk-bremsscheiben-vorne","9":"product_tag-2-teilig","10":"product_tag-53918-1s","11":"product_tag-68305562aa","12":"product_tag-68305562ab","13":"product_tag-bremse","14":"product_tag-bremsscheibe","15":"product_tag-bremsscheiben-fuer-jeep-trackhawk","16":"product_tag-dba","17":"product_tag-dodge","18":"product_tag-durango","19":"product_tag-ersatzteil","20":"product_tag-grand-cherokee","21":"product_tag-hellcat","22":"product_tag-jeep","23":"product_tag-jeep-grand-cherokee","24":"product_tag-jeep-grand-cherokee-trackhawk","25":"product_tag-jeep-trackhawk","26":"product_tag-mopar","27":"product_tag-performance","28":"product_tag-reibring","29":"product_tag-sportbremsscheibe","30":"product_tag-srt","31":"product_tag-t5000","32":"product_tag-trackhawk","33":"product_tag-zubehoer","35":"first","36":"instock","37":"taxable","38":"shipping-taxable","39":"purchasable","40":"product-type-simple"},"bundled_by":[],"bundle_stock_status":"instock","bundle_stock_quantity":2,"bundle_virtual":false,"bundle_layout":"","bundle_add_to_cart_form_location":"","bundle_editable_in_cart":false,"bundle_sold_individually_context":"","bundle_item_grouping":"","bundle_min_size":"","bundle_max_size":"","bundle_price":[],"bundled_items":[],"bundle_sell_ids":[],"exclude_global_add_ons":[],"addons":[],"acf":[],"_links":{"self":[{"href":"https:\/\/kraftwerk-shop.cc\/cs\/wp-json\/wp\/v2\/product\/68285650","targetHints":{"allow":["GET"]}}],"collection":[{"href":"https:\/\/kraftwerk-shop.cc\/cs\/wp-json\/wp\/v2\/product"}],"about":[{"href":"https:\/\/kraftwerk-shop.cc\/cs\/wp-json\/wp\/v2\/types\/product"}],"replies":[{"embeddable":true,"href":"https:\/\/kraftwerk-shop.cc\/cs\/wp-json\/wp\/v2\/comments?post=68285650"}],"version-history":[{"count":0,"href":"https:\/\/kraftwerk-shop.cc\/cs\/wp-json\/wp\/v2\/product\/68285650\/revisions"}],"wp:featuredmedia":[{"embeddable":true,"href":"https:\/\/kraftwerk-shop.cc\/cs\/wp-json\/wp\/v2\/media\/68285653"}],"wp:attachment":[{"href":"https:\/\/kraftwerk-shop.cc\/cs\/wp-json\/wp\/v2\/media?parent=68285650"}],"wp:term":[{"taxonomy":"product_brand","embeddable":true,"href":"https:\/\/kraftwerk-shop.cc\/cs\/wp-json\/wp\/v2\/product_brand?post=68285650"},{"taxonomy":"product_cat","embeddable":true,"href":"https:\/\/kraftwerk-shop.cc\/cs\/wp-json\/wp\/v2\/product_cat?post=68285650"},{"taxonomy":"product_tag","embeddable":true,"href":"https:\/\/kraftwerk-shop.cc\/cs\/wp-json\/wp\/v2\/product_tag?post=68285650"}],"curies":[{"name":"wp","href":"https:\/\/api.w.org\/{rel}","templated":true}]}}