{"id":68285792,"date":"2023-03-03T12:55:49","date_gmt":"2023-03-03T11:55:49","guid":{"rendered":"https:\/\/kraftwerk-shop.cc\/?post_type=product&#038;p=68285792"},"modified":"2026-02-16T16:09:17","modified_gmt":"2026-02-16T15:09:17","slug":"diablosport-intune-i3-platinum-ford","status":"publish","type":"product","link":"https:\/\/kraftwerk-shop.cc\/cs\/produkt\/diablosport-intune-i3-platinum-ford\/","title":{"rendered":"Diablosport inTune i3 Platinum Ford"},"content":{"rendered":"<h1>Diablosport inTune i3 pro Ford, Lincoln, Mazda<\/h1>\n<p><span style=\"font-size: 16px;\"><span style=\"font-family: Arial,Verdana,Helvetica; line-height: 15.6px;\"><br \/>\nDiablopsport <strong>inTune i3 <\/strong>nahrazuje inTune <strong>i2<\/strong>.<\/span><\/span><\/p>\n<p><span style=\"font-size: 16px;\"><span style=\"font-family: Arial,Verdana,Helvetica; line-height: 15.6px;\">Jsme <strong><u>v\u00edce autorizovan\u00fdch<\/u> <\/strong>Prodejce Diablosport.<\/span><\/span><\/p>\n<p>Dod\u00e1v\u00e1me pouze <strong><em>Platinum <\/em><\/strong>verze, kter\u00e1 na rozd\u00edl od b\u011b\u017en\u00e9 verze nab\u00edz\u00ed v\u00edce mo\u017enost\u00ed nastaven\u00ed a umo\u017e\u0148uje pou\u017eit\u00ed vlastn\u00edch melodi\u00ed (individu\u00e1ln\u011b vytvo\u0159en\u00fd software od poskytovatel\u016f t\u0159et\u00edch stran).<br \/>\n<span style=\"font-size: 16px;\">Diablosport inTune i3 lze pou\u017e\u00edt pro jak\u00e9koli vozidlo uveden\u00e9 v seznamu vozidel. *<br \/>\nAktualizace a software pro nov\u00e9 modely se do za\u0159\u00edzen\u00ed p\u0159en\u00e1\u0161ej\u00ed p\u0159es port USB.<\/span><\/p>\n<p>Krom\u011b standardn\u00edho lad\u011bn\u00ed**, kter\u00e9 je sou\u010d\u00e1st\u00ed za\u0159\u00edzen\u00ed, m\u016f\u017ee inTune i3 tak\u00e9 zaznamen\u00e1vat data OBD, \u010d\u00edst a mazat chybov\u00e9 k\u00f3dy a programovat do vozidla \"vlastn\u00ed lad\u011bn\u00ed\", tj. n\u00e1mi individu\u00e1ln\u011b vytvo\u0159en\u00e9 datov\u00e9 stavy.<\/p>\n<p><span style=\"font-size: 16px;\">\u00a0 \u00a0\u00a0<\/span><\/p>\n<p><strong><span style=\"font-size: 16px;\">Rozsah dod\u00e1vky:<\/span><\/strong><\/p>\n<ul>\n<li><span style=\"font-size: 16px;\">inTune i3 (8145) pro Ford, Lincoln, Mazda a Mercury<br \/>\n<\/span><\/li>\n<li><span style=\"font-size: 16px;\">Kabel OBD<\/span><\/li>\n<li><span style=\"font-size: 16px;\">Kabel USB<\/span><\/li>\n<li><span style=\"font-size: 16px;\">N\u00e1vod k obsluze (anglicky)<\/span><\/li>\n<\/ul>\n<p>&nbsp;<\/p>\n<p><span style=\"font-size: 16px;\">Upozorn\u011bn\u00ed: neposkytujeme podporu ani pokyny pro za\u0159\u00edzen\u00ed, kter\u00e1 nebyla zakoupena u n\u00e1s.<\/span><\/p>\n<p><span style=\"font-size: 16px;\"><br \/>\nKa\u017ed\u00e9 za\u0159\u00edzen\u00ed p\u0159ed odesl\u00e1n\u00edm aktualizujeme na nejnov\u011bj\u0161\u00ed software.<\/span><\/p>\n<p>&nbsp;<\/p>\n<p><span style=\"font-size: 16px;\"><strong>Podporovan\u00e1 vozidla syst\u00e9mu inTune i3:<\/strong><\/span><\/p>\n<p><span style=\"font-size: 16px;\"><span style=\"line-height: 1.3;\">* Za\u0159\u00edzen\u00ed je dod\u00e1v\u00e1no s licenc\u00ed pro pou\u017eit\u00ed ve vozidle. Dal\u0161\u00ed licence lze zakoupit samostatn\u011b.<br \/>\n** Nep\u0159eb\u00edr\u00e1me \u017e\u00e1dnou z\u00e1ruku\/odpov\u011bdnost za \u00fadaje o lad\u011bn\u00ed obsa\u017een\u00e9 v za\u0159\u00edzen\u00ed od v\u00fdrobce ani za po\u0161kozen\u00ed vozidla.<\/span><\/span><span style=\"font-size: 16px;\">Prod\u00e1vaj\u00ed se v\u00fdhradn\u011b jako zbo\u017e\u00ed pro motoristick\u00fd sport.<br \/>\nP\u0159ed pou\u017eit\u00edm je nutn\u00e1 znalost angli\u010dtiny a p\u0159e\u010dten\u00ed n\u00e1vodu k obsluze v angli\u010dtin\u011b.<\/span><\/p>\n<p>&nbsp;<\/p>\n<table border=\"0\" width=\"989\" cellspacing=\"0\" cellpadding=\"0\">\n<colgroup>\n<col span=\"2\" \/>\n<col \/>\n<col span=\"2\" \/> <\/colgroup>\n<tbody>\n<tr>\n<th>Modelov\u00fd rok<\/th>\n<th>V\u00fdrobce<\/th>\n<th>Model<\/th>\n<th>D\u00edl\u010d\u00ed model<\/th>\n<th>Motor<\/th>\n<\/tr>\n<tr>\n<td>2021<\/td>\n<td>FORD<\/td>\n<td>BRONCO SPORT<\/td>\n<td>BADLANDS, PRVN\u00cd VYD\u00c1N\u00cd<\/td>\n<td>2.0L L4 GAS<\/td>\n<\/tr>\n<tr>\n<td>2022<\/td>\n<td>FORD<\/td>\n<td>BRONCO SPORT<\/td>\n<td>BADLANDS<\/td>\n<td>2.0L L4 GAS<\/td>\n<\/tr>\n<tr>\n<td>2005<\/td>\n<td>FORD<\/td>\n<td>CROWN VICTORIA<\/td>\n<td>BASE, LX, LX SPORT, POLICE INTERCEPTOR, S, SPECIAL EDITION<\/td>\n<td>4.6L V8 CNG, 4.6L V8 BENZ\u00cdN<\/td>\n<\/tr>\n<tr>\n<td>2006<\/td>\n<td>FORD<\/td>\n<td>CROWN VICTORIA<\/td>\n<td>BASE, LX, LX SPORT, POLICE INTERCEPTOR<\/td>\n<td>4.6L V8 FLEX, 4.6L V8 BENZ\u00cdN<\/td>\n<\/tr>\n<tr>\n<td>2007 - 2011<\/td>\n<td>FORD<\/td>\n<td>CROWN VICTORIA<\/td>\n<td>BASE, LX, POLICE INTERCEPTOR<\/td>\n<td>4.6L V8 FLEX, 4.6L V8 BENZ\u00cdN<\/td>\n<\/tr>\n<tr>\n<td>1999 - 2005<\/td>\n<td>FORD<\/td>\n<td>E-150 ECONOLINE<\/td>\n<td>BASE, XL<\/td>\n<td>4.6L V8 BENZ\u00cdN, 5.4L V8 BENZ\u00cdN<\/td>\n<\/tr>\n<tr>\n<td>2006 \u2013 2007<\/td>\n<td>FORD<\/td>\n<td>E-150 ECONOLINE<\/td>\n<td>BASE, Chateau, XL, XLT<\/td>\n<td>4.6L V8 BENZ\u00cdN, 5.4L V8 BENZ\u00cdN<\/td>\n<\/tr>\n<tr>\n<td>2008<\/td>\n<td>FORD<\/td>\n<td>E-150 ECONOLINE<\/td>\n<td>BASE, XL, XLT<\/td>\n<td>4.6L V8 BENZ\u00cdN, 5.4L V8 BENZ\u00cdN<\/td>\n<\/tr>\n<tr>\n<td>1999 - 2000<\/td>\n<td>FORD<\/td>\n<td>E-150 ECONOLINE CLUB WAGON<\/td>\n<td>Chateau, CUSTOM, XLT<\/td>\n<td>4.6L V8 BENZ\u00cdN, 5.4L V8 BENZ\u00cdN<\/td>\n<\/tr>\n<tr>\n<td>2001 - 2005<\/td>\n<td>FORD<\/td>\n<td>E-150 ECONOLINE CLUB WAGON<\/td>\n<td>Chateau, XL, XLT<\/td>\n<td>4.6L V8 BENZ\u00cdN, 5.4L V8 BENZ\u00cdN<\/td>\n<\/tr>\n<tr>\n<td>1999<\/td>\n<td>FORD<\/td>\n<td>E-250 ECONOLINE<\/td>\n<td>BASE, XL<\/td>\n<td>5.4L V8 BI-FUEL, 5.4L V8 CNG, 5.4L V8 GAS<\/td>\n<\/tr>\n<tr>\n<td>2000<\/td>\n<td>FORD<\/td>\n<td>E-250 ECONOLINE<\/td>\n<td>BASE, XL<\/td>\n<td>5.4L V8 CNG, 5.4L V8 GAS<\/td>\n<\/tr>\n<tr>\n<td>2001 - 2004<\/td>\n<td>FORD<\/td>\n<td>E-250 ECONOLINE<\/td>\n<td>BASE<\/td>\n<td>5.4L V8 CNG, 5.4L V8 GAS<\/td>\n<\/tr>\n<tr>\n<td>2005\u20132008<\/td>\n<td>FORD<\/td>\n<td>E-250 ECONOLINE<\/td>\n<td>BASE<\/td>\n<td>5.4L V8 GAS<\/td>\n<\/tr>\n<tr>\n<td>1999<\/td>\n<td>FORD<\/td>\n<td>E-350 ECONOLINE CLUB WAGON<\/td>\n<td>Chateau, CUSTOM, XLT<\/td>\n<td>5.4L V8 BI-FUEL, 5.4L V8 CNG, 5.4L V8 GAS, 6.8L V10 GAS, 7.3L V8 Diesel<\/td>\n<\/tr>\n<tr>\n<td>2000<\/td>\n<td>FORD<\/td>\n<td>E-350 ECONOLINE CLUB WAGON<\/td>\n<td>Chateau, CUSTOM, XLT<\/td>\n<td>5.4L V8 CNG, 5.4L V8 GAS, 6.8L V10 GAS, 7.3L V8 Diesel<\/td>\n<\/tr>\n<tr>\n<td>2001 - 2003<\/td>\n<td>FORD<\/td>\n<td>E-350 ECONOLINE CLUB WAGON<\/td>\n<td>Chateau, XL, XLT<\/td>\n<td>5.4L V8 CNG, 5.4L V8 GAS, 6.8L V10 GAS, 7.3L V8 Diesel<\/td>\n<\/tr>\n<tr>\n<td>2004<\/td>\n<td>FORD<\/td>\n<td>E-350 ECONOLINE CLUB WAGON<\/td>\n<td>Chateau, XL, XLT<\/td>\n<td>5.4L V8 CNG, 5.4L V8 GAS, 6.0L V8 Diesel, 6.8L V10 GAS<\/td>\n<\/tr>\n<tr>\n<td>2005<\/td>\n<td>FORD<\/td>\n<td>E-350 ECONOLINE CLUB WAGON<\/td>\n<td>Chateau, XL, XLT<\/td>\n<td>5.4L V8 GAS, 6.0L V8 Diesel, 6.8L V10 GAS<\/td>\n<\/tr>\n<tr>\n<td>1999<\/td>\n<td>FORD<\/td>\n<td>E-350 SUPER DUTY<\/td>\n<td>BASE, XL<\/td>\n<td>5.4L V8 BI-FUEL, 5.4L V8 CNG, 5.4L V8 GAS, 6.8L V10 GAS, 7.3L V8 Diesel<\/td>\n<\/tr>\n<tr>\n<td>2000 - 2003<\/td>\n<td>FORD<\/td>\n<td>E-350 SUPER DUTY<\/td>\n<td>BASE, XL<\/td>\n<td>5.4L V8 CNG, 5.4L V8 GAS, 6.8L V10 GAS, 7.3L V8 Diesel<\/td>\n<\/tr>\n<tr>\n<td>2004<\/td>\n<td>FORD<\/td>\n<td>E-350 SUPER DUTY<\/td>\n<td>BASE, XL<\/td>\n<td>5.4L V8 CNG, 5.4L V8 GAS, 6.0L V8 Diesel, 6.8L V10 GAS<\/td>\n<\/tr>\n<tr>\n<td>2005<\/td>\n<td>FORD<\/td>\n<td>E-350 SUPER DUTY<\/td>\n<td>BASE, XL<\/td>\n<td>5.4L V8 GAS, 6.0L V8 Diesel, 6.8L V10 GAS<\/td>\n<\/tr>\n<tr>\n<td>2006<\/td>\n<td>FORD<\/td>\n<td>E-350 SUPER DUTY<\/td>\n<td>BASE, Chateau, XL, XLT<\/td>\n<td>5.4L V8 GAS, 6.0L V8 Diesel, 6.8L V10 GAS<\/td>\n<\/tr>\n<tr>\n<td>2007\u20132008<\/td>\n<td>FORD<\/td>\n<td>E-350 SUPER DUTY<\/td>\n<td>BASE, XL, XLT<\/td>\n<td>5.4L V8 GAS, 6.0L V8 Diesel, 6.8L V10 GAS<\/td>\n<\/tr>\n<tr>\n<td>2009<\/td>\n<td>FORD<\/td>\n<td>E-350 SUPER DUTY<\/td>\n<td>BASE, XL, XLT<\/td>\n<td>6,0 l V8 Diesel, 6,8 l V10 GAS<\/td>\n<\/tr>\n<tr>\n<td>2000 - 2002<\/td>\n<td>FORD<\/td>\n<td>E-450 ECONOLINE SUPER DUTY<\/td>\n<td>CUSTOM<\/td>\n<td>7,3l V8 diesel<\/td>\n<\/tr>\n<tr>\n<td>2003<\/td>\n<td>FORD<\/td>\n<td>E-450 SUPER DUTY<\/td>\n<td>CUSTOM<\/td>\n<td>7,3l V8 diesel<\/td>\n<\/tr>\n<tr>\n<td>2004\u20132009<\/td>\n<td>FORD<\/td>\n<td>E-450 SUPER DUTY<\/td>\n<td>BASE<\/td>\n<td>Dieselov\u00fd motor 6,0 l V8<\/td>\n<\/tr>\n<tr>\n<td>2000 - 2002<\/td>\n<td>FORD<\/td>\n<td>EXKURZE<\/td>\n<td>LIMITED, XLT<\/td>\n<td>5.4L V8 GAS, 6.8L V10 GAS, 7.3L V8 Diesel<\/td>\n<\/tr>\n<tr>\n<td>2003<\/td>\n<td>FORD<\/td>\n<td>EXKURZE<\/td>\n<td>EDDIE BAUER, LIMITED, XLT<\/td>\n<td>5.4L V8 GAS, 6.0L V8 Diesel, 6.8L V10 GAS, 7.3L V8 Diesel<\/td>\n<\/tr>\n<tr>\n<td>2004 - 2005<\/td>\n<td>FORD<\/td>\n<td>EXKURZE<\/td>\n<td>EDDIE BAUER, LIMITED, XLS, XLT<\/td>\n<td>5.4L V8 GAS, 6.0L V8 Diesel, 6.8L V10 GAS<\/td>\n<\/tr>\n<tr>\n<td>2005<\/td>\n<td>FORD<\/td>\n<td>EXPLORER<\/td>\n<td>EDDIE BAUER, LIMITED, XLT, XLT SPORT<\/td>\n<td>4.6L V8 GAS<\/td>\n<\/tr>\n<tr>\n<td>2006\u20132010<\/td>\n<td>FORD<\/td>\n<td>EXPLORER<\/td>\n<td>EDDIE BAUER, LIMITED, XLT<\/td>\n<td>4.6L V8 GAS<\/td>\n<\/tr>\n<tr>\n<td>2013\u20132015<\/td>\n<td>FORD<\/td>\n<td>EXPLORER<\/td>\n<td>SPORT<\/td>\n<td>3,5 L V6 GAS<\/td>\n<\/tr>\n<tr>\n<td>2016<\/td>\n<td>FORD<\/td>\n<td>EXPLORER<\/td>\n<td>PLATINA, SPORT<\/td>\n<td>3,5 L V6 GAS<\/td>\n<\/tr>\n<tr>\n<td>2020 - 2022<\/td>\n<td>FORD<\/td>\n<td>EXPLORER<\/td>\n<td>ST<\/td>\n<td>3.0L V6 GAS<\/td>\n<\/tr>\n<tr>\n<td>1999<\/td>\n<td>FORD<\/td>\n<td>F-150<\/td>\n<td>BASE, LARIAT, LIGHTNING, XL, XLT<\/td>\n<td>4.6L V8 BENZ\u00cdN, 5.4L V8 BI-FUEL, 5.4L V8 BENZ\u00cdN<\/td>\n<\/tr>\n<tr>\n<td>2000<\/td>\n<td>FORD<\/td>\n<td>F-150<\/td>\n<td>BASE, HARLEY-DAVIDSON EDITION, LARIAT, LIGHTNING, XL, XLT<\/td>\n<td>4.6L V8 BENZ\u00cdN, 5.4L V8 BI-FUEL, 5.4L V8 CNG, 5.4L V8 BENZ\u00cdN<\/td>\n<\/tr>\n<tr>\n<td>2001 - 2003<\/td>\n<td>FORD<\/td>\n<td>F-150<\/td>\n<td>HARLEY-DAVIDSON EDITION, KING RANCH, LARIAT, LIGHTNING, XL, XLT<\/td>\n<td>4.6L V8 BENZ\u00cdN, 5.4L V8 BI-FUEL, 5.4L V8 CNG, 5.4L V8 BENZ\u00cdN<\/td>\n<\/tr>\n<tr>\n<td>2004<\/td>\n<td>FORD<\/td>\n<td>F-150<\/td>\n<td>FX4, LARIAT, STX, XL, XLT<\/td>\n<td>4.6L V8 BENZ\u00cdN, 5.4L V8 BENZ\u00cdN<\/td>\n<\/tr>\n<tr>\n<td>2005<\/td>\n<td>FORD<\/td>\n<td>F-150<\/td>\n<td>FX4, KING RANCH, LARIAT, STX, XL, XLT<\/td>\n<td>4.2L V6 BENZ\u00cdN, 4.6L V8 BENZ\u00cdN, 5.4L V8 BENZ\u00cdN<\/td>\n<\/tr>\n<tr>\n<td>2006<\/td>\n<td>FORD<\/td>\n<td>F-150<\/td>\n<td>FX4, HARLEY-DAVIDSON EDITION, KING RANCH, LARIAT, STX, XL, XLT<\/td>\n<td>4.2L V6 BENZ\u00cdN, 4.6L V8 BENZ\u00cdN, 5.4L V8 FLEX, 5.4L V8 BENZ\u00cdN<\/td>\n<\/tr>\n<tr>\n<td>2007<\/td>\n<td>FORD<\/td>\n<td>F-150<\/td>\n<td>FX2, FX4, HARLEY-DAVIDSON EDITION, KING RANCH, LARIAT, STX, XL, XLT<\/td>\n<td>4.2L V6 BENZ\u00cdN, 4.6L V8 BENZ\u00cdN, 5.4L V8 FLEX, 5.4L V8 BENZ\u00cdN<\/td>\n<\/tr>\n<tr>\n<td>2008<\/td>\n<td>FORD<\/td>\n<td>F-150<\/td>\n<td>FX2, FX4, HARLEY-DAVIDSON EDITION, KING RANCH, LARIAT, LIMITED, STX, THE 60TH ANNIVERSARY EDITION, XL, XLT<\/td>\n<td>4.2L V6 BENZ\u00cdN, 4.6L V8 BENZ\u00cdN, 5.4L V8 FLEX, 5.4L V8 BENZ\u00cdN<\/td>\n<\/tr>\n<tr>\n<td>2009\u20132010<\/td>\n<td>FORD<\/td>\n<td>F-150<\/td>\n<td>FX2, FX4, HARLEY-DAVIDSON EDITION, KING RANCH, LARIAT, PLATINUM, STX, XL, XLT<\/td>\n<td>4.6L V8 BENZ\u00cdN, 5.4L V8 FLEX<\/td>\n<\/tr>\n<tr>\n<td>2011<\/td>\n<td>FORD<\/td>\n<td>F-150<\/td>\n<td>FX2, FX4, HARLEY-DAVIDSON EDITION, KING RANCH, LARIAT, LARIAT LIMITED, PLATINUM, STX, SVT RAPTOR, XL, XLT<\/td>\n<td>3.5L V6 BENZ\u00cdN, 5.0L V8 FLEX, 6.2L V8 BENZ\u00cdN<\/td>\n<\/tr>\n<tr>\n<td>2012<\/td>\n<td>FORD<\/td>\n<td>F-150<\/td>\n<td>FX2, FX4, HARLEY-DAVIDSON EDITION, KING RANCH, LARIAT, PLATINUM, STX, SVT RAPTOR, XL, XLT<\/td>\n<td>3.5L V6 BENZ\u00cdN, 5.0L V8 FLEX, 6.2L V8 BENZ\u00cdN<\/td>\n<\/tr>\n<tr>\n<td>2013 - 2014<\/td>\n<td>FORD<\/td>\n<td>F-150<\/td>\n<td>FX2, FX4, KING RANCH, LARIAT, LIMITED, PLATINUM, STX, SVT RAPTOR, XL, XLT<\/td>\n<td>3.5L V6 BENZ\u00cdN, 5.0L V8 FLEX, 6.2L V8 BENZ\u00cdN<\/td>\n<\/tr>\n<tr>\n<td>2015<\/td>\n<td>FORD<\/td>\n<td>F-150<\/td>\n<td>KING RANCH, LARIAT, PLATINUM, XL, XLT<\/td>\n<td>2.7L V6 BENZ\u00cdN, 3.5L V6 FLEX, 3.5L V6 BENZ\u00cdN, 5.0L V8 FLEX<\/td>\n<\/tr>\n<tr>\n<td>2016<\/td>\n<td>FORD<\/td>\n<td>F-150<\/td>\n<td>KING RANCH, LARIAT, PLATINUM, SSV, XL, XLT<\/td>\n<td>2.7L V6 BENZ\u00cdN, 3.5L V6 FLEX, 3.5L V6 BENZ\u00cdN, 5.0L V8 FLEX<\/td>\n<\/tr>\n<tr>\n<td>2017\u20132018<\/td>\n<td>FORD<\/td>\n<td>F-150<\/td>\n<td>RAPTOR<\/td>\n<td>3,5 L V6 GAS<\/td>\n<\/tr>\n<tr>\n<td>2019<\/td>\n<td>FORD<\/td>\n<td>F-150<\/td>\n<td>KING RANCH, LARIAT, LIMITED, PLATINUM, POLICE RESPONDER, RAPTOR, SSV, XL, XLT<\/td>\n<td>2.7L V6 BENZ\u00cdN, 3.5L V6 BENZ\u00cdN, 5.0L V8 FLEX<\/td>\n<\/tr>\n<tr>\n<td>2020<\/td>\n<td>FORD<\/td>\n<td>F-150<\/td>\n<td>KING RANCH, LARIAT, LIMITED, PLATINUM, POLICE RESPONDER, SSV, XL, XLT<\/td>\n<td>2.7L V6 BENZ\u00cdN, 3.5L V6 BENZ\u00cdN, 5.0L V8 FLEX<\/td>\n<\/tr>\n<tr>\n<td>2004<\/td>\n<td>FORD<\/td>\n<td>F-150 HERITAGE<\/td>\n<td>SVT LIGHTNING, XL, XLT<\/td>\n<td>4.2L V6 BENZ\u00cdN, 4.6L V8 BENZ\u00cdN, 5.4L V8 BI-FUEL, 5.4L V8 CNG, 5.4L V8 BENZ\u00cdN<\/td>\n<\/tr>\n<tr>\n<td>1999<\/td>\n<td>FORD<\/td>\n<td>F-250<\/td>\n<td>BASE, LARIAT, XL, XLT<\/td>\n<td>5.4L V8 BI-FUEL, 5.4L V8 CNG, 5.4L V8 GAS<\/td>\n<\/tr>\n<tr>\n<td>1999 - 2002<\/td>\n<td>FORD<\/td>\n<td>F-250 SUPER DUTY<\/td>\n<td>LARIAT, XL, XLT<\/td>\n<td>5.4L V8 GAS, 6.8L V10 GAS, 7.3L V8 Diesel<\/td>\n<\/tr>\n<tr>\n<td>2003<\/td>\n<td>FORD<\/td>\n<td>F-250 SUPER DUTY<\/td>\n<td>LARIAT, XL, XLT<\/td>\n<td>5.4L V8 GAS, 6.0L V8 Diesel, 6.8L V10 GAS<\/td>\n<\/tr>\n<tr>\n<td>2004 - 2007<\/td>\n<td>FORD<\/td>\n<td>F-250 SUPER DUTY<\/td>\n<td>HARLEY-DAVIDSON EDITION, KING RANCH, LARIAT, XL, XLT<\/td>\n<td>5.4L V8 GAS, 6.0L V8 Diesel, 6.8L V10 GAS<\/td>\n<\/tr>\n<tr>\n<td>2008<\/td>\n<td>FORD<\/td>\n<td>F-250 SUPER DUTY<\/td>\n<td>FX4, HARLEY-DAVIDSON EDITION, KING RANCH, LARIAT, XL, XLT<\/td>\n<td>5.4L V8 GAS, 6.4L V8 Diesel, 6.8L V10 GAS<\/td>\n<\/tr>\n<tr>\n<td>2009<\/td>\n<td>FORD<\/td>\n<td>F-250 SUPER DUTY<\/td>\n<td>CABELA'S, FX4, HARLEY-DAVIDSON EDITION, KING RANCH, LARIAT, XL, XLT<\/td>\n<td>5.4L V8 GAS, 6.4L V8 Diesel, 6.8L V10 GAS<\/td>\n<\/tr>\n<tr>\n<td>2010<\/td>\n<td>FORD<\/td>\n<td>F-250 SUPER DUTY<\/td>\n<td>CABELA'S, HARLEY-DAVIDSON EDITION, KING RANCH, LARIAT, XL, XLT<\/td>\n<td>5.4L V8 GAS, 6.4L V8 Diesel, 6.8L V10 GAS<\/td>\n<\/tr>\n<tr>\n<td>2011 - 2012<\/td>\n<td>FORD<\/td>\n<td>F-250 SUPER DUTY<\/td>\n<td>KING RANCH, LARIAT, XL, XLT<\/td>\n<td>6.2L V8 FLEX<\/td>\n<\/tr>\n<tr>\n<td>2013 - 2014<\/td>\n<td>FORD<\/td>\n<td>F-250 SUPER DUTY<\/td>\n<td>KING RANCH, LARIAT, PLATINUM, XL, XLT<\/td>\n<td>6.2L V8 FLEX<\/td>\n<\/tr>\n<tr>\n<td>1999 - 2002<\/td>\n<td>FORD<\/td>\n<td>F-350 SUPER DUTY<\/td>\n<td>LARIAT, XL, XLT<\/td>\n<td>6,8 l V10 GAS, 7,3 l V8 Diesel<\/td>\n<\/tr>\n<tr>\n<td>2003<\/td>\n<td>FORD<\/td>\n<td>F-350 SUPER DUTY<\/td>\n<td>KING RANCH, LARIAT, XL, XLT<\/td>\n<td>6,0 l V8 Diesel, 6,8 l V10 GAS<\/td>\n<\/tr>\n<tr>\n<td>2004 - 2007<\/td>\n<td>FORD<\/td>\n<td>F-350 SUPER DUTY<\/td>\n<td>HARLEY-DAVIDSON EDITION, KING RANCH, LARIAT, XL, XLT<\/td>\n<td>6,0 l V8 Diesel, 6,8 l V10 GAS<\/td>\n<\/tr>\n<tr>\n<td>2008<\/td>\n<td>FORD<\/td>\n<td>F-350 SUPER DUTY<\/td>\n<td>FX4, HARLEY-DAVIDSON EDITION, KING RANCH, LARIAT, XL, XLT<\/td>\n<td>6,4 l V8 Diesel, 6,8 l V10 GAS<\/td>\n<\/tr>\n<tr>\n<td>2009<\/td>\n<td>FORD<\/td>\n<td>F-350 SUPER DUTY<\/td>\n<td>CABELA'S, FX4, HARLEY-DAVIDSON EDITION, KING RANCH, LARIAT, XL, XLT<\/td>\n<td>6,4 l V8 Diesel, 6,8 l V10 GAS<\/td>\n<\/tr>\n<tr>\n<td>2010<\/td>\n<td>FORD<\/td>\n<td>F-350 SUPER DUTY<\/td>\n<td>CABELA'S, HARLEY-DAVIDSON EDITION, KING RANCH, LARIAT, XL, XLT<\/td>\n<td>6,4 l V8 Diesel, 6,8 l V10 GAS<\/td>\n<\/tr>\n<tr>\n<td>2014\u20132016<\/td>\n<td>FORD<\/td>\n<td>FIESTA<\/td>\n<td>ST<\/td>\n<td>1.6L L4 GAS<\/td>\n<\/tr>\n<tr>\n<td>2012<\/td>\n<td>FORD<\/td>\n<td>FLEX<\/td>\n<td>LIMITED, SE, SEL, TITANIUM<\/td>\n<td>3,5 L V6 GAS<\/td>\n<\/tr>\n<tr>\n<td>2013\u20132016<\/td>\n<td>FORD<\/td>\n<td>FLEX<\/td>\n<td>LIMITED, SE, SEL<\/td>\n<td>3,5 L V6 GAS<\/td>\n<\/tr>\n<tr>\n<td>2013\u20132016<\/td>\n<td>FORD<\/td>\n<td>FOCUS<\/td>\n<td>ST<\/td>\n<td>2.0L L4 GAS<\/td>\n<\/tr>\n<tr>\n<td>2005 \u2013 2006<\/td>\n<td>FORD<\/td>\n<td>GT<\/td>\n<td>BASE<\/td>\n<td>5.4L V8 GAS<\/td>\n<\/tr>\n<tr>\n<td>1996 - 2000<\/td>\n<td>FORD<\/td>\n<td>MUSTANG<\/td>\n<td>BASE, GT<\/td>\n<td>3.8L V6 BENZ\u00cdN, 4.6L V8 BENZ\u00cdN<\/td>\n<\/tr>\n<tr>\n<td>2002 - 2003<\/td>\n<td>FORD<\/td>\n<td>MUSTANG<\/td>\n<td>BASE, GT<\/td>\n<td>3.8L V6 BENZ\u00cdN, 4.6L V8 BENZ\u00cdN<\/td>\n<\/tr>\n<tr>\n<td>2001<\/td>\n<td>FORD<\/td>\n<td>MUSTANG<\/td>\n<td>BASE, GT, GT BULLITT<\/td>\n<td>3.8L V6 BENZ\u00cdN, 4.6L V8 BENZ\u00cdN<\/td>\n<\/tr>\n<tr>\n<td>2004<\/td>\n<td>FORD<\/td>\n<td>MUSTANG<\/td>\n<td>BASE, GT<\/td>\n<td>3.8L V6 BENZ\u00cdN, 3.9L V6 BENZ\u00cdN, 4.6L V8 BENZ\u00cdN<\/td>\n<\/tr>\n<tr>\n<td>2005<\/td>\n<td>FORD<\/td>\n<td>MUSTANG<\/td>\n<td>BASE, GT, Saleen<\/td>\n<td>4.0L V6 BENZ\u00cdN, 4.6L V8 BENZ\u00cdN<\/td>\n<\/tr>\n<tr>\n<td>2006<\/td>\n<td>FORD<\/td>\n<td>MUSTANG<\/td>\n<td>BASE, GT<\/td>\n<td>4.0L V6 BENZ\u00cdN, 4.6L V8 BENZ\u00cdN<\/td>\n<\/tr>\n<tr>\n<td>2007<\/td>\n<td>FORD<\/td>\n<td>MUSTANG<\/td>\n<td>BASE, GT, SHELBY GT, SHELBY GT500<\/td>\n<td>4.0L V6 BENZ\u00cdN, 4.6L V8 BENZ\u00cdN, 5.4L V8 BENZ\u00cdN<\/td>\n<\/tr>\n<tr>\n<td>2008<\/td>\n<td>FORD<\/td>\n<td>MUSTANG<\/td>\n<td>BASE, BULLITT, GT, SHELBY GT, SHELBY GT500, SHELBY GT500KR<\/td>\n<td>4.0L V6 BENZ\u00cdN, 4.6L V8 BENZ\u00cdN, 5.4L V8 BENZ\u00cdN<\/td>\n<\/tr>\n<tr>\n<td>2009<\/td>\n<td>FORD<\/td>\n<td>MUSTANG<\/td>\n<td>BASE, BULLITT, GT, SHELBY GT500, SHELBY GT500KR<\/td>\n<td>4.0L V6 BENZ\u00cdN, 4.6L V8 BENZ\u00cdN, 5.4L V8 BENZ\u00cdN<\/td>\n<\/tr>\n<tr>\n<td>2010<\/td>\n<td>FORD<\/td>\n<td>MUSTANG<\/td>\n<td>Z\u00c1KLADN\u00cd, GT, SHELBY GT500<\/td>\n<td>4.0L V6 BENZ\u00cdN, 4.6L V8 BENZ\u00cdN, 5.4L V8 BENZ\u00cdN<\/td>\n<\/tr>\n<tr>\n<td>2011<\/td>\n<td>FORD<\/td>\n<td>MUSTANG<\/td>\n<td>Z\u00c1KLADN\u00cd, GT, SHELBY GT500<\/td>\n<td>3.7L V6 BENZ\u00cdN, 5.0L V8 BENZ\u00cdN, 5.4L V8 BENZ\u00cdN<\/td>\n<\/tr>\n<tr>\n<td>2012<\/td>\n<td>FORD<\/td>\n<td>MUSTANG<\/td>\n<td>BASE, BOSS 302, GT, SHELBY GT500<\/td>\n<td>3.7L V6 BENZ\u00cdN, 5.0L V8 BENZ\u00cdN, 5.4L V8 BENZ\u00cdN<\/td>\n<\/tr>\n<tr>\n<td>2013<\/td>\n<td>FORD<\/td>\n<td>MUSTANG<\/td>\n<td>BASE, BOSS 302, GT, SHELBY GT500<\/td>\n<td>3.7L V6 BENZ\u00cdN, 5.0L V8 BENZ\u00cdN, 5.8L V8 BENZ\u00cdN<\/td>\n<\/tr>\n<tr>\n<td>2014<\/td>\n<td>FORD<\/td>\n<td>MUSTANG<\/td>\n<td>Z\u00c1KLADN\u00cd, GT, SHELBY GT500<\/td>\n<td>3.7L V6 BENZ\u00cdN, 5.0L V8 BENZ\u00cdN, 5.8L V8 BENZ\u00cdN<\/td>\n<\/tr>\n<tr>\n<td>2015<\/td>\n<td>FORD<\/td>\n<td>MUSTANG<\/td>\n<td>ECOBOOST, ECOBOOST PREMIUM, GT, GT 50 YEARS LIMITED EDITION, GT PREMIUM, V6<\/td>\n<td>2.3L L4 BENZ\u00cdN, 3.7L V6 BENZ\u00cdN, 5.0L V8 BENZ\u00cdN<\/td>\n<\/tr>\n<tr>\n<td>2016<\/td>\n<td>FORD<\/td>\n<td>MUSTANG<\/td>\n<td>ECOBOOST, ECOBOOST PREMIUM, GT, GT PREMIUM, V6<\/td>\n<td>2.3L L4 BENZ\u00cdN, 3.7L V6 BENZ\u00cdN, 5.0L V8 BENZ\u00cdN<\/td>\n<\/tr>\n<tr>\n<td>2018<\/td>\n<td>FORD<\/td>\n<td>MUSTANG<\/td>\n<td>ECOBOOST, ECOBOOST PREMIUM, GT, GT PREMIUM<\/td>\n<td>2.3L L4 BENZ\u00cdN, 5.0L V8 BENZ\u00cdN<\/td>\n<\/tr>\n<tr>\n<td>2019\u20132020<\/td>\n<td>FORD<\/td>\n<td>MUSTANG<\/td>\n<td>BULLITT, ECOBOOST, ECOBOOST PREMIUM, GT, GT PREMIUM<\/td>\n<td>2.3L L4 BENZ\u00cdN, 5.0L V8 BENZ\u00cdN<\/td>\n<\/tr>\n<tr>\n<td>2021 \u2013 2022<\/td>\n<td>FORD<\/td>\n<td>MUSTANG<\/td>\n<td>GT, GT PREMIUM<\/td>\n<td>5.0L V8 GAS<\/td>\n<\/tr>\n<tr>\n<td>2007<\/td>\n<td>FORD<\/td>\n<td>RANGER<\/td>\n<td>FX4, SPORT, STX, XL, XLT<\/td>\n<td>2.3L L4 BENZ\u00cdN, 3.0L V6 BENZ\u00cdN, 4.0L V6 BENZ\u00cdN<\/td>\n<\/tr>\n<tr>\n<td>2008<\/td>\n<td>FORD<\/td>\n<td>RANGER<\/td>\n<td>FX4, SPORT, XL, XLT<\/td>\n<td>2.3L L4 BENZ\u00cdN, 3.0L V6 BENZ\u00cdN, 4.0L V6 BENZ\u00cdN<\/td>\n<\/tr>\n<tr>\n<td>2009<\/td>\n<td>FORD<\/td>\n<td>RANGER<\/td>\n<td>FX4, SPORT, XL, XLT<\/td>\n<td>2.3L L4 BENZ\u00cdN, 4.0L V6 BENZ\u00cdN<\/td>\n<\/tr>\n<tr>\n<td>2010 - 2011<\/td>\n<td>FORD<\/td>\n<td>RANGER<\/td>\n<td>SPORT, XL, XLT<\/td>\n<td>2.3L L4 BENZ\u00cdN, 4.0L V6 BENZ\u00cdN<\/td>\n<\/tr>\n<tr>\n<td>2019\u20132020<\/td>\n<td>FORD<\/td>\n<td>RANGER<\/td>\n<td>LARIAT, XL, XLT<\/td>\n<td>2.3L L4 GAS<\/td>\n<\/tr>\n<tr>\n<td>2013\u20132016<\/td>\n<td>FORD<\/td>\n<td>TAURUS<\/td>\n<td>SHO<\/td>\n<td>3,5 L V6 GAS<\/td>\n<\/tr>\n<tr>\n<td>2019<\/td>\n<td>FORD<\/td>\n<td>TAURUS<\/td>\n<td>SHO<\/td>\n<td>3,5 L V6 GAS<\/td>\n<\/tr>\n<tr>\n<td>2006\u20132008<\/td>\n<td>LINCOLN<\/td>\n<td>MARK LT<\/td>\n<td>BASE<\/td>\n<td>5.4L V8 GAS<\/td>\n<\/tr>\n<tr>\n<td>2012 - 2016<\/td>\n<td>LINCOLN<\/td>\n<td>MKS<\/td>\n<td>ECOBOOST<\/td>\n<td>3,5 L V6 GAS<\/td>\n<\/tr>\n<tr>\n<td>2005<\/td>\n<td>LINCOLN<\/td>\n<td>M\u011aSTSK\u00dd V\u016eZ<\/td>\n<td>EXECUTIVE, EXECUTIVE L, SIGNATURE, SIGNATURE L, SIGNATURE LIMITED<\/td>\n<td>4.6L V8 GAS<\/td>\n<\/tr>\n<tr>\n<td>2006 \u2013 2007<\/td>\n<td>LINCOLN<\/td>\n<td>M\u011aSTSK\u00dd V\u016eZ<\/td>\n<td>DESIGNER SERIES, EXECUTIVE, EXECUTIVE L, SIGNATURE, SIGNATURE L, SIGNATURE LIMITED<\/td>\n<td>4.6L V8 FLEX, 4.6L V8 BENZ\u00cdN<\/td>\n<\/tr>\n<tr>\n<td>2008\u20132010<\/td>\n<td>LINCOLN<\/td>\n<td>M\u011aSTSK\u00dd V\u016eZ<\/td>\n<td>EXECUTIVE, EXECUTIVE L, SIGNATURE L, SIGNATURE LIMITED<\/td>\n<td>4.6L V8 FLEX, 4.6L V8 BENZ\u00cdN<\/td>\n<\/tr>\n<tr>\n<td>2011<\/td>\n<td>LINCOLN<\/td>\n<td>M\u011aSTSK\u00dd V\u016eZ<\/td>\n<td>EXECUTIVE L, SIGNATURE L, SIGNATURE LIMITED<\/td>\n<td>4.6L V8 FLEX, 4.6L V8 BENZ\u00cdN<\/td>\n<\/tr>\n<tr>\n<td>2007\u20132009<\/td>\n<td>MAZDA<\/td>\n<td>B2300<\/td>\n<td>BASE<\/td>\n<td>2.3L L4 GAS<\/td>\n<\/tr>\n<tr>\n<td>2007<\/td>\n<td>MAZDA<\/td>\n<td>B3000<\/td>\n<td>BASE, DS<\/td>\n<td>3.0L V6 GAS<\/td>\n<\/tr>\n<tr>\n<td>2007\u20132008<\/td>\n<td>MAZDA<\/td>\n<td>B4000<\/td>\n<td>BASE, SE<\/td>\n<td>4.0L V6 GAS<\/td>\n<\/tr>\n<tr>\n<td>2009<\/td>\n<td>MAZDA<\/td>\n<td>B4000<\/td>\n<td>BASE<\/td>\n<td>4.0L V6 GAS<\/td>\n<\/tr>\n<tr>\n<td>2005<\/td>\n<td>MERCURY<\/td>\n<td>GRAND MARQUIS<\/td>\n<td>GS, GSL, LIMITED EDITION, LS, ULTIMATE EDITION<\/td>\n<td>4.6L V8 GAS<\/td>\n<\/tr>\n<tr>\n<td>2006\u20132008<\/td>\n<td>MERCURY<\/td>\n<td>GRAND MARQUIS<\/td>\n<td>GS, LS<\/td>\n<td>4.6L V8 FLEX, 4.6L V8 BENZ\u00cdN<\/td>\n<\/tr>\n<tr>\n<td>2009\u20132010<\/td>\n<td>MERCURY<\/td>\n<td>GRAND MARQUIS<\/td>\n<td>LS<\/td>\n<td>4.6L V8 FLEX, 4.6L V8 BENZ\u00cdN<\/td>\n<\/tr>\n<tr>\n<td>2011<\/td>\n<td>MERCURY<\/td>\n<td>GRAND MARQUIS<\/td>\n<td>LS<\/td>\n<td>4.6L V8 FLEX<\/td>\n<\/tr>\n<\/tbody>\n<\/table>","protected":false},"excerpt":{"rendered":"<p>Program\u00e1tor pro vozy Ford, Lincoln, Mazda a Mercury<\/p>","protected":false},"featured_media":68285909,"comment_status":"open","ping_status":"closed","template":"","meta":{"_acf_changed":false},"product_brand":[],"product_cat":[4745,4744,4746,4748],"product_tag":[4020,4774,4773,4674,3954,515,4778,427,4765,4766,4767,3873,4777,4768,4769,4632,4772,917,1221,1157,784,3962,3874,2934,1224,4780,428,4775,36,3955,4763,4764,3872,438,4776,517,4771,4781,3958,4255,628,233,919,1155,4770,4779],"class_list":{"0":"post-68285792","1":"product","2":"type-product","3":"status-publish","4":"has-post-thumbnail","6":"product_cat-mustang-23-ecoboost-programmiergeraete","7":"product_cat-mustang-37-programmiergeraete","8":"product_cat-mustang-50-gt-programmiergeraete","9":"product_cat-shelby-gt500-programmiergeraete","10":"product_tag-2-3","11":"product_tag-4774","12":"product_tag-badlands","13":"product_tag-bronco","14":"product_tag-bullitt","15":"product_tag-chiptuning","16":"product_tag-crown-victoria","17":"product_tag-diablosport","18":"product_tag-e-150","19":"product_tag-e-350","20":"product_tag-e-450","21":"product_tag-ecoboost","22":"product_tag-econoline","23":"product_tag-excursion","24":"product_tag-explorer","25":"product_tag-f-150","26":"product_tag-fiesta","27":"product_tag-ford","28":"product_tag-g8","29":"product_tag-geschwindigkeitsbegrenzer","30":"product_tag-gt","31":"product_tag-gt-5-0","32":"product_tag-gt500","33":"product_tag-harder","34":"product_tag-i3","35":"product_tag-intercepter","36":"product_tag-intune","37":"product_tag-intune-i3-8145","38":"product_tag-kraftwerk","39":"product_tag-mach","40":"product_tag-mazda","41":"product_tag-mercury","42":"product_tag-mustang","43":"product_tag-obd","44":"product_tag-obd-tuning","45":"product_tag-programmiergeraet","46":"product_tag-ranger","47":"product_tag-raptor","48":"product_tag-shelby","49":"product_tag-shelbygt500","50":"product_tag-trinity","51":"product_tag-tuning","52":"product_tag-tuninggeraet","53":"product_tag-vmax","54":"product_tag-wagon","55":"product_tag-xlt","57":"first","58":"instock","59":"taxable","60":"shipping-taxable","61":"purchasable","62":"product-type-simple"},"bundled_by":[],"bundle_stock_status":"instock","bundle_stock_quantity":2,"bundle_virtual":false,"bundle_layout":"","bundle_add_to_cart_form_location":"","bundle_editable_in_cart":false,"bundle_sold_individually_context":"","bundle_item_grouping":"","bundle_min_size":"","bundle_max_size":"","bundle_price":[],"bundled_items":[],"bundle_sell_ids":[],"exclude_global_add_ons":[],"addons":[],"acf":[],"_links":{"self":[{"href":"https:\/\/kraftwerk-shop.cc\/cs\/wp-json\/wp\/v2\/product\/68285792","targetHints":{"allow":["GET"]}}],"collection":[{"href":"https:\/\/kraftwerk-shop.cc\/cs\/wp-json\/wp\/v2\/product"}],"about":[{"href":"https:\/\/kraftwerk-shop.cc\/cs\/wp-json\/wp\/v2\/types\/product"}],"replies":[{"embeddable":true,"href":"https:\/\/kraftwerk-shop.cc\/cs\/wp-json\/wp\/v2\/comments?post=68285792"}],"version-history":[{"count":0,"href":"https:\/\/kraftwerk-shop.cc\/cs\/wp-json\/wp\/v2\/product\/68285792\/revisions"}],"wp:featuredmedia":[{"embeddable":true,"href":"https:\/\/kraftwerk-shop.cc\/cs\/wp-json\/wp\/v2\/media\/68285909"}],"wp:attachment":[{"href":"https:\/\/kraftwerk-shop.cc\/cs\/wp-json\/wp\/v2\/media?parent=68285792"}],"wp:term":[{"taxonomy":"product_brand","embeddable":true,"href":"https:\/\/kraftwerk-shop.cc\/cs\/wp-json\/wp\/v2\/product_brand?post=68285792"},{"taxonomy":"product_cat","embeddable":true,"href":"https:\/\/kraftwerk-shop.cc\/cs\/wp-json\/wp\/v2\/product_cat?post=68285792"},{"taxonomy":"product_tag","embeddable":true,"href":"https:\/\/kraftwerk-shop.cc\/cs\/wp-json\/wp\/v2\/product_tag?post=68285792"}],"curies":[{"name":"wp","href":"https:\/\/api.w.org\/{rel}","templated":true}]}}