{"id":68286058,"date":"2023-03-11T13:23:59","date_gmt":"2023-03-11T12:23:59","guid":{"rendered":"https:\/\/kraftwerk-shop.cc\/?post_type=product&#038;p=68286058"},"modified":"2025-10-07T13:19:43","modified_gmt":"2025-10-07T11:19:43","slug":"progress-technology-performance-stabilizatory-300c-challenger-charger","status":"publish","type":"product","link":"https:\/\/kraftwerk-shop.cc\/cs\/produkt\/progress-technology-performance-stabilisatoren-300c-challenger-charger\/","title":{"rendered":"Stabiliz\u00e1tory Progress Technology 300C, Challenger &amp; Charger"},"content":{"rendered":"<h1>Progress Technology Performance protiprokluzov\u00e9 ty\u010de (p\u0159edn\u00ed + zadn\u00ed) pro Chrysler 300C, Dodge Challenger a Charger<\/h1>\n<p>&nbsp;<\/p>\n<p>Stabiliz\u00e1tory Progress Technology v\u00fdrazn\u011b zlep\u0161uj\u00ed ovladatelnost. Jak to d\u011blaj\u00ed? Minimalizuj\u00ed \"\u00fahel n\u00e1klonu\" karoserie, kter\u00fd naru\u0161uje trakci a zp\u016fsobuje odvalov\u00e1n\u00ed n\u011bkter\u00fdch vn\u011bj\u0161\u00edch pneumatik od vozovky.<br \/>\nSportovn\u011b lad\u011bn\u00e9 stabiliz\u00e1tory nahrazuj\u00ed men\u0161\u00ed stabiliz\u00e1tory a pry\u017eov\u00e1 pouzdra z p\u016fvodn\u00edho vybaven\u00ed v\u011bt\u0161\u00edmi ty\u010demi z legovan\u00e9 oceli a tvrd\u0161\u00edmi polyuretanov\u00fdmi pouzdry. V\u011bt\u0161\u00ed \"tuhost n\u00e1klonu\" znamen\u00e1 men\u0161\u00ed \"nakl\u00e1n\u011bn\u00ed\" nebo \"k\u00fdv\u00e1n\u00ed\" a pneumatiky z\u016fst\u00e1vaj\u00ed plo\u0161\u0161\u00ed a l\u00e9pe spojen\u00e9 s vozovkou. V\u011bt\u0161\u00ed a stabiln\u011bj\u0161\u00ed sty\u010dn\u00e9 plochy pneumatik poskytuj\u00ed jezdci v\u011bt\u0161\u00ed p\u0159ilnavost, kontrolu a jistotu.<\/p>\n<p>Vylad\u011bn\u00ed zav\u011b\u0161en\u00ed pomoc\u00ed v\u011bt\u0161\u00edch a\/nebo nastaviteln\u00fdch ty\u010d\u00ed je jednoduch\u00fd a \u00fa\u010dinn\u00fd zp\u016fsob, jak zlep\u0161it vyv\u00e1\u017een\u00ed zav\u011b\u0161en\u00ed a minimalizovat nadm\u011brnou nedot\u00e1\u010divost, kter\u00e1 je u modern\u00edch vozidel tak \u010dast\u00e1.<br \/>\nKyvn\u00e9 ty\u010de Progress jsou tvarov\u00e1ny za studena pomoc\u00ed p\u0159esn\u00e9ho oh\u00fdbac\u00edho za\u0159\u00edzen\u00ed CNC. Laserem \u0159ezan\u00e9 i CNC obr\u00e1b\u011bn\u00e9 konce stabiliz\u00e1tor\u016f jsou sva\u0159eny metodou MIG pomoc\u00ed p\u0159esn\u00fdch p\u0159\u00edpravk\u016f pro p\u0159esn\u00e9 uchycen\u00ed.<br \/>\nV\u0161echny kyvn\u00e9 ty\u010de Progress jsou vyv\u00edjeny a vyr\u00e1b\u011bny v USA.<\/p>\n<p>&nbsp;<\/p>\n<p><strong>Vlastnosti:<\/strong><\/p>\n<ul>\n<li>Oh\u00fdb\u00e1n\u00ed za studena na modern\u00edch t\u0159\u00edos\u00fdch CNC syst\u00e9mech<\/li>\n<li>Vyrobeno z legovan\u00e9 oceli<\/li>\n<li>Prefabrikovan\u00e9 konce ty\u010d\u00ed a bo\u010dn\u00ed krou\u017eky jsou sva\u0159eny metodou MIG, aby bylo zaji\u0161t\u011bno p\u0159esn\u00e9 uchycen\u00ed.<\/li>\n<li>Jedine\u010dn\u00e1 konstrukce polyuretanov\u00e9ho pouzdra<\/li>\n<li>Kompletn\u00ed mont\u00e1\u017en\u00ed materi\u00e1l a n\u00e1vod jsou sou\u010d\u00e1st\u00ed dod\u00e1vky<\/li>\n<li>Vyrobeno v USA<\/li>\n<li>Rozsah nastaven\u00ed: 3 otvory<\/li>\n<li>Velikost: 35mm kulat\u00e1 trubka<\/li>\n<li>Velikost: 22 mm<\/li>\n<li>V\u010detn\u011b koncov\u00fdch kloub\u016f: Ne<\/li>\n<li>V\u0161echny stabiliz\u00e1tory jsou opat\u0159eny pr\u00e1\u0161kov\u00fdm n\u00e1st\u0159ikem v kovov\u011b \u0161ed\u00e9 barv\u011b.<\/li>\n<\/ul>\n<p>&nbsp;<\/p>\n<p><strong>Vhodn\u00e9 pro:<\/strong><\/p>\n<table width=\"456\">\n<tbody>\n<tr>\n<td width=\"123\">Zna\u010dka<\/td>\n<td width=\"173\">Model<\/td>\n<td width=\"78\">Motor<\/td>\n<td width=\"82\">Rok v\u00fdstavby<\/td>\n<\/tr>\n<tr>\n<td>Chrysler<\/td>\n<td>300 C<\/td>\n<td width=\"78\">3.6<\/td>\n<td>2011\u20132023<\/td>\n<\/tr>\n<tr>\n<td width=\"123\">Chrysler<\/td>\n<td width=\"173\">300C<\/td>\n<td width=\"78\">5.7<\/td>\n<td width=\"82\">2005\u20132023<\/td>\n<\/tr>\n<tr>\n<td width=\"123\">Chrysler<\/td>\n<td width=\"173\">300C<\/td>\n<td width=\"78\">6.1<\/td>\n<td width=\"82\">2005\u20132010<\/td>\n<\/tr>\n<tr>\n<td width=\"123\">Chrysler<\/td>\n<td width=\"173\">300C<\/td>\n<td width=\"78\">6.4<\/td>\n<td width=\"82\">2012\u20132014<\/td>\n<\/tr>\n<tr>\n<td width=\"123\">Dodge<\/td>\n<td width=\"173\">Challenger<\/td>\n<td width=\"78\">3.6<\/td>\n<td>2011\u20132023<\/td>\n<\/tr>\n<tr>\n<td width=\"123\">Dodge<\/td>\n<td width=\"173\">Challenger<\/td>\n<td width=\"78\">5.7<\/td>\n<td width=\"82\">2008\u20132023<\/td>\n<\/tr>\n<tr>\n<td width=\"123\">Dodge<\/td>\n<td width=\"173\">Challenger<\/td>\n<td width=\"78\">6.1<\/td>\n<td width=\"82\">2008\u20132010<\/td>\n<\/tr>\n<tr>\n<td width=\"123\">Dodge<\/td>\n<td width=\"173\">Challenger<\/td>\n<td width=\"78\">6.2 Hellcat<\/td>\n<td width=\"82\">2015\u20132023<\/td>\n<\/tr>\n<tr>\n<td width=\"123\">Dodge<\/td>\n<td width=\"173\">Challenger<\/td>\n<td width=\"78\">6.4<\/td>\n<td width=\"82\">2011\u20132023<\/td>\n<\/tr>\n<tr>\n<td width=\"123\">Dodge<\/td>\n<td width=\"173\">Charger<\/td>\n<td width=\"78\">3.6<\/td>\n<td>2011\u20132023<\/td>\n<\/tr>\n<tr>\n<td width=\"123\">Dodge<\/td>\n<td width=\"173\">Charger<\/td>\n<td width=\"78\">5.7<\/td>\n<td width=\"82\">2005\u20132023<\/td>\n<\/tr>\n<tr>\n<td width=\"123\">Dodge<\/td>\n<td width=\"173\">Charger<\/td>\n<td width=\"78\">6.1<\/td>\n<td width=\"82\">2005\u20132010<\/td>\n<\/tr>\n<tr>\n<td width=\"123\">Dodge<\/td>\n<td width=\"173\">Charger<\/td>\n<td width=\"78\">6.2 Hellcat<\/td>\n<td width=\"82\">2015\u20132023<\/td>\n<\/tr>\n<tr>\n<td width=\"123\">Dodge<\/td>\n<td width=\"173\">Charger<\/td>\n<td width=\"78\">6.4<\/td>\n<td width=\"82\">2011\u20132023<\/td>\n<\/tr>\n<\/tbody>\n<\/table>\n<div class=\"product-teaser\">\n<p>Nen\u00ed vhodn\u00e9 pro vozidla s pohonem v\u0161ech kol (AWD).<\/p>\n<\/div>\n<p>&nbsp;<\/p>\n<p><strong>Rozsah dod\u00e1vky:<\/strong><\/p>\n<ul>\n<li>P\u0159edn\u00ed stabiliz\u00e1tor<\/li>\n<li>Zadn\u00ed stabiliz\u00e1tor<\/li>\n<li>Z\u00e1suvky<\/li>\n<li>N\u011bmeck\u00fd n\u00e1vod k instalaci (ke sta\u017een\u00ed)<\/li>\n<\/ul>","protected":false},"excerpt":{"rendered":"<p>2005\u20132023<\/p>","protected":false},"featured_media":68286379,"comment_status":"open","ping_status":"closed","template":"","meta":{"_acf_changed":false},"product_brand":[],"product_cat":[1563,1571,4977,1579,1587,1668,1676,1684,1692,1700,1603,1611,5156,1619,1627,1635],"product_tag":[169,52,91,92,101,93,4790,3888,3897,54,53,48,536,49,3853,3854,743,318,3893,100,126,798,222,4789,783,151,3896,3898,3894,787,782,96,767,769,3891,3899,3889,3890,831,841],"class_list":{"0":"post-68286058","1":"product","2":"type-product","3":"status-publish","4":"has-post-thumbnail","6":"product_cat-300c-36-fahrwerk","7":"product_cat-300c-57-2005-2010-fahrwerk","8":"product_cat-300c-57-2011-2023-fahrwerk","9":"product_cat-300c-61-fahrwerk","10":"product_cat-300c-64-fahrwerk","11":"product_cat-challenger-36-fahrwerk","12":"product_cat-challenger-57-fahrwerk","13":"product_cat-challenger-61-fahrwerk","14":"product_cat-challenger-hellcat-fahrwerk","15":"product_cat-challenger-64-fahrwerk","16":"product_cat-charger-36-fahrwerk","17":"product_cat-charger-57-fahrwerk","18":"product_cat-charger-57-2011-2023-fahrwerk","19":"product_cat-charger-61-fahrwerk","20":"product_cat-charger-hellcat-fahrwerk","21":"product_cat-charger-64-fahrwerk","22":"product_tag-3-6","23":"product_tag-300c","24":"product_tag-5-7","25":"product_tag-6-1","26":"product_tag-6-2","27":"product_tag-6-4","28":"product_tag-63-0636","29":"product_tag-anti-roll","30":"product_tag-bar","31":"product_tag-challenger","32":"product_tag-charger","33":"product_tag-chrysler","34":"product_tag-chrysler-300c","35":"product_tag-dodge","36":"product_tag-dodge-challenger","37":"product_tag-dodge-charger","38":"product_tag-fahrwerk","39":"product_tag-federn","40":"product_tag-federung","41":"product_tag-hellcat","42":"product_tag-hemi","43":"product_tag-hinten","44":"product_tag-kit","45":"product_tag-progress-technology","46":"product_tag-r-t","47":"product_tag-redeye","48":"product_tag-roll","49":"product_tag-rollbar","50":"product_tag-rollneigung","51":"product_tag-rt","52":"product_tag-scat-pack","53":"product_tag-srt","54":"product_tag-stabi","55":"product_tag-stabilisator","56":"product_tag-stabilisatoren","57":"product_tag-sway","58":"product_tag-sway-bar","59":"product_tag-swaybar","60":"product_tag-verstellbar","61":"product_tag-vorne","62":"product_shipping_class-paketversand-l","64":"first","65":"onbackorder","66":"taxable","67":"shipping-taxable","68":"purchasable","69":"product-type-simple"},"bundled_by":[],"bundle_stock_status":"onbackorder","bundle_stock_quantity":0,"bundle_virtual":false,"bundle_layout":"","bundle_add_to_cart_form_location":"","bundle_editable_in_cart":false,"bundle_sold_individually_context":"","bundle_item_grouping":"","bundle_min_size":"","bundle_max_size":"","bundle_price":[],"bundled_items":[],"bundle_sell_ids":[],"exclude_global_add_ons":[],"addons":[],"acf":[],"_links":{"self":[{"href":"https:\/\/kraftwerk-shop.cc\/cs\/wp-json\/wp\/v2\/product\/68286058","targetHints":{"allow":["GET"]}}],"collection":[{"href":"https:\/\/kraftwerk-shop.cc\/cs\/wp-json\/wp\/v2\/product"}],"about":[{"href":"https:\/\/kraftwerk-shop.cc\/cs\/wp-json\/wp\/v2\/types\/product"}],"replies":[{"embeddable":true,"href":"https:\/\/kraftwerk-shop.cc\/cs\/wp-json\/wp\/v2\/comments?post=68286058"}],"version-history":[{"count":0,"href":"https:\/\/kraftwerk-shop.cc\/cs\/wp-json\/wp\/v2\/product\/68286058\/revisions"}],"wp:featuredmedia":[{"embeddable":true,"href":"https:\/\/kraftwerk-shop.cc\/cs\/wp-json\/wp\/v2\/media\/68286379"}],"wp:attachment":[{"href":"https:\/\/kraftwerk-shop.cc\/cs\/wp-json\/wp\/v2\/media?parent=68286058"}],"wp:term":[{"taxonomy":"product_brand","embeddable":true,"href":"https:\/\/kraftwerk-shop.cc\/cs\/wp-json\/wp\/v2\/product_brand?post=68286058"},{"taxonomy":"product_cat","embeddable":true,"href":"https:\/\/kraftwerk-shop.cc\/cs\/wp-json\/wp\/v2\/product_cat?post=68286058"},{"taxonomy":"product_tag","embeddable":true,"href":"https:\/\/kraftwerk-shop.cc\/cs\/wp-json\/wp\/v2\/product_tag?post=68286058"}],"curies":[{"name":"wp","href":"https:\/\/api.w.org\/{rel}","templated":true}]}}