{"id":68286072,"date":"2023-03-19T22:51:50","date_gmt":"2023-03-19T21:51:50","guid":{"rendered":"https:\/\/kraftwerk-shop.cc\/?post_type=product&#038;p=68286072"},"modified":"2025-12-06T22:03:39","modified_gmt":"2025-12-06T21:03:39","slug":"progress-technology-stabilizacni-ram","status":"publish","type":"product","link":"https:\/\/kraftwerk-shop.cc\/cs\/produkt\/progress-technology-stabilisator-ram\/","title":{"rendered":"Stabiliz\u00e1tor Progress Technology RAM 5.7"},"content":{"rendered":"<h1>Stabiliz\u00e1tor v\u00fdkonu Progress Technology (zadn\u00ed n\u00e1prava) pro RAM 3.0 EcoDiesel, 3.6 a 5.7<\/h1>\n<p>&nbsp;<\/p>\n<p>Stabiliz\u00e1tory Progress Technology v\u00fdrazn\u011b zlep\u0161uj\u00ed ovladatelnost. Jak to d\u011blaj\u00ed? Minimalizuj\u00ed \"\u00fahel n\u00e1klonu\" karoserie, kter\u00fd naru\u0161uje trakci a zp\u016fsobuje odvalov\u00e1n\u00ed n\u011bkter\u00fdch vn\u011bj\u0161\u00edch pneumatik od vozovky.<br \/>\nSportovn\u011b lad\u011bn\u00e9 stabiliz\u00e1tory nahrazuj\u00ed men\u0161\u00ed stabiliz\u00e1tory a pry\u017eov\u00e1 pouzdra z p\u016fvodn\u00edho vybaven\u00ed v\u011bt\u0161\u00edmi ty\u010demi z legovan\u00e9 oceli a tvrd\u0161\u00edmi polyuretanov\u00fdmi pouzdry. V\u011bt\u0161\u00ed \"tuhost n\u00e1klonu\" znamen\u00e1 men\u0161\u00ed \"nakl\u00e1n\u011bn\u00ed\" nebo \"k\u00fdv\u00e1n\u00ed\" a pneumatiky z\u016fst\u00e1vaj\u00ed plo\u0161\u0161\u00ed a l\u00e9pe spojen\u00e9 s vozovkou. V\u011bt\u0161\u00ed a stabiln\u011bj\u0161\u00ed sty\u010dn\u00e9 plochy pneumatik poskytuj\u00ed jezdci v\u011bt\u0161\u00ed p\u0159ilnavost, kontrolu a jistotu.<\/p>\n<p>Vylad\u011bn\u00ed zav\u011b\u0161en\u00ed pomoc\u00ed v\u011bt\u0161\u00edch a\/nebo nastaviteln\u00fdch ty\u010d\u00ed je jednoduch\u00fd a \u00fa\u010dinn\u00fd zp\u016fsob, jak zlep\u0161it vyv\u00e1\u017een\u00ed zav\u011b\u0161en\u00ed a minimalizovat nadm\u011brnou nedot\u00e1\u010divost, kter\u00e1 je u modern\u00edch vozidel tak \u010dast\u00e1.<br \/>\nKyvn\u00e9 ty\u010de Progress jsou tvarov\u00e1ny za studena pomoc\u00ed p\u0159esn\u00e9ho oh\u00fdbac\u00edho za\u0159\u00edzen\u00ed CNC. Laserem \u0159ezan\u00e9 i CNC obr\u00e1b\u011bn\u00e9 konce stabiliz\u00e1tor\u016f jsou sva\u0159eny metodou MIG pomoc\u00ed p\u0159esn\u00fdch p\u0159\u00edpravk\u016f pro p\u0159esn\u00e9 uchycen\u00ed.<br \/>\nV\u0161echny kyvn\u00e9 ty\u010de Progress jsou vyv\u00edjeny a vyr\u00e1b\u011bny v USA.<\/p>\n<p>&nbsp;<\/p>\n<p><strong>Vlastnosti:<\/strong><\/p>\n<ul>\n<li>Oh\u00fdb\u00e1n\u00ed za studena na modern\u00edch t\u0159\u00edos\u00fdch CNC syst\u00e9mech<\/li>\n<li>Vyrobeno z legovan\u00e9 oceli<\/li>\n<li>Prefabrikovan\u00e9 konce ty\u010d\u00ed a bo\u010dn\u00ed krou\u017eky jsou sva\u0159eny metodou MIG, aby bylo zaji\u0161t\u011bno p\u0159esn\u00e9 uchycen\u00ed.<\/li>\n<li>Vyrobeno v USA<\/li>\n<li>Lep\u0161\u00ed sm\u011brov\u00e1 stabilita p\u0159i bo\u010dn\u00edm v\u011btru<\/li>\n<li>Lep\u0161\u00ed ovl\u00e1d\u00e1n\u00ed vozidla p\u0159i ta\u017een\u00ed p\u0159\u00edv\u011bs\u016f<\/li>\n<li>Nelze nastavit<\/li>\n<li>Pr\u016fm\u011br: 1,00\u2033 (25 mm)<\/li>\n<li>V\u010detn\u011b polyuretanov\u00fdch pouzder a maziva<\/li>\n<li>V\u010detn\u011b koncov\u00fdch kloub\u016f: Ne<\/li>\n<li>Vhodn\u00e9 pro vozidla s v\u00fd\u0161kou OEM v rozmez\u00ed +\/- 2,0\u2033<\/li>\n<li>V\u0161echny stabiliz\u00e1tory jsou opat\u0159eny pr\u00e1\u0161kov\u00fdm n\u00e1st\u0159ikem v kovov\u011b \u0161ed\u00e9 barv\u011b.<\/li>\n<\/ul>\n<p>&nbsp;<\/p>\n<p><strong>Vhodn\u00e9 pro:<\/strong><\/p>\n<table width=\"498\">\n<tbody>\n<tr>\n<td width=\"114\"><strong>Zna\u010dka<\/strong><\/td>\n<td width=\"121\"><strong>Model<\/strong><\/td>\n<td width=\"122\"><strong>Motor<\/strong><\/td>\n<td width=\"141\"><strong>Rok v\u00fdstavby<\/strong><\/td>\n<\/tr>\n<tr>\n<td width=\"114\">RAM<\/td>\n<td width=\"121\">1500<\/td>\n<td width=\"122\">3.0 EcoDiesel<\/td>\n<td width=\"141\">2014\u20132018<\/td>\n<\/tr>\n<tr>\n<td width=\"114\">RAM<\/td>\n<td>1500 Classic<\/td>\n<td width=\"122\">3.0 EcoDiesel<\/td>\n<td>2019<\/td>\n<\/tr>\n<tr>\n<td width=\"114\">RAM<\/td>\n<td width=\"121\">1500<\/td>\n<td width=\"122\">3.0 EcoDiesel<\/td>\n<td width=\"141\">2020\u20132023<\/td>\n<\/tr>\n<tr>\n<td width=\"114\">RAM<\/td>\n<td width=\"121\">1500<\/td>\n<td width=\"122\">3.6<\/td>\n<td width=\"141\">2013\u20132018<\/td>\n<\/tr>\n<tr>\n<td width=\"114\">RAM<\/td>\n<td width=\"121\">1500<\/td>\n<td width=\"122\">3.6<\/td>\n<td width=\"141\">2019\u20132024<\/td>\n<\/tr>\n<tr>\n<td width=\"114\">RAM<\/td>\n<td>1500 Classic<\/td>\n<td width=\"122\">3.6<\/td>\n<td>2019\u20132024<\/td>\n<\/tr>\n<tr>\n<td width=\"114\">RAM<\/td>\n<td width=\"121\">1500<\/td>\n<td width=\"122\">5.7<\/td>\n<td width=\"141\">2011\u20132014<\/td>\n<\/tr>\n<tr>\n<td width=\"114\">RAM<\/td>\n<td width=\"121\">1500<\/td>\n<td width=\"122\">5.7<\/td>\n<td width=\"141\">2019\u20132024<\/td>\n<\/tr>\n<tr>\n<td width=\"114\">RAM<\/td>\n<td>1500 Classic<\/td>\n<td width=\"122\">5.7<\/td>\n<td>2019\u20132024<\/td>\n<\/tr>\n<\/tbody>\n<\/table>\n<p>Vhodn\u00e9 pouze pro vozidla s v\u00fd\u0161kou OEM v rozmez\u00ed +\/- 2,0\u2033.<\/p>\n<p>&nbsp;<\/p>\n<p><strong>Rozsah dod\u00e1vky:<\/strong><\/p>\n<ul>\n<li>Zadn\u00ed stabiliz\u00e1tor<\/li>\n<li>Z\u00e1suvky<\/li>\n<\/ul>","protected":false},"excerpt":{"rendered":"<p>Progress Technology Performance Stabilisator (Hinterachse) f\u00fcr RAM 3.0 EcoDiesel, 3.6 und 5.7 &nbsp; Progress Technology Stabilisatoren verbessern das Fahrverhalten drastisch.<\/p>","protected":false},"featured_media":68286387,"comment_status":"open","ping_status":"closed","template":"","meta":{"_acf_changed":false},"product_brand":[],"product_cat":[4792,19414,4793,19684,1519,5014],"product_tag":[475,4791,743,318,3893,798,222,4789,86,3896,3898,3894,767,769,3891,3899,3889,3890],"class_list":{"0":"post-68286072","1":"product","2":"type-product","3":"status-publish","4":"has-post-thumbnail","6":"product_cat-1500-ecodiesel-fahrwerk","7":"product_cat-1500-ecodiesel-2020-2023-fahrwerk","8":"product_cat-1500-36-fahrwerk","9":"product_cat-1500-36-dt-fahrwerk","10":"product_cat-1500-57-2009-2018-classic-fahrwerk","11":"product_cat-1500-57-dt-fahrwerk","12":"product_tag-475","13":"product_tag-22-1810-000","14":"product_tag-fahrwerk","15":"product_tag-federn","16":"product_tag-federung","17":"product_tag-hinten","18":"product_tag-kit","19":"product_tag-progress-technology","20":"product_tag-ram","21":"product_tag-roll","22":"product_tag-rollbar","23":"product_tag-rollneigung","24":"product_tag-stabi","25":"product_tag-stabilisator","26":"product_tag-stabilisatoren","27":"product_tag-sway","28":"product_tag-sway-bar","29":"product_tag-swaybar","31":"first","32":"onbackorder","33":"taxable","34":"shipping-taxable","35":"purchasable","36":"product-type-simple"},"bundled_by":[],"bundle_stock_status":"onbackorder","bundle_stock_quantity":0,"bundle_virtual":false,"bundle_layout":"","bundle_add_to_cart_form_location":"","bundle_editable_in_cart":false,"bundle_sold_individually_context":"","bundle_item_grouping":"","bundle_min_size":"","bundle_max_size":"","bundle_price":[],"bundled_items":[],"bundle_sell_ids":[],"exclude_global_add_ons":[],"addons":[],"acf":[],"_links":{"self":[{"href":"https:\/\/kraftwerk-shop.cc\/cs\/wp-json\/wp\/v2\/product\/68286072","targetHints":{"allow":["GET"]}}],"collection":[{"href":"https:\/\/kraftwerk-shop.cc\/cs\/wp-json\/wp\/v2\/product"}],"about":[{"href":"https:\/\/kraftwerk-shop.cc\/cs\/wp-json\/wp\/v2\/types\/product"}],"replies":[{"embeddable":true,"href":"https:\/\/kraftwerk-shop.cc\/cs\/wp-json\/wp\/v2\/comments?post=68286072"}],"version-history":[{"count":0,"href":"https:\/\/kraftwerk-shop.cc\/cs\/wp-json\/wp\/v2\/product\/68286072\/revisions"}],"wp:featuredmedia":[{"embeddable":true,"href":"https:\/\/kraftwerk-shop.cc\/cs\/wp-json\/wp\/v2\/media\/68286387"}],"wp:attachment":[{"href":"https:\/\/kraftwerk-shop.cc\/cs\/wp-json\/wp\/v2\/media?parent=68286072"}],"wp:term":[{"taxonomy":"product_brand","embeddable":true,"href":"https:\/\/kraftwerk-shop.cc\/cs\/wp-json\/wp\/v2\/product_brand?post=68286072"},{"taxonomy":"product_cat","embeddable":true,"href":"https:\/\/kraftwerk-shop.cc\/cs\/wp-json\/wp\/v2\/product_cat?post=68286072"},{"taxonomy":"product_tag","embeddable":true,"href":"https:\/\/kraftwerk-shop.cc\/cs\/wp-json\/wp\/v2\/product_tag?post=68286072"}],"curies":[{"name":"wp","href":"https:\/\/api.w.org\/{rel}","templated":true}]}}