{"id":68286085,"date":"2023-03-11T19:41:28","date_gmt":"2023-03-11T18:41:28","guid":{"rendered":"https:\/\/kraftwerk-shop.cc\/?post_type=product&#038;p=68286085"},"modified":"2025-05-31T15:50:04","modified_gmt":"2025-05-31T13:50:04","slug":"progress-technology-stabilizatory-corvette-c7","status":"publish","type":"product","link":"https:\/\/kraftwerk-shop.cc\/cs\/produkt\/progress-technology-stabilisatoren-corvette-c7\/","title":{"rendered":"Stabiliz\u00e1tory Progress Technology Corvette C7"},"content":{"rendered":"<h1>Progress Technology Performance protiprokluzov\u00e9 ty\u010de (p\u0159edn\u00ed + zadn\u00ed) pro Chevrolet Corvette C7<\/h1>\n<p>&nbsp;<\/p>\n<p>Stabiliz\u00e1tory Progress Technology v\u00fdrazn\u011b zlep\u0161uj\u00ed ovladatelnost. Jak to d\u011blaj\u00ed? Minimalizuj\u00ed \"\u00fahel n\u00e1klonu\" karoserie, kter\u00fd naru\u0161uje trakci a zp\u016fsobuje odvalov\u00e1n\u00ed n\u011bkter\u00fdch vn\u011bj\u0161\u00edch pneumatik od vozovky.<br \/>\nSportovn\u011b lad\u011bn\u00e9 stabiliz\u00e1tory nahrazuj\u00ed men\u0161\u00ed stabiliz\u00e1tory a pry\u017eov\u00e1 pouzdra z p\u016fvodn\u00edho vybaven\u00ed v\u011bt\u0161\u00edmi ty\u010demi z legovan\u00e9 oceli a tvrd\u0161\u00edmi polyuretanov\u00fdmi pouzdry. V\u011bt\u0161\u00ed \"tuhost n\u00e1klonu\" znamen\u00e1 men\u0161\u00ed \"nakl\u00e1n\u011bn\u00ed\" nebo \"k\u00fdv\u00e1n\u00ed\" a pneumatiky z\u016fst\u00e1vaj\u00ed plo\u0161\u0161\u00ed a l\u00e9pe spojen\u00e9 s vozovkou. V\u011bt\u0161\u00ed a stabiln\u011bj\u0161\u00ed sty\u010dn\u00e9 plochy pneumatik poskytuj\u00ed jezdci v\u011bt\u0161\u00ed p\u0159ilnavost, kontrolu a jistotu.<\/p>\n<p>Vylad\u011bn\u00ed zav\u011b\u0161en\u00ed pomoc\u00ed v\u011bt\u0161\u00edch a\/nebo nastaviteln\u00fdch ty\u010d\u00ed je jednoduch\u00fd a \u00fa\u010dinn\u00fd zp\u016fsob, jak zlep\u0161it vyv\u00e1\u017een\u00ed zav\u011b\u0161en\u00ed a minimalizovat nadm\u011brnou nedot\u00e1\u010divost, kter\u00e1 je u modern\u00edch vozidel tak \u010dast\u00e1.<br \/>\nKyvn\u00e9 ty\u010de Progress jsou tvarov\u00e1ny za studena pomoc\u00ed p\u0159esn\u00e9ho oh\u00fdbac\u00edho za\u0159\u00edzen\u00ed CNC. Laserem \u0159ezan\u00e9 i CNC obr\u00e1b\u011bn\u00e9 konce stabiliz\u00e1tor\u016f jsou sva\u0159eny metodou MIG pomoc\u00ed p\u0159esn\u00fdch p\u0159\u00edpravk\u016f pro p\u0159esn\u00e9 uchycen\u00ed.<br \/>\nV\u0161echny kyvn\u00e9 ty\u010de Progress jsou vyv\u00edjeny a vyr\u00e1b\u011bny v USA.<\/p>\n<p>&nbsp;<\/p>\n<p><strong>Vlastnosti:<\/strong><\/p>\n<ul>\n<li>Oh\u00fdb\u00e1n\u00ed za studena na modern\u00edch t\u0159\u00edos\u00fdch CNC syst\u00e9mech<\/li>\n<li>Vyrobeno z legovan\u00e9 oceli<\/li>\n<li>Prefabrikovan\u00e9 konce ty\u010d\u00ed a bo\u010dn\u00ed krou\u017eky jsou sva\u0159eny metodou MIG, aby bylo zaji\u0161t\u011bno p\u0159esn\u00e9 uchycen\u00ed.<\/li>\n<li>Jedine\u010dn\u00e1 konstrukce polyuretanov\u00e9ho pouzdra<\/li>\n<li>Kompletn\u00ed mont\u00e1\u017en\u00ed materi\u00e1l a n\u00e1vod jsou sou\u010d\u00e1st\u00ed dod\u00e1vky<\/li>\n<li>Vyrobeno v USA<\/li>\n<li>Rozsah nastaven\u00ed: 3 otvory<\/li>\n<li>Velikost p\u0159edn\u00ed \u010d\u00e1sti: 31,8 mm (1,250\u2033)<\/li>\n<li>Velikost zadn\u00ed \u010d\u00e1sti: 33,3 mm (1,312\u2033) nastaviteln\u00e1<\/li>\n<li>V\u010detn\u011b koncov\u00fdch kloub\u016f: Ne<\/li>\n<li>V\u0161echny stabiliz\u00e1tory jsou opat\u0159eny pr\u00e1\u0161kov\u00fdm n\u00e1st\u0159ikem v kovov\u011b \u0161ed\u00e9 barv\u011b.<\/li>\n<\/ul>\n<p>&nbsp;<\/p>\n<p><strong>Vhodn\u00e9 pro:<\/strong><\/p>\n<table width=\"790\">\n<tbody>\n<tr>\n<td width=\"178\"><strong>Rok v\u00fdstavby<\/strong><\/td>\n<td width=\"226\"><strong>Zna\u010dka<\/strong><\/td>\n<td width=\"214\"><strong>Model<\/strong><\/td>\n<td width=\"172\"><strong>Motor<\/strong><\/td>\n<\/tr>\n<tr>\n<td width=\"178\">2014\u20132019<\/td>\n<td width=\"226\">Chevrolet<\/td>\n<td width=\"214\">Corvette (C7) Stingray<\/td>\n<td width=\"172\">V8 6,2 L<\/td>\n<\/tr>\n<\/tbody>\n<\/table>\n<div class=\"product-teaser\">\n<p><strong>Pozn\u00e1mka:<\/strong> Pro vozidla, kter\u00e1 <strong>ne<\/strong> jsou vybaveny zadn\u00edm stabiliz\u00e1torem, jsou pro mont\u00e1\u017e zadn\u00edho stabiliz\u00e1toru nutn\u00e9 dal\u0161\u00ed d\u00edly. Tyto d\u00edly nejsou sou\u010d\u00e1st\u00ed dod\u00e1vky.<\/p>\n<p>Po\u017eadovan\u00e1 \u010d\u00edsla d\u00edl\u016f GM jsou<\/p>\n<ul>\n<li>(2) 22945601<\/li>\n<li>(4) 11516078<\/li>\n<li>(2) 20959449<\/li>\n<li>(4) 11588742<\/li>\n<\/ul>\n<p>&nbsp;<\/p>\n<\/div>\n<p><strong>Rozsah dod\u00e1vky:<\/strong><\/p>\n<ul>\n<li>P\u0159edn\u00ed stabiliz\u00e1tor<\/li>\n<li>Zadn\u00ed stabiliz\u00e1tor<\/li>\n<li>Z\u00e1suvky<\/li>\n<li>N\u011bmeck\u00fd n\u00e1vod k instalaci (ke sta\u017een\u00ed)<\/li>\n<\/ul>","protected":false},"excerpt":{"rendered":"<p>Progress Technology Performance Stabilisatoren (vorne + hinten) f\u00fcr Chevrolet Corvette C7 &nbsp; Progress Technology Stabilisatoren verbessern das Fahrverhalten drastisch. Wie<\/p>","protected":false},"featured_media":68286462,"comment_status":"open","ping_status":"closed","template":"","meta":{"_acf_changed":false},"product_brand":[],"product_cat":[3130],"product_tag":[4795,3888,3087,189,281,743,798,222,4789,3894,767,769,3891,3583,3899,3889,3890,831,841],"class_list":{"0":"post-68286085","1":"product","2":"type-product","3":"status-publish","4":"has-post-thumbnail","6":"product_cat-corvette-c7-fahrwerk","7":"product_tag-63-0481","8":"product_tag-anti-roll","9":"product_tag-c7","10":"product_tag-chevrolet","11":"product_tag-corvette","12":"product_tag-fahrwerk","13":"product_tag-hinten","14":"product_tag-kit","15":"product_tag-progress-technology","16":"product_tag-rollneigung","17":"product_tag-stabi","18":"product_tag-stabilisator","19":"product_tag-stabilisatoren","20":"product_tag-stingray","21":"product_tag-sway","22":"product_tag-sway-bar","23":"product_tag-swaybar","24":"product_tag-verstellbar","25":"product_tag-vorne","26":"product_shipping_class-paket-l","28":"first","29":"onbackorder","30":"taxable","31":"shipping-taxable","32":"purchasable","33":"product-type-simple"},"bundled_by":[],"bundle_stock_status":"onbackorder","bundle_stock_quantity":0,"bundle_virtual":false,"bundle_layout":"","bundle_add_to_cart_form_location":"","bundle_editable_in_cart":false,"bundle_sold_individually_context":"","bundle_item_grouping":"","bundle_min_size":"","bundle_max_size":"","bundle_price":[],"bundled_items":[],"bundle_sell_ids":[],"exclude_global_add_ons":[],"addons":[],"acf":[],"_links":{"self":[{"href":"https:\/\/kraftwerk-shop.cc\/cs\/wp-json\/wp\/v2\/product\/68286085","targetHints":{"allow":["GET"]}}],"collection":[{"href":"https:\/\/kraftwerk-shop.cc\/cs\/wp-json\/wp\/v2\/product"}],"about":[{"href":"https:\/\/kraftwerk-shop.cc\/cs\/wp-json\/wp\/v2\/types\/product"}],"replies":[{"embeddable":true,"href":"https:\/\/kraftwerk-shop.cc\/cs\/wp-json\/wp\/v2\/comments?post=68286085"}],"version-history":[{"count":0,"href":"https:\/\/kraftwerk-shop.cc\/cs\/wp-json\/wp\/v2\/product\/68286085\/revisions"}],"wp:featuredmedia":[{"embeddable":true,"href":"https:\/\/kraftwerk-shop.cc\/cs\/wp-json\/wp\/v2\/media\/68286462"}],"wp:attachment":[{"href":"https:\/\/kraftwerk-shop.cc\/cs\/wp-json\/wp\/v2\/media?parent=68286085"}],"wp:term":[{"taxonomy":"product_brand","embeddable":true,"href":"https:\/\/kraftwerk-shop.cc\/cs\/wp-json\/wp\/v2\/product_brand?post=68286085"},{"taxonomy":"product_cat","embeddable":true,"href":"https:\/\/kraftwerk-shop.cc\/cs\/wp-json\/wp\/v2\/product_cat?post=68286085"},{"taxonomy":"product_tag","embeddable":true,"href":"https:\/\/kraftwerk-shop.cc\/cs\/wp-json\/wp\/v2\/product_tag?post=68286085"}],"curies":[{"name":"wp","href":"https:\/\/api.w.org\/{rel}","templated":true}]}}