{"id":68286265,"date":"2023-03-13T14:13:07","date_gmt":"2023-03-13T13:13:07","guid":{"rendered":"https:\/\/kraftwerk-shop.cc\/?post_type=product&#038;p=68286265"},"modified":"2026-02-15T00:00:52","modified_gmt":"2026-02-14T23:00:52","slug":"ford-performance-m-5200-m8eba-mustang-gt","status":"publish","type":"product","link":"https:\/\/kraftwerk-shop.cc\/cs\/produkt\/ford-performance-m-5200-m8eba-mustang-gt\/","title":{"rendered":"V\u00fdfukov\u00fd syst\u00e9m Ford Performance pro Ford Mustang GT 5.0"},"content":{"rendered":"<h1>V\u00fdfukov\u00fd syst\u00e9m Ford Performance Cat-Back M-5200-M8EBA vhodn\u00fd pro Mustang GT 5.0 (S550)<\/h1>\n<p>Tento v\u00fdfukov\u00fd syst\u00e9m Ford Performance je vylad\u011bn\u00fd a navr\u017een\u00fd tak, aby va\u0161emu vozidlu poskytl \u0161pi\u010dkov\u00fd v\u00fdkon. Ka\u017ed\u00e1 \u010d\u00e1st potrub\u00ed je rovnom\u011brn\u011b ohnut\u00e1, aby se zv\u00fd\u0161il pr\u016ftok v\u00fdfukov\u00fdch plyn\u016f. V\u00fdfuk je navr\u017een tak, aby va\u0161emu vozidlu poskytl agresivn\u00ed a hrdeln\u00ed zvuk vysok\u00e9ho v\u00fdkonu a minimalizoval protitlak.<\/p>\n<p>Instalace je jednoduch\u00e1 a nevy\u017eaduje \u017e\u00e1dn\u00e9 sva\u0159ov\u00e1n\u00ed ani vrt\u00e1n\u00ed ve vozidle. Ka\u017ed\u00fd syst\u00e9m vyu\u017e\u00edv\u00e1 st\u00e1vaj\u00edc\u00ed mont\u00e1\u017en\u00ed body.<\/p>\n<p>&nbsp;<\/p>\n<p><strong>Vhodn\u00e9 pro:<\/strong><\/p>\n<table width=\"530\">\n<tbody>\n<tr>\n<td width=\"141\">Ford<\/td>\n<td width=\"116\">Mustang<\/td>\n<td width=\"176\">GT 5.0L<\/td>\n<td width=\"97\">2018\u20132023<\/td>\n<\/tr>\n<\/tbody>\n<\/table>\n<p>&nbsp;<\/p>\n<p><strong>Rozsah dod\u00e1vky<\/strong><\/p>\n<ul>\n<li>V\u00fdfukov\u00fd syst\u00e9m Ford Performance M-5200-M8EBA<\/li>\n<li>Svorky<\/li>\n<\/ul>\n<p>&nbsp;<\/p>\n<p>Ford Racing (Ford Performance) je tuningov\u00e1 a motoristick\u00e1 divize spole\u010dnosti Ford s vysoce kvalitn\u00edmi produkty pro vozy Ford Mustang Shelby GT350\/GT500, Ford GT, (S197, S297, S550) a pickupy F-150. Tyto produkty jsou optim\u00e1ln\u011b zpracovan\u00e9 a velmi kvalitn\u00ed.<\/p>","protected":false},"excerpt":{"rendered":"<p>2018\u20132023<\/p>","protected":false},"featured_media":68286268,"comment_status":"open","ping_status":"closed","template":"","meta":{"_acf_changed":false},"product_brand":[],"product_cat":[4033],"product_tag":[1035,546,2245,692,2786,917,4786,4625,4785,3962,2934,36,4813,1044,3872,4787,4587,4783,2899,3055,4784,673],"class_list":{"0":"post-68286265","1":"product","2":"type-product","3":"status-publish","4":"has-post-thumbnail","6":"product_cat-mustang-50-gt-abgasanlage","7":"product_tag-abgasanlage","8":"product_tag-auspuff","9":"product_tag-auspuffanlage","10":"product_tag-ersatzteil","11":"product_tag-exhaust","12":"product_tag-ford","13":"product_tag-ford-exhaust","14":"product_tag-ford-performance","15":"product_tag-ford-racing","16":"product_tag-gt-5-0","17":"product_tag-harder","18":"product_tag-kraftwerk","19":"product_tag-m-5200-m8eba","20":"product_tag-mittelschalldaempfer","21":"product_tag-mustang","22":"product_tag-mustang-exhaust","23":"product_tag-mustang-gt","24":"product_tag-s550","25":"product_tag-schalldaempfer","26":"product_tag-sportabgasanlage","27":"product_tag-x-pipe","28":"product_tag-zubehoer","30":"first","31":"onbackorder","32":"taxable","33":"shipping-taxable","34":"purchasable","35":"product-type-simple"},"bundled_by":[],"bundle_stock_status":"onbackorder","bundle_stock_quantity":0,"bundle_virtual":false,"bundle_layout":"","bundle_add_to_cart_form_location":"","bundle_editable_in_cart":false,"bundle_sold_individually_context":"","bundle_item_grouping":"","bundle_min_size":"","bundle_max_size":"","bundle_price":[],"bundled_items":[],"bundle_sell_ids":[],"exclude_global_add_ons":[],"addons":[],"acf":[],"_links":{"self":[{"href":"https:\/\/kraftwerk-shop.cc\/cs\/wp-json\/wp\/v2\/product\/68286265","targetHints":{"allow":["GET"]}}],"collection":[{"href":"https:\/\/kraftwerk-shop.cc\/cs\/wp-json\/wp\/v2\/product"}],"about":[{"href":"https:\/\/kraftwerk-shop.cc\/cs\/wp-json\/wp\/v2\/types\/product"}],"replies":[{"embeddable":true,"href":"https:\/\/kraftwerk-shop.cc\/cs\/wp-json\/wp\/v2\/comments?post=68286265"}],"version-history":[{"count":0,"href":"https:\/\/kraftwerk-shop.cc\/cs\/wp-json\/wp\/v2\/product\/68286265\/revisions"}],"wp:featuredmedia":[{"embeddable":true,"href":"https:\/\/kraftwerk-shop.cc\/cs\/wp-json\/wp\/v2\/media\/68286268"}],"wp:attachment":[{"href":"https:\/\/kraftwerk-shop.cc\/cs\/wp-json\/wp\/v2\/media?parent=68286265"}],"wp:term":[{"taxonomy":"product_brand","embeddable":true,"href":"https:\/\/kraftwerk-shop.cc\/cs\/wp-json\/wp\/v2\/product_brand?post=68286265"},{"taxonomy":"product_cat","embeddable":true,"href":"https:\/\/kraftwerk-shop.cc\/cs\/wp-json\/wp\/v2\/product_cat?post=68286265"},{"taxonomy":"product_tag","embeddable":true,"href":"https:\/\/kraftwerk-shop.cc\/cs\/wp-json\/wp\/v2\/product_tag?post=68286265"}],"curies":[{"name":"wp","href":"https:\/\/api.w.org\/{rel}","templated":true}]}}