{"id":68286755,"date":"2023-03-30T11:35:26","date_gmt":"2023-03-30T09:35:26","guid":{"rendered":"https:\/\/kraftwerk-shop.cc\/?post_type=product&#038;p=68286755"},"modified":"2026-02-15T00:51:55","modified_gmt":"2026-02-14T23:51:55","slug":"pedal-commander-pedalbox-ford-mustang","status":"publish","type":"product","link":"https:\/\/kraftwerk-shop.cc\/cs\/produkt\/pedal-commander-pedalbox-ford-mustang\/","title":{"rendered":"Ped\u00e1lov\u00fd ovlada\u010d pro Ford, Jaguar, Land Rover, Lincoln"},"content":{"rendered":"<h1 class=\"h2 product-single__title\">Tuningov\u00fd box plynov\u00e9ho ped\u00e1lu PC18 od spole\u010dnosti Pedal Commander pro vozy Ford, Jaguar, Land Rover a Lincoln<\/h1>\n<div class=\"product-single__description rte\">\n<p>&nbsp;<\/p>\n<p>Jedn\u00e1 se o chytrou krabi\u010dku pro lad\u011bn\u00ed plynov\u00e9ho ped\u00e1lu, kter\u00e1 nezasahuje do \u0159\u00edzen\u00ed motoru, ale pouze se p\u0159ep\u00edn\u00e1 mezi plynov\u00fdm ped\u00e1lem a plynovou p\u00e1kou.<\/p>\n<ul>\n<li>Funkce Plug-and-play: vozidlo je b\u011bhem n\u011bkolika minut op\u011bt p\u0159ipraveno k provozu, nejsou nutn\u00e9 \u017e\u00e1dn\u00e9 odborn\u00e9 znalosti.<\/li>\n<li>Z\u00e1ruka na va\u0161e vozidlo z\u016fst\u00e1v\u00e1 zachov\u00e1na, nejedn\u00e1 se o tuning motoru.<\/li>\n<li>Ovl\u00e1d\u00e1 se pomoc\u00ed tla\u010d\u00edtek na za\u0159\u00edzen\u00ed nebo pomoc\u00ed aplikace Pedal Commander v chytr\u00e9m telefonu.<\/li>\n<\/ul>\n<p>&nbsp;<\/p>\n<p>Na v\u00fdb\u011br jsou \u010dty\u0159i r\u016fzn\u00e9 j\u00edzdn\u00ed re\u017eimy (ECO, CITY, SPORT a SPORT+).<\/p>\n<ul>\n<li><strong>ECO-MODE:<\/strong> Tento re\u017eim je nejide\u00e1ln\u011bj\u0161\u00ed pro \u0161patn\u00e9 pov\u011btrnostn\u00ed a ter\u00e9nn\u00ed podm\u00ednky. D\u00edky n\u011bmu je reakce na plyn nejbezpe\u010dn\u011bj\u0161\u00ed. Trval\u00e9 pou\u017e\u00edv\u00e1n\u00ed re\u017eimu Eco pom\u00e1h\u00e1 \u0161et\u0159it palivo.<\/li>\n<li><strong>M\u011aSTSK\u00dd RE\u017dIM:<\/strong>\u00a0Tento re\u017eim se nejv\u00edce podob\u00e1 standardn\u00ed odezv\u011b plynu.<\/li>\n<li><strong>SPORTOVN\u00cd RE\u017dIM:<\/strong>\u00a0Tento re\u017eim zaji\u0161\u0165uje \u017eiv\u00fd z\u00e1\u017eitek z j\u00edzdy.<\/li>\n<li><strong>RE\u017dIM SPORT+<\/strong>M\u016f\u017ee b\u00fdt tak\u00e9 definov\u00e1n jako z\u00e1vodn\u00ed re\u017eim.<\/li>\n<\/ul>\n<\/div>\n<p>&nbsp;<\/p>\n<p><strong>Vhodn\u00e9 pro:<\/strong><\/p>\n<table width=\"749\">\n<tbody>\n<tr>\n<td width=\"262\"><strong>Zna\u010dka <\/strong><\/td>\n<td width=\"158\"><strong>Model<br \/>\n<\/strong><\/td>\n<td width=\"134\"><strong>Varianta<\/strong><\/td>\n<td width=\"112\"><strong>Motor<\/strong><\/td>\n<td width=\"83\"><strong>Rok v\u00fdstavby<\/strong><\/td>\n<\/tr>\n<tr>\n<td width=\"262\">Ford<\/td>\n<td width=\"158\">Mustang<\/td>\n<td width=\"134\">6. generace<\/td>\n<td width=\"112\">EcoBoost 2,3 l<\/td>\n<td width=\"83\">2014 \u2013<\/td>\n<\/tr>\n<tr>\n<td width=\"262\">Ford<\/td>\n<td width=\"158\">Mustang<\/td>\n<td width=\"134\">6. generace<\/td>\n<td width=\"112\">3.7 L<\/td>\n<td width=\"83\">2014 \u2013<\/td>\n<\/tr>\n<tr>\n<td width=\"262\">Ford<\/td>\n<td width=\"158\">Mustang<\/td>\n<td width=\"134\">4. generace<\/td>\n<td width=\"112\">3.7 L<\/td>\n<td width=\"83\">2011\u20132014<\/td>\n<\/tr>\n<tr>\n<td width=\"262\">Ford<\/td>\n<td width=\"158\">Mustang<\/td>\n<td width=\"134\">4. generace<\/td>\n<td width=\"112\">4.0 L<\/td>\n<td width=\"83\">2011\u20132014<\/td>\n<\/tr>\n<tr>\n<td width=\"262\">Ford<\/td>\n<td width=\"158\">Mustang<\/td>\n<td width=\"134\">5. generace<\/td>\n<td width=\"112\">4.6 L<\/td>\n<td width=\"83\">2011\u20132014<\/td>\n<\/tr>\n<tr>\n<td width=\"262\">Ford<\/td>\n<td width=\"158\">Mustang<\/td>\n<td width=\"134\">5. generace<\/td>\n<td width=\"112\">5.0 L<\/td>\n<td width=\"83\">2011\u20132014<\/td>\n<\/tr>\n<tr>\n<td width=\"262\">Ford<\/td>\n<td width=\"158\">Mustang<\/td>\n<td width=\"134\">5. generace<\/td>\n<td width=\"112\">5.4 L<\/td>\n<td width=\"83\">2011\u20132014<\/td>\n<\/tr>\n<tr>\n<td width=\"262\">Ford<\/td>\n<td width=\"158\">Mustang<\/td>\n<td width=\"134\">5. generace<\/td>\n<td width=\"112\">5.8 L<\/td>\n<td width=\"83\">2011\u20132014<\/td>\n<\/tr>\n<tr>\n<td width=\"262\">Ford<\/td>\n<td width=\"158\">Mustang<\/td>\n<td width=\"134\">6. generace<\/td>\n<td width=\"112\">GT 5.0 L<\/td>\n<td width=\"83\">2015 \u2013<\/td>\n<\/tr>\n<tr>\n<td width=\"262\">Ford<\/td>\n<td width=\"158\">Mustang<\/td>\n<td width=\"134\">6. generace<\/td>\n<td width=\"112\">Shelby GT500 5.2 L<\/td>\n<td width=\"83\">2015 \u2013<\/td>\n<\/tr>\n<tr>\n<td width=\"262\">Ford<\/td>\n<td width=\"158\">Mustang<\/td>\n<td width=\"134\">6. generace<\/td>\n<td width=\"112\">Shelby GT350 5,2 l<\/td>\n<td width=\"83\">2015 \u2013<\/td>\n<\/tr>\n<tr>\n<td width=\"262\">Ford<\/td>\n<td width=\"158\">Mustang Mach-E<\/td>\n<td width=\"134\">Mach-E<\/td>\n<td width=\"112\">Elektrick\u00fd<\/td>\n<td width=\"83\">2021 \u2013<\/td>\n<\/tr>\n<\/tbody>\n<\/table>\n<p>dal\u0161\u00ed modely:<br \/>\nBronco, E150, E250, E350, E450, C-Max, Ecosport, Escape, Expedition, Explorer, F150, Focus, Fusion, Maverick, Ranger, Taurus, Transit Connect, Jaguar, Land Rover, Lincoln,...<br \/>\n<strong><a href=\"https:\/\/kraftwerk-shop.cc\/wp-content\/uploads\/2023\/03\/Pedal_Commander_PC18_carlist_neu.pdf\">St\u00e1hnout kompletn\u00ed seznam vozidel Pedal Commander PC18<\/a><\/strong><\/p>\n<p>&nbsp;<\/p>\n<p><iframe loading=\"lazy\" title=\"Ladic\u00ed box plynov\u00e9ho ped\u00e1lu \/ regul\u00e1tor odezvy plynov\u00e9ho ped\u00e1lu od spole\u010dnosti Pedal Commander\" src=\"https:\/\/www.youtube.com\/embed\/q3iPV2YuwXU\" width=\"882\" height=\"496\" frameborder=\"0\" allowfullscreen=\"allowfullscreen\"><\/iframe><\/p>","protected":false},"excerpt":{"rendered":"<p>Tuningov\u00e1 krabi\u010dka ped\u00e1lu akceler\u00e1toru PC18 z Pedal Commander pro Ford, Jaguar, Land Rover a Lincoln Jedn\u00e1 se o<\/p>","protected":false},"featured_media":68286758,"comment_status":"open","ping_status":"closed","template":"","meta":{"_acf_changed":false},"product_brand":[],"product_cat":[4665,4749,4745,4744,4746,4747,4748],"product_tag":[4020,508,4845,3873,4849,4850,4851,4769,4848,4852,917,4853,4842,4844,784,3959,4038,4029,4619,3874,2934,4857,4858,4859,4847,4854,3872,4587,4841,4846,4843,4879,186,4771,3958,4824,4855,4856,198,194],"class_list":{"0":"post-68286755","1":"product","2":"type-product","3":"status-publish","4":"has-post-thumbnail","6":"product_cat-bronco","7":"product_cat-bronco-2-0-ecoboost-programmiergeraete","8":"product_cat-mustang-23-ecoboost-programmiergeraete","9":"product_cat-mustang-37-programmiergeraete","10":"product_cat-mustang-50-gt-programmiergeraete","11":"product_cat-shelby-gt350-programmiergeraete","12":"product_cat-shelby-gt500-programmiergeraete","13":"product_tag-2-3","14":"product_tag-3-7","15":"product_tag-bluetooth","16":"product_tag-ecoboost","17":"product_tag-ecosport","18":"product_tag-escape","19":"product_tag-expedition","20":"product_tag-explorer","21":"product_tag-f150","22":"product_tag-focus","23":"product_tag-ford","24":"product_tag-fusion","25":"product_tag-gaspedal","26":"product_tag-gaspedaltuning","27":"product_tag-gt","28":"product_tag-gt350","29":"product_tag-gt350r","30":"product_tag-gt5-0","31":"product_tag-gt50","32":"product_tag-gt500","33":"product_tag-harder","34":"product_tag-jaguar","35":"product_tag-land-rover","36":"product_tag-lincoln","37":"product_tag-mach-e","38":"product_tag-maverick","39":"product_tag-mustang","40":"product_tag-mustang-gt","41":"product_tag-padal-box","42":"product_tag-pc18","43":"product_tag-pedal-commander","44":"product_tag-pedalbox","45":"product_tag-performance","46":"product_tag-ranger","47":"product_tag-shelby","48":"product_tag-shelby-gt500","49":"product_tag-taurus","50":"product_tag-transit-connect","51":"product_tag-v6","52":"product_tag-v8","54":"first","55":"outofstock","56":"taxable","57":"shipping-taxable","58":"purchasable","59":"product-type-simple"},"bundled_by":[],"bundle_stock_status":"outofstock","bundle_stock_quantity":0,"bundle_virtual":false,"bundle_layout":"","bundle_add_to_cart_form_location":"","bundle_editable_in_cart":false,"bundle_sold_individually_context":"","bundle_item_grouping":"","bundle_min_size":"","bundle_max_size":"","bundle_price":[],"bundled_items":[],"bundle_sell_ids":[],"exclude_global_add_ons":[],"addons":[],"acf":[],"_links":{"self":[{"href":"https:\/\/kraftwerk-shop.cc\/cs\/wp-json\/wp\/v2\/product\/68286755","targetHints":{"allow":["GET"]}}],"collection":[{"href":"https:\/\/kraftwerk-shop.cc\/cs\/wp-json\/wp\/v2\/product"}],"about":[{"href":"https:\/\/kraftwerk-shop.cc\/cs\/wp-json\/wp\/v2\/types\/product"}],"replies":[{"embeddable":true,"href":"https:\/\/kraftwerk-shop.cc\/cs\/wp-json\/wp\/v2\/comments?post=68286755"}],"version-history":[{"count":0,"href":"https:\/\/kraftwerk-shop.cc\/cs\/wp-json\/wp\/v2\/product\/68286755\/revisions"}],"wp:featuredmedia":[{"embeddable":true,"href":"https:\/\/kraftwerk-shop.cc\/cs\/wp-json\/wp\/v2\/media\/68286758"}],"wp:attachment":[{"href":"https:\/\/kraftwerk-shop.cc\/cs\/wp-json\/wp\/v2\/media?parent=68286755"}],"wp:term":[{"taxonomy":"product_brand","embeddable":true,"href":"https:\/\/kraftwerk-shop.cc\/cs\/wp-json\/wp\/v2\/product_brand?post=68286755"},{"taxonomy":"product_cat","embeddable":true,"href":"https:\/\/kraftwerk-shop.cc\/cs\/wp-json\/wp\/v2\/product_cat?post=68286755"},{"taxonomy":"product_tag","embeddable":true,"href":"https:\/\/kraftwerk-shop.cc\/cs\/wp-json\/wp\/v2\/product_tag?post=68286755"}],"curies":[{"name":"wp","href":"https:\/\/api.w.org\/{rel}","templated":true}]}}