{"id":68286921,"date":"2023-04-02T22:41:13","date_gmt":"2023-04-02T20:41:13","guid":{"rendered":"https:\/\/kraftwerk-shop.cc\/?post_type=product&#038;p=68286921"},"modified":"2026-03-30T02:23:46","modified_gmt":"2026-03-30T00:23:46","slug":"montazni-sada-brzdovych-desticek-ram-ds-zadni","status":"publish","type":"product","link":"https:\/\/kraftwerk-shop.cc\/cs\/produkt\/befestigungssatz-bremsbelaege-ram-ds-hinten\/","title":{"rendered":"Mont\u00e1\u017en\u00ed sada pro brzdov\u00e9 desti\u010dky RAM"},"content":{"rendered":"<h1>Mont\u00e1\u017en\u00ed sada pro brzdov\u00e9 desti\u010dky pro RAM 1500 3.0 Ecodiesel, 3.6 a 5.7 z let 2003 a\u017e 2018 a RAM Classic z roku 2019 (zadn\u00ed n\u00e1prava)<\/h1>\n<p>&nbsp;<\/p>\n<p>Klipy lze obvykle pou\u017e\u00edt opakovan\u011b.<br \/>\nPokud brzdov\u00e9 desti\u010dky chrast\u00ed, m\u016f\u017ee pomoci v\u00fdm\u011bna upev\u0148ovac\u00edch spon.<\/p>\n<p>&nbsp;<\/p>\n<p><strong>Vhodn\u00e9 pro:<\/strong><\/p>\n<table width=\"498\">\n<tbody>\n<tr>\n<td width=\"114\"><strong>Zna\u010dka<\/strong><\/td>\n<td width=\"121\"><strong>Model<\/strong><\/td>\n<td width=\"122\"><strong>Motor<\/strong><\/td>\n<td width=\"141\"><strong>Rok v\u00fdstavby<\/strong><\/td>\n<\/tr>\n<tr>\n<td width=\"114\">RAM<\/td>\n<td width=\"121\">1500<\/td>\n<td width=\"122\">3.0 EcoDiesel<\/td>\n<td width=\"141\">2014\u20132018<\/td>\n<\/tr>\n<tr>\n<td width=\"114\">RAM<\/td>\n<td>1500 Classic<\/td>\n<td width=\"122\">3.0 EcoDiesel<\/td>\n<td>2019<\/td>\n<\/tr>\n<tr>\n<td width=\"114\">RAM<\/td>\n<td width=\"121\">1500<\/td>\n<td width=\"122\">3.6<\/td>\n<td width=\"141\">2013\u20132018<\/td>\n<\/tr>\n<tr>\n<td width=\"114\">RAM<\/td>\n<td>1500 Classic<\/td>\n<td width=\"122\">3.6<\/td>\n<td>2019\u20132024<\/td>\n<\/tr>\n<tr>\n<td width=\"114\">RAM<\/td>\n<td width=\"121\">1500<\/td>\n<td width=\"122\">5.7<\/td>\n<td width=\"141\">2003\u20132018<\/td>\n<\/tr>\n<tr>\n<td width=\"114\">RAM<\/td>\n<td>1500 Classic<\/td>\n<td width=\"122\">5.7<\/td>\n<td>2019\u20132024<\/td>\n<\/tr>\n<\/tbody>\n<\/table>\n<p>&nbsp;<\/p>\n<p>&nbsp;<\/p>","protected":false},"excerpt":{"rendered":"<p>2003 - 2018 a Classic 2019 - 2024<\/p>","protected":false},"featured_media":68286926,"comment_status":"open","ping_status":"closed","template":"","meta":{"_acf_changed":false},"product_brand":[],"product_cat":[4238,4755,7754,3516],"product_tag":[4508,169,91,946,4066,590,795,4875,2448,839,840,2219,477,798,799,4878,86,4877,947],"class_list":{"0":"post-68286921","1":"product","2":"type-product","3":"status-publish","4":"has-post-thumbnail","6":"product_cat-1500-ecodiesel-bremsen-hinten","7":"product_cat-1500-36-bremsen-hinten","8":"product_cat-1500-57-2003-2008-bremsen-hinten","9":"product_cat-1500-57-2009-2018-classic-bremsen-hinten","10":"product_tag-3-0-ecodiesel","11":"product_tag-3-6","12":"product_tag-5-7","13":"product_tag-befestigung","14":"product_tag-befestigungssatz","15":"product_tag-bremsbelaege","16":"product_tag-bremse","17":"product_tag-bremsenklappern","18":"product_tag-bremsenkleinteile","19":"product_tag-bremsklotz","20":"product_tag-bremskloetze","21":"product_tag-classic","22":"product_tag-ds","23":"product_tag-hinten","24":"product_tag-hinterachse","25":"product_tag-klappern","26":"product_tag-ram","27":"product_tag-ram-classic","28":"product_tag-revision","30":"first","31":"instock","32":"taxable","33":"shipping-taxable","34":"purchasable","35":"product-type-simple"},"bundled_by":[],"bundle_stock_status":"instock","bundle_stock_quantity":6,"bundle_virtual":false,"bundle_layout":"","bundle_add_to_cart_form_location":"","bundle_editable_in_cart":false,"bundle_sold_individually_context":"","bundle_item_grouping":"","bundle_min_size":"","bundle_max_size":"","bundle_price":[],"bundled_items":[],"bundle_sell_ids":[],"exclude_global_add_ons":[],"addons":[],"acf":[],"_links":{"self":[{"href":"https:\/\/kraftwerk-shop.cc\/cs\/wp-json\/wp\/v2\/product\/68286921","targetHints":{"allow":["GET"]}}],"collection":[{"href":"https:\/\/kraftwerk-shop.cc\/cs\/wp-json\/wp\/v2\/product"}],"about":[{"href":"https:\/\/kraftwerk-shop.cc\/cs\/wp-json\/wp\/v2\/types\/product"}],"replies":[{"embeddable":true,"href":"https:\/\/kraftwerk-shop.cc\/cs\/wp-json\/wp\/v2\/comments?post=68286921"}],"version-history":[{"count":0,"href":"https:\/\/kraftwerk-shop.cc\/cs\/wp-json\/wp\/v2\/product\/68286921\/revisions"}],"wp:featuredmedia":[{"embeddable":true,"href":"https:\/\/kraftwerk-shop.cc\/cs\/wp-json\/wp\/v2\/media\/68286926"}],"wp:attachment":[{"href":"https:\/\/kraftwerk-shop.cc\/cs\/wp-json\/wp\/v2\/media?parent=68286921"}],"wp:term":[{"taxonomy":"product_brand","embeddable":true,"href":"https:\/\/kraftwerk-shop.cc\/cs\/wp-json\/wp\/v2\/product_brand?post=68286921"},{"taxonomy":"product_cat","embeddable":true,"href":"https:\/\/kraftwerk-shop.cc\/cs\/wp-json\/wp\/v2\/product_cat?post=68286921"},{"taxonomy":"product_tag","embeddable":true,"href":"https:\/\/kraftwerk-shop.cc\/cs\/wp-json\/wp\/v2\/product_tag?post=68286921"}],"curies":[{"name":"wp","href":"https:\/\/api.w.org\/{rel}","templated":true}]}}