{"id":68286955,"date":"2023-04-03T14:56:09","date_gmt":"2023-04-03T12:56:09","guid":{"rendered":"https:\/\/kraftwerk-shop.cc\/?post_type=product&#038;p=68286955"},"modified":"2026-02-14T23:59:34","modified_gmt":"2026-02-14T22:59:34","slug":"pedalbox-cadillac-chevrolet-gmc-hummer","status":"publish","type":"product","link":"https:\/\/kraftwerk-shop.cc\/cs\/produkt\/pedalbox-cadillac-chevrolet-gmc-hummer\/","title":{"rendered":"Ped\u00e1lov\u00fd ovlada\u010d pro Cadillac, Chevrolet, GMC, Hummer"},"content":{"rendered":"<h1 class=\"h2 product-single__title\">Ladic\u00ed box ped\u00e1lu akceler\u00e1toru Pedal Commander PC65 vhodn\u00fd pro vozy Cadillac, Chevrolet, GMC, Hummer<\/h1>\n<div class=\"product-single__description rte\">\n<p>&nbsp;<\/p>\n<p>Jedn\u00e1 se o chytrou krabi\u010dku pro lad\u011bn\u00ed plynov\u00e9ho ped\u00e1lu, kter\u00e1 nezasahuje do \u0159\u00edzen\u00ed motoru, ale pouze se p\u0159ep\u00edn\u00e1 mezi plynov\u00fdm ped\u00e1lem a plynovou p\u00e1kou.<\/p>\n<ul>\n<li>Funkce Plug-and-play: vozidlo je b\u011bhem n\u011bkolika minut op\u011bt p\u0159ipraveno k provozu, nejsou nutn\u00e9 \u017e\u00e1dn\u00e9 odborn\u00e9 znalosti.<\/li>\n<li>Z\u00e1ruka na va\u0161e vozidlo z\u016fst\u00e1v\u00e1 zachov\u00e1na, nejedn\u00e1 se o tuning motoru.<\/li>\n<li>Ovl\u00e1d\u00e1 se pomoc\u00ed tla\u010d\u00edtek na za\u0159\u00edzen\u00ed nebo pomoc\u00ed aplikace Pedal Commander v chytr\u00e9m telefonu.<\/li>\n<\/ul>\n<p>&nbsp;<\/p>\n<p>Na v\u00fdb\u011br jsou \u010dty\u0159i r\u016fzn\u00e9 j\u00edzdn\u00ed re\u017eimy (ECO, CITY, SPORT a SPORT+).<\/p>\n<ul>\n<li><strong>ECO-MODE:<\/strong> Tento re\u017eim je nejide\u00e1ln\u011bj\u0161\u00ed pro \u0161patn\u00e9 pov\u011btrnostn\u00ed a ter\u00e9nn\u00ed podm\u00ednky. D\u00edky n\u011bmu je reakce na plyn nejbezpe\u010dn\u011bj\u0161\u00ed. Trval\u00e9 pou\u017e\u00edv\u00e1n\u00ed re\u017eimu Eco pom\u00e1h\u00e1 \u0161et\u0159it palivo.<\/li>\n<li><strong>M\u011aSTSK\u00dd RE\u017dIM:<\/strong>\u00a0Tento re\u017eim se nejv\u00edce podob\u00e1 standardn\u00ed odezv\u011b plynu.<\/li>\n<li><strong>SPORTOVN\u00cd RE\u017dIM:<\/strong>\u00a0Tento re\u017eim zaji\u0161\u0165uje \u017eiv\u00fd z\u00e1\u017eitek z j\u00edzdy.<\/li>\n<li><strong>RE\u017dIM SPORT+<\/strong>M\u016f\u017ee b\u00fdt tak\u00e9 definov\u00e1n jako z\u00e1vodn\u00ed re\u017eim.<\/li>\n<\/ul>\n<\/div>\n<p>&nbsp;<\/p>\n<p><strong>Vhodn\u00e9 pro:<\/strong><\/p>\n<table width=\"749\">\n<tbody>\n<tr>\n<td width=\"262\"><strong>Zna\u010dka <\/strong><\/td>\n<td width=\"158\"><strong>Model<br \/>\n<\/strong><\/td>\n<td width=\"134\"><strong>Varianta<\/strong><\/td>\n<td width=\"112\"><strong>Motor<\/strong><\/td>\n<td width=\"83\"><strong>Rok v\u00fdstavby<\/strong><\/td>\n<\/tr>\n<tr>\n<td width=\"262\">Cadillac<\/td>\n<td width=\"158\">Escalade<\/td>\n<td width=\"134\">GMT900<\/td>\n<td width=\"112\">6.0, 6.2<\/td>\n<td width=\"83\">2007\u20132014<\/td>\n<\/tr>\n<tr>\n<td width=\"262\">Cadillac<\/td>\n<td width=\"158\">Escalade<\/td>\n<td width=\"134\">GMT K2XL<\/td>\n<td width=\"112\">6.2<\/td>\n<td width=\"83\">2015\u20132020<\/td>\n<\/tr>\n<tr>\n<td width=\"262\">Chevrolet<\/td>\n<td width=\"158\">Lavina<\/td>\n<td width=\"134\">GMT900<\/td>\n<td width=\"112\">5.3 , 6.0<\/td>\n<td width=\"83\">2006 \u2013<\/td>\n<\/tr>\n<tr>\n<td width=\"262\">Chevrolet<\/td>\n<td width=\"158\">Silverado 1500<\/td>\n<td width=\"134\">2. generace<\/td>\n<td width=\"112\">4.3, 4.8, 5.3, 6.0, 6.2<\/td>\n<td width=\"83\">2007\u20132014<\/td>\n<\/tr>\n<tr>\n<td width=\"262\">Chevrolet<\/td>\n<td width=\"158\">Silverado 1500<\/td>\n<td width=\"134\">3. generace<\/td>\n<td width=\"112\">4.3, 5.3, 6.2<\/td>\n<td width=\"83\">2014\u20132018<\/td>\n<\/tr>\n<tr>\n<td width=\"262\">Chevrolet<\/td>\n<td width=\"158\">Silverado 2500HD<\/td>\n<td width=\"134\">2. generace<\/td>\n<td width=\"112\">6.0, 6.6 Diesel<\/td>\n<td width=\"83\">2007\u20132014<\/td>\n<\/tr>\n<tr>\n<td width=\"262\">Chevrolet<\/td>\n<td width=\"158\">Silverado 2500HD<\/td>\n<td width=\"134\">3. generace<\/td>\n<td width=\"112\">6.0, 6.6 Diesel<\/td>\n<td width=\"83\">2015\u20132019<\/td>\n<\/tr>\n<tr>\n<td width=\"262\">Chevrolet<\/td>\n<td width=\"158\">Silverado 3500HD<\/td>\n<td width=\"134\">3. generace<\/td>\n<td width=\"112\">6.0, 6.6 Diesel<\/td>\n<td width=\"83\">2015\u20132019<\/td>\n<\/tr>\n<tr>\n<td width=\"262\">Chevrolet<\/td>\n<td width=\"158\">P\u0159edm\u011bst\u00ed<\/td>\n<td width=\"134\">10. generace<\/td>\n<td width=\"112\">5.3 , 6.0, 6.2<\/td>\n<td width=\"83\">2007\u20132014<\/td>\n<\/tr>\n<tr>\n<td width=\"262\">Chevrolet<\/td>\n<td width=\"158\">P\u0159edm\u011bst\u00ed<\/td>\n<td width=\"134\">11. generace<\/td>\n<td width=\"112\">5.3 , 6.2<\/td>\n<td width=\"83\">2015\u20132020<\/td>\n<\/tr>\n<tr>\n<td width=\"262\">Chevrolet<\/td>\n<td width=\"158\">Tahoe<\/td>\n<td width=\"134\">GMT900<\/td>\n<td width=\"112\">4.8, 5.3, 6.0, 6.2<\/td>\n<td width=\"83\">2004\u20132014<\/td>\n<\/tr>\n<tr>\n<td width=\"262\">Chevrolet<\/td>\n<td width=\"158\">Tahoe<\/td>\n<td width=\"134\">GMT K2UC<\/td>\n<td width=\"112\">5.3, 6.2<\/td>\n<td width=\"83\">2015\u20132020<\/td>\n<\/tr>\n<tr>\n<td width=\"262\">Chevrolet<\/td>\n<td width=\"158\">Trailblazer<\/td>\n<td width=\"134\"><\/td>\n<td width=\"112\">6.0<\/td>\n<td width=\"83\">2004\u20132009<\/td>\n<\/tr>\n<tr>\n<td width=\"262\">GMC<\/td>\n<td width=\"158\">Sierra 1500<\/td>\n<td width=\"134\">3. generace<\/td>\n<td width=\"112\">4.3, 4.8, 5.3, 6.0, 6.2<\/td>\n<td width=\"83\">2007\u20132013<\/td>\n<\/tr>\n<tr>\n<td width=\"262\">GMC<\/td>\n<td width=\"158\">Sierra 1500<\/td>\n<td width=\"134\">4. generace<\/td>\n<td width=\"112\">4.3, 5.3, 6.2<\/td>\n<td width=\"83\">2014\u20132018<\/td>\n<\/tr>\n<tr>\n<td width=\"262\">GMC<\/td>\n<td width=\"158\">Sierra 1500 Limited<\/td>\n<td width=\"134\">4. generace<\/td>\n<td width=\"112\">5.3<\/td>\n<td width=\"83\">2019<\/td>\n<\/tr>\n<tr>\n<td width=\"262\">GMC<\/td>\n<td width=\"158\">Sierra 2500HD<\/td>\n<td width=\"134\">3. generace<\/td>\n<td width=\"112\">6.0, 6.6<\/td>\n<td width=\"83\">2007\u20132014<\/td>\n<\/tr>\n<tr>\n<td width=\"262\">GMC<\/td>\n<td width=\"158\">Sierra 2500HD<\/td>\n<td width=\"134\">4. generace<\/td>\n<td width=\"112\">6.0, 6.6<\/td>\n<td width=\"83\">2015\u20132019<\/td>\n<\/tr>\n<tr>\n<td width=\"262\">GMC<\/td>\n<td width=\"158\">Sierra 3500HD<\/td>\n<td width=\"134\">3. generace<\/td>\n<td width=\"112\">6.0, 6.6<\/td>\n<td width=\"83\">2007\u20132014<\/td>\n<\/tr>\n<tr>\n<td width=\"262\">GMC<\/td>\n<td width=\"158\">Sierra 3500HD<\/td>\n<td width=\"134\">4. generace<\/td>\n<td width=\"112\">6.0, 6.6<\/td>\n<td width=\"83\">2015\u20132019<\/td>\n<\/tr>\n<tr>\n<td width=\"262\">GMC<\/td>\n<td width=\"158\">Yukon<\/td>\n<td width=\"134\">GMT900<\/td>\n<td width=\"112\">4.8, 5.3, 6.0 Hybrid, 6.2<\/td>\n<td width=\"83\">2007\u20132014<\/td>\n<\/tr>\n<tr>\n<td width=\"262\">GMC<\/td>\n<td width=\"158\">Yukon<\/td>\n<td width=\"134\">GMT K2UC-G<\/td>\n<td width=\"112\">5.3, 6.2<\/td>\n<td width=\"83\">2015\u20132020<\/td>\n<\/tr>\n<tr>\n<td width=\"262\">GMC<\/td>\n<td width=\"158\">Yukon XL<\/td>\n<td width=\"134\">GMT900<\/td>\n<td width=\"112\">5.3, 6.0, 6.2<\/td>\n<td width=\"83\">2007\u20132014<\/td>\n<\/tr>\n<tr>\n<td width=\"262\">GMC<\/td>\n<td width=\"158\">Yukon XL<\/td>\n<td width=\"134\">GMT K2YC-G<\/td>\n<td width=\"112\">5.3, 6.2<\/td>\n<td width=\"83\">2015\u20132020<\/td>\n<\/tr>\n<tr>\n<td width=\"262\">Hummer<\/td>\n<td width=\"158\">H2<\/td>\n<td width=\"134\">1. generace<\/td>\n<td width=\"112\">6.2<\/td>\n<td width=\"83\">2008\u20132009<\/td>\n<\/tr>\n<\/tbody>\n<\/table>\n<p>&nbsp;<\/p>\n<p>&nbsp;<\/p>\n<p><iframe loading=\"lazy\" title=\"Ladic\u00ed box plynov\u00e9ho ped\u00e1lu \/ regul\u00e1tor odezvy plynov\u00e9ho ped\u00e1lu od spole\u010dnosti Pedal Commander\" src=\"https:\/\/www.youtube.com\/embed\/q3iPV2YuwXU\" width=\"882\" height=\"496\" frameborder=\"0\" allowfullscreen=\"allowfullscreen\"><\/iframe><\/p>","protected":false},"excerpt":{"rendered":"<p>Box pro lad\u011bn\u00ed ped\u00e1lu plynu PC65 z Pedal Commander pro Cadillac, Chevrolet, GMC, Hummer Jedn\u00e1 se o chytr\u00fd box pro lad\u011bn\u00ed ped\u00e1lu plynu pro Cadillac, Chevrolet, GMC, Hummer.<\/p>","protected":false},"featured_media":68286966,"comment_status":"open","ping_status":"closed","template":"","meta":{"_acf_changed":false},"product_brand":[],"product_cat":[3651,1524,3691,3708,3698,3714,1527],"product_tag":[475,4881,4880,4845,278,189,288,4842,4844,1201,4884,4885,4883,4882,2934,300,4888,4841,4843,4879,186,4886,4887,299,298,293,4889,1217,3293],"class_list":{"0":"post-68286955","1":"product","2":"type-product","3":"status-publish","4":"has-post-thumbnail","6":"product_cat-escalade-zubehoer","7":"product_cat-avalanche","8":"product_cat-silverado-zubehoer","9":"product_cat-suburban-zubehoer","10":"product_cat-tahoe-zubehoer","11":"product_cat-trailblazer-zubehoer","12":"product_cat-hummer","13":"product_tag-475","14":"product_tag-2500hd","15":"product_tag-3500hd","16":"product_tag-bluetooth","17":"product_tag-cadillac","18":"product_tag-chevrolet","19":"product_tag-escalade","20":"product_tag-gaspedal","21":"product_tag-gaspedaltuning","22":"product_tag-gmc","23":"product_tag-gmt","24":"product_tag-gmt-k2uc","25":"product_tag-gmt-k2xl","26":"product_tag-gmt900","27":"product_tag-harder","28":"product_tag-hummer","29":"product_tag-k2yc-g","30":"product_tag-padal-box","31":"product_tag-pedal-commander","32":"product_tag-pedalbox","33":"product_tag-performance","34":"product_tag-siera","35":"product_tag-sierra-1500-limited","36":"product_tag-silverado","37":"product_tag-suburban","38":"product_tag-tahoe","39":"product_tag-tuningbox","40":"product_tag-yukon","41":"product_tag-yukon-xl","42":"product_shipping_class-deutschlandohne","44":"first","45":"outofstock","46":"taxable","47":"shipping-taxable","48":"purchasable","49":"product-type-simple"},"bundled_by":[],"bundle_stock_status":"outofstock","bundle_stock_quantity":0,"bundle_virtual":false,"bundle_layout":"","bundle_add_to_cart_form_location":"","bundle_editable_in_cart":false,"bundle_sold_individually_context":"","bundle_item_grouping":"","bundle_min_size":"","bundle_max_size":"","bundle_price":[],"bundled_items":[],"bundle_sell_ids":[],"exclude_global_add_ons":[],"addons":[],"acf":[],"_links":{"self":[{"href":"https:\/\/kraftwerk-shop.cc\/cs\/wp-json\/wp\/v2\/product\/68286955","targetHints":{"allow":["GET"]}}],"collection":[{"href":"https:\/\/kraftwerk-shop.cc\/cs\/wp-json\/wp\/v2\/product"}],"about":[{"href":"https:\/\/kraftwerk-shop.cc\/cs\/wp-json\/wp\/v2\/types\/product"}],"replies":[{"embeddable":true,"href":"https:\/\/kraftwerk-shop.cc\/cs\/wp-json\/wp\/v2\/comments?post=68286955"}],"version-history":[{"count":0,"href":"https:\/\/kraftwerk-shop.cc\/cs\/wp-json\/wp\/v2\/product\/68286955\/revisions"}],"wp:featuredmedia":[{"embeddable":true,"href":"https:\/\/kraftwerk-shop.cc\/cs\/wp-json\/wp\/v2\/media\/68286966"}],"wp:attachment":[{"href":"https:\/\/kraftwerk-shop.cc\/cs\/wp-json\/wp\/v2\/media?parent=68286955"}],"wp:term":[{"taxonomy":"product_brand","embeddable":true,"href":"https:\/\/kraftwerk-shop.cc\/cs\/wp-json\/wp\/v2\/product_brand?post=68286955"},{"taxonomy":"product_cat","embeddable":true,"href":"https:\/\/kraftwerk-shop.cc\/cs\/wp-json\/wp\/v2\/product_cat?post=68286955"},{"taxonomy":"product_tag","embeddable":true,"href":"https:\/\/kraftwerk-shop.cc\/cs\/wp-json\/wp\/v2\/product_tag?post=68286955"}],"curies":[{"name":"wp","href":"https:\/\/api.w.org\/{rel}","templated":true}]}}