{"id":68287062,"date":"2023-04-06T10:42:01","date_gmt":"2023-04-06T08:42:01","guid":{"rendered":"https:\/\/kraftwerk-shop.cc\/?post_type=product&#038;p=68287062"},"modified":"2026-02-15T00:53:07","modified_gmt":"2026-02-14T23:53:07","slug":"pedalbox-chevrolet-camaro-corvette-gmc","status":"publish","type":"product","link":"https:\/\/kraftwerk-shop.cc\/cs\/produkt\/pedalbox-chevrolet-camaro-corvette-gmc\/","title":{"rendered":"Ped\u00e1lov\u00fd ovlada\u010d pro Chevrolet Camaro, Corvette"},"content":{"rendered":"<h1 class=\"h2 product-single__title\">Tuningov\u00fd box PC64 pro plynov\u00fd ped\u00e1l od firmy Pedal Commander pro Chevrolet Camaro, Corvette<\/h1>\n<div class=\"product-single__description rte\">\n<p>&nbsp;<\/p>\n<p>Jedn\u00e1 se o chytrou krabi\u010dku pro lad\u011bn\u00ed plynov\u00e9ho ped\u00e1lu, kter\u00e1 nezasahuje do \u0159\u00edzen\u00ed motoru, ale pouze se p\u0159ep\u00edn\u00e1 mezi plynov\u00fdm ped\u00e1lem a plynovou p\u00e1kou.<\/p>\n<ul>\n<li>Funkce Plug-and-play: vozidlo je b\u011bhem n\u011bkolika minut op\u011bt p\u0159ipraveno k provozu, nejsou nutn\u00e9 \u017e\u00e1dn\u00e9 odborn\u00e9 znalosti.<\/li>\n<li>Z\u00e1ruka na va\u0161e vozidlo z\u016fst\u00e1v\u00e1 zachov\u00e1na, nejedn\u00e1 se o tuning motoru.<\/li>\n<li>Ovl\u00e1d\u00e1 se pomoc\u00ed tla\u010d\u00edtek na za\u0159\u00edzen\u00ed nebo pomoc\u00ed aplikace Pedal Commander v chytr\u00e9m telefonu.<\/li>\n<\/ul>\n<p>Na v\u00fdb\u011br jsou \u010dty\u0159i r\u016fzn\u00e9 j\u00edzdn\u00ed re\u017eimy (ECO, CITY, SPORT a SPORT+).<\/p>\n<ul>\n<li><strong>ECO-MODE:<\/strong> Tento re\u017eim je nejide\u00e1ln\u011bj\u0161\u00ed pro \u0161patn\u00e9 pov\u011btrnostn\u00ed a ter\u00e9nn\u00ed podm\u00ednky. D\u00edky n\u011bmu je reakce na plyn nejbezpe\u010dn\u011bj\u0161\u00ed. Trval\u00e9 pou\u017e\u00edv\u00e1n\u00ed re\u017eimu Eco pom\u00e1h\u00e1 \u0161et\u0159it palivo.<\/li>\n<li><strong>M\u011aSTSK\u00dd RE\u017dIM:<\/strong>\u00a0Tento re\u017eim se nejv\u00edce podob\u00e1 standardn\u00ed odezv\u011b plynu.<\/li>\n<li><strong>SPORTOVN\u00cd RE\u017dIM:<\/strong>\u00a0Tento re\u017eim zaji\u0161\u0165uje \u017eiv\u00fd z\u00e1\u017eitek z j\u00edzdy.<\/li>\n<li><strong>RE\u017dIM SPORT+<\/strong>M\u016f\u017ee b\u00fdt tak\u00e9 definov\u00e1n jako z\u00e1vodn\u00ed re\u017eim.<\/li>\n<\/ul>\n<\/div>\n<p>&nbsp;<\/p>\n<p><strong>Vhodn\u00e9 pro:<\/strong><\/p>\n<table width=\"749\">\n<tbody>\n<tr>\n<td width=\"262\"><strong>Zna\u010dka <\/strong><\/td>\n<td width=\"158\"><strong>Model<br \/>\n<\/strong><\/td>\n<td width=\"134\"><strong>Varianta<\/strong><\/td>\n<td width=\"112\"><strong>Motor<\/strong><\/td>\n<td width=\"83\"><strong>Rok v\u00fdstavby<\/strong><\/td>\n<\/tr>\n<tr>\n<td width=\"262\">Chevrolet<\/td>\n<td width=\"158\">Camaro<\/td>\n<td width=\"134\">5. generace<\/td>\n<td width=\"112\">3.6, 6.2, 7.0<\/td>\n<td width=\"83\">2010\u20132015<\/td>\n<\/tr>\n<tr>\n<td width=\"262\">Chevrolet<\/td>\n<td width=\"158\">Corvette<\/td>\n<td width=\"134\">C6 - 6. generace<\/td>\n<td width=\"112\">6.0, 6.2, 7.0<\/td>\n<td width=\"83\">2005 - 2013<\/td>\n<\/tr>\n<\/tbody>\n<\/table>\n<p>&nbsp;<\/p>\n<p>Dal\u0161\u00ed modely:<br \/>\nBuick (Enclave, LaCrosse, Lucerne), Cadillac (CTS, DTS, SRX, STS, XLR), Chevrolet (Cobalt, Equinox, Impala, Malibu, Traverse), GMC (Acadia, Terrain), Pontiac (G5, G6, Grand Prix, Solstice, Torrent), Saturn (Aura, Ion, Outlook, Sky, Vue), Suzuki XL7<br \/>\n<a href=\"https:\/\/kraftwerk-shop.cc\/wp-content\/uploads\/2023\/04\/PC64_Fahrzeugliste-1.pdf\" target=\"_blank\" rel=\"noopener\"><strong>St\u00e1hnout kompletn\u00ed seznam vozidel Pedal Commander PC64<\/strong><\/a><\/p>\n<p>&nbsp;<\/p>\n<p><iframe loading=\"lazy\" title=\"Ladic\u00ed box plynov\u00e9ho ped\u00e1lu \/ regul\u00e1tor odezvy plynov\u00e9ho ped\u00e1lu od spole\u010dnosti Pedal Commander\" src=\"https:\/\/www.youtube.com\/embed\/q3iPV2YuwXU\" width=\"882\" height=\"496\" frameborder=\"0\" allowfullscreen=\"allowfullscreen\"><\/iframe><\/p>","protected":false},"excerpt":{"rendered":"<p>Ladic\u00ed box ped\u00e1lu akceler\u00e1toru PC64 od Pedal Commander pro Chevrolet Camaro, Corvette Jedn\u00e1 se o chytr\u00fd ladic\u00ed box ped\u00e1lu akceler\u00e1toru od Pedal Commander pro Chevrolet Camaro, Corvette.<\/p>","protected":false},"featured_media":68287073,"comment_status":"open","ping_status":"closed","template":"","meta":{"_acf_changed":false},"product_brand":[],"product_cat":[3334,1537,3124],"product_tag":[4904,4910,4845,4869,282,278,191,189,4901,281,1204,4897,4895,4902,4906,4907,4864,4842,4844,1201,1222,2934,1207,4911,4871,4896,4872,4912,4841,4892,4843,4879,186,4865,4893,4913,4908,4898,4899,4894,4905,4601,4868,4909,4903,4870,4914,4900],"class_list":{"0":"post-68287062","1":"product","2":"type-product","3":"status-publish","4":"has-post-thumbnail","6":"product_cat-camaro-36-2010-2015","7":"product_cat-camaro-62-2010-2015-zubehoer","8":"product_cat-corvette-c6-zubehoer","9":"product_tag-acadia","10":"product_tag-aura","11":"product_tag-bluetooth","12":"product_tag-buick","13":"product_tag-c6","14":"product_tag-cadillac","15":"product_tag-camaro","16":"product_tag-chevrolet","17":"product_tag-cobalt","18":"product_tag-corvette","19":"product_tag-cts","20":"product_tag-dts","21":"product_tag-enclave","22":"product_tag-equinox","23":"product_tag-g5","24":"product_tag-g6","25":"product_tag-gasannahmeregler","26":"product_tag-gaspedal","27":"product_tag-gaspedaltuning","28":"product_tag-gmc","29":"product_tag-grand-prix","30":"product_tag-harder","31":"product_tag-impala","32":"product_tag-ion","33":"product_tag-lacrosse","34":"product_tag-lucerne","35":"product_tag-malibu","36":"product_tag-outlook","37":"product_tag-padal-box","38":"product_tag-pc64","39":"product_tag-pedal-commander","40":"product_tag-pedalbox","41":"product_tag-performance","42":"product_tag-powerbox","43":"product_tag-saturn","44":"product_tag-sky","45":"product_tag-solstice","46":"product_tag-srx","47":"product_tag-sts","48":"product_tag-suzuki","49":"product_tag-terrain","50":"product_tag-throttle","51":"product_tag-throttle-booster","52":"product_tag-torrent","53":"product_tag-traverse","54":"product_tag-vanderhall","55":"product_tag-vue","56":"product_tag-xlr","58":"first","59":"outofstock","60":"taxable","61":"shipping-taxable","62":"purchasable","63":"product-type-simple"},"bundled_by":[],"bundle_stock_status":"outofstock","bundle_stock_quantity":0,"bundle_virtual":false,"bundle_layout":"","bundle_add_to_cart_form_location":"","bundle_editable_in_cart":false,"bundle_sold_individually_context":"","bundle_item_grouping":"","bundle_min_size":"","bundle_max_size":"","bundle_price":[],"bundled_items":[],"bundle_sell_ids":[],"exclude_global_add_ons":[],"addons":[],"acf":[],"_links":{"self":[{"href":"https:\/\/kraftwerk-shop.cc\/cs\/wp-json\/wp\/v2\/product\/68287062","targetHints":{"allow":["GET"]}}],"collection":[{"href":"https:\/\/kraftwerk-shop.cc\/cs\/wp-json\/wp\/v2\/product"}],"about":[{"href":"https:\/\/kraftwerk-shop.cc\/cs\/wp-json\/wp\/v2\/types\/product"}],"replies":[{"embeddable":true,"href":"https:\/\/kraftwerk-shop.cc\/cs\/wp-json\/wp\/v2\/comments?post=68287062"}],"version-history":[{"count":0,"href":"https:\/\/kraftwerk-shop.cc\/cs\/wp-json\/wp\/v2\/product\/68287062\/revisions"}],"wp:featuredmedia":[{"embeddable":true,"href":"https:\/\/kraftwerk-shop.cc\/cs\/wp-json\/wp\/v2\/media\/68287073"}],"wp:attachment":[{"href":"https:\/\/kraftwerk-shop.cc\/cs\/wp-json\/wp\/v2\/media?parent=68287062"}],"wp:term":[{"taxonomy":"product_brand","embeddable":true,"href":"https:\/\/kraftwerk-shop.cc\/cs\/wp-json\/wp\/v2\/product_brand?post=68287062"},{"taxonomy":"product_cat","embeddable":true,"href":"https:\/\/kraftwerk-shop.cc\/cs\/wp-json\/wp\/v2\/product_cat?post=68287062"},{"taxonomy":"product_tag","embeddable":true,"href":"https:\/\/kraftwerk-shop.cc\/cs\/wp-json\/wp\/v2\/product_tag?post=68287062"}],"curies":[{"name":"wp","href":"https:\/\/api.w.org\/{rel}","templated":true}]}}