{"id":68287139,"date":"2023-04-07T23:43:44","date_gmt":"2023-04-07T21:43:44","guid":{"rendered":"https:\/\/kraftwerk-shop.cc\/?post_type=product&#038;p=68287139"},"modified":"2026-03-30T11:34:58","modified_gmt":"2026-03-30T09:34:58","slug":"drzaky-motoru-grand-cherokee-durango-srt","status":"publish","type":"product","link":"https:\/\/kraftwerk-shop.cc\/cs\/produkt\/motorlager-grand-cherokee-durango-srt\/","title":{"rendered":"Uchycen\u00ed motoru Grand Cherokee &amp; Durango SRT"},"content":{"rendered":"<h1>Uchycen\u00ed motoru \/ dr\u017e\u00e1k motoru pro Jeep Grand Cherokee a Dodge Durango 6.4 SRT<\/h1>\n<p>&nbsp;<\/p>\n<p>\u00dakolem dr\u017e\u00e1k\u016f motoru, zn\u00e1m\u00fdch tak\u00e9 jako dr\u017e\u00e1ky motoru, je udr\u017eet motor va\u0161eho vozu Jeep Grand Cherokee nebo Dodge Durango 6.4 SRT na m\u00edst\u011b.<\/p>\n<p>Dr\u017e\u00e1ky motoru se skl\u00e1daj\u00ed z kovov\u00fdch nebo pry\u017eokovov\u00fdch sou\u010d\u00e1st\u00ed, kter\u00e9 jsou schopny udr\u017eet motor stabiln\u00ed a bezpe\u010dn\u00fd a z\u00e1rove\u0148 absorbovat vibrace a n\u00e1razy.<br \/>\nPokud jsou dr\u017e\u00e1ky motoru po\u0161kozen\u00e9 nebo opot\u0159ebovan\u00e9, m\u016f\u017ee to v\u00e9st k vibrac\u00edm a nep\u0159\u00edjemn\u00e9mu trh\u00e1n\u00ed motoru. To m\u016f\u017ee b\u00fdt nejen nep\u0159\u00edjemn\u00e9 pro \u0159idi\u010de, ale m\u016f\u017ee to tak\u00e9 zhor\u0161it v\u00fdkon a bezpe\u010dnost vozidla.<\/p>\n<p>&nbsp;<\/p>\n<p><strong>Srovn\u00e1vac\u00ed \u010d\u00edsla Mopar:<\/strong>\u00a05038548AA, 5038548AB, 5038548AC<\/p>\n<p><strong><br \/>\nVhodn\u00e9 pro:<\/strong><\/p>\n<table width=\"972\">\n<tbody>\n<tr>\n<td width=\"80\"><strong>Rok v\u00fdstavby<\/strong><\/td>\n<td width=\"80\"><strong>Zna\u010dka<\/strong><\/td>\n<td width=\"121\"><strong>Model<\/strong><\/td>\n<td width=\"493\"><strong>Verze<\/strong><\/td>\n<td width=\"198\"><strong>Motor<\/strong><\/td>\n<\/tr>\n<tr>\n<td width=\"80\">2024<\/td>\n<td width=\"80\">Dodge<\/td>\n<td width=\"121\">Durango<\/td>\n<td width=\"493\">SRT 392, SRT 392 Plus, SRT 392 Premium<\/td>\n<td width=\"198\">6.4L<\/td>\n<\/tr>\n<tr>\n<td width=\"80\">2023<\/td>\n<td width=\"80\">Dodge<\/td>\n<td width=\"121\">Durango<\/td>\n<td width=\"493\">SRT 392, SRT 392 Plus, SRT 392 Premium<\/td>\n<td width=\"198\">6.4L<\/td>\n<\/tr>\n<tr>\n<td width=\"80\">2022<\/td>\n<td width=\"80\">Dodge<\/td>\n<td width=\"121\">Durango<\/td>\n<td width=\"493\">SRT 392<\/td>\n<td width=\"198\">6.4L<\/td>\n<\/tr>\n<tr>\n<td width=\"80\">2021<\/td>\n<td width=\"80\">Dodge<\/td>\n<td width=\"121\">Durango<\/td>\n<td width=\"493\">SRT<\/td>\n<td width=\"198\">6.4L<\/td>\n<\/tr>\n<tr>\n<td width=\"80\">2021<\/td>\n<td width=\"80\">Jeep<\/td>\n<td width=\"121\">Grand Cherokee<\/td>\n<td width=\"493\">SRT<\/td>\n<td width=\"198\">6.4L<\/td>\n<\/tr>\n<tr>\n<td width=\"80\">2020<\/td>\n<td width=\"80\">Dodge<\/td>\n<td width=\"121\">Durango<\/td>\n<td width=\"493\">SRT<\/td>\n<td width=\"198\">6.4L<\/td>\n<\/tr>\n<tr>\n<td width=\"80\">2020<\/td>\n<td width=\"80\">Jeep<\/td>\n<td width=\"121\">Grand Cherokee<\/td>\n<td width=\"493\">SRT<\/td>\n<td width=\"198\">6.4L<\/td>\n<\/tr>\n<tr>\n<td width=\"80\">2019<\/td>\n<td width=\"80\">Dodge<\/td>\n<td width=\"121\">Durango<\/td>\n<td width=\"493\">SRT<\/td>\n<td width=\"198\">6.4L<\/td>\n<\/tr>\n<tr>\n<td width=\"80\">2019<\/td>\n<td width=\"80\">Jeep<\/td>\n<td width=\"121\">Grand Cherokee<\/td>\n<td width=\"493\">SRT<\/td>\n<td width=\"198\">6.4L<\/td>\n<\/tr>\n<tr>\n<td width=\"80\">2018<\/td>\n<td width=\"80\">Dodge<\/td>\n<td width=\"121\">Durango<\/td>\n<td width=\"493\">SRT<\/td>\n<td width=\"198\">6.4L<\/td>\n<\/tr>\n<tr>\n<td width=\"80\">2018<\/td>\n<td width=\"80\">Jeep<\/td>\n<td width=\"121\">Grand Cherokee<\/td>\n<td width=\"493\">SRT<\/td>\n<td width=\"198\">6.4L<\/td>\n<\/tr>\n<tr>\n<td width=\"80\">2017<\/td>\n<td width=\"80\">Jeep<\/td>\n<td width=\"121\">Grand Cherokee<\/td>\n<td width=\"493\">SRT<\/td>\n<td width=\"198\">6.4L<\/td>\n<\/tr>\n<tr>\n<td width=\"80\">2016<\/td>\n<td width=\"80\">Jeep<\/td>\n<td width=\"121\">Grand Cherokee<\/td>\n<td width=\"493\">SRT<\/td>\n<td width=\"198\">6.4L<\/td>\n<\/tr>\n<tr>\n<td width=\"80\">2015<\/td>\n<td width=\"80\">Jeep<\/td>\n<td width=\"121\">Grand Cherokee<\/td>\n<td width=\"493\">SRT<\/td>\n<td width=\"198\">6.4L<\/td>\n<\/tr>\n<tr>\n<td width=\"80\">2014<\/td>\n<td width=\"80\">Jeep<\/td>\n<td width=\"121\">Grand Cherokee<\/td>\n<td width=\"493\">SRT<\/td>\n<td width=\"198\">6.4L<\/td>\n<\/tr>\n<tr>\n<td width=\"80\">2013<\/td>\n<td width=\"80\">Jeep<\/td>\n<td width=\"121\">Grand Cherokee<\/td>\n<td width=\"493\">SRT8<\/td>\n<td width=\"198\">6.4L<\/td>\n<\/tr>\n<tr>\n<td width=\"80\">2012<\/td>\n<td width=\"80\">Jeep<\/td>\n<td width=\"121\">Grand Cherokee<\/td>\n<td width=\"493\">SRT8<\/td>\n<td width=\"198\">6.4L<\/td>\n<\/tr>\n<\/tbody>\n<\/table>\n<p>&nbsp;<\/p>","protected":false},"excerpt":{"rendered":"<p>Uchycen\u00ed motoru \/ dr\u017e\u00e1k motoru pro Jeep Grand Cherokee a Dodge Durango 6.4 SRT Uchycen\u00ed motoru, zn\u00e1m\u00e9 tak\u00e9 jako dr\u017e\u00e1ky motoru, maj\u00ed n\u00e1sleduj\u00edc\u00ed vlastnosti.<\/p>","protected":false},"featured_media":68287141,"comment_status":"open","ping_status":"closed","template":"","meta":{"_acf_changed":false},"product_brand":[],"product_cat":[6502,6507],"product_tag":[18308,18309,18310,217,4925,4926,4927,93,49,95,56,50,3765,3766,3764,96,164],"class_list":{"0":"post-68287139","1":"product","2":"type-product","3":"status-publish","4":"has-post-thumbnail","6":"product_cat-durango-64-dichtungen-hardware","7":"product_cat-grand-cherokee-64-dichtungen-hardware","8":"product_tag-05038548aa","9":"product_tag-05038548ab","10":"product_tag-05038548ac","11":"product_tag-217","12":"product_tag-5038548aa","13":"product_tag-5038548ab","14":"product_tag-5038548ac","15":"product_tag-6-4","16":"product_tag-dodge","17":"product_tag-durango","18":"product_tag-grand-cherokee","19":"product_tag-jeep","20":"product_tag-motorhalter","21":"product_tag-motorhalterung","22":"product_tag-motorlager","23":"product_tag-srt","24":"product_tag-srt8","26":"first","27":"instock","28":"taxable","29":"shipping-taxable","30":"purchasable","31":"product-type-simple"},"bundled_by":[],"bundle_stock_status":"instock","bundle_stock_quantity":3,"bundle_virtual":false,"bundle_layout":"","bundle_add_to_cart_form_location":"","bundle_editable_in_cart":false,"bundle_sold_individually_context":"","bundle_item_grouping":"","bundle_min_size":"","bundle_max_size":"","bundle_price":[],"bundled_items":[],"bundle_sell_ids":[],"exclude_global_add_ons":[],"addons":[],"acf":[],"_links":{"self":[{"href":"https:\/\/kraftwerk-shop.cc\/cs\/wp-json\/wp\/v2\/product\/68287139","targetHints":{"allow":["GET"]}}],"collection":[{"href":"https:\/\/kraftwerk-shop.cc\/cs\/wp-json\/wp\/v2\/product"}],"about":[{"href":"https:\/\/kraftwerk-shop.cc\/cs\/wp-json\/wp\/v2\/types\/product"}],"replies":[{"embeddable":true,"href":"https:\/\/kraftwerk-shop.cc\/cs\/wp-json\/wp\/v2\/comments?post=68287139"}],"version-history":[{"count":0,"href":"https:\/\/kraftwerk-shop.cc\/cs\/wp-json\/wp\/v2\/product\/68287139\/revisions"}],"wp:featuredmedia":[{"embeddable":true,"href":"https:\/\/kraftwerk-shop.cc\/cs\/wp-json\/wp\/v2\/media\/68287141"}],"wp:attachment":[{"href":"https:\/\/kraftwerk-shop.cc\/cs\/wp-json\/wp\/v2\/media?parent=68287139"}],"wp:term":[{"taxonomy":"product_brand","embeddable":true,"href":"https:\/\/kraftwerk-shop.cc\/cs\/wp-json\/wp\/v2\/product_brand?post=68287139"},{"taxonomy":"product_cat","embeddable":true,"href":"https:\/\/kraftwerk-shop.cc\/cs\/wp-json\/wp\/v2\/product_cat?post=68287139"},{"taxonomy":"product_tag","embeddable":true,"href":"https:\/\/kraftwerk-shop.cc\/cs\/wp-json\/wp\/v2\/product_tag?post=68287139"}],"curies":[{"name":"wp","href":"https:\/\/api.w.org\/{rel}","templated":true}]}}