{"id":68287533,"date":"2023-04-21T12:28:09","date_gmt":"2023-04-21T10:28:09","guid":{"rendered":"https:\/\/kraftwerk-shop.cc\/?post_type=product&#038;p=68287533"},"modified":"2026-02-15T00:51:38","modified_gmt":"2026-02-14T23:51:38","slug":"borla-x-pipe-60548-corvette-c7","status":"publish","type":"product","link":"https:\/\/kraftwerk-shop.cc\/cs\/produkt\/borla-x-pipe-60548-corvette-c7\/","title":{"rendered":"Borla X-Pipe Corvette C7"},"content":{"rendered":"<p>Vhodn\u00e9 pro Chevrolet Corvette C7 s ventily AFM a\/nebo NPP nebo bez nich.<\/p>\n<p>Potrub\u00ed BORLA\u00ae X-Pipe 60548 dokonale funguje mezi tov\u00e1rn\u00edmi katalyz\u00e1tory a syst\u00e9my BORLA\u00ae Axle-Back na v\u0161ech modelech Corvette C7, v\u010detn\u011b model\u016f Stingray, Grand Sport a Z06.<br \/>\nToto vysoce v\u00fdkonn\u00e9 potrub\u00ed X poskytuje vy\u0161\u0161\u00ed v\u00fdkon a skv\u011bl\u00fd zvuk.<br \/>\nVyrobeno z vysoce kvalitn\u00ed nerezov\u00e9 oceli T-304, kter\u00e1 v\u00e1m poskytne nejlep\u0161\u00ed v\u00fdkon a odolnost.<\/p>\n<p>Velmi hladk\u00e9 trubky o pr\u016fm\u011bru 2,75\u2033 maximalizuj\u00ed pr\u016ftok a v\u00fdkon, zat\u00edmco p\u0159esn\u00e9 CNC obr\u00e1b\u011bn\u00ed zaji\u0161\u0165uje p\u0159esn\u00e9 uchycen\u00ed.<\/p>","protected":false},"excerpt":{"rendered":"<p>Vhodn\u00e9 pro Chevrolet Corvette C7 s ventily AFM a\/nebo NPP nebo bez nich. Potrub\u00ed BORLA\u00ae X-Pipe 60548 funguje perfektn\u011b mezi<\/p>","protected":false},"featured_media":68287535,"comment_status":"open","ping_status":"closed","template":"","meta":{"_acf_changed":false},"product_brand":[17170],"product_cat":[3125],"product_tag":[101,4957,1032,3087,189,281,20273,3583,4784],"class_list":{"0":"post-68287533","1":"product","2":"type-product","3":"status-publish","4":"has-post-thumbnail","6":"product_brand-borla","7":"product_cat-corvette-c7-abgasanlage","8":"product_tag-6-2","9":"product_tag-4957","10":"product_tag-borla","11":"product_tag-c7","12":"product_tag-chevrolet","13":"product_tag-corvette","14":"product_tag-keintuev","15":"product_tag-stingray","16":"product_tag-x-pipe","17":"product_shipping_class-paket-l","19":"first","20":"onbackorder","21":"taxable","22":"shipping-taxable","23":"purchasable","24":"product-type-simple"},"bundled_by":[],"bundle_stock_status":"onbackorder","bundle_stock_quantity":0,"bundle_virtual":false,"bundle_layout":"","bundle_add_to_cart_form_location":"","bundle_editable_in_cart":false,"bundle_sold_individually_context":"","bundle_item_grouping":"","bundle_min_size":"","bundle_max_size":"","bundle_price":[],"bundled_items":[],"bundle_sell_ids":[],"exclude_global_add_ons":[],"addons":[],"acf":[],"_links":{"self":[{"href":"https:\/\/kraftwerk-shop.cc\/cs\/wp-json\/wp\/v2\/product\/68287533","targetHints":{"allow":["GET"]}}],"collection":[{"href":"https:\/\/kraftwerk-shop.cc\/cs\/wp-json\/wp\/v2\/product"}],"about":[{"href":"https:\/\/kraftwerk-shop.cc\/cs\/wp-json\/wp\/v2\/types\/product"}],"replies":[{"embeddable":true,"href":"https:\/\/kraftwerk-shop.cc\/cs\/wp-json\/wp\/v2\/comments?post=68287533"}],"version-history":[{"count":0,"href":"https:\/\/kraftwerk-shop.cc\/cs\/wp-json\/wp\/v2\/product\/68287533\/revisions"}],"wp:featuredmedia":[{"embeddable":true,"href":"https:\/\/kraftwerk-shop.cc\/cs\/wp-json\/wp\/v2\/media\/68287535"}],"wp:attachment":[{"href":"https:\/\/kraftwerk-shop.cc\/cs\/wp-json\/wp\/v2\/media?parent=68287533"}],"wp:term":[{"taxonomy":"product_brand","embeddable":true,"href":"https:\/\/kraftwerk-shop.cc\/cs\/wp-json\/wp\/v2\/product_brand?post=68287533"},{"taxonomy":"product_cat","embeddable":true,"href":"https:\/\/kraftwerk-shop.cc\/cs\/wp-json\/wp\/v2\/product_cat?post=68287533"},{"taxonomy":"product_tag","embeddable":true,"href":"https:\/\/kraftwerk-shop.cc\/cs\/wp-json\/wp\/v2\/product_tag?post=68287533"}],"curies":[{"name":"wp","href":"https:\/\/api.w.org\/{rel}","templated":true}]}}