{"id":68288447,"date":"2023-05-06T15:08:08","date_gmt":"2023-05-06T13:08:08","guid":{"rendered":"https:\/\/kraftwerk-shop.cc\/?post_type=product&#038;p=68288447"},"modified":"2026-02-15T00:46:49","modified_gmt":"2026-02-14T23:46:49","slug":"sada-kompresoru-whipple-chevrolet-camaro-lt1","status":"publish","type":"product","link":"https:\/\/kraftwerk-shop.cc\/cs\/produkt\/whipple-kompressorkit-chevrolet-camaro-lt1\/","title":{"rendered":"Sada p\u0159epl\u0148ov\u00e1n\u00ed Whipple Chevrolet Camaro 6.2 LT1"},"content":{"rendered":"<h1>Nejv\u011bt\u0161\u00ed, nej\u00fa\u010dinn\u011bj\u0161\u00ed a nejv\u00fdkonn\u011bj\u0161\u00ed syst\u00e9m p\u0159epl\u0148ov\u00e1n\u00ed pro Chevrolet Camaro 6.2 LT1 (2016 - 2022)<\/h1>\n<p>&nbsp;<\/p>\n<p>Zcela nov\u00fd syst\u00e9m p\u0159epl\u0148ov\u00e1n\u00ed Whipple Gen 5 pro Chevrolet Camaro 6.2 LT1 je nejv\u00fdkonn\u011bj\u0161\u00edm syst\u00e9mem p\u0159epl\u0148ov\u00e1n\u00ed, kter\u00fd je v sou\u010dasnosti pro v\u00e1\u0161 Chevrolet Camaro k dispozici. Toto zcela nov\u00e9 p\u0159epl\u0148ovac\u00ed za\u0159\u00edzen\u00ed, kter\u00e9 nelze zam\u011b\u0148ovat se syst\u00e9mem Gen 3 nebo Gen 4, nab\u00edz\u00ed \u0161pi\u010dkovou \u00fa\u010dinnost od volnob\u011b\u017en\u00fdch a\u017e po maxim\u00e1ln\u00ed ot\u00e1\u010dky. Optimalizovan\u00e1 lo\u017eiska, p\u0159evody, rotory a sk\u0159\u00ed\u0148 zaji\u0161\u0165uj\u00ed, \u017ee nov\u00e9 p\u0159epl\u0148ov\u00e1n\u00ed pracuje rychleji, d\u00e9le a bezpe\u010dn\u011bji a z\u00e1rove\u0148 produkuje vy\u0161\u0161\u00ed v\u00fdkon ne\u017e jak\u00e9koli jin\u00e9 p\u0159epl\u0148ov\u00e1n\u00ed, kter\u00e9 kdy bylo vyrobeno. Nov\u00e1 generace 5 m\u00e1 zcela novou kombinaci rotor\u016f 3\/4 ve srovn\u00e1n\u00ed s p\u0159edchoz\u00ed kombinac\u00ed rotor\u016f 3\/5, spir\u00e1lu 285 stup\u0148\u016f ve srovn\u00e1n\u00ed s p\u0159edchoz\u00ed spir\u00e1lou 270 stup\u0148\u016f, nov\u00fd sac\u00ed zvon, optimalizovan\u00fd v\u00fdstupn\u00ed otvor a v\u011bt\u0161\u00ed pr\u016fm\u011br ve srovn\u00e1n\u00ed s d\u00e9lkou pro vy\u0161\u0161\u00ed \u00fa\u010dinnost.<\/p>\n<p>&nbsp;<\/p>\n<p><strong>Vlastnosti:<\/strong><\/p>\n<ul>\n<li>Nejv\u00fdkonn\u011bj\u0161\u00ed kompresorov\u00fd syst\u00e9m na trhu<\/li>\n<li>Patentovan\u00fd dvojit\u00fd chladi\u010d plnic\u00edho vzduchu, syst\u00e9m dvojit\u00e9ho chladi\u010de plnic\u00edho vzduchu<\/li>\n<li>Syst\u00e9m mezichladi\u010de se dv\u011bma vstupy a dv\u011bma v\u00fdstupy pro zv\u00fd\u0161en\u00ed pr\u016fto\u010dn\u00e9 kapacity<\/li>\n<li>Vodn\u00ed \u010derpadlo Bosch pro syst\u00e9m chlazen\u00ed plnic\u00edho vzduchu s vysok\u00fdm pr\u016ftokem pro nekompromisn\u00ed chladic\u00ed v\u00fdkon<\/li>\n<li>Syst\u00e9m intercooled bypass pro men\u0161\u00ed klep\u00e1n\u00ed ve v\u00fdfuku<\/li>\n<li>W185ax (3,0 litru) Whippleovo dvou\u0161roubov\u00e9 p\u0159epl\u0148ov\u00e1n\u00ed s p\u0159edn\u00edm s\u00e1n\u00edm, kter\u00e9 v\u00fdrazn\u011b p\u0159ekon\u00e1v\u00e1 ko\u0159enov\u00e9 syst\u00e9my konkurent\u016f s objemem 1,9 a 2,3 litru.<\/li>\n<li>30% v\u011bt\u0161\u00ed objem ne\u017e Eaton\u2122 2300 2,3L<\/li>\n<li>13% v\u011bt\u0161\u00ed objem ne\u017e Eaton\u2122 2650 2,65 l<\/li>\n<li>Osv\u011bd\u010den\u00fd syst\u00e9m 10 \u017eebrov\u00fdch \u0159emen\u016f s nastaviteln\u00fdm syst\u00e9mem nap\u00ednac\u00edch kladek<\/li>\n<li>Tlumi\u010d vibrac\u00ed ATI schv\u00e1len\u00fd NHRA<\/li>\n<li>Integrovan\u00fd p\u0159\u00edvod Crusher\u2122 pro maxim\u00e1ln\u00ed v\u00fdkon proud\u011bn\u00ed vzduchu<\/li>\n<li>Integrovan\u00fd 120mm kulat\u00fd vstup Crusher\u2122 p\u0159ekon\u00e1v\u00e1 men\u0161\u00ed 90mm a 93mm vstupy, kter\u00e9 se nach\u00e1zej\u00ed v jin\u00fdch syst\u00e9mech Eaton.<\/li>\n<li>Integrovan\u00e9 kulat\u00e9 s\u00e1n\u00ed Crusher\u2122 120 mm pro voliteln\u00e9 \u0161krtic\u00ed klapky 102, 103, 105, 108, 112, 115 a 120 mm<\/li>\n<li>Nez\u00e1visl\u00fd, p\u0159edimenzovan\u00fd olejov\u00fd syst\u00e9m pro v\u00fdrazn\u011b ni\u017e\u0161\u00ed teploty oleje i v t\u011bch nejn\u00e1ro\u010dn\u011bj\u0161\u00edch podm\u00ednk\u00e1ch.<\/li>\n<li>Ploch\u00e1 k\u0159ivka to\u010div\u00e9ho momentu pro neuv\u011b\u0159iteln\u00e9 zrychlen\u00ed<\/li>\n<li>Nadrozm\u011brn\u00fd v\u00fdm\u011bn\u00edk tepla pro neuv\u011b\u0159itelnou teplotu vody v mezichladi\u010di.<\/li>\n<li>Vejde se pod kapotu bez \u00faprav<\/li>\n<li>Nejsou nutn\u00e9 \u017e\u00e1dn\u00e9 vnit\u0159n\u00ed \u00fapravy<\/li>\n<li>Sady jsou dod\u00e1v\u00e1ny se v\u0161emi d\u00edly a upev\u0148ovac\u00edmi materi\u00e1ly pot\u0159ebn\u00fdmi pro instalaci.<\/li>\n<li>Kabel\u00e1\u017e typu plug-and-play s konektory samec a samice<\/li>\n<li>Rychlospojky OEM pro snadnou instalaci, \u017e\u00e1dn\u00e9 o\u0161kliv\u00e9 mosazn\u00e9 nebo ocelov\u00e9 spoje na kompresoru.<\/li>\n<li>K dispozici v \u010dern\u00e9, le\u0161t\u011bn\u00e9 nebo libovoln\u00e9 barv\u011b na p\u0159\u00e1n\u00ed (za p\u0159\u00edplatek).<\/li>\n<li>Snadn\u00e1 aktualizace<\/li>\n<\/ul>\n<p>&nbsp;<\/p>\n<p><strong>Vhodn\u00e9 pro:<\/strong><\/p>\n<table width=\"437\">\n<tbody>\n<tr>\n<td width=\"83\"><strong>Zna\u010dka<\/strong><\/td>\n<td width=\"122\"><strong>Model<\/strong><\/td>\n<td width=\"136\"><strong>Motor<\/strong><\/td>\n<td width=\"96\"><strong>Rok v\u00fdstavby<\/strong><\/td>\n<\/tr>\n<tr>\n<td>Chevrolet<\/td>\n<td>Camaro<\/td>\n<td>6.2 LT1<\/td>\n<td>2016\u20132022<\/td>\n<\/tr>\n<\/tbody>\n<\/table>\n<p>&nbsp;<\/p>\n<p>&nbsp;<\/p>\n<p><strong>O spole\u010dnosti Whipple<\/strong><\/p>\n<p>Spole\u010dnost Whipple Superchargers\u2122 je pr\u016fkopn\u00edkem a pr\u016fkopn\u00edkem v oblasti dvou\u0161roubov\u00fdch kompresor\u016f ji\u017e od roku 1987.<br \/>\nD\u00edky v\u00edce ne\u017e 30 let\u016fm zku\u0161enost\u00ed s t\u011bmito p\u0159epl\u0148ovac\u00edmi syst\u00e9my vyvinul t\u00fdm Whipple nejv\u00fdkonn\u011bj\u0161\u00ed dvou\u0161roubov\u00e9 p\u0159epl\u0148ovac\u00ed syst\u00e9my chlazen\u00e9 plnic\u00edm vzduchem, kter\u00e9 jsou v sou\u010dasnosti k dispozici pro motory Chevrolet V8.<br \/>\nZcela nov\u00fd syst\u00e9m Whipple poskytuje vy\u0161\u0161\u00ed v\u00fdkon ne\u017e jak\u00fdkoli jin\u00fd kompresorov\u00fd syst\u00e9m na trhu.<br \/>\nJe kompletn\u00ed podle 100% a byl vyvinut pro s\u00e9riov\u00e9 motory, ale m\u00e1 dostate\u010dn\u00e9 rezervy pro dosa\u017een\u00ed je\u0161t\u011b lep\u0161\u00edch v\u00fdsledk\u016f u siln\u011b upraven\u00fdch motor\u016f.<\/p>","protected":false},"excerpt":{"rendered":"<p>Das gr\u00f6\u00dfte, effizienteste und leistungsf\u00e4higste Kompressorsystem f\u00fcr Chevrolet Camaro 6.2 LT1 (2016 &#8211; 2022) &nbsp; Das brandneue Whipple Gen 5<\/p>","protected":false},"featured_media":68288459,"comment_status":"open","ping_status":"closed","template":"","meta":{"_acf_changed":false},"product_brand":[19061],"product_cat":[3080,3024],"product_tag":[101,191,189,190,1050,20273,242,244,243,36,898,246,233,245,376,6811],"class_list":{"0":"post-68288447","1":"product","2":"type-product","3":"status-publish","4":"has-post-thumbnail","6":"product_brand-whipple","7":"product_cat-camaro-62-2016-kompressor","8":"product_cat-nicht-nach-eu","9":"product_tag-6-2","10":"product_tag-camaro","11":"product_tag-chevrolet","12":"product_tag-chevy","13":"product_tag-gen6","14":"product_tag-keintuev","15":"product_tag-kompressor","16":"product_tag-kompressorkit","17":"product_tag-kompressorumbau","18":"product_tag-kraftwerk","19":"product_tag-lt1","20":"product_tag-supercharger","21":"product_tag-tuning","22":"product_tag-umbaukit","23":"product_tag-whipple","24":"product_tag-whipple5","25":"product_shipping_class-spedition-1","27":"first","28":"onbackorder","29":"taxable","30":"shipping-taxable","31":"purchasable","32":"product-type-simple"},"bundled_by":[],"bundle_stock_status":"onbackorder","bundle_stock_quantity":0,"bundle_virtual":false,"bundle_layout":"","bundle_add_to_cart_form_location":"","bundle_editable_in_cart":false,"bundle_sold_individually_context":"","bundle_item_grouping":"","bundle_min_size":"","bundle_max_size":"","bundle_price":[],"bundled_items":[],"bundle_sell_ids":[],"exclude_global_add_ons":[],"addons":[],"acf":[],"_links":{"self":[{"href":"https:\/\/kraftwerk-shop.cc\/cs\/wp-json\/wp\/v2\/product\/68288447","targetHints":{"allow":["GET"]}}],"collection":[{"href":"https:\/\/kraftwerk-shop.cc\/cs\/wp-json\/wp\/v2\/product"}],"about":[{"href":"https:\/\/kraftwerk-shop.cc\/cs\/wp-json\/wp\/v2\/types\/product"}],"replies":[{"embeddable":true,"href":"https:\/\/kraftwerk-shop.cc\/cs\/wp-json\/wp\/v2\/comments?post=68288447"}],"version-history":[{"count":0,"href":"https:\/\/kraftwerk-shop.cc\/cs\/wp-json\/wp\/v2\/product\/68288447\/revisions"}],"wp:featuredmedia":[{"embeddable":true,"href":"https:\/\/kraftwerk-shop.cc\/cs\/wp-json\/wp\/v2\/media\/68288459"}],"wp:attachment":[{"href":"https:\/\/kraftwerk-shop.cc\/cs\/wp-json\/wp\/v2\/media?parent=68288447"}],"wp:term":[{"taxonomy":"product_brand","embeddable":true,"href":"https:\/\/kraftwerk-shop.cc\/cs\/wp-json\/wp\/v2\/product_brand?post=68288447"},{"taxonomy":"product_cat","embeddable":true,"href":"https:\/\/kraftwerk-shop.cc\/cs\/wp-json\/wp\/v2\/product_cat?post=68288447"},{"taxonomy":"product_tag","embeddable":true,"href":"https:\/\/kraftwerk-shop.cc\/cs\/wp-json\/wp\/v2\/product_tag?post=68288447"}],"curies":[{"name":"wp","href":"https:\/\/api.w.org\/{rel}","templated":true}]}}