{"id":68288583,"date":"2023-05-11T15:32:32","date_gmt":"2023-05-11T13:32:32","guid":{"rendered":"https:\/\/kraftwerk-shop.cc\/?post_type=product&#038;p=68288583"},"modified":"2026-02-15T00:54:11","modified_gmt":"2026-02-14T23:54:11","slug":"girodisc-a1-162sl-sr-ford-mustang-gt350","status":"publish","type":"product","link":"https:\/\/kraftwerk-shop.cc\/cs\/produkt\/girodisc-a1-162sl-sr-ford-mustang-gt350\/","title":{"rendered":"Brzdov\u00e9 kotou\u010de GiroDisc Ford Mustang Shelby GT350"},"content":{"rendered":"<h1>Vysoce v\u00fdkonn\u00e9 brzdov\u00e9 kotou\u010de GiroDisc 394 mm (dvoud\u00edln\u00e9) pro Ford Mustang Shelby GT350<\/h1>\n<p>&nbsp;<\/p>\n<p>Brzdov\u00e9 kotou\u010de GiroDisc o pr\u016fm\u011bru 394 mm jsou p\u0159\u00edmou n\u00e1hradou origin\u00e1ln\u00edch p\u0159edn\u00edch brzdov\u00fdch kotou\u010d\u016f pro Ford Mustang GT350.<br \/>\n\u017d\u00e1dn\u00e9 zm\u011bny nejsou nutn\u00e9.<br \/>\nKa\u017ed\u00fd z t\u011bchto brzdov\u00fdch kotou\u010d\u016f v\u00e1\u017e\u00ed p\u0159ibli\u017en\u011b o 2 kg m\u00e9n\u011b ne\u017e p\u016fvodn\u00ed kotou\u010de.<br \/>\nToto sn\u00ed\u017een\u00ed rota\u010dn\u00ed a neodpru\u017een\u00e9 hmotnosti o p\u0159ibli\u017en\u011b 2 kg na kolo umo\u017e\u0148uje rychlej\u0161\u00ed zrychlen\u00ed a lep\u0161\u00ed reakce podvozku.<\/p>\n<p>St\u0159edov\u00e1 \u010d\u00e1st brzdov\u00e9ho kotou\u010de je vyrobena z leteck\u00e9ho hlin\u00edku 6061-T6, kter\u00fd poch\u00e1z\u00ed v\u00fdhradn\u011b z USA.<br \/>\nKotou\u010d je vyroben z litiny, odlit v USA a od za\u010d\u00e1tku do konce opracov\u00e1n speci\u00e1ln\u011b pro GiroDisc.<br \/>\nBrzdov\u00e9 kotou\u010de maj\u00ed zak\u0159iven\u00e9 k\u0159\u00eddlo, kter\u00e9 bylo vyvinuto p\u0159i z\u00e1vodech a funguje jako odst\u0159ediv\u00e9 \u010derpadlo, kter\u00e9 protla\u010duje chladic\u00ed vzduch p\u0159es kotou\u010de.<\/p>\n<p>T\u0159ec\u00ed krou\u017eky a misky jsou namontov\u00e1ny na plovouc\u00edch lo\u017eisk\u00e1ch pomoc\u00ed 12 vysoce pevn\u00fdch \u0161roub\u016f se z\u00e1vitem, kter\u00e9 byly pota\u017eeny kadmiem pro dlouhodobou odolnost proti korozi. Tyto \u0161rouby p\u0159eb\u00edraj\u00ed zat\u00ed\u017een\u00ed p\u0159i brzd\u011bn\u00ed a z\u00e1rove\u0148 zachov\u00e1vaj\u00ed axi\u00e1ln\u00ed a radi\u00e1ln\u00ed v\u016fli mezi kalichem a t\u0159ec\u00edm krou\u017ekem.<br \/>\n\u0160rouby jsou upevn\u011bny \u0161rouby t\u0159\u00eddy 12 a tvrzen\u00fdmi podlo\u017ekami. Aby brzdov\u00e9 kotou\u010de za studena ned\u011blaly hluk, jsou na stran\u011b rotoru opat\u0159eny tlumic\u00edmi pru\u017en\u00fdmi podlo\u017ekami, kter\u00e9 umo\u017e\u0148uj\u00ed brzdov\u00e9mu kotou\u010di p\u0159i zah\u0159\u00e1t\u00ed expandovat, ale zabra\u0148uj\u00ed chrast\u011bn\u00ed a hluku spojen\u00e9mu s plovouc\u00edmi brzdov\u00fdmi kotou\u010di. Toto plovouc\u00ed lo\u017eisko tak\u00e9 umo\u017e\u0148uje, aby se brzdov\u00fd kotou\u010d vycentroval mezi desti\u010dkami.<\/p>\n<p>Pokud je t\u0159eba brzdov\u00e9 kotou\u010de GiroDisc vym\u011bnit z d\u016fvodu opot\u0159eben\u00ed, nen\u00ed nutn\u00e9 pou\u017e\u00edvat zcela nov\u00e9 brzdov\u00e9 kotou\u010de.<br \/>\nSta\u010d\u00ed vym\u011bnit t\u0159ec\u00ed krou\u017eek, kter\u00fd je k dispozici samostatn\u011b. T\u00edm se dlouhodob\u011b sni\u017euj\u00ed n\u00e1klady na opot\u0159eben\u00ed brzd.<\/p>\n<p>\u010c\u00edslo d\u00edlu Ford pro \u00fa\u010dely srovn\u00e1n\u00ed:  FR3Z1125F<\/p>\n<p><strong>Vhodn\u00e9 pro:<\/strong><\/p>\n<table width=\"530\">\n<tbody>\n<tr>\n<td width=\"141\">Ford<\/td>\n<td width=\"116\">Mustang<\/td>\n<td width=\"176\">Shelby GT350<\/td>\n<td width=\"97\">2016\u20132020<\/td>\n<\/tr>\n<\/tbody>\n<\/table>\n<p>&nbsp;<\/p>\n<p>Tento brzdov\u00fd kotou\u010d je vhodn\u00fd pro vozidla s v\u00fdkonn\u00fdmi brzdami (dvoud\u00edln\u00e9 brzdov\u00e9 kotou\u010de na p\u0159edn\u00ed n\u00e1prav\u011b) i pro standardn\u00ed brzdy.<\/p>\n<p>Cena se vztahuje na sadu 2 disk\u016f (lev\u00fd a prav\u00fd) pro p\u0159edn\u00ed n\u00e1pravu.<\/p>","protected":false},"excerpt":{"rendered":"<p>2d\u00edln\u00e9 brzdov\u00e9 kotou\u010de (1 p\u00e1r)<\/p>","protected":false},"featured_media":68288587,"comment_status":"open","ping_status":"closed","template":"","meta":{"_acf_changed":false},"product_brand":[],"product_cat":[4660],"product_tag":[5005,5003,5004,795,796,3739,692,917,5006,3738,3740,3741,3742,3959,2934,36,3872,34,2425,186,5002,3958,797,842,841,673],"class_list":{"0":"post-68288583","1":"product","2":"type-product","3":"status-publish","4":"has-post-thumbnail","6":"product_cat-shelby-gt350-bremsen-vorne","7":"product_tag-a1-162","8":"product_tag-a1-162sl","9":"product_tag-a1-162sr","10":"product_tag-bremse","11":"product_tag-bremsscheibe","12":"product_tag-disc","13":"product_tag-ersatzteil","14":"product_tag-ford","15":"product_tag-fr3z1125f","16":"product_tag-giro","17":"product_tag-giro-disc","18":"product_tag-girodisc","19":"product_tag-girodisc-brakes","20":"product_tag-gt350","21":"product_tag-harder","22":"product_tag-kraftwerk","23":"product_tag-mustang","24":"product_tag-original","25":"product_tag-originalteil","26":"product_tag-performance","27":"product_tag-schelby-gt350","28":"product_tag-shelby","29":"product_tag-sportbremsscheibe","30":"product_tag-vorderachse","31":"product_tag-vorne","32":"product_tag-zubehoer","33":"product_shipping_class-deutschlandohne","35":"first","36":"onbackorder","37":"taxable","38":"shipping-taxable","39":"purchasable","40":"product-type-simple"},"bundled_by":[],"bundle_stock_status":"onbackorder","bundle_stock_quantity":0,"bundle_virtual":false,"bundle_layout":"","bundle_add_to_cart_form_location":"","bundle_editable_in_cart":false,"bundle_sold_individually_context":"","bundle_item_grouping":"","bundle_min_size":"","bundle_max_size":"","bundle_price":[],"bundled_items":[],"bundle_sell_ids":[],"exclude_global_add_ons":[],"addons":[],"acf":[],"_links":{"self":[{"href":"https:\/\/kraftwerk-shop.cc\/cs\/wp-json\/wp\/v2\/product\/68288583","targetHints":{"allow":["GET"]}}],"collection":[{"href":"https:\/\/kraftwerk-shop.cc\/cs\/wp-json\/wp\/v2\/product"}],"about":[{"href":"https:\/\/kraftwerk-shop.cc\/cs\/wp-json\/wp\/v2\/types\/product"}],"replies":[{"embeddable":true,"href":"https:\/\/kraftwerk-shop.cc\/cs\/wp-json\/wp\/v2\/comments?post=68288583"}],"version-history":[{"count":0,"href":"https:\/\/kraftwerk-shop.cc\/cs\/wp-json\/wp\/v2\/product\/68288583\/revisions"}],"wp:featuredmedia":[{"embeddable":true,"href":"https:\/\/kraftwerk-shop.cc\/cs\/wp-json\/wp\/v2\/media\/68288587"}],"wp:attachment":[{"href":"https:\/\/kraftwerk-shop.cc\/cs\/wp-json\/wp\/v2\/media?parent=68288583"}],"wp:term":[{"taxonomy":"product_brand","embeddable":true,"href":"https:\/\/kraftwerk-shop.cc\/cs\/wp-json\/wp\/v2\/product_brand?post=68288583"},{"taxonomy":"product_cat","embeddable":true,"href":"https:\/\/kraftwerk-shop.cc\/cs\/wp-json\/wp\/v2\/product_cat?post=68288583"},{"taxonomy":"product_tag","embeddable":true,"href":"https:\/\/kraftwerk-shop.cc\/cs\/wp-json\/wp\/v2\/product_tag?post=68288583"}],"curies":[{"name":"wp","href":"https:\/\/api.w.org\/{rel}","templated":true}]}}