{"id":68288608,"date":"2023-05-12T23:46:40","date_gmt":"2023-05-12T21:46:40","guid":{"rendered":"https:\/\/kraftwerk-shop.cc\/?post_type=product&#038;p=68288608"},"modified":"2026-03-01T15:43:33","modified_gmt":"2026-03-01T14:43:33","slug":"brzdove-kotouce-paragon-trackhawk-durango-hellcat-68305562ab","status":"publish","type":"product","link":"https:\/\/kraftwerk-shop.cc\/cs\/produkt\/paragon-bremsscheiben-trackhawk-durango-hellcat-68305562ab\/","title":{"rendered":"Brzdov\u00e9 kotou\u010de Paragon Performance Grand Cherokee Trackhawk &amp; Durango Hellcat"},"content":{"rendered":"<h1>Brzdov\u00e9 kotou\u010de Paragon Performance pro Jeep Grand Cherokee 6.2 Trackhawk a Dodge Durango 6.2 Hellcat (p\u0159edn\u00ed n\u00e1prava)<\/h1>\n<p>&nbsp;<\/p>\n<p>Vzhledem k vysok\u00e9 hmotnosti vozidla a nedostatku \u00fa\u010dinn\u00e9ho chlazen\u00ed brzd nejsou p\u0159ed\u010dasn\u00e9 praskliny na standardn\u00edch brzdov\u00fdch kotou\u010d\u00edch Jeep Trackhawk \/ Durango Hellcat po pou\u017eit\u00ed na z\u00e1vodn\u00ed dr\u00e1ze nebo p\u0159i n\u00e1ro\u010dn\u00e9m provozu neobvykl\u00e9.<br \/>\nBrzdov\u00e9 kotou\u010de Paragon Performance mohou b\u00fdt \u00fa\u010dinn\u00fdm \u0159e\u0161en\u00edm tohoto probl\u00e9mu a z\u00e1rove\u0148 zlep\u0161uj\u00ed citlivost ped\u00e1l\u016f a modulaci brzd.<\/p>\n<p>Dvoud\u00edln\u00fd brzdov\u00fd kotou\u010d od spole\u010dnosti Paragon Performance nab\u00edz\u00ed vynikaj\u00edc\u00ed brzdnou a chladic\u00ed \u00fa\u010dinnost optimalizovanou pro pou\u017eit\u00ed na okruhu. Funkce sm\u011brov\u00e9ho ventila\u010dn\u00edho \u017eebrov\u00e1n\u00ed vytv\u00e1\u0159\u00ed s\u00e1n\u00ed a turbulence a sm\u011bruje chladn\u00fd vzduch skrz kotou\u010d, \u010d\u00edm\u017e zlep\u0161uje odvod tepla a zvy\u0161uje odolnost proti prask\u00e1n\u00ed v n\u00e1ro\u010dn\u00fdch podm\u00ednk\u00e1ch na trati.<\/p>\n<p>Rotor je vyroben ze speci\u00e1ln\u00ed slitiny CM-250 s vysok\u00fdm obsahem uhl\u00edku, kter\u00e1 zaji\u0161\u0165uje optim\u00e1ln\u00ed z\u00e1b\u011br, tepeln\u00e9 vlastnosti, odolnost v\u016f\u010di vysok\u00fdm teplot\u00e1m a trvanlivost.<br \/>\nKrou\u017eky brzdov\u00e9ho kotou\u010de jsou tepeln\u011b zpracov\u00e1ny, aby se sn\u00ed\u017eilo nap\u011bt\u00ed v brzdov\u00e9m kotou\u010di a zabr\u00e1nilo se tak jeho deformaci a vibrac\u00edm.<br \/>\nPot\u00e9 jsou opracov\u00e1ny nejmodern\u011bj\u0161\u00ed povrchovou \u00fapravou CBN, kter\u00e1 zaji\u0161\u0165uje lep\u0161\u00ed z\u00e1b\u011bh s nov\u00fdmi brzdov\u00fdmi desti\u010dkami.<\/p>\n<p>Vibrace jsou sn\u00ed\u017eeny, proto\u017ee bo\u010dn\u00ed h\u00e1zen\u00ed brzdov\u00e9ho kotou\u010de je udr\u017eov\u00e1no v rozmez\u00ed 0,03 mm a vyv\u00e1\u017een\u00ed je v rozmez\u00ed 2 gram\u016f.<br \/>\nV\u0161echny brzdov\u00e9 kotou\u010de pro\u0161ly p\u0159\u00edsn\u00fdmi kontrolami kvality a testy, aby bylo zaji\u0161t\u011bno, \u017ee jsou vhodn\u00e9 pro dan\u00fd \u00fa\u010del.<br \/>\nDvoud\u00edln\u00e1 konstrukce umo\u017e\u0148uje tepeln\u00e9 roz\u0161\u00ed\u0159en\u00ed brzdov\u00e9ho kotou\u010de a z\u00e1rove\u0148 minimalizuje jeho deformaci a zaji\u0161\u0165uje, \u017ee je brzdov\u00fd kotou\u010d v\u016f\u010di brzdov\u00fdm desti\u010dk\u00e1m vyst\u0159ed\u011bn\u00fd.<br \/>\nBrzdov\u00fd kotou\u010d s dr\u00e1\u017ekami zlep\u0161uje stabilitu brzd t\u00edm, \u017ee udr\u017euje \u010distou sty\u010dnou plochu a odv\u00e1d\u00ed teplo a plyny vznikaj\u00edc\u00ed p\u0159i kontaktu brzdov\u00fdch desti\u010dek s brzdov\u00fdm kotou\u010dem.<br \/>\nDr\u00e1\u017ekovan\u00e9 brzdov\u00e9 kotou\u010de maj\u00ed rozhoduj\u00edc\u00ed v\u00fdhodu oproti hol\u00fdm brzdov\u00fdm kotou\u010d\u016fm za mokra nebo de\u0161t\u011b, proto\u017ee zabra\u0148uj\u00ed tvorb\u011b vodn\u00edho filmu mezi brzdov\u00fdm oblo\u017een\u00edm a brzdov\u00fdm kotou\u010dem.<br \/>\nDvoud\u00edln\u00e9 brzdov\u00e9 kotou\u010de Paragon Performance v\u00e1\u017e\u00ed m\u00e9n\u011b ne\u017e v\u011bt\u0161ina brzdov\u00fdch kotou\u010d\u016f O.E., p\u0159i\u010dem\u017e si zachov\u00e1vaj\u00ed tepelnou zat\u00ed\u017eitelnost a zlep\u0161uj\u00ed j\u00edzdn\u00ed vlastnosti d\u00edky \u00faspo\u0159e neodpru\u017een\u00fdch hmot.<\/p>\n<p>Hlin\u00edkov\u00e9 hrnce jsou vyrobeny CNC obr\u00e1b\u011bn\u00edm z lehk\u00e9ho leteck\u00e9ho hlin\u00edku 6061-T6 a n\u00e1sledn\u011b tvrd\u011b pota\u017eeny \/ tvrd\u011b eloxov\u00e1ny \u010dernou barvou, kter\u00e1 tvo\u0159\u00ed nevodivou ochrannou vrstvu. \u010cern\u00e9 tvrd\u011b eloxovan\u00e9 hrnce jsou nejprve tvrd\u011b eloxov\u00e1ny a pot\u00e9 obarveny na \u010derno. Z hlediska v\u00fdkonu\/trvanlivosti jsou rovnocenn\u00e9.<\/p>\n<p>\u010cern\u00fd tvrd\u00fd povlak\/tvrd\u00e9 eloxov\u00e1n\u00ed v souladu se specifikac\u00ed Mil-Spec (MIL-A-8625 typ III) nem\u011bn\u00ed barvu ani v extr\u00e9mn\u00edm horku. \u010cern\u00fd tvrd\u00fd povlak\/tvrd\u00fd eloxovan\u00fd povrch je tvrd\u0161\u00ed, siln\u011bj\u0161\u00ed, odoln\u011bj\u0161\u00ed proti opot\u0159eben\u00ed a po\u0161kr\u00e1b\u00e1n\u00ed.<\/p>\n<p>\u010cern\u00e1 povrchov\u00e1 \u00faprava s tvrd\u00fdm eloxem poskytuje silnou tvrdou vrstvu, kter\u00e1 zaji\u0161\u0165uje vy\u0161\u0161\u00ed odolnost proti korozi a dlouhou \u017eivotnost bez nutnosti \u00fadr\u017eby. \u010cern\u00fd tvrzen\u00fd\/tvrd\u00fd eloxovan\u00fd povrch l\u00e9pe odol\u00e1v\u00e1 p\u016fsoben\u00ed ultrafialov\u00e9ho (UV) z\u00e1\u0159en\u00ed, co\u017e je je\u0161t\u011b d\u016fle\u017eit\u011bj\u0161\u00ed, pokud je vozidlo \u010dasto zaparkov\u00e1no venku.<\/p>\n<p>&nbsp;<\/p>\n<p><strong>Vlastnosti:<\/strong><\/p>\n<ul>\n<li>P\u0159\u00edm\u00e1 mont\u00e1\u017e bez jak\u00fdchkoli \u00faprav, navr\u017een\u00e1 pro bezprobl\u00e9movou spolupr\u00e1ci s origin\u00e1ln\u00edm syst\u00e9mem ABS a brzdov\u00fdm syst\u00e9mem Jeep Trackhawk \/ Durango Hellcat p\u0159i zachov\u00e1n\u00ed tov\u00e1rn\u00edho nastaven\u00ed brzd.<\/li>\n<li>Kompatibiln\u00ed s brzdov\u00fdmi desti\u010dkami z origin\u00e1ln\u00edho p\u0159\u00edslu\u0161enstv\u00ed nebo dopl\u0148kov\u00fdmi desti\u010dkami se stejnou hloubkou.<\/li>\n<li>Sm\u011brov\u00e9 ventila\u010dn\u00ed \u017eebrov\u00e1n\u00ed pro optim\u00e1ln\u00ed chladic\u00ed v\u00fdkon, pracuje a\u017e o 30 % chladn\u011bji ne\u017e brzdov\u00e9 kotou\u010de O.E. a zvy\u0161uje \u00fa\u010dinnost chlazen\u00ed a\u017e o 30%.<\/li>\n<li>Pln\u011b plovouc\u00ed dvoud\u00edln\u00e1 konstrukce<\/li>\n<li>Hmotnost jednoho brzdov\u00e9ho kotou\u010de: 14,79 kg (o 2,8 kg leh\u010d\u00ed ne\u017e standard)<\/li>\n<li>Minimalizuje vadnut\u00ed brzd a vibrace p\u0159i del\u0161\u00edch j\u00edzd\u00e1ch.<\/li>\n<li>Syst\u00e9m upevn\u011bn\u00ed brzdov\u00e9ho kotou\u010de a v\u00ed\u010dka: H-Bobbin (12 \u0161roub\u016f)<\/li>\n<li>Skv\u011bl\u00fd upgrade z v\u00edcediskov\u00fdch brzdov\u00fdch kotou\u010d\u016f OEM, kter\u00e9 nejsou sm\u011brov\u00e9.<\/li>\n<\/ul>\n<p>&nbsp;<\/p>\n<p><strong>Rozsah dod\u00e1vky:<\/strong><\/p>\n<ul>\n<li>Jeden p\u00e1r (2 kusy) dvoud\u00edln\u00fdch brzdov\u00fdch kotou\u010d\u016f Paragon Performance 400 mm x 36 mm s tvrd\u011b\/\u010dern\u011b eloxovan\u00fdmi hlin\u00edkov\u00fdmi kotou\u010di 6061-T6, nerezov\u00fdmi c\u00edvkami a sponami proti drn\u010den\u00ed (smontovan\u00e9 a p\u0159ipraven\u00e9 k instalaci).<\/li>\n<li>Podrobn\u00fd n\u00e1vod k instalaci (n\u011bmecky)<\/li>\n<\/ul>\n<p>&nbsp;<\/p>\n<p><strong>Srovn\u00e1vac\u00ed \u010d\u00edsla Mopar<\/strong>: 68305562AA, 68305562AB<\/p>\n<p>&nbsp;<\/p>\n<p><strong>Vhodn\u00e9 pro:<\/strong><\/p>\n<table width=\"403\">\n<tbody>\n<tr>\n<td width=\"67\">Dodge<\/td>\n<td width=\"116\">Durango<\/td>\n<td width=\"123\">6.2 Hellcat<\/td>\n<td width=\"97\">2021\u20132026<\/td>\n<\/tr>\n<tr>\n<td width=\"67\">Jeep<\/td>\n<td width=\"116\">Grand Cherokee<\/td>\n<td width=\"123\">6.2 Trackhawk<\/td>\n<td width=\"97\">2018\u20132021<\/td>\n<\/tr>\n<\/tbody>\n<\/table>\n<p>&nbsp;<\/p>\n<p>Cena se vztahuje na 2 brzdov\u00e9 kotou\u010de (jeden p\u00e1r).<\/p>","protected":false},"excerpt":{"rendered":"<p>2d\u00edln\u00e9 brzdov\u00e9 kotou\u010de (1 p\u00e1r)<\/p>","protected":false},"featured_media":68289303,"comment_status":"open","ping_status":"closed","template":"","meta":{"_acf_changed":false},"product_brand":[17982],"product_cat":[17930,17963],"product_tag":[252,419,420,2066,2373,4526,1132,52,2758,2759,2757,2756,940,795,796,10807,49,95,4443,692,56,100,50,4426,36,31,4627,4628,794,797,96,102,842,841,673],"class_list":{"0":"post-68288608","1":"product","2":"type-product","3":"status-publish","4":"has-post-thumbnail","6":"product_brand-paragon-performance","7":"product_cat-durango-hellcat-bremsscheiben-vorne","8":"product_cat-trackhawk-bremsscheiben-vorne","9":"product_tag-252","10":"product_tag-419","11":"product_tag-420","12":"product_tag-2066","13":"product_tag-2373","14":"product_tag-4526","15":"product_tag-1132","16":"product_tag-300c","17":"product_tag-400-mm","18":"product_tag-400mm","19":"product_tag-68305562aa","20":"product_tag-68305562ab","21":"product_tag-aftermarket","22":"product_tag-bremse","23":"product_tag-bremsscheibe","24":"product_tag-bremsscheiben-fuer-jeep-trackhawk","25":"product_tag-dodge","26":"product_tag-durango","27":"product_tag-durango-hellcat","28":"product_tag-ersatzteil","29":"product_tag-grand-cherokee","30":"product_tag-hellcat","31":"product_tag-jeep","32":"product_tag-jeep-trackhawk","33":"product_tag-kraftwerk","34":"product_tag-mopar","35":"product_tag-paragon","36":"product_tag-paragon-performance","37":"product_tag-premium","38":"product_tag-sportbremsscheibe","39":"product_tag-srt","40":"product_tag-trackhawk","41":"product_tag-vorderachse","42":"product_tag-vorne","43":"product_tag-zubehoer","45":"first","46":"instock","47":"taxable","48":"shipping-taxable","49":"purchasable","50":"product-type-variable"},"bundled_by":[],"bundle_stock_status":"instock","bundle_stock_quantity":1,"bundle_virtual":false,"bundle_layout":"","bundle_add_to_cart_form_location":"","bundle_editable_in_cart":false,"bundle_sold_individually_context":"","bundle_item_grouping":"","bundle_min_size":"","bundle_max_size":"","bundle_price":[],"bundled_items":[],"bundle_sell_ids":[],"exclude_global_add_ons":[],"addons":[],"acf":[],"_links":{"self":[{"href":"https:\/\/kraftwerk-shop.cc\/cs\/wp-json\/wp\/v2\/product\/68288608","targetHints":{"allow":["GET"]}}],"collection":[{"href":"https:\/\/kraftwerk-shop.cc\/cs\/wp-json\/wp\/v2\/product"}],"about":[{"href":"https:\/\/kraftwerk-shop.cc\/cs\/wp-json\/wp\/v2\/types\/product"}],"replies":[{"embeddable":true,"href":"https:\/\/kraftwerk-shop.cc\/cs\/wp-json\/wp\/v2\/comments?post=68288608"}],"version-history":[{"count":0,"href":"https:\/\/kraftwerk-shop.cc\/cs\/wp-json\/wp\/v2\/product\/68288608\/revisions"}],"wp:featuredmedia":[{"embeddable":true,"href":"https:\/\/kraftwerk-shop.cc\/cs\/wp-json\/wp\/v2\/media\/68289303"}],"wp:attachment":[{"href":"https:\/\/kraftwerk-shop.cc\/cs\/wp-json\/wp\/v2\/media?parent=68288608"}],"wp:term":[{"taxonomy":"product_brand","embeddable":true,"href":"https:\/\/kraftwerk-shop.cc\/cs\/wp-json\/wp\/v2\/product_brand?post=68288608"},{"taxonomy":"product_cat","embeddable":true,"href":"https:\/\/kraftwerk-shop.cc\/cs\/wp-json\/wp\/v2\/product_cat?post=68288608"},{"taxonomy":"product_tag","embeddable":true,"href":"https:\/\/kraftwerk-shop.cc\/cs\/wp-json\/wp\/v2\/product_tag?post=68288608"}],"curies":[{"name":"wp","href":"https:\/\/api.w.org\/{rel}","templated":true}]}}