{"id":68288937,"date":"2023-05-14T14:18:35","date_gmt":"2023-05-14T12:18:35","guid":{"rendered":"https:\/\/kraftwerk-shop.cc\/?post_type=product&#038;p=68288937"},"modified":"2026-02-15T00:49:02","modified_gmt":"2026-02-14T23:49:02","slug":"vyfukovy-system-borla-11855-corvette-c7","status":"publish","type":"product","link":"https:\/\/kraftwerk-shop.cc\/cs\/produkt\/borla-auspuffanlage-11855-corvette-c7\/","title":{"rendered":"V\u00fdfukov\u00fd syst\u00e9m BORLA S-Type Corvette C7 Stingray"},"content":{"rendered":"<h1>V\u00fdfukov\u00fd syst\u00e9m BORLA S-Type 11855 Axle-Back pro Chevrolet Corvette C7 Stingray<\/h1>\n<p><strong>S ventily AFM, s ventily NPP<\/strong><\/p>\n<p>&nbsp;<\/p>\n<p>Hlubok\u00fd, siln\u00fd zvuk je hlasit\u011bj\u0161\u00ed ne\u017e u standardn\u00edho v\u00fdfukov\u00e9ho syst\u00e9mu modelu Corvette C7 a zd\u016fraz\u0148uje charakter motoru.<br \/>\nA\u010dkoli to nen\u00ed povoleno, zvuk nen\u00ed tak hlasit\u00fd, aby mohl zp\u016fsobit probl\u00e9my.<\/p>\n<p><strong>V\u00fdfukov\u00fd syst\u00e9m S-Type je prost\u0159edn\u00ed ze t\u0159\u00ed zvukov\u00fdch variant Borla.<\/strong><\/p>\n<p>P\u0159i v\u00fdvoji tohoto v\u00fdfukov\u00e9ho syst\u00e9mu byl na prvn\u00edm m\u00edst\u011b plynodynamick\u00fd a aerodynamick\u00fd design, n\u00e1sledovan\u00fd zvukovou technikou.<br \/>\nD\u00edky tomuto propracovan\u00e9mu p\u0159\u00edstupu, kter\u00fd se v pr\u016fmyslu uplat\u0148uje jen z\u0159\u00eddka, nejsou v\u00fdkon a to\u010div\u00fd moment ob\u011btov\u00e1ny zvuku, ale jsou vz\u00e1jemn\u011b slad\u011bny.<br \/>\nTo je zvl\u00e1\u0161tn\u00ed \u00fasp\u011bch spole\u010dnosti Borla. Ne v\u017edy je na prvn\u00ed pohled rozpoznateln\u00fd - ale pr\u00e1v\u011b to je velk\u00fd rozd\u00edl mezi pr\u016fm\u011brnost\u00ed a technickou brilantnost\u00ed.<\/p>\n<p>U mnoha jin\u00fdch v\u00fdfukov\u00fdch syst\u00e9m\u016f jsou n\u00e1klady na v\u00fdvoj n\u00edzk\u00e9 a pozornost je v\u011bnov\u00e1na pouze zvuku. V\u00fdsledkem je, \u017ee tyto syst\u00e9my \u010dasto zn\u011bj\u00ed dob\u0159e, ale maj\u00ed za n\u00e1sledek ztr\u00e1tu v\u00fdkonu, a proto si ve skute\u010dnosti nezaslou\u017e\u00ed ozna\u010den\u00ed \"sportovn\u00ed v\u00fdfuk\".<\/p>\n<p>Toho byste si m\u011bli b\u00fdt v\u011bdomi. S t\u011bmito znalostmi se m\u016f\u017eete informovan\u011b rozhodnout pro nebo proti konkr\u00e9tn\u00edmu sportovn\u00edmu v\u00fdfukov\u00e9mu syst\u00e9mu.<\/p>\n<p>Sportovn\u00ed v\u00fdfukov\u00e9 syst\u00e9my Borla jsou vyr\u00e1b\u011bny z vysoce legovan\u00e9 nerezov\u00e9 oceli \u0159ady T304 podle americk\u00e9 normy AISI.<\/p>\n<p>&nbsp;<\/p>\n<table border=\"0\" width=\"513\" cellspacing=\"0\" cellpadding=\"0\">\n<colgroup>\n<col \/>\n<col \/> <\/colgroup>\n<tbody>\n<tr>\n<td style=\"height: 21px; width: 223px;\" height=\"21\">Typ v\u00fdfuku<\/td>\n<td style=\"width: 291px;\">Zadn\u00ed n\u00e1prava<\/td>\n<\/tr>\n<tr>\n<td style=\"height: 21px; width: 223px;\" height=\"21\">Pr\u016fm\u011br potrub\u00ed<\/td>\n<td style=\"width: 291px;\">2,75 palce a\u017e 2,75 palce<\/td>\n<\/tr>\n<tr>\n<td style=\"height: 21px; width: 223px;\" height=\"21\">V\u00fdfukov\u00e9 potrub\u00ed<\/td>\n<td>4,25\u2033 \u010dty\u0159n\u00e1sobn\u00fd st\u0159edov\u00fd zadn\u00ed v\u00fdstup<\/td>\n<\/tr>\n<\/tbody>\n<\/table>\n<p>Nevhodn\u00e9 pro <a class=\"feature-title\">Grand Sport s manu\u00e1ln\u00ed p\u0159evodovkou!<\/a><\/p>\n<p>&nbsp;<\/p>\n<p><iframe loading=\"lazy\" title=\"V\u00fdfukov\u00e9 syst\u00e9my Borla pro Corvette C7 s NPP\" width=\"500\" height=\"281\" src=\"https:\/\/www.youtube.com\/embed\/RWtu5jtt0qo?feature=oembed\" frameborder=\"0\" allow=\"accelerometer; autoplay; clipboard-write; encrypted-media; gyroscope; picture-in-picture; web-share\" referrerpolicy=\"strict-origin-when-cross-origin\" allowfullscreen><\/iframe><\/p>\n<p>&nbsp;<\/p>","protected":false},"excerpt":{"rendered":"<p>S ventily AFM, s ventily NPP<\/p>","protected":false},"featured_media":68288947,"comment_status":"open","ping_status":"closed","template":"","meta":{"_acf_changed":false},"product_brand":[17170],"product_cat":[3125,3024],"product_tag":[5033,1046,1035,1036,546,1037,5034,1032,2443,3087,189,190,281,429,1043,1039,1042,532,529,441,20273,1040,1044,1033,1045,1041,547,1034,1038,3583,233],"class_list":{"0":"post-68288937","1":"product","2":"type-product","3":"status-publish","4":"has-post-thumbnail","6":"product_brand-borla","7":"product_cat-corvette-c7-abgasanlage","8":"product_cat-nicht-nach-eu","9":"product_tag-5033","10":"product_tag-abe","11":"product_tag-abgasanlage","12":"product_tag-abgassystem","13":"product_tag-auspuff","14":"product_tag-auspuffsystem","15":"product_tag-axle-back","16":"product_tag-borla","17":"product_tag-borla-exhaust","18":"product_tag-c7","19":"product_tag-chevrolet","20":"product_tag-chevy","21":"product_tag-corvette","22":"product_tag-deutschland","23":"product_tag-endrohr","24":"product_tag-endschalldaempfer","25":"product_tag-endtopf","26":"product_tag-kat","27":"product_tag-katalysator","28":"product_tag-kaufen","29":"product_tag-keintuev","30":"product_tag-laut","31":"product_tag-mittelschalldaempfer","32":"product_tag-s-type","33":"product_tag-sound","34":"product_tag-sport","35":"product_tag-sportauspuff","36":"product_tag-sportauspuffanlage","37":"product_tag-sportendschalldaempfer","38":"product_tag-stingray","39":"product_tag-tuning","40":"product_shipping_class-spedition-1","42":"first","43":"onbackorder","44":"taxable","45":"shipping-taxable","46":"purchasable","47":"product-type-simple"},"bundled_by":[],"bundle_stock_status":"onbackorder","bundle_stock_quantity":0,"bundle_virtual":false,"bundle_layout":"","bundle_add_to_cart_form_location":"","bundle_editable_in_cart":false,"bundle_sold_individually_context":"","bundle_item_grouping":"","bundle_min_size":"","bundle_max_size":"","bundle_price":[],"bundled_items":[],"bundle_sell_ids":[],"exclude_global_add_ons":[],"addons":[],"acf":[],"_links":{"self":[{"href":"https:\/\/kraftwerk-shop.cc\/cs\/wp-json\/wp\/v2\/product\/68288937","targetHints":{"allow":["GET"]}}],"collection":[{"href":"https:\/\/kraftwerk-shop.cc\/cs\/wp-json\/wp\/v2\/product"}],"about":[{"href":"https:\/\/kraftwerk-shop.cc\/cs\/wp-json\/wp\/v2\/types\/product"}],"replies":[{"embeddable":true,"href":"https:\/\/kraftwerk-shop.cc\/cs\/wp-json\/wp\/v2\/comments?post=68288937"}],"version-history":[{"count":0,"href":"https:\/\/kraftwerk-shop.cc\/cs\/wp-json\/wp\/v2\/product\/68288937\/revisions"}],"wp:featuredmedia":[{"embeddable":true,"href":"https:\/\/kraftwerk-shop.cc\/cs\/wp-json\/wp\/v2\/media\/68288947"}],"wp:attachment":[{"href":"https:\/\/kraftwerk-shop.cc\/cs\/wp-json\/wp\/v2\/media?parent=68288937"}],"wp:term":[{"taxonomy":"product_brand","embeddable":true,"href":"https:\/\/kraftwerk-shop.cc\/cs\/wp-json\/wp\/v2\/product_brand?post=68288937"},{"taxonomy":"product_cat","embeddable":true,"href":"https:\/\/kraftwerk-shop.cc\/cs\/wp-json\/wp\/v2\/product_cat?post=68288937"},{"taxonomy":"product_tag","embeddable":true,"href":"https:\/\/kraftwerk-shop.cc\/cs\/wp-json\/wp\/v2\/product_tag?post=68288937"}],"curies":[{"name":"wp","href":"https:\/\/api.w.org\/{rel}","templated":true}]}}