{"id":68288965,"date":"2023-05-14T16:56:25","date_gmt":"2023-05-14T14:56:25","guid":{"rendered":"https:\/\/kraftwerk-shop.cc\/?post_type=product&#038;p=68288965"},"modified":"2026-02-14T23:59:47","modified_gmt":"2026-02-14T22:59:47","slug":"vyfukovy-system-borla-11863-corvette-c7","status":"publish","type":"product","link":"https:\/\/kraftwerk-shop.cc\/cs\/produkt\/borla-auspuffanlage-11863-corvette-c7\/","title":{"rendered":"V\u00fdfukov\u00fd syst\u00e9m BORLA ATAK Corvette C7 Stingray"},"content":{"rendered":"<h1>V\u00fdfukov\u00fd syst\u00e9m BORLA ATAK 11863 Axle-Back pro Chevrolet Corvette C7 Stingray<\/h1>\n<p><strong>S ventily AFM, bez ventil\u016f NPP<\/strong><\/p>\n<p>&nbsp;<\/p>\n<p>V\u00fdfukov\u00e9 syst\u00e9my BORLA\u00ae ATAK\u00ae (Acoustically Tuned Applied Kinetics) byly navr\u017eeny pro v\u00fdkonn\u00e9 puristy, kte\u0159\u00ed d\u00e1vaj\u00ed p\u0159ednost poslechu v\u00fdfuku sv\u00e9 Corvette C7 p\u0159ed stereo syst\u00e9mem.<\/p>\n<p>V\u00fdfukov\u00e9 syst\u00e9my ATAK\u00ae dosahuj\u00ed nejvy\u0161\u0161\u00edch hodnot dB mezi r\u016fzn\u00fdmi syst\u00e9my Borla, ani\u017e by do\u0161lo ke sn\u00ed\u017een\u00ed kvality zvuku, jak tomu \u010dasto b\u00fdv\u00e1 u jin\u00fdch hlasit\u00fdch v\u00fdfukov\u00fdch syst\u00e9m\u016f.<\/p>\n<p>Technologie ATAK\u00ae je zalo\u017eena na speci\u00e1ln\u011b p\u0159izp\u016fsoben\u00fdch vlastnostech jader tlumi\u010d\u016f, kter\u00e9 jsou individu\u00e1ln\u011b vylad\u011bny pro ka\u017ed\u00fd typ vozidla, aby bylo dosa\u017eeno nejlep\u0161\u00edho zvuku.<\/p>\n<p><strong>Super agresivn\u00ed, siln\u00fd, hlasit\u00fd zvuk americk\u00e9ho auta. Syst\u00e9m je rozhodn\u011b p\u0159\u00edli\u0161 hlasit\u00fd na \u0159idi\u010dsk\u00fd pr\u016fkaz - ale vozidlo m\u00e1 zvuk, kter\u00fd opravdov\u00fd nad\u0161enec o\u010dek\u00e1v\u00e1.<\/strong><\/p>\n<p>Sportovn\u00ed v\u00fdfukov\u00e9 syst\u00e9my Borla jsou vyr\u00e1b\u011bny z vysoce legovan\u00e9 nerezov\u00e9 oceli \u0159ady T304 podle americk\u00e9 normy AISI.<\/p>\n<p>&nbsp;<\/p>\n<p>&nbsp;<\/p>\n<table border=\"0\" width=\"513\" cellspacing=\"0\" cellpadding=\"0\">\n<colgroup>\n<col \/>\n<col \/> <\/colgroup>\n<tbody>\n<tr>\n<td style=\"height: 21px; width: 223px;\" height=\"21\">Typ v\u00fdfuku<\/td>\n<td style=\"width: 291px;\">Zadn\u00ed n\u00e1prava<\/td>\n<\/tr>\n<tr>\n<td style=\"height: 21px; width: 223px;\" height=\"21\">Pr\u016fm\u011br potrub\u00ed<\/td>\n<td style=\"width: 291px;\">2,75 palce a\u017e 2 palce<\/td>\n<\/tr>\n<tr>\n<td style=\"height: 21px; width: 223px;\" height=\"21\">V\u00fdfukov\u00e9 potrub\u00ed<\/td>\n<td>4,25\u2033 \u010dty\u0159n\u00e1sobn\u00fd st\u0159edov\u00fd zadn\u00ed v\u00fdstup<\/td>\n<\/tr>\n<\/tbody>\n<\/table>\n<p>Nevhodn\u00e9 pro <a class=\"feature-title\">Grand Sport s manu\u00e1ln\u00ed p\u0159evodovkou!<\/a><\/p>\n<p>&nbsp;<\/p>\n<p><iframe loading=\"lazy\" title=\"V\u00fdfukov\u00e9 syst\u00e9my Borla pro Corvette C7 bez NPP\" width=\"500\" height=\"281\" src=\"https:\/\/www.youtube.com\/embed\/-7ee7KCQ4DU?feature=oembed\" frameborder=\"0\" allow=\"accelerometer; autoplay; clipboard-write; encrypted-media; gyroscope; picture-in-picture; web-share\" referrerpolicy=\"strict-origin-when-cross-origin\" allowfullscreen><\/iframe><\/p>\n<p>&nbsp;<\/p>\n<p>&nbsp;<\/p>","protected":false},"excerpt":{"rendered":"<p>S ventily AFM, bez ventil\u016f NPP<\/p>","protected":false},"featured_media":68288970,"comment_status":"open","ping_status":"closed","template":"","meta":{"_acf_changed":false},"product_brand":[17170],"product_cat":[3125,3024],"product_tag":[5037,1046,1035,1036,1048,546,1037,5034,1032,2443,3087,189,190,281,429,1043,1039,1042,532,529,441,20273,1040,1044,1045,1041,547,1034,1038,3583,233],"class_list":{"0":"post-68288965","1":"product","2":"type-product","3":"status-publish","4":"has-post-thumbnail","6":"product_brand-borla","7":"product_cat-corvette-c7-abgasanlage","8":"product_cat-nicht-nach-eu","9":"product_tag-5037","10":"product_tag-abe","11":"product_tag-abgasanlage","12":"product_tag-abgassystem","13":"product_tag-atak","14":"product_tag-auspuff","15":"product_tag-auspuffsystem","16":"product_tag-axle-back","17":"product_tag-borla","18":"product_tag-borla-exhaust","19":"product_tag-c7","20":"product_tag-chevrolet","21":"product_tag-chevy","22":"product_tag-corvette","23":"product_tag-deutschland","24":"product_tag-endrohr","25":"product_tag-endschalldaempfer","26":"product_tag-endtopf","27":"product_tag-kat","28":"product_tag-katalysator","29":"product_tag-kaufen","30":"product_tag-keintuev","31":"product_tag-laut","32":"product_tag-mittelschalldaempfer","33":"product_tag-sound","34":"product_tag-sport","35":"product_tag-sportauspuff","36":"product_tag-sportauspuffanlage","37":"product_tag-sportendschalldaempfer","38":"product_tag-stingray","39":"product_tag-tuning","40":"product_shipping_class-spedition-1","42":"first","43":"onbackorder","44":"taxable","45":"shipping-taxable","46":"purchasable","47":"product-type-simple"},"bundled_by":[],"bundle_stock_status":"onbackorder","bundle_stock_quantity":0,"bundle_virtual":false,"bundle_layout":"","bundle_add_to_cart_form_location":"","bundle_editable_in_cart":false,"bundle_sold_individually_context":"","bundle_item_grouping":"","bundle_min_size":"","bundle_max_size":"","bundle_price":[],"bundled_items":[],"bundle_sell_ids":[],"exclude_global_add_ons":[],"addons":[],"acf":[],"_links":{"self":[{"href":"https:\/\/kraftwerk-shop.cc\/cs\/wp-json\/wp\/v2\/product\/68288965","targetHints":{"allow":["GET"]}}],"collection":[{"href":"https:\/\/kraftwerk-shop.cc\/cs\/wp-json\/wp\/v2\/product"}],"about":[{"href":"https:\/\/kraftwerk-shop.cc\/cs\/wp-json\/wp\/v2\/types\/product"}],"replies":[{"embeddable":true,"href":"https:\/\/kraftwerk-shop.cc\/cs\/wp-json\/wp\/v2\/comments?post=68288965"}],"version-history":[{"count":0,"href":"https:\/\/kraftwerk-shop.cc\/cs\/wp-json\/wp\/v2\/product\/68288965\/revisions"}],"wp:featuredmedia":[{"embeddable":true,"href":"https:\/\/kraftwerk-shop.cc\/cs\/wp-json\/wp\/v2\/media\/68288970"}],"wp:attachment":[{"href":"https:\/\/kraftwerk-shop.cc\/cs\/wp-json\/wp\/v2\/media?parent=68288965"}],"wp:term":[{"taxonomy":"product_brand","embeddable":true,"href":"https:\/\/kraftwerk-shop.cc\/cs\/wp-json\/wp\/v2\/product_brand?post=68288965"},{"taxonomy":"product_cat","embeddable":true,"href":"https:\/\/kraftwerk-shop.cc\/cs\/wp-json\/wp\/v2\/product_cat?post=68288965"},{"taxonomy":"product_tag","embeddable":true,"href":"https:\/\/kraftwerk-shop.cc\/cs\/wp-json\/wp\/v2\/product_tag?post=68288965"}],"curies":[{"name":"wp","href":"https:\/\/api.w.org\/{rel}","templated":true}]}}