{"id":68289229,"date":"2023-05-21T22:12:18","date_gmt":"2023-05-21T20:12:18","guid":{"rendered":"https:\/\/kraftwerk-shop.cc\/?post_type=product&#038;p=68289229"},"modified":"2026-02-15T00:51:38","modified_gmt":"2026-02-14T23:51:38","slug":"mishimoto-hlinikovy-chladic-corvette-c7","status":"publish","type":"product","link":"https:\/\/kraftwerk-shop.cc\/cs\/produkt\/mishimoto-aluminiumkuehler-corvette-c7\/","title":{"rendered":"Hlin\u00edkov\u00fd chladi\u010d Mishimoto Corvette C7"},"content":{"rendered":"<h1>Hlin\u00edkov\u00fd chladi\u010d Mishimoto pro Chevrolet Corvette C7 Stingray a Z06<\/h1>\n<p>&nbsp;<\/p>\n<p>Hlin\u00edkov\u00fd chladi\u010d Mishimoto pro podvozek Corvette C7 je navr\u017een tak, aby p\u0159ekonal tov\u00e1rn\u00ed chladi\u010d a vydr\u017eel cel\u00fd \u017eivot p\u0159i j\u00edzd\u011b na pln\u00fd plyn a ka\u017edodenn\u00edm pou\u017e\u00edv\u00e1n\u00ed.<br \/>\nUpgradujte sv\u016fj v\u016fz Corvette z k\u0159ehk\u00fdch plastov\u00fdch koncov\u00fdch n\u00e1dr\u017e\u00ed chladi\u010de na robustn\u00ed, pln\u011b sva\u0159ovanou hlin\u00edkovou konstrukci.<br \/>\nU\u017e nikdy se nemus\u00edte ob\u00e1vat praskl\u00e9ho plastu nebo net\u011bsn\u00edc\u00edch hadic, kter\u00e9 v\u00e1s nechaj\u00ed uv\u00edzl\u00e9 na kraji silnice nebo p\u0159ed\u010dasn\u011b ukon\u010d\u00ed v\u00e1\u0161 z\u00e1vodn\u00ed den.<br \/>\nChladi\u010d Mishimoto C7 je vyroben v\u00fdhradn\u011b z hlin\u00edku a m\u00e1 plochu zv\u011bt\u0161enou o 56 % a zv\u00fd\u0161en\u00fd objem chladic\u00ed kapaliny.<br \/>\nJe navr\u017een tak, aby odolal i t\u011bm nejn\u00e1ro\u010dn\u011bj\u0161\u00edm podm\u00ednk\u00e1m.<br \/>\nVstupy a v\u00fdstupy vyroben\u00e9 na CNC stroj\u00edch zaji\u0161\u0165uj\u00ed bezpe\u010dn\u00e9 upevn\u011bn\u00ed hadic bez \u00faniku.<br \/>\nJako ka\u017ed\u00fd chladi\u010d Mishimoto je i tento chladi\u010d p\u0159\u00edm\u00fdm \u0159e\u0161en\u00edm, tak\u017ee jeho instalace je stejn\u011b snadn\u00e1 jako demont\u00e1\u017e tov\u00e1rn\u00edho d\u00edlu a instalace nov\u00e9ho hlin\u00edkov\u00e9ho chladi\u010de Mishimoto.<\/p>\n<p>&nbsp;<\/p>\n<p><strong>Vlastnosti:<\/strong><\/p>\n<ul>\n<li>P\u0159\u00edm\u00e1 mont\u00e1\u017e pro Corvette C7 Stingray a Z06<\/li>\n<li>Celohlin\u00edkov\u00e1 konstrukce s odoln\u00fdmi, TIG sva\u0159ovan\u00fdmi chladic\u00edmi boxy<\/li>\n<li>Dvou\u0159ad\u00e9, 2\u2033 siln\u00e9, p\u00e1jen\u00e9 hlin\u00edkov\u00e9 j\u00e1dro, kter\u00e9 zaji\u0161\u0165uje ide\u00e1ln\u00ed teplotu chladic\u00ed kapaliny na silnici i na z\u00e1vodn\u00edm okruhu.<\/li>\n<li>Zv\u011bt\u0161en\u00ed objemu j\u00e1dra o 38 % pro vy\u0161\u0161\u00ed \u00fa\u010dinnost chlazen\u00ed<\/li>\n<li>Obsahuje magnetickou vypou\u0161t\u011bc\u00ed z\u00e1tku pro zachycen\u00ed kovov\u00fdch ne\u010distot\/\u00falomk\u016f v chladic\u00edm syst\u00e9mu.<\/li>\n<\/ul>\n<p>&nbsp;<\/p>\n<p><strong>Vhodn\u00e9 pro:<\/strong><\/p>\n<table width=\"776\">\n<tbody>\n<tr>\n<td width=\"178\"><strong>Rok v\u00fdstavby<\/strong><\/td>\n<td width=\"226\"><strong>Zna\u010dka<\/strong><\/td>\n<td width=\"120\"><strong>Model<\/strong><\/td>\n<td width=\"172\"><strong>Varianta<\/strong><\/td>\n<td width=\"80\"><strong>Motor<\/strong><\/td>\n<\/tr>\n<tr>\n<td width=\"178\">2014-2019<\/td>\n<td width=\"226\">Chevrolet<\/td>\n<td width=\"120\">Corvette<\/td>\n<td width=\"172\">(C7) Stingray<\/td>\n<td width=\"80\">V8 6,2 L<\/td>\n<\/tr>\n<tr>\n<td width=\"178\">2015-2019<\/td>\n<td width=\"226\">Chevrolet<\/td>\n<td width=\"120\">Corvette<\/td>\n<td width=\"172\">(C7) Z06<\/td>\n<td width=\"80\">V8 6,2 L<\/td>\n<\/tr>\n<\/tbody>\n<\/table>\n<p>&nbsp;<\/p>\n<p><iframe loading=\"lazy\" title=\"Chladi\u010d Corvette C7 Performance\" width=\"500\" height=\"281\" src=\"https:\/\/www.youtube.com\/embed\/eVm69zYqKps?feature=oembed\" frameborder=\"0\" allow=\"accelerometer; autoplay; clipboard-write; encrypted-media; gyroscope; picture-in-picture; web-share\" referrerpolicy=\"strict-origin-when-cross-origin\" allowfullscreen><\/iframe><\/p>\n<p>&nbsp;<\/p>","protected":false},"excerpt":{"rendered":"<p>Mishimoto Aluminiumk\u00fchler f\u00fcr Chevrolet Corvette C7 Stingray und Z06 &nbsp; Der Mishimoto Aluminiumk\u00fchler f\u00fcr das Corvette C7 Chassis ist so<\/p>","protected":false},"featured_media":68289233,"comment_status":"open","ping_status":"closed","template":"","meta":{"_acf_changed":false},"product_brand":[18924],"product_cat":[5082],"product_tag":[101,4533,3087,189,190,281,405,269,274,5083,4534,3583,216,3736,283],"class_list":{"0":"post-68289229","1":"product","2":"type-product","3":"status-publish","4":"has-post-thumbnail","6":"product_brand-mishimoto","7":"product_cat-corvette-c7-kuehlung","8":"product_tag-6-2","9":"product_tag-aluminiumkuehler","10":"product_tag-c7","11":"product_tag-chevrolet","12":"product_tag-chevy","13":"product_tag-corvette","14":"product_tag-kuehler","15":"product_tag-kuehlwasser","16":"product_tag-mishimoto","17":"product_tag-mmrad-c7-14","18":"product_tag-motorkuehler","19":"product_tag-stingray","20":"product_tag-upgrade","21":"product_tag-wasserkuehler","22":"product_tag-z06","23":"product_shipping_class-paket-l","25":"first","26":"onbackorder","27":"taxable","28":"shipping-taxable","29":"purchasable","30":"product-type-simple"},"bundled_by":[],"bundle_stock_status":"onbackorder","bundle_stock_quantity":0,"bundle_virtual":false,"bundle_layout":"","bundle_add_to_cart_form_location":"","bundle_editable_in_cart":false,"bundle_sold_individually_context":"","bundle_item_grouping":"","bundle_min_size":"","bundle_max_size":"","bundle_price":[],"bundled_items":[],"bundle_sell_ids":[],"exclude_global_add_ons":[],"addons":[],"acf":[],"_links":{"self":[{"href":"https:\/\/kraftwerk-shop.cc\/cs\/wp-json\/wp\/v2\/product\/68289229","targetHints":{"allow":["GET"]}}],"collection":[{"href":"https:\/\/kraftwerk-shop.cc\/cs\/wp-json\/wp\/v2\/product"}],"about":[{"href":"https:\/\/kraftwerk-shop.cc\/cs\/wp-json\/wp\/v2\/types\/product"}],"replies":[{"embeddable":true,"href":"https:\/\/kraftwerk-shop.cc\/cs\/wp-json\/wp\/v2\/comments?post=68289229"}],"version-history":[{"count":0,"href":"https:\/\/kraftwerk-shop.cc\/cs\/wp-json\/wp\/v2\/product\/68289229\/revisions"}],"wp:featuredmedia":[{"embeddable":true,"href":"https:\/\/kraftwerk-shop.cc\/cs\/wp-json\/wp\/v2\/media\/68289233"}],"wp:attachment":[{"href":"https:\/\/kraftwerk-shop.cc\/cs\/wp-json\/wp\/v2\/media?parent=68289229"}],"wp:term":[{"taxonomy":"product_brand","embeddable":true,"href":"https:\/\/kraftwerk-shop.cc\/cs\/wp-json\/wp\/v2\/product_brand?post=68289229"},{"taxonomy":"product_cat","embeddable":true,"href":"https:\/\/kraftwerk-shop.cc\/cs\/wp-json\/wp\/v2\/product_cat?post=68289229"},{"taxonomy":"product_tag","embeddable":true,"href":"https:\/\/kraftwerk-shop.cc\/cs\/wp-json\/wp\/v2\/product_tag?post=68289229"}],"curies":[{"name":"wp","href":"https:\/\/api.w.org\/{rel}","templated":true}]}}