{"id":68289956,"date":"2023-06-09T13:52:46","date_gmt":"2023-06-09T11:52:46","guid":{"rendered":"https:\/\/kraftwerk-shop.cc\/?post_type=product&#038;p=68289956"},"modified":"2026-02-15T00:01:14","modified_gmt":"2026-02-14T23:01:14","slug":"zavodni-termostat-dodge-viper","status":"publish","type":"product","link":"https:\/\/kraftwerk-shop.cc\/cs\/produkt\/racing-thermostat-dodge-viper\/","title":{"rendered":"Z\u00e1vodn\u00ed termostat Dodge Viper"},"content":{"rendered":"<h1>Z\u00e1vodn\u00ed termostat 77 stup\u0148\u016f pro Dodge Viper<\/h1>\n<p>&nbsp;<\/p>\n<p>Pokud v\u00e1\u0161 Viper b\u011b\u017e\u00ed trochu hork\u00fd, sni\u017ete teplotu pomoc\u00ed termostatu na 77 stup\u0148\u016f.<\/p>\n<p>Termostat dokonale zapad\u00e1 do sk\u0159\u00edn\u011b termostatu OEM a zaji\u0161\u0165uje lep\u0161\u00ed chlazen\u00ed motoru. Doporu\u010duje se pro vozidla, kter\u00e1 jezd\u00ed v hork\u00e9m podneb\u00ed nebo v provozu se zastaven\u00fdm provozem.<br \/>\nPo \u00fapln\u00e9m zah\u0159\u00e1t\u00ed motoru se termostat Viper otev\u00edr\u00e1 p\u0159i ni\u017e\u0161\u00ed teplot\u011b ne\u017e standardn\u00ed termostat, co\u017e umo\u017e\u0148uje rychlej\u0161\u00ed pr\u016ftok chladic\u00ed kapaliny motorem, sni\u017euje teplotu motoru a udr\u017euje jej chladn\u011bj\u0161\u00ed, \u010d\u00edm\u017e zvy\u0161uje dlouhodobou spolehlivost chladic\u00edch komponent\u016f va\u0161eho vozidla.<\/p>\n<p>Instalace je jednoduch\u00e1 a vy\u017eaduje pouze v\u00fdm\u011bnu star\u00e9 jednotky OEM a instalaci nov\u00e9ho termostatu.<br \/>\nInstalaci lze prov\u00e9st pomoc\u00ed jednoduch\u00e9ho n\u00e1\u0159ad\u00ed a vy\u017eaduje pouze m\u00edrnou manu\u00e1ln\u00ed zru\u010dnost.<\/p>\n<p>Doporu\u010duje se pro silni\u010dn\u00ed vozidla, kter\u00e1 vy\u017eaduj\u00ed trochu v\u00edce chlazen\u00ed.<\/p>\n<p>&nbsp;<\/p>\n<p>&nbsp;<\/p>\n<p><strong>Srovn\u00e1vac\u00ed \u010d\u00edslo Mopar:<\/strong> 5037344AA<\/p>\n<p>&nbsp;<\/p>\n<p><strong>Vhodn\u00e9 pro:<\/strong><\/p>\n<table width=\"721\">\n<tbody>\n<tr>\n<td width=\"64\"><strong>Rok v\u00fdstavby<\/strong><\/td>\n<td width=\"83\"><strong>Zna\u010dka<\/strong><\/td>\n<td width=\"146\"><strong>Model<\/strong><\/td>\n<td width=\"293\"><strong>Verze<\/strong><\/td>\n<td width=\"135\"><strong>Motor<\/strong><\/td>\n<\/tr>\n<tr>\n<td width=\"64\">2017<\/td>\n<td width=\"83\">Dodge<\/td>\n<td width=\"146\">Viper<\/td>\n<td width=\"293\">ACR, GTS, SRT<\/td>\n<td width=\"135\">8.4L<\/td>\n<\/tr>\n<tr>\n<td width=\"64\">2016<\/td>\n<td width=\"83\">Dodge<\/td>\n<td width=\"146\">Viper<\/td>\n<td width=\"293\">ACR, GTC, GTS, SRT<\/td>\n<td width=\"135\">8.4L<\/td>\n<\/tr>\n<tr>\n<td width=\"64\">2015<\/td>\n<td width=\"83\">Dodge<\/td>\n<td width=\"146\">Viper<\/td>\n<td width=\"293\">GT, GTS<\/td>\n<td width=\"135\">8.4L<\/td>\n<\/tr>\n<tr>\n<td width=\"64\">2014<\/td>\n<td width=\"83\">SRT<\/td>\n<td width=\"146\">Viper<\/td>\n<td width=\"293\">Z\u00e1kladn\u00ed verze, GTS<\/td>\n<td width=\"135\">8.4L<\/td>\n<\/tr>\n<tr>\n<td width=\"64\">2013<\/td>\n<td width=\"83\">SRT<\/td>\n<td width=\"146\">Viper<\/td>\n<td width=\"293\">Z\u00e1kladn\u00ed verze, GTS<\/td>\n<td width=\"135\">8.4L<\/td>\n<\/tr>\n<tr>\n<td width=\"64\">2010<\/td>\n<td width=\"83\">Dodge<\/td>\n<td width=\"146\">Viper<\/td>\n<td width=\"293\">SRT-10, SRT-10 ACR<\/td>\n<td width=\"135\">8.4L<\/td>\n<\/tr>\n<tr>\n<td width=\"64\">2009<\/td>\n<td width=\"83\">Dodge<\/td>\n<td width=\"146\">Viper<\/td>\n<td width=\"293\">SRT-10, SRT-10 ACR<\/td>\n<td width=\"135\">8.4L<\/td>\n<\/tr>\n<tr>\n<td width=\"64\">2008<\/td>\n<td width=\"83\">Dodge<\/td>\n<td width=\"146\">Viper<\/td>\n<td width=\"293\">SRT-10<\/td>\n<td width=\"135\">8.4L<\/td>\n<\/tr>\n<tr>\n<td width=\"64\">2006<\/td>\n<td width=\"83\">Dodge<\/td>\n<td width=\"146\">Ram 1500<\/td>\n<td width=\"293\">SRT-10<\/td>\n<td width=\"135\">8.3L<\/td>\n<\/tr>\n<tr>\n<td width=\"64\">2005<\/td>\n<td width=\"83\">Dodge<\/td>\n<td width=\"146\">Ram 1500<\/td>\n<td width=\"293\">SRT-10<\/td>\n<td width=\"135\">8.3L<\/td>\n<\/tr>\n<tr>\n<td width=\"64\">2005<\/td>\n<td width=\"83\">Dodge<\/td>\n<td width=\"146\">Viper<\/td>\n<td width=\"293\">SRT-10<\/td>\n<td width=\"135\">8.3L<\/td>\n<\/tr>\n<tr>\n<td width=\"64\">2004<\/td>\n<td width=\"83\">Dodge<\/td>\n<td width=\"146\">Viper<\/td>\n<td width=\"293\">SRT-10<\/td>\n<td width=\"135\">8.3L<\/td>\n<\/tr>\n<tr>\n<td width=\"64\">2003<\/td>\n<td width=\"83\">Dodge<\/td>\n<td width=\"146\">Viper<\/td>\n<td width=\"293\">SRT-10<\/td>\n<td width=\"135\">8.3L<\/td>\n<\/tr>\n<\/tbody>\n<\/table>","protected":false},"excerpt":{"rendered":"<p>Z\u00e1vodn\u00ed termostat 77 stup\u0148\u016f pro Dodge Viper Pokud v\u00e1\u0161 Viper b\u011b\u017e\u00ed trochu hork\u00fd, sni\u017ete teplotu pomoc\u00ed<\/p>","protected":false},"featured_media":68355073,"comment_status":"open","ping_status":"closed","template":"","meta":{"_acf_changed":false},"product_brand":[],"product_cat":[8066,8067],"product_tag":[18320,5180,5182,5181,49,1111,31,96,1097,267,559],"class_list":{"0":"post-68289956","1":"product","2":"type-product","3":"status-publish","4":"has-post-thumbnail","6":"product_cat-viper-83-kuehlung","7":"product_cat-viper-84-kuehlung","8":"product_tag-05037344aa","9":"product_tag-5037344aa","10":"product_tag-77-grad","11":"product_tag-acr","12":"product_tag-dodge","13":"product_tag-gts","14":"product_tag-mopar","15":"product_tag-srt","16":"product_tag-srt-10","17":"product_tag-thermostat","18":"product_tag-viper","20":"first","21":"instock","22":"taxable","23":"shipping-taxable","24":"purchasable","25":"product-type-simple"},"bundled_by":[],"bundle_stock_status":"instock","bundle_stock_quantity":1,"bundle_virtual":false,"bundle_layout":"","bundle_add_to_cart_form_location":"","bundle_editable_in_cart":false,"bundle_sold_individually_context":"","bundle_item_grouping":"","bundle_min_size":"","bundle_max_size":"","bundle_price":[],"bundled_items":[],"bundle_sell_ids":[],"exclude_global_add_ons":[],"addons":[],"acf":[],"_links":{"self":[{"href":"https:\/\/kraftwerk-shop.cc\/cs\/wp-json\/wp\/v2\/product\/68289956","targetHints":{"allow":["GET"]}}],"collection":[{"href":"https:\/\/kraftwerk-shop.cc\/cs\/wp-json\/wp\/v2\/product"}],"about":[{"href":"https:\/\/kraftwerk-shop.cc\/cs\/wp-json\/wp\/v2\/types\/product"}],"replies":[{"embeddable":true,"href":"https:\/\/kraftwerk-shop.cc\/cs\/wp-json\/wp\/v2\/comments?post=68289956"}],"version-history":[{"count":0,"href":"https:\/\/kraftwerk-shop.cc\/cs\/wp-json\/wp\/v2\/product\/68289956\/revisions"}],"wp:featuredmedia":[{"embeddable":true,"href":"https:\/\/kraftwerk-shop.cc\/cs\/wp-json\/wp\/v2\/media\/68355073"}],"wp:attachment":[{"href":"https:\/\/kraftwerk-shop.cc\/cs\/wp-json\/wp\/v2\/media?parent=68289956"}],"wp:term":[{"taxonomy":"product_brand","embeddable":true,"href":"https:\/\/kraftwerk-shop.cc\/cs\/wp-json\/wp\/v2\/product_brand?post=68289956"},{"taxonomy":"product_cat","embeddable":true,"href":"https:\/\/kraftwerk-shop.cc\/cs\/wp-json\/wp\/v2\/product_cat?post=68289956"},{"taxonomy":"product_tag","embeddable":true,"href":"https:\/\/kraftwerk-shop.cc\/cs\/wp-json\/wp\/v2\/product_tag?post=68289956"}],"curies":[{"name":"wp","href":"https:\/\/api.w.org\/{rel}","templated":true}]}}