{"id":68289994,"date":"2023-06-09T16:36:20","date_gmt":"2023-06-09T14:36:20","guid":{"rendered":"https:\/\/kraftwerk-shop.cc\/?post_type=product&#038;p=68289994"},"modified":"2026-02-15T00:46:54","modified_gmt":"2026-02-14T23:46:54","slug":"kooks-napajeci-kabel-lsx-750203","status":"publish","type":"product","link":"https:\/\/kraftwerk-shop.cc\/cs\/produkt\/kooks-zuendkabel-lsx-750203\/","title":{"rendered":"Kabel zapalov\u00e1n\u00ed Kooks LSX"},"content":{"rendered":"<h1>Kooks 11mm kabely zapalov\u00e1n\u00ed (8d\u00edln\u00e1 sada). Oran\u017eov\u00e9 s \u010dern\u00fdmi krytkami.<\/h1>\n<p>&nbsp;<\/p>\n<ul>\n<li>11mm vysokoteplotn\u00ed silikonov\u00e1 izolace pom\u00e1h\u00e1 t\u011bmto kabel\u016fm odol\u00e1vat zv\u00fd\u0161en\u00e9mu teplu p\u0159i stavb\u011b vysoce v\u00fdkonn\u00fdch budov.<\/li>\n<li>Spir\u00e1lov\u011b vinut\u00e9 m\u011bd\u011bn\u00e9 j\u00e1dro<\/li>\n<li>30 Ohm\/Ft Hodnota odporu<\/li>\n<li>Vysokoteplotn\u00ed silikonov\u00e9 obj\u00edmky Sure-Grip jsou na obou konc\u00edch sklon\u011bny pod \u00fahlem 45 stup\u0148\u016f, aby se maximalizovala vzd\u00e1lenost od lokt\u016f.<\/li>\n<\/ul>\n<p>&nbsp;<\/p>\n<p><strong>Vhodn\u00e9 pro:<\/strong><\/p>\n<ul>\n<li>2023 Chevrolet Camaro SS V8 6.2<\/li>\n<li>2023 Chevrolet Camaro ZL1 V8 6.2<\/li>\n<li>2022 Chevrolet Camaro SS V8 6.2<\/li>\n<li>2022 Chevrolet Camaro ZL1 V8 6.2<\/li>\n<li>2021 Chevrolet Camaro SS V8 6.2<\/li>\n<li>2021 Chevrolet Camaro ZL1 V8 6.2<\/li>\n<li>Chevrolet Camaro SS V8 6.2 2020<\/li>\n<li>Chevrolet Camaro ZL1 V8 6.2 2020<\/li>\n<li>2019 Cadillac CTS V8 6.2<\/li>\n<li>2019 Chevrolet Corvette ZR1 V8 6.2<\/li>\n<li>2019 Chevrolet Camaro SS V8 6.2<\/li>\n<li>2019 Chevrolet Corvette Stingray V8 6.2<\/li>\n<li>2019 Chevrolet Corvette Z06 V8 6.2<\/li>\n<li>2019 Chevrolet Camaro ZL1 V8 6.2<\/li>\n<li>2019 Chevrolet Corvette Grand Sport V8 6.2<\/li>\n<li>2018 Cadillac CTS V8 6.2<\/li>\n<li>2018 Chevrolet Camaro SS V8 6.2<\/li>\n<li>2018 Chevrolet Corvette Stingray V8 6.2<\/li>\n<li>2018 Chevrolet Corvette Z06 V8 6.2<\/li>\n<li>2018 Chevrolet Camaro ZL1 V8 6.2<\/li>\n<li>2018 Chevrolet Corvette Grand Sport V8 6.2<\/li>\n<li>2017 Chevrolet SS Base V8 6.2<\/li>\n<li>2017 Cadillac CTS V8 6.2<\/li>\n<li>2017 Chevrolet Camaro SS V8 6.2<\/li>\n<li>2017 Chevrolet Corvette Stingray V8 6.2<\/li>\n<li>2017 Chevrolet Corvette Z06 V8 6.2<\/li>\n<li>2017 Chevrolet Camaro ZL1 V8 6.2<\/li>\n<li>2017 Chevrolet Corvette Grand Sport V8 6.2<\/li>\n<li>2017 Chevrolet Caprice PPV V8 6.0<\/li>\n<li>2016 Chevrolet SS Base V8 6.2<\/li>\n<li>2016 Cadillac CTS V8 6.2<\/li>\n<li>2016 Chevrolet Corvette Z51 V8 6.2<\/li>\n<li>2016 Chevrolet Camaro SS V8 6.2<\/li>\n<li>2016 Chevrolet Corvette Stingray V8 6.2<\/li>\n<li>2016 Chevrolet Corvette Z06 V8 6.2<\/li>\n<li>2016 Chevrolet Caprice PPV V8 6.0<\/li>\n<li>2015 Chevrolet SS Base V8 6.2<\/li>\n<li>2015 Chevrolet Camaro SS V8 6.2<\/li>\n<li>2015 Chevrolet Corvette Z51 V8 6.2<\/li>\n<li>2015 Chevrolet Corvette Stingray V8 6.2<\/li>\n<li>2015 Chevrolet Corvette Z06 V8 6.2<\/li>\n<li>2015 Chevrolet Camaro ZL1 V8 6.2<\/li>\n<li>2015 Chevrolet Camaro Z\/28 V8 7.0<\/li>\n<li>2015 Chevrolet Caprice PPV V8 6.0<\/li>\n<li>2014 Chevrolet SS Base V8 6.2<\/li>\n<li>2014 Chevrolet Camaro SS V8 6.2<\/li>\n<li>2014 Chevrolet Corvette Z51 V8 6.2<\/li>\n<li>2014 Chevrolet Corvette Stingray V8 6.2<\/li>\n<li>2014 Chevrolet Camaro ZL1 V8 6.2<\/li>\n<li>2014 Chevrolet Camaro Z\/28 V8 7.0<\/li>\n<li>2014 Chevrolet Caprice PPV V8 6.0<\/li>\n<li>2013 Chevrolet Corvette Z06 V8 7.0<\/li>\n<li>2013 Chevrolet Camaro SS V8 6.2<\/li>\n<li>2013 Chevrolet Corvette ZR1 V8 6.2<\/li>\n<li>2013 Chevrolet Corvette Base V8 6.2<\/li>\n<li>2013 Chevrolet Camaro ZL1 V8 6.2<\/li>\n<li>2013 Chevrolet Corvette Grand Sport V8 6.2<\/li>\n<li>2013 Chevrolet Caprice PPV V8 6.0<\/li>\n<li>2012 Chevrolet Camaro 1SS V8 6.2<\/li>\n<li>2012 Chevrolet Corvette Z06 V8 7.0<\/li>\n<li>2012 Chevrolet Camaro SS V8 6.2<\/li>\n<li>2012 Chevrolet Corvette ZR1 V8 6.2<\/li>\n<li>2012 Chevrolet Corvette Base V8 6.2<\/li>\n<li>2012 Chevrolet Camaro ZL1 V8 6.2<\/li>\n<li>2012 Chevrolet Camaro 2SS V8 6.2<\/li>\n<li>2012 Chevrolet Corvette Grand Sport V8 6.2<\/li>\n<li>2012 Chevrolet Caprice PPV V8 6.0<\/li>\n<li>2011 Chevrolet Camaro 1SS V8 6.2<\/li>\n<li>2011 Chevrolet Corvette Z06 V8 7.0<\/li>\n<li>2011 Chevrolet Camaro SS V8 6.2<\/li>\n<li>2011 Chevrolet Corvette ZR1 V8 6.2<\/li>\n<li>2011 Chevrolet Corvette Base V8 6.2<\/li>\n<li>2011 Chevrolet Camaro 2SS V8 6.2<\/li>\n<li>2011 Chevrolet Corvette Grand Sport V8 6.2<\/li>\n<li>2011 Chevrolet Caprice PPV V8 6.0<\/li>\n<li>2010 Chevrolet Corvette Z06 V8 7.0<\/li>\n<li>2010 Chevrolet Camaro SS V8 6.2<\/li>\n<li>2010 Chevrolet Corvette ZR1 V8 6.2<\/li>\n<li>2010 Chevrolet Corvette Base V8 6.2<\/li>\n<li>2010 Chevrolet Corvette Grand Sport V8 6.2<\/li>\n<li>2009 Chevrolet Corvette Z06 V8 7.0<\/li>\n<li>2009 Pontiac G8 GT V8 6.0<\/li>\n<li>2009 Chevrolet Corvette ZR1 V8 6.2<\/li>\n<li>2009 Chevrolet Corvette Base V8 6.2<\/li>\n<li>2009 Pontiac G8 GXP V8 6.2<\/li>\n<li>2008 Chevrolet Corvette Z06 V8 7.0<\/li>\n<li>2008 Pontiac G8 GT V8 6.0<\/li>\n<li>2008 Chevrolet Corvette Base V8 6.2<\/li>\n<li>2007 Chevrolet Corvette Z06 V8 7.0<\/li>\n<li>2007 Chevrolet Corvette Base V8 6.0<\/li>\n<li>2006 Chevrolet Corvette Z06 V8 7.0<\/li>\n<li>2006 Chevrolet Corvette Base V8 6.0<\/li>\n<li>2006 Pontiac GTO Base V8 6.0<\/li>\n<li>2005 Chevrolet Corvette Base V8 6.0<\/li>\n<li>2005 Pontiac GTO Base V8 6.0<\/li>\n<li>2004 Chevrolet Corvette Base V8 5.7<\/li>\n<li>2004 Pontiac GTO Base V8 5.7<\/li>\n<li>2004 Chevrolet Corvette Z06 V8 5.7<\/li>\n<li>2003 Chevrolet Corvette Base V8 5.7<\/li>\n<li>2003 Chevrolet Corvette 50th Anniversary Edition V8 5.7<\/li>\n<li>2003 Chevrolet Corvette 50th Anniversary Edition Pace Car V8 5.7<\/li>\n<li>2003 Chevrolet Corvette Z06 V8 5.7<\/li>\n<li>2002 Pontiac Firebird Trans Am V8 5.7<\/li>\n<li>2002 Chevrolet Corvette Base V8 5.7<\/li>\n<li>2002 Chevrolet Camaro Z28 SS V8 5.7<\/li>\n<li>2002 Pontiac Firebird Formula V8 5.7<\/li>\n<li>2002 Chevrolet Camaro Z28 V8 5.7<\/li>\n<li>2002 Chevrolet Corvette Z06 V8 5.7<\/li>\n<li>2001 Pontiac Firebird Trans Am V8 5.7<\/li>\n<li>2001 Chevrolet Corvette Base V8 5.7<\/li>\n<li>2001 Chevrolet Camaro Z28 SS V8 5.7<\/li>\n<li>2001 Pontiac Firebird Formula V8 5.7<\/li>\n<li>2001 Chevrolet Camaro Z28 V8 5.7<\/li>\n<li>2001 Chevrolet Corvette Z06 V8 5.7<\/li>\n<li>2000 Pontiac Firebird Trans Am V8 5.7<\/li>\n<li>2000 Chevrolet Corvette Base V8 5.7<\/li>\n<li>2000 Chevrolet Camaro Z28 SS V8 5.7<\/li>\n<li>2000 Pontiac Firebird Formula V8 5.7<\/li>\n<li>2000 Chevrolet Camaro Z28 V8 5.7<\/li>\n<li>1999 Pontiac Firebird Trans Am V8 5.7<\/li>\n<li>1999 Chevrolet Corvette Base V8 5.7<\/li>\n<li>1999 Chevrolet Camaro Z28 SS V8 5.7<\/li>\n<li>1999 Pontiac Firebird Formula V8 5.7<\/li>\n<li>1999 Chevrolet Camaro Z28 V8 5.7<\/li>\n<li>1998 Pontiac Firebird Trans Am V8 5.7<\/li>\n<li>1998 Chevrolet Corvette Base V8 5.7<\/li>\n<li>1998 Chevrolet Camaro Z28 SS V8 5.7<\/li>\n<li>1998 Chevrolet Corvette Indianapolis 500 Pace Car V8 5.7<\/li>\n<li>1998 Pontiac Firebird Formula V8 5.7<\/li>\n<li>1998 Chevrolet Camaro Z28 V8 5.7<\/li>\n<li>1997 Chevrolet Corvette Base V8 5.7<\/li>\n<\/ul>","protected":false},"excerpt":{"rendered":"<p>Kooks 11mm kabely zapalov\u00e1n\u00ed (8d\u00edln\u00e1 sada). Oran\u017eov\u00e9 s \u010dern\u00fdmi krytkami.   11mm vysokoteplotn\u00ed silikonov\u00e1 izolace pom\u00e1h\u00e1 t\u011bmto kabel\u016fm odol\u00e1vat zv\u00fd\u0161en\u00e9mu teplu p\u0159i stavb\u011b vysoce v\u00fdkonn\u00fdch motor\u016f.<\/p>","protected":false},"featured_media":68289997,"comment_status":"open","ping_status":"closed","template":"","meta":{"_acf_changed":false},"product_brand":[17172],"product_cat":[1522,1535,3081,3121,3132],"product_tag":[5187,278,191,189,281,279,544,2447,5189,193,291,280,5188],"class_list":{"0":"post-68289994","1":"product","2":"type-product","3":"status-publish","4":"has-post-thumbnail","6":"product_brand-kooks","7":"product_cat-cts-v","8":"product_cat-camaro-62-2010-2015-motor","9":"product_cat-camaro-62-2016-motor","10":"product_cat-corvette-c6-motor","11":"product_cat-corvette-c7-motor","12":"product_tag-5187","13":"product_tag-cadillac","14":"product_tag-camaro","15":"product_tag-chevrolet","16":"product_tag-corvette","17":"product_tag-cts-v","18":"product_tag-kooks","19":"product_tag-kooks-headers","20":"product_tag-ksx","21":"product_tag-ls3","22":"product_tag-ss","23":"product_tag-zl1","24":"product_tag-zuendkabel","25":"product_shipping_class-deutschlandohne","27":"first","28":"onbackorder","29":"taxable","30":"shipping-taxable","31":"purchasable","32":"product-type-simple"},"bundled_by":[],"bundle_stock_status":"onbackorder","bundle_stock_quantity":0,"bundle_virtual":false,"bundle_layout":"","bundle_add_to_cart_form_location":"","bundle_editable_in_cart":false,"bundle_sold_individually_context":"","bundle_item_grouping":"","bundle_min_size":"","bundle_max_size":"","bundle_price":[],"bundled_items":[],"bundle_sell_ids":[],"exclude_global_add_ons":[],"addons":[],"acf":[],"_links":{"self":[{"href":"https:\/\/kraftwerk-shop.cc\/cs\/wp-json\/wp\/v2\/product\/68289994","targetHints":{"allow":["GET"]}}],"collection":[{"href":"https:\/\/kraftwerk-shop.cc\/cs\/wp-json\/wp\/v2\/product"}],"about":[{"href":"https:\/\/kraftwerk-shop.cc\/cs\/wp-json\/wp\/v2\/types\/product"}],"replies":[{"embeddable":true,"href":"https:\/\/kraftwerk-shop.cc\/cs\/wp-json\/wp\/v2\/comments?post=68289994"}],"version-history":[{"count":0,"href":"https:\/\/kraftwerk-shop.cc\/cs\/wp-json\/wp\/v2\/product\/68289994\/revisions"}],"wp:featuredmedia":[{"embeddable":true,"href":"https:\/\/kraftwerk-shop.cc\/cs\/wp-json\/wp\/v2\/media\/68289997"}],"wp:attachment":[{"href":"https:\/\/kraftwerk-shop.cc\/cs\/wp-json\/wp\/v2\/media?parent=68289994"}],"wp:term":[{"taxonomy":"product_brand","embeddable":true,"href":"https:\/\/kraftwerk-shop.cc\/cs\/wp-json\/wp\/v2\/product_brand?post=68289994"},{"taxonomy":"product_cat","embeddable":true,"href":"https:\/\/kraftwerk-shop.cc\/cs\/wp-json\/wp\/v2\/product_cat?post=68289994"},{"taxonomy":"product_tag","embeddable":true,"href":"https:\/\/kraftwerk-shop.cc\/cs\/wp-json\/wp\/v2\/product_tag?post=68289994"}],"curies":[{"name":"wp","href":"https:\/\/api.w.org\/{rel}","templated":true}]}}