{"id":68290055,"date":"2023-06-11T01:20:18","date_gmt":"2023-06-10T23:20:18","guid":{"rendered":"https:\/\/kraftwerk-shop.cc\/?post_type=product&#038;p=68290055"},"modified":"2026-02-15T00:48:20","modified_gmt":"2026-02-14T23:48:20","slug":"chladic-oleje-prevodovky-bladerunner-ram-trx","status":"publish","type":"product","link":"https:\/\/kraftwerk-shop.cc\/cs\/produkt\/bladerunner-getriebeoelkuehler-ram-trx\/","title":{"rendered":"Sada chladi\u010de p\u0159evodov\u00e9ho oleje BladeRunner RAM TRX"},"content":{"rendered":"<h1>Sada chladi\u010de p\u0159evodov\u00e9ho oleje BladeRunner 46-80006 pro RAM TRX<\/h1>\n<p>&nbsp;<\/p>\n<p><strong>Historick\u00e1 deskov\u00e1 konstrukce:<\/strong><br \/>\nTento chladi\u010d p\u0159evodov\u00e9ho oleje BladeRunner pou\u017e\u00edv\u00e1 odolnou, p\u00e1jkovanou, celohlin\u00edkovou konstrukci s deskami, kter\u00e1 umo\u017e\u0148uje vy\u0161\u0161\u00ed \u00fa\u010dinnost a ni\u017e\u0161\u00ed tlakovou ztr\u00e1tu ne\u017e standardn\u00ed konstrukce s trubkami a \u017eebry.<\/p>\n<p><strong>Dodate\u010dn\u00e9 chlazen\u00ed:<\/strong><br \/>\nNavr\u017eeno tak, aby fungovalo spole\u010dn\u011b s origin\u00e1ln\u00edm vybaven\u00edm va\u0161eho vozidla. Zaji\u0161\u0165uje ni\u017e\u0161\u00ed teploty p\u0159evodov\u00e9ho oleje, \u010d\u00edm\u017e sni\u017euje opot\u0159eben\u00ed p\u0159evodovky a prodlu\u017euje \u017eivotnost oleje.<\/p>\n<p><strong>Jednoduch\u00e1 instalace:<\/strong><br \/>\nSada chladi\u010de p\u0159evodov\u00e9ho oleje BladeRunner umo\u017e\u0148uje snadnou instalaci d\u00edky adapt\u00e9r\u016fm p\u0159evodov\u00e9ho potrub\u00ed plug-and-play, dr\u017e\u00e1k\u016fm pro p\u0159\u00edmou mont\u00e1\u017e, mont\u00e1\u017en\u00edmu p\u0159\u00edslu\u0161enstv\u00ed z nerezov\u00e9 oceli a net\u011bsn\u00fdm p\u0159\u00edpojk\u00e1m AN. Nen\u00ed nutn\u00e9 \u017e\u00e1dn\u00e9 \u0159ez\u00e1n\u00ed ani \u00fapravy tov\u00e1rn\u00edho hardwaru.<\/p>\n<p><strong>P\u0159izp\u016fsoben\u00fd vzhled:<\/strong><br \/>\nOdoln\u00fd \u010dern\u00fd povrch s laserem vyryt\u00fdm logem aFe POWER na p\u0159edn\u00ed stran\u011b a \u010dern\u011b eloxovan\u00e9 hlin\u00edkov\u00e9 konektory AN pro elegantn\u00ed vzhled.<\/p>\n<p>&nbsp;<\/p>\n<p><strong>Vhodn\u00e9 pro:<\/strong><\/p>\n<table width=\"751\">\n<tbody>\n<tr>\n<td width=\"116\"><strong>Rok v\u00fdstavby<\/strong><\/td>\n<td width=\"104\"><strong>Zna\u010dka<\/strong><\/td>\n<td width=\"359\"><strong>Model<\/strong><\/td>\n<td width=\"172\"><strong>Motor<\/strong><\/td>\n<\/tr>\n<tr>\n<td width=\"116\">2021-2023<\/td>\n<td width=\"104\">RAM<\/td>\n<td width=\"359\">1500 TRX<\/td>\n<td width=\"172\">V8 6,2 l (sc)<\/td>\n<\/tr>\n<\/tbody>\n<\/table>\n<p>&nbsp;<\/p>","protected":false},"excerpt":{"rendered":"<p>BladeRunner Getriebe\u00f6lk\u00fchler-Kit 46-80006 f\u00fcr RAM TRX &nbsp; Geschichtete Plattenbauweise: Dieser BladeRunner-Getriebe\u00f6lk\u00fchler verwendet eine langlebige, hartgel\u00f6tete Vollaluminium-Stapelplattenkonstruktion, die einen h\u00f6heren Wirkungsgrad<\/p>","protected":false},"featured_media":68290058,"comment_status":"open","ping_status":"closed","template":"","meta":{"_acf_changed":false},"product_brand":[16879],"product_cat":[2702],"product_tag":[5196,16880,498,2441,5197,115,3606,405,664,86,2353],"class_list":{"0":"post-68290055","1":"product","2":"type-product","3":"status-publish","4":"has-post-thumbnail","6":"product_brand-afe-power","7":"product_cat-trx-kuehlung","8":"product_tag-46-80006","9":"product_tag-advanced-flow-engineering","10":"product_tag-afe","11":"product_tag-afe-power","12":"product_tag-bladerunner","13":"product_tag-getriebe","14":"product_tag-getriebeoelkuehler","15":"product_tag-kuehler","16":"product_tag-kuehlung","17":"product_tag-ram","18":"product_tag-trx","20":"first","21":"instock","22":"taxable","23":"shipping-taxable","24":"purchasable","25":"product-type-simple"},"bundled_by":[],"bundle_stock_status":"instock","bundle_stock_quantity":1,"bundle_virtual":false,"bundle_layout":"","bundle_add_to_cart_form_location":"","bundle_editable_in_cart":false,"bundle_sold_individually_context":"","bundle_item_grouping":"","bundle_min_size":"","bundle_max_size":"","bundle_price":[],"bundled_items":[],"bundle_sell_ids":[],"exclude_global_add_ons":[],"addons":[],"acf":[],"_links":{"self":[{"href":"https:\/\/kraftwerk-shop.cc\/cs\/wp-json\/wp\/v2\/product\/68290055","targetHints":{"allow":["GET"]}}],"collection":[{"href":"https:\/\/kraftwerk-shop.cc\/cs\/wp-json\/wp\/v2\/product"}],"about":[{"href":"https:\/\/kraftwerk-shop.cc\/cs\/wp-json\/wp\/v2\/types\/product"}],"replies":[{"embeddable":true,"href":"https:\/\/kraftwerk-shop.cc\/cs\/wp-json\/wp\/v2\/comments?post=68290055"}],"version-history":[{"count":0,"href":"https:\/\/kraftwerk-shop.cc\/cs\/wp-json\/wp\/v2\/product\/68290055\/revisions"}],"wp:featuredmedia":[{"embeddable":true,"href":"https:\/\/kraftwerk-shop.cc\/cs\/wp-json\/wp\/v2\/media\/68290058"}],"wp:attachment":[{"href":"https:\/\/kraftwerk-shop.cc\/cs\/wp-json\/wp\/v2\/media?parent=68290055"}],"wp:term":[{"taxonomy":"product_brand","embeddable":true,"href":"https:\/\/kraftwerk-shop.cc\/cs\/wp-json\/wp\/v2\/product_brand?post=68290055"},{"taxonomy":"product_cat","embeddable":true,"href":"https:\/\/kraftwerk-shop.cc\/cs\/wp-json\/wp\/v2\/product_cat?post=68290055"},{"taxonomy":"product_tag","embeddable":true,"href":"https:\/\/kraftwerk-shop.cc\/cs\/wp-json\/wp\/v2\/product_tag?post=68290055"}],"curies":[{"name":"wp","href":"https:\/\/api.w.org\/{rel}","templated":true}]}}