{"id":68290138,"date":"2023-06-16T11:12:32","date_gmt":"2023-06-16T09:12:32","guid":{"rendered":"https:\/\/kraftwerk-shop.cc\/?post_type=product&#038;p=68290138"},"modified":"2026-02-15T00:51:39","modified_gmt":"2026-02-14T23:51:39","slug":"mbrp-s5538al-jeep-gladiator-vyfukovy-system","status":"publish","type":"product","link":"https:\/\/kraftwerk-shop.cc\/cs\/produkt\/mbrp-s5538al-jeep-gladiator-abgasanlage\/","title":{"rendered":"V\u00fdfukov\u00fd syst\u00e9m MBRP S5538AL Race Profile Jeep Gladiator Cat-Back"},"content":{"rendered":"<h1>MBRP S5538AL Cat-Back Dual Performance sportovn\u00ed v\u00fdfuk pro Jeep Gladiator<\/h1>\n<p>&nbsp;<\/p>\n<p>Vysoce v\u00fdkonn\u00e9 v\u00fdfukov\u00e9 syst\u00e9my MBRP nab\u00edzej\u00ed vynikaj\u00edc\u00ed vzhled a kvalitu z hlin\u00edkov\u00e9 oceli.<\/p>\n<p>&nbsp;<\/p>\n<p><strong>Vytvo\u0159eno pro v\u00fdkon<\/strong><\/p>\n<p>V\u00fdfukov\u00e9 syst\u00e9my MBRP jsou konstruov\u00e1ny tak, aby maximalizovaly pr\u016ftok v\u00fdfukov\u00fdch plyn\u016f a minimalizovaly jejich teplotu. Ka\u017ed\u00fd syst\u00e9m je vyroben podle nejp\u0159\u00edsn\u011bj\u0161\u00edch norem.<\/p>\n<p>&nbsp;<\/p>\n<p><strong>Jednoduch\u00e1 instalace<\/strong><\/p>\n<p>Instalace syst\u00e9m\u016f MBRP je stejn\u011b z\u00e1bavn\u00e1 jako j\u00edzda s va\u0161\u00edm Wranglerem. D\u00edky \u0161roubov\u00e9mu proveden\u00ed, kter\u00e9 nevy\u017eaduje \u017e\u00e1dn\u00e9 sv\u00e1ry, je instalace hotov\u00e1 za hodinu a p\u016fl a\u017e dv\u011b. V\u0161e se p\u0159ipev\u0148uje p\u0159\u00edmo k OEM z\u00e1v\u011bsu va\u0161eho vozidla.<\/p>\n<p>&nbsp;<\/p>\n<p><strong>Zvuk a styl<\/strong><\/p>\n<p>V\u00fdkon je dobr\u00e1 v\u011bc, ale ve spole\u010dnosti MBRP v\u011b\u0159\u00edme, \u017ee vzhled a zvuk jsou stejn\u011b d\u016fle\u017eit\u00e9. Ka\u017ed\u00fd v\u00fdkonn\u00fd v\u00fdfukov\u00fd syst\u00e9m MBRP byl speci\u00e1ln\u011b vylad\u011bn tak, abyste ze sv\u00e9ho vozu Gladiator dostali ten nejlep\u0161\u00ed zvuk. D\u00edky vyra\u017een\u00e9mu logu a v\u00fdrazn\u00e9mu designu nen\u00ed pochyb o tom, \u017ee m\u00e1te nej\u017ehav\u011bj\u0161\u00ed v\u00fdkonn\u00fd v\u00fdfuk na silnici - MBRP.<\/p>\n<p>&nbsp;<\/p>\n<p>&nbsp;<\/p>\n<p><strong>V\u00fdfukov\u00fd syst\u00e9m MBRP S5538AL Cat Back je vhodn\u00fd pro n\u00e1sleduj\u00edc\u00ed modely:<\/strong><\/p>\n<table width=\"449\">\n<tbody>\n<tr>\n<td width=\"115\"><strong>Zna\u010dka<\/strong><\/td>\n<td width=\"145\"><strong>Model<\/strong><\/td>\n<td width=\"106\"><strong>Motor<\/strong><\/td>\n<td width=\"83\"><strong>Rok v\u00fdstavby<\/strong><\/td>\n<\/tr>\n<tr>\n<td>Jeep<\/td>\n<td>Gladi\u00e1tor<\/td>\n<td>3.6 V6<\/td>\n<td>2020 - 2023<\/td>\n<\/tr>\n<\/tbody>\n<\/table>\n<p>&nbsp;<\/p>\n<p><iframe loading=\"lazy\" title=\"Sportovn\u00ed v\u00fdfuk MBRP S5538BLK pro Jeep Gladiator 3.6 V6\" src=\"https:\/\/www.youtube.com\/embed\/ZuLgBl2sfF8\" width=\"882\" height=\"496\" frameborder=\"0\" allowfullscreen=\"allowfullscreen\"><\/iframe><\/p>","protected":false},"excerpt":{"rendered":"<p>2020\u20132023<\/p>","protected":false},"featured_media":68290140,"comment_status":"open","ping_status":"closed","template":"","meta":{"_acf_changed":false},"product_brand":[17169],"product_cat":[3009,3024],"product_tag":[420,2066,2373,4526,169,1046,1035,1036,546,1037,1047,2210,1043,1039,1042,2786,2217,2934,50,532,529,20273,1040,2208,2931,6924,1044,1181,5199,547,1034,1038,2215,233,2139,198,2137],"class_list":{"0":"post-68290138","1":"product","2":"type-product","3":"status-publish","4":"has-post-thumbnail","6":"product_brand-mbrp","7":"product_cat-gladiator-36-abgasanlage","8":"product_cat-nicht-nach-eu","9":"product_tag-420","10":"product_tag-2066","11":"product_tag-2373","12":"product_tag-4526","13":"product_tag-3-6","14":"product_tag-abe","15":"product_tag-abgasanlage","16":"product_tag-abgassystem","17":"product_tag-auspuff","18":"product_tag-auspuffsystem","19":"product_tag-cat-back","20":"product_tag-catback","21":"product_tag-endrohr","22":"product_tag-endschalldaempfer","23":"product_tag-endtopf","24":"product_tag-exhaust","25":"product_tag-gladiator","26":"product_tag-harder","27":"product_tag-jeep","28":"product_tag-kat","29":"product_tag-katalysator","30":"product_tag-keintuev","31":"product_tag-laut","32":"product_tag-lauter","33":"product_tag-mbrp","34":"product_tag-mbrp10","35":"product_tag-mittelschalldaempfer","36":"product_tag-race","37":"product_tag-s5538al","38":"product_tag-sportauspuff","39":"product_tag-sportauspuffanlage","40":"product_tag-sportendschalldaempfer","41":"product_tag-street","42":"product_tag-tuning","43":"product_tag-tuev","44":"product_tag-v6","45":"product_tag-zulassung","46":"product_shipping_class-spedition-1","48":"first","49":"onbackorder","50":"taxable","51":"shipping-taxable","52":"purchasable","53":"product-type-simple"},"bundled_by":[],"bundle_stock_status":"onbackorder","bundle_stock_quantity":0,"bundle_virtual":false,"bundle_layout":"","bundle_add_to_cart_form_location":"","bundle_editable_in_cart":false,"bundle_sold_individually_context":"","bundle_item_grouping":"","bundle_min_size":"","bundle_max_size":"","bundle_price":[],"bundled_items":[],"bundle_sell_ids":[],"exclude_global_add_ons":[],"addons":[],"acf":[],"_links":{"self":[{"href":"https:\/\/kraftwerk-shop.cc\/cs\/wp-json\/wp\/v2\/product\/68290138","targetHints":{"allow":["GET"]}}],"collection":[{"href":"https:\/\/kraftwerk-shop.cc\/cs\/wp-json\/wp\/v2\/product"}],"about":[{"href":"https:\/\/kraftwerk-shop.cc\/cs\/wp-json\/wp\/v2\/types\/product"}],"replies":[{"embeddable":true,"href":"https:\/\/kraftwerk-shop.cc\/cs\/wp-json\/wp\/v2\/comments?post=68290138"}],"version-history":[{"count":0,"href":"https:\/\/kraftwerk-shop.cc\/cs\/wp-json\/wp\/v2\/product\/68290138\/revisions"}],"wp:featuredmedia":[{"embeddable":true,"href":"https:\/\/kraftwerk-shop.cc\/cs\/wp-json\/wp\/v2\/media\/68290140"}],"wp:attachment":[{"href":"https:\/\/kraftwerk-shop.cc\/cs\/wp-json\/wp\/v2\/media?parent=68290138"}],"wp:term":[{"taxonomy":"product_brand","embeddable":true,"href":"https:\/\/kraftwerk-shop.cc\/cs\/wp-json\/wp\/v2\/product_brand?post=68290138"},{"taxonomy":"product_cat","embeddable":true,"href":"https:\/\/kraftwerk-shop.cc\/cs\/wp-json\/wp\/v2\/product_cat?post=68290138"},{"taxonomy":"product_tag","embeddable":true,"href":"https:\/\/kraftwerk-shop.cc\/cs\/wp-json\/wp\/v2\/product_tag?post=68290138"}],"curies":[{"name":"wp","href":"https:\/\/api.w.org\/{rel}","templated":true}]}}