{"id":68290306,"date":"2023-06-20T12:42:39","date_gmt":"2023-06-20T10:42:39","guid":{"rendered":"https:\/\/kraftwerk-shop.cc\/?post_type=product&#038;p=68290306"},"modified":"2026-02-15T00:45:25","modified_gmt":"2026-02-14T23:45:25","slug":"mbrp-s7033409-vyfuk-chevrolet-camaro","status":"publish","type":"product","link":"https:\/\/kraftwerk-shop.cc\/cs\/produkt\/mbrp-s7033409-auspuff-chevrolet-camaro\/","title":{"rendered":"MBRP S7033409 V\u00fdfukov\u00fd syst\u00e9m \u0159ady Race Chevrolet Camaro V8 6.2"},"content":{"rendered":"<h1>MBRP S7033409 Sportovn\u00ed v\u00fdfuk \u0159ady Race pro Chevrolet Camaro V8 6.2<\/h1>\n<p>&nbsp;<\/p>\n<p>Sportovn\u00ed v\u00fdfuk MBRP uvoln\u00ed pln\u00fd potenci\u00e1l v\u00fdkonu a to\u010div\u00e9ho momentu va\u0161eho vozidla a zajist\u00ed, \u017ee va\u0161e RAM bude na silnici rychlej\u0161\u00ed, plynulej\u0161\u00ed a hlasit\u011bj\u0161\u00ed.<\/p>\n<p>Ka\u017ed\u00fd v\u00fdfukov\u00fd syst\u00e9m MBRP je vylad\u011bn a navr\u017een tak, aby va\u0161emu vozidlu poskytoval \u0161pi\u010dkov\u00fd v\u00fdkon. Vyrobeno z odoln\u00e9 hlin\u00edkov\u00e9 oceli. Ka\u017ed\u00e1 \u010d\u00e1st potrub\u00ed je rovnom\u011brn\u011b ohnut\u00e1, aby se zv\u00fd\u0161il pr\u016ftok v\u00fdfukov\u00fdch plyn\u016f. Zadn\u00ed tlumi\u010d je navr\u017een tak, aby va\u0161emu vozidlu poskytl optim\u00e1ln\u00ed zvuk a minimalizoval protitlak.<\/p>\n<p>Instalace v\u00fdfukov\u00e9ho syst\u00e9mu MBRP je jednoduch\u00e1 a nevy\u017eaduje \u017e\u00e1dn\u00e9 sva\u0159ov\u00e1n\u00ed ani vrt\u00e1n\u00ed do vozidla. Ka\u017ed\u00fd syst\u00e9m vyu\u017e\u00edv\u00e1 st\u00e1vaj\u00edc\u00ed mont\u00e1\u017en\u00ed body.<\/p>\n<p>\u0158ada Race dod\u00e1 va\u0161emu Camaru agresivn\u00ed, siln\u00fd a hlasit\u00fd zvuk americk\u00e9ho vozu.<\/p>\n<p>&nbsp;<\/p>\n<p>&nbsp;<\/p>\n<p>V\u00fdfukov\u00fd syst\u00e9m MBRP S7033409 Race Series 3\u2033 cat-back je vhodn\u00fd pro n\u00e1sleduj\u00edc\u00ed modely:<\/p>\n<table width=\"449\">\n<tbody>\n<tr>\n<td width=\"115\"><strong>Zna\u010dka<\/strong><\/td>\n<td width=\"145\"><strong>Model<\/strong><\/td>\n<td width=\"106\"><strong>Motor<\/strong><\/td>\n<td width=\"83\"><strong>Rok v\u00fdstavby<\/strong><\/td>\n<\/tr>\n<tr>\n<td>Chevrolet<\/td>\n<td>Camaro Coupe (bez kabrioletu)<\/td>\n<td>6.2 V8 , <strong>s <\/strong>Funkce NPP (pro tento v\u00fdfukov\u00fd syst\u00e9m z\u016fst\u00e1v\u00e1 stejn\u00e1) <strong>ne<\/strong> obdr\u017eet)<\/td>\n<td>2017\u20132023<\/td>\n<\/tr>\n<\/tbody>\n<\/table>\n<p>&nbsp;<\/p>\n<p><iframe loading=\"lazy\" title=\"V\u00fdfuk MBRP Performance\" src=\"https:\/\/www.youtube.com\/embed\/iFTl7hvtz-c\" width=\"882\" height=\"496\" frameborder=\"0\" allowfullscreen=\"allowfullscreen\"><\/iframe><\/p>","protected":false},"excerpt":{"rendered":"<p>2017\u20132023<\/p>","protected":false},"featured_media":68290311,"comment_status":"open","ping_status":"closed","template":"","meta":{"_acf_changed":false},"product_brand":[17169],"product_cat":[3024,3073],"product_tag":[251,252,419,420,2066,2373,4526,1035,1036,546,1037,191,1047,2210,189,1039,1042,2786,2934,532,529,20273,1040,2208,2931,6924,1044,5218,547,1034,1038,2215,194],"class_list":{"0":"post-68290306","1":"product","2":"type-product","3":"status-publish","4":"has-post-thumbnail","6":"product_brand-mbrp","7":"product_cat-nicht-nach-eu","8":"product_cat-camaro-62-2016-abgasanlage","9":"product_tag-251","10":"product_tag-252","11":"product_tag-419","12":"product_tag-420","13":"product_tag-2066","14":"product_tag-2373","15":"product_tag-4526","16":"product_tag-abgasanlage","17":"product_tag-abgassystem","18":"product_tag-auspuff","19":"product_tag-auspuffsystem","20":"product_tag-camaro","21":"product_tag-cat-back","22":"product_tag-catback","23":"product_tag-chevrolet","24":"product_tag-endschalldaempfer","25":"product_tag-endtopf","26":"product_tag-exhaust","27":"product_tag-harder","28":"product_tag-kat","29":"product_tag-katalysator","30":"product_tag-keintuev","31":"product_tag-laut","32":"product_tag-lauter","33":"product_tag-mbrp","34":"product_tag-mbrp10","35":"product_tag-mittelschalldaempfer","36":"product_tag-s7033409","37":"product_tag-sportauspuff","38":"product_tag-sportauspuffanlage","39":"product_tag-sportendschalldaempfer","40":"product_tag-street","41":"product_tag-v8","42":"product_shipping_class-spedition-1","44":"first","45":"onbackorder","46":"taxable","47":"shipping-taxable","48":"purchasable","49":"product-type-simple"},"bundled_by":[],"bundle_stock_status":"onbackorder","bundle_stock_quantity":0,"bundle_virtual":false,"bundle_layout":"","bundle_add_to_cart_form_location":"","bundle_editable_in_cart":false,"bundle_sold_individually_context":"","bundle_item_grouping":"","bundle_min_size":"","bundle_max_size":"","bundle_price":[],"bundled_items":[],"bundle_sell_ids":[],"exclude_global_add_ons":[],"addons":[],"acf":[],"_links":{"self":[{"href":"https:\/\/kraftwerk-shop.cc\/cs\/wp-json\/wp\/v2\/product\/68290306","targetHints":{"allow":["GET"]}}],"collection":[{"href":"https:\/\/kraftwerk-shop.cc\/cs\/wp-json\/wp\/v2\/product"}],"about":[{"href":"https:\/\/kraftwerk-shop.cc\/cs\/wp-json\/wp\/v2\/types\/product"}],"replies":[{"embeddable":true,"href":"https:\/\/kraftwerk-shop.cc\/cs\/wp-json\/wp\/v2\/comments?post=68290306"}],"version-history":[{"count":0,"href":"https:\/\/kraftwerk-shop.cc\/cs\/wp-json\/wp\/v2\/product\/68290306\/revisions"}],"wp:featuredmedia":[{"embeddable":true,"href":"https:\/\/kraftwerk-shop.cc\/cs\/wp-json\/wp\/v2\/media\/68290311"}],"wp:attachment":[{"href":"https:\/\/kraftwerk-shop.cc\/cs\/wp-json\/wp\/v2\/media?parent=68290306"}],"wp:term":[{"taxonomy":"product_brand","embeddable":true,"href":"https:\/\/kraftwerk-shop.cc\/cs\/wp-json\/wp\/v2\/product_brand?post=68290306"},{"taxonomy":"product_cat","embeddable":true,"href":"https:\/\/kraftwerk-shop.cc\/cs\/wp-json\/wp\/v2\/product_cat?post=68290306"},{"taxonomy":"product_tag","embeddable":true,"href":"https:\/\/kraftwerk-shop.cc\/cs\/wp-json\/wp\/v2\/product_tag?post=68290306"}],"curies":[{"name":"wp","href":"https:\/\/api.w.org\/{rel}","templated":true}]}}