{"id":68291501,"date":"2021-09-15T16:39:07","date_gmt":"2021-09-15T14:39:07","guid":{"rendered":"https:\/\/kraftwerk-shop.cc\/?post_type=product&#038;p=68291501"},"modified":"2026-02-15T00:51:05","modified_gmt":"2026-02-14T23:51:05","slug":"ventilacni-kryt-ventilu-57-hemi-64-srt","status":"publish","type":"product","link":"https:\/\/kraftwerk-shop.cc\/cs\/produkt\/ventildeckelentlueftung-57-hemi-64-srt\/","title":{"rendered":"Odvzdu\u0161n\u011bn\u00ed krytu ventil\u016f 5.7 Hemi 6.1 SRT8 a 6.4 SRT (\u010dern\u00e1)"},"content":{"rendered":"<h1>Otev\u0159en\u00e9 odvzdu\u0161\u0148ovac\u00ed v\u00edko ventilu pro Chrysler, Dodge a Jeep 5.7 Hemi, 6.1 SRT8 a 6.4 SRT, filtr s \u010dern\u00fdm krytem<\/h1>\n<p>&nbsp;<\/p>\n<p>Odvzdu\u0161\u0148ovac\u00ed v\u00ed\u010dko v\u00edka ventilu lze jednodu\u0161e namontovat na m\u00edsto v\u00ed\u010dka olejov\u00e9 n\u00e1dr\u017ee bez jak\u00fdchkoli \u00faprav na vozidle. To umo\u017e\u0148uje \u00fa\u010dinn\u00e9 odv\u011btr\u00e1v\u00e1n\u00ed klikov\u00e9 sk\u0159\u00edn\u011b a zaji\u0161\u0165uje tak optim\u00e1ln\u00ed funkci motoru.<br \/>\nD\u00edky tomuto \u0159e\u0161en\u00ed je mo\u017en\u00e9 nahradit v\u00ed\u010dko olejov\u00e9 n\u00e1dr\u017ee odvzdu\u0161\u0148ovac\u00edm v\u00ed\u010dkem ventilu, ani\u017e by bylo nutn\u00e9 prov\u00e1d\u011bt dal\u0161\u00ed \u00fapravy na vozidle. Jedn\u00e1 se o praktick\u00e9 a efektivn\u00ed \u0159e\u0161en\u00ed pro optimalizaci pou\u017eit\u00ed odvzdu\u0161\u0148ovac\u00edho v\u00ed\u010dka ventil\u016f u model\u016f s motory 5.7 Hemi, 6.1 SRT8 a 6.4 SRT.<\/p>\n<p>Spodn\u00ed \u010d\u00e1st odvzdu\u0161\u0148ovac\u00edho otvoru je vyrobena CNC obr\u00e1b\u011bn\u00edm ze soustru\u017een\u00e9ho hlin\u00edku, aby p\u0159esn\u011b sed\u011bla, a p\u0159ilo\u017een\u00fd silikonov\u00fd O-krou\u017eek je speci\u00e1ln\u011b navr\u017een tak, aby zabr\u00e1nil \u00faniku oleje ze spodn\u00ed \u010d\u00e1sti odvzdu\u0161\u0148ovac\u00edho otvoru.<br \/>\nZ\u00e1kladna filtru je pro ochranu povrchu a pro dobr\u00fd vzhled mikroobr\u00e1b\u011bna a lze ji snadno ru\u010dn\u011b vyle\u0161tit do zrcadlov\u00e9ho vzhledu.<br \/>\nVyj\u00edmateln\u00fd filtra\u010dn\u00ed prvek je vysoce kvalitn\u00ed, opakovan\u011b pou\u017eiteln\u00fd prvek od spole\u010dnosti S &amp; B Filters a je bezpe\u010dn\u011b uchycen ve filtra\u010dn\u00ed z\u00e1kladn\u011b d\u00edky speci\u00e1ln\u011b vyroben\u00e9 p\u0159\u00eddr\u017en\u00e9 dr\u00e1\u017ece v horn\u00ed \u010d\u00e1sti filtra\u010dn\u00ed z\u00e1kladny.<\/p>\n<p>\u00da\u010delem tohoto odv\u011btr\u00e1n\u00ed v\u00edka ventil\u016f je zabr\u00e1nit ne\u017e\u00e1douc\u00edmu n\u00e1r\u016fstu tlaku v klikov\u00e9 sk\u0159\u00edni a zajistit maxim\u00e1ln\u00ed cirkulaci okoln\u00edho vzduchu v klikov\u00e9 sk\u0159\u00edni, aby se sn\u00ed\u017eila teplota oleje.<br \/>\nInstalace tohoto odvzdu\u0161\u0148ovac\u00edho syst\u00e9mu p\u0159isp\u00edv\u00e1 k del\u0161\u00ed \u017eivotnosti motorov\u00e9ho oleje a sni\u017euje riziko selh\u00e1n\u00ed t\u011bsn\u011bn\u00ed motoru v d\u016fsledku nadm\u011brn\u00e9ho tlaku v klikov\u00e9 sk\u0159\u00edni.<br \/>\nToto odvzdu\u0161n\u011bn\u00ed sni\u017euje \u00fa\u010dinnost syst\u00e9mu PCV vozidla a nen\u00ed v souladu s emisn\u00edmi p\u0159edpisy.<\/p>\n<p>&nbsp;<\/p>\n<p><strong>\u00a0<\/strong><\/p>\n<p><strong>Vhodn\u00e9 pro tyto modely s v\u00ed\u010dkem plnic\u00edho otvoru oleje se \u0161roubov\u00fdm z\u00e1vitem:<\/strong><\/p>\n<table width=\"529\">\n<tbody>\n<tr>\n<td width=\"115\"><strong>Zna\u010dka<\/strong><\/td>\n<td width=\"145\"><strong>Model<\/strong><\/td>\n<td width=\"106\"><strong>Motor<\/strong><\/td>\n<td width=\"163\"><strong>Rok v\u00fdstavby<\/strong><\/td>\n<\/tr>\n<tr>\n<td width=\"115\">Chrysler<\/td>\n<td width=\"145\">300C<\/td>\n<td width=\"106\">5.7<\/td>\n<td width=\"163\">2005\u20132023<\/td>\n<\/tr>\n<tr>\n<td width=\"115\">Chrysler<\/td>\n<td width=\"145\">300C<\/td>\n<td width=\"106\">6.1<\/td>\n<td width=\"163\">2005\u20132010<\/td>\n<\/tr>\n<tr>\n<td width=\"115\">Chrysler<\/td>\n<td width=\"145\">300C<\/td>\n<td width=\"106\">6.4<\/td>\n<td width=\"163\">2012\u20132023<\/td>\n<\/tr>\n<tr>\n<td width=\"115\">Dodge<\/td>\n<td width=\"145\">Challenger<\/td>\n<td width=\"106\">5.7<\/td>\n<td width=\"163\">2008\u20132023<\/td>\n<\/tr>\n<tr>\n<td width=\"115\">Dodge<\/td>\n<td width=\"145\">Challenger<\/td>\n<td width=\"106\">6.1<\/td>\n<td width=\"163\">2008\u20132010<\/td>\n<\/tr>\n<tr>\n<td width=\"115\">Dodge<\/td>\n<td width=\"145\">Challenger<\/td>\n<td width=\"106\">6.4<\/td>\n<td width=\"163\">2011\u20132023<\/td>\n<\/tr>\n<tr>\n<td width=\"115\">Dodge<\/td>\n<td width=\"145\">Charger<\/td>\n<td width=\"106\">5.7<\/td>\n<td width=\"163\">2005\u20132023<\/td>\n<\/tr>\n<tr>\n<td width=\"115\">Dodge<\/td>\n<td width=\"145\">Charger<\/td>\n<td width=\"106\">6.1<\/td>\n<td width=\"163\">2005\u20132010<\/td>\n<\/tr>\n<tr>\n<td width=\"115\">Dodge<\/td>\n<td width=\"145\">Charger<\/td>\n<td width=\"106\">6.4<\/td>\n<td width=\"163\">2011\u20132023<\/td>\n<\/tr>\n<tr>\n<td width=\"115\">Dodge<\/td>\n<td width=\"145\">Durango<\/td>\n<td width=\"106\">5.7<\/td>\n<td width=\"163\">2013\u20132025<\/td>\n<\/tr>\n<tr>\n<td width=\"115\">Dodge<\/td>\n<td width=\"145\">Durango<\/td>\n<td width=\"106\">6.4<\/td>\n<td width=\"163\">2018\u20132024<\/td>\n<\/tr>\n<tr>\n<td width=\"115\">Dodge<\/td>\n<td width=\"145\">Magnum<\/td>\n<td width=\"106\">5.7<\/td>\n<td width=\"163\">2005\u20132008<\/td>\n<\/tr>\n<tr>\n<td width=\"115\">Dodge<\/td>\n<td width=\"145\">Magnum<\/td>\n<td width=\"106\">6.1<\/td>\n<td width=\"163\">2006\u20132008<\/td>\n<\/tr>\n<tr>\n<td width=\"115\">Jeep<\/td>\n<td width=\"145\">Commander<\/td>\n<td width=\"106\">5.7<\/td>\n<td width=\"163\">2006\u20132010<\/td>\n<\/tr>\n<tr>\n<td width=\"115\">Jeep<\/td>\n<td width=\"145\">Grand Cherokee<\/td>\n<td width=\"106\">5.7<\/td>\n<td width=\"163\">2005\u20132021<\/td>\n<\/tr>\n<tr>\n<td width=\"115\">Jeep<\/td>\n<td width=\"145\">Grand Cherokee<\/td>\n<td width=\"106\">6.1<\/td>\n<td width=\"163\">2005\u20132010<\/td>\n<\/tr>\n<tr>\n<td width=\"115\">Jeep<\/td>\n<td width=\"145\">Grand Cherokee<\/td>\n<td width=\"106\">6.4<\/td>\n<td width=\"163\">2011\u20132021<\/td>\n<\/tr>\n<\/tbody>\n<\/table>\n<p>Nevhodn\u00e9 pro 6.2 Hellcat!<\/p>","protected":false},"excerpt":{"rendered":"<p>Offene Ventildeckelentl\u00fcftung f\u00fcr Chrysler, Dodge und Jeep 5.7 Hemi, 6.1 SRT8 und 6.4 SRT, Filter mit schwarzem Deckel &nbsp; Die<\/p>","protected":false},"featured_media":68299220,"comment_status":"open","ping_status":"closed","template":"","meta":{"_acf_changed":false},"product_brand":[19068],"product_cat":[6708,6723,6683,6488,6728,6688,6483,6713,6733,6693,6493,6738,6498,1715,6697,19348,6718,6743,6702,6503,6508],"product_tag":[52,91,92,54,53,48,536,94,49,3853,3854,155,56,50,4425,3505,84,55,157,148,153,154,156],"class_list":{"0":"post-68291501","1":"product","2":"type-product","3":"status-publish","4":"has-post-thumbnail","6":"product_brand-kraftwerk","7":"product_cat-300c-57-2005-2010-nockenwelle-ventiltrieb","8":"product_cat-300c-57-2011-2023-nockenwelle-ventiltrieb","9":"product_cat-300c-61-nockenwelle-ventiltrieb","10":"product_cat-300c-64-nockenwelle-ventiltrieb","11":"product_cat-challenger-57-nockenwelle-ventiltrieb","12":"product_cat-challenger-61-nockenwelle-ventiltrieb","13":"product_cat-challenger-64-nockenwelle-ventiltrieb","14":"product_cat-charger-57-nockenwelle-ventiltrieb","15":"product_cat-charger-57-2011-2023-nockenwelle-ventiltrieb","16":"product_cat-charger-61-nockenwelle-ventiltrieb","17":"product_cat-charger-64-nockenwelle-ventiltrieb","18":"product_cat-durango-57-nockenwelle-ventiltrieb","19":"product_cat-durango-64-nockenwelle-ventiltrieb","20":"product_cat-magnum-57-motor","21":"product_cat-magnum-61-nockenwelle-ventiltrieb","22":"product_cat-commander-57-nockenwelle-ventiltrieb","23":"product_cat-grand-cherokee-57-2005-2010-nockenwelle-ventiltrieb","24":"product_cat-grand-cherokee-57-2011-2021-nockenwelle-ventiltrieb","25":"product_cat-grand-cherokee-61-nockenwelle-ventiltrieb","26":"product_cat-grand-cherokee-64-nockenwelle-ventiltrieb","27":"product_cat-wrangler-64-nockenwelle-ventiltrieb","28":"product_tag-300c","29":"product_tag-5-7","30":"product_tag-6-1","31":"product_tag-challenger","32":"product_tag-charger","33":"product_tag-chrysler","34":"product_tag-chrysler-300c","35":"product_tag-commander","36":"product_tag-dodge","37":"product_tag-dodge-challenger","38":"product_tag-dodge-charger","39":"product_tag-entlueftung","40":"product_tag-grand-cherokee","41":"product_tag-jeep","42":"product_tag-jeep-grand-cherokee","43":"product_tag-kurbelgehaeuse","44":"product_tag-kurbelgehaeuseentlueftung","45":"product_tag-magnum","46":"product_tag-metco","47":"product_tag-schwarz","48":"product_tag-valve-cover-breather","49":"product_tag-ventildeckel","50":"product_tag-ventildeckelentlueftung","52":"first","53":"outofstock","54":"taxable","55":"shipping-taxable","56":"purchasable","57":"product-type-simple"},"bundled_by":[],"bundle_stock_status":"outofstock","bundle_stock_quantity":0,"bundle_virtual":false,"bundle_layout":"","bundle_add_to_cart_form_location":"","bundle_editable_in_cart":false,"bundle_sold_individually_context":"","bundle_item_grouping":"","bundle_min_size":"","bundle_max_size":"","bundle_price":[],"bundled_items":[],"bundle_sell_ids":[],"exclude_global_add_ons":[],"addons":[],"acf":[],"_links":{"self":[{"href":"https:\/\/kraftwerk-shop.cc\/cs\/wp-json\/wp\/v2\/product\/68291501","targetHints":{"allow":["GET"]}}],"collection":[{"href":"https:\/\/kraftwerk-shop.cc\/cs\/wp-json\/wp\/v2\/product"}],"about":[{"href":"https:\/\/kraftwerk-shop.cc\/cs\/wp-json\/wp\/v2\/types\/product"}],"replies":[{"embeddable":true,"href":"https:\/\/kraftwerk-shop.cc\/cs\/wp-json\/wp\/v2\/comments?post=68291501"}],"version-history":[{"count":0,"href":"https:\/\/kraftwerk-shop.cc\/cs\/wp-json\/wp\/v2\/product\/68291501\/revisions"}],"wp:featuredmedia":[{"embeddable":true,"href":"https:\/\/kraftwerk-shop.cc\/cs\/wp-json\/wp\/v2\/media\/68299220"}],"wp:attachment":[{"href":"https:\/\/kraftwerk-shop.cc\/cs\/wp-json\/wp\/v2\/media?parent=68291501"}],"wp:term":[{"taxonomy":"product_brand","embeddable":true,"href":"https:\/\/kraftwerk-shop.cc\/cs\/wp-json\/wp\/v2\/product_brand?post=68291501"},{"taxonomy":"product_cat","embeddable":true,"href":"https:\/\/kraftwerk-shop.cc\/cs\/wp-json\/wp\/v2\/product_cat?post=68291501"},{"taxonomy":"product_tag","embeddable":true,"href":"https:\/\/kraftwerk-shop.cc\/cs\/wp-json\/wp\/v2\/product_tag?post=68291501"}],"curies":[{"name":"wp","href":"https:\/\/api.w.org\/{rel}","templated":true}]}}