{"id":68291515,"date":"2021-10-05T14:04:27","date_gmt":"2021-10-05T12:04:27","guid":{"rendered":"https:\/\/kraftwerk-shop.cc\/?post_type=product&#038;p=68291515"},"modified":"2026-03-04T13:08:49","modified_gmt":"2026-03-04T12:08:49","slug":"magnaflow-19217-dodge-challenger","status":"publish","type":"product","link":"https:\/\/kraftwerk-shop.cc\/cs\/produkt\/magnaflow-19217-dodge-challenger\/","title":{"rendered":"MagnaFlow Competition Series Dodge Challenger V6"},"content":{"rendered":"<h1>MagnaFlow Competition Series pro Dodge Challenger V6<\/h1>\n<p>Z\u00e1vazek spole\u010dnosti MagnaFlow vyv\u00edjet a vyr\u00e1b\u011bt nejlep\u0161\u00ed sportovn\u00ed v\u00fdfukov\u00e9 syst\u00e9my zaji\u0161\u0165uje vynikaj\u00edc\u00ed zvuk a z\u00e1\u017eitek z j\u00edzdy. Vyrobeno z vysoce kvalitn\u00edch materi\u00e1l\u016f, navr\u017eeno pro optim\u00e1ln\u00ed mont\u00e1\u017e a v\u00fdkon.<\/p>\n<p>V\u00fdfukov\u00fd syst\u00e9m z nerezov\u00e9 oceli \u0159ady Competition nab\u00edz\u00ed maxim\u00e1ln\u00ed v\u00fdkon a agresivn\u00ed zvuk v\u00fdfuku pro va\u0161e vozidlo.<\/p>\n<p>&nbsp;<\/p>\n<p>MagnaFlow Competition Series 19217 je vhodn\u00fd pro n\u00e1sleduj\u00edc\u00ed modely:<\/p>\n<table width=\"437\">\n<tbody>\n<tr>\n<td width=\"122\"><strong>Zna\u010dka<\/strong><\/td>\n<td width=\"136\"><strong>Model<\/strong><\/td>\n<td width=\"96\"><strong>Motor<\/strong><\/td>\n<td width=\"83\"><strong>Rok v\u00fdstavby<\/strong><\/td>\n<\/tr>\n<tr>\n<td>Dodge<\/td>\n<td>Challenger<\/td>\n<td>3.6<\/td>\n<td>2015\u20132023<\/td>\n<\/tr>\n<\/tbody>\n<\/table>\n<p>&nbsp;<\/p>","protected":false},"excerpt":{"rendered":"<p>2015- 2023<\/p>","protected":false},"featured_media":68291516,"comment_status":"open","ping_status":"closed","template":"","meta":{"_acf_changed":false},"product_brand":[18925],"product_cat":[2578,3024],"product_tag":[2384,1046,1035,1036,1047,2210,54,2065,49,3853,2934,100,529,20273,2062,1044,547,1034,785,198,194,2064],"class_list":{"0":"post-68291515","1":"product","2":"type-product","3":"status-publish","4":"has-post-thumbnail","6":"product_brand-magnaflow","7":"product_cat-challenger-36-abgasanlage","8":"product_cat-nicht-nach-eu","9":"product_tag-2384","10":"product_tag-abe","11":"product_tag-abgasanlage","12":"product_tag-abgassystem","13":"product_tag-cat-back","14":"product_tag-catback","15":"product_tag-challenger","16":"product_tag-competition","17":"product_tag-dodge","18":"product_tag-dodge-challenger","19":"product_tag-harder","20":"product_tag-hellcat","21":"product_tag-katalysator","22":"product_tag-keintuev","23":"product_tag-magnaflow","24":"product_tag-mittelschalldaempfer","25":"product_tag-sportauspuff","26":"product_tag-sportauspuffanlage","27":"product_tag-sxt","28":"product_tag-v6","29":"product_tag-v8","30":"product_tag-v8sound","31":"product_shipping_class-spedition-1","33":"first","34":"onbackorder","35":"taxable","36":"shipping-taxable","37":"purchasable","38":"product-type-simple"},"bundled_by":[],"bundle_stock_status":"onbackorder","bundle_stock_quantity":0,"bundle_virtual":false,"bundle_layout":"","bundle_add_to_cart_form_location":"","bundle_editable_in_cart":false,"bundle_sold_individually_context":"","bundle_item_grouping":"","bundle_min_size":"","bundle_max_size":"","bundle_price":[],"bundled_items":[],"bundle_sell_ids":[],"exclude_global_add_ons":[],"addons":[],"acf":[],"_links":{"self":[{"href":"https:\/\/kraftwerk-shop.cc\/cs\/wp-json\/wp\/v2\/product\/68291515","targetHints":{"allow":["GET"]}}],"collection":[{"href":"https:\/\/kraftwerk-shop.cc\/cs\/wp-json\/wp\/v2\/product"}],"about":[{"href":"https:\/\/kraftwerk-shop.cc\/cs\/wp-json\/wp\/v2\/types\/product"}],"replies":[{"embeddable":true,"href":"https:\/\/kraftwerk-shop.cc\/cs\/wp-json\/wp\/v2\/comments?post=68291515"}],"version-history":[{"count":0,"href":"https:\/\/kraftwerk-shop.cc\/cs\/wp-json\/wp\/v2\/product\/68291515\/revisions"}],"wp:featuredmedia":[{"embeddable":true,"href":"https:\/\/kraftwerk-shop.cc\/cs\/wp-json\/wp\/v2\/media\/68291516"}],"wp:attachment":[{"href":"https:\/\/kraftwerk-shop.cc\/cs\/wp-json\/wp\/v2\/media?parent=68291515"}],"wp:term":[{"taxonomy":"product_brand","embeddable":true,"href":"https:\/\/kraftwerk-shop.cc\/cs\/wp-json\/wp\/v2\/product_brand?post=68291515"},{"taxonomy":"product_cat","embeddable":true,"href":"https:\/\/kraftwerk-shop.cc\/cs\/wp-json\/wp\/v2\/product_cat?post=68291515"},{"taxonomy":"product_tag","embeddable":true,"href":"https:\/\/kraftwerk-shop.cc\/cs\/wp-json\/wp\/v2\/product_tag?post=68291515"}],"curies":[{"name":"wp","href":"https:\/\/api.w.org\/{rel}","templated":true}]}}